{"id":6,"date":"2013-11-15T11:49:49","date_gmt":"2013-11-15T11:49:49","guid":{"rendered":"https:\/\/blogs.ua.es\/sanjuan1\/?page_id=6"},"modified":"2014-01-13T20:42:07","modified_gmt":"2014-01-13T20:42:07","slug":"explicacion","status":"publish","type":"page","link":"https:\/\/blogs.ua.es\/sanjuan1\/explicacion\/","title":{"rendered":"Explicaci\u00f3n"},"content":{"rendered":"<p>En este blog de escrituras expuestas de San Juan de Alicante 1 podr\u00e1s encontrar pancartas pol\u00edticas y de eventos sociales y deportivos, inscripciones e im\u00e1genes en recintos religiosos y adem\u00e1s publicidad fija presente en grandes carteles de establecimientos o en marquesinas distribuidas por el pueblo.<\/p>\n","protected":false},"excerpt":{"rendered":"<p>En este blog de escrituras expuestas de San Juan de Alicante 1 podr\u00e1s encontrar pancartas pol\u00edticas y de eventos sociales y deportivos, inscripciones e im\u00e1genes en recintos religiosos y adem\u00e1s publicidad fija presente en grandes carteles de establecimientos o en marquesinas distribuidas por el pueblo.<\/p>\n","protected":false},"author":3311,"featured_media":0,"parent":0,"menu_order":1,"comment_status":"open","ping_status":"open","template":"","meta":{"footnotes":""},"class_list":["post-6","page","type-page","status-publish","hentry"],"_links":{"self":[{"href":"https:\/\/blogs.ua.es\/sanjuan1\/wp-json\/wp\/v2\/pages\/6","targetHints":{"allow":["GET"]}}],"collection":[{"href":"https:\/\/blogs.ua.es\/sanjuan1\/wp-json\/wp\/v2\/pages"}],"about":[{"href":"https:\/\/blogs.ua.es\/sanjuan1\/wp-json\/wp\/v2\/types\/page"}],"author":[{"embeddable":true,"href":"https:\/\/blogs.ua.es\/sanjuan1\/wp-json\/wp\/v2\/users\/3311"}],"replies":[{"embeddable":true,"href":"https:\/\/blogs.ua.es\/sanjuan1\/wp-json\/wp\/v2\/comments?post=6"}],"version-history":[{"count":3,"href":"https:\/\/blogs.ua.es\/sanjuan1\/wp-json\/wp\/v2\/pages\/6\/revisions"}],"predecessor-version":[{"id":163,"href":"https:\/\/blogs.ua.es\/sanjuan1\/wp-json\/wp\/v2\/pages\/6\/revisions\/163"}],"wp:attachment":[{"href":"https:\/\/blogs.ua.es\/sanjuan1\/wp-json\/wp\/v2\/media?parent=6"}],"curies":[{"name":"wp","href":"https:\/\/api.w.org\/{rel}","templated":true}]}}