{"id":7,"date":"2013-11-15T17:45:04","date_gmt":"2013-11-15T17:45:04","guid":{"rendered":"https:\/\/blogs.ua.es\/sanjuan4\/?page_id=7"},"modified":"2014-01-14T11:56:02","modified_gmt":"2014-01-14T11:56:02","slug":"explicacion","status":"publish","type":"page","link":"https:\/\/blogs.ua.es\/sanjuan4\/explicacion\/","title":{"rendered":"Explicaci\u00f3n"},"content":{"rendered":"<p>La creaci\u00f3n de este blog forma parte de las pr\u00e1cticas de una de nuestras asignaturas (<strong>Fuentes y Documentos para la Historia<\/strong>) de este primer curso acad\u00e9mico. <\/p>\n<p>Gracias a los apuntes de esta asignatura, conocemos m\u00faltiples cosas sobre nuestro <strong>objeto de estudio<\/strong> : las <strong>escrituras expuestas<\/strong>, es decir, <em>cualquier tipo de escritura concebida para ser usada en espacios abiertos, o incluso cerrados, <strong>con el fin de permitir una lectura plural y a distancia<\/strong> de un texto escrito sobre una superficie expuesta<\/em>. Comenzaron a usarse en la <strong>Antig\u00fcedad<\/strong>, con un <strong>objetivo de profusi\u00f3n sacra en Grecia<\/strong> (haciendo llegar a los ciudadanos las leyes de los santuarios) <strong>o con diferentes funciones y manifestaciones p\u00fablicas y privadas en Roma<\/strong> (como forma de comunicaci\u00f3n entre el poder y la poblaci\u00f3n). Desde este momento, a lo largo del tiempo hasta  llegar a la actualidad, se han producido m\u00faltiples escrituras expuestas y de forma muy variada. <\/p>\n<p>Las escrituras expuestas son una <strong>v\u00eda<\/strong> que muestra la posibilidad de <strong>extraer importantes conclusiones de car\u00e1cter hist\u00f3rico sobre la sociedad de ese momento y lo que la rodea<\/strong>.  Esto es as\u00ed debido a que nos <strong>ofrece <\/strong>muchos <strong>datos de distintos tipos y de aspectos referentes a la vida social, ideol\u00f3gica, o actividad econ\u00f3mica<\/strong> de una \u00e9poca concreta que <strong>nos acerca a una visi\u00f3n global<\/strong> de la Historia de \u00e9se momento, lo que es de <strong>gran ayuda para su estudio<\/strong>. <\/p>\n<p>Hoy en d\u00eda <strong>no existe unanimidad<\/strong> entre los <strong>historiadores<\/strong> respecto al <strong>valor de este tipo de fuentes iconogr\u00e1ficas<\/strong> (fotograf\u00edas, grabados, pinturas, carteles, etc., grupo al que pertenecen las escrituras expuestas) <strong>como fuentes hist\u00f3ricas por s\u00ed mismas<\/strong>; pero es <strong>innegable<\/strong> su <strong>valor did\u00e1ctico<\/strong> <strong>y su utilizaci\u00f3n<\/strong> como fuente complementaria. Es cierto que <strong>debemos tener en cuenta<\/strong> el posible sesgo debido a la <strong>intencionalidad del productor o del realizador<\/strong> de este tipo de fuentes, <strong>as\u00ed como de los responsables<\/strong> (clientes o patronos) <strong>de su producci\u00f3n<\/strong>; por lo que se requerir\u00e1 un <strong>exhaustivo an\u00e1lisis cr\u00edtico<\/strong> del contexto de creaci\u00f3n y todos estos aspectos relevantes. En todo caso, <strong>el testimonio<\/strong> de las im\u00e1genes <strong>ha de ser situado en su contexto pol\u00edtico, econ\u00f3mico, social, cultural y art\u00edstico<\/strong>. Destacamos su <strong>importancia<\/strong> para el <strong>conocimiento del pasado y del presente<\/strong>, ya que en ocasiones <strong>muestran aspectos de la realidad<\/strong> que los documentos textuales pasan por alto.<\/p>\n<p>Mediante los letreros de mercadillos, las inscripciones y placas de cementerios y la publicidad ef\u00edmera que hemos encontrado en el municipio de San Juan de Alicante, <strong>llegamos a conocer m\u00faltiples aspectos de la actualidad<\/strong> (\u00bfC\u00f3mo vive la sociedad del s.XXI en la zona de Levante? \u00bfD\u00f3nde trabajan? \u00bfC\u00f3mo se relacionan las familias y los grupos? \u00bfEn qu\u00e9 creen? \u00bfD\u00f3nde, c\u00f3mo y de qu\u00e9 manera conmemoran a sus muertos?) que quiz\u00e1 antes pas\u00e1bamos por alto o nunca nos hab\u00edamos parado a pensar.<\/p>\n<p><strong>\u00a1An\u00edmate a conocer mejor el mundo que te rodea! Descubre Sant Joan d&#8217;Alacant desde otra perspectiva<\/strong>. Esperamos que os guste el blog y os parezca interesante. Un saludo.<\/p>\n","protected":false},"excerpt":{"rendered":"<p>La creaci\u00f3n de este blog forma parte de las pr\u00e1cticas de una de nuestras asignaturas (Fuentes y Documentos para la Historia) de este primer curso acad\u00e9mico. Gracias a los apuntes de esta asignatura, conocemos m\u00faltiples cosas sobre nuestro objeto de estudio : las escrituras expuestas, es decir, cualquier tipo de escritura concebida para ser usada [&hellip;]<\/p>\n","protected":false},"author":3385,"featured_media":0,"parent":0,"menu_order":1,"comment_status":"open","ping_status":"open","template":"","meta":{"footnotes":""},"class_list":["post-7","page","type-page","status-publish","hentry"],"_links":{"self":[{"href":"https:\/\/blogs.ua.es\/sanjuan4\/wp-json\/wp\/v2\/pages\/7","targetHints":{"allow":["GET"]}}],"collection":[{"href":"https:\/\/blogs.ua.es\/sanjuan4\/wp-json\/wp\/v2\/pages"}],"about":[{"href":"https:\/\/blogs.ua.es\/sanjuan4\/wp-json\/wp\/v2\/types\/page"}],"author":[{"embeddable":true,"href":"https:\/\/blogs.ua.es\/sanjuan4\/wp-json\/wp\/v2\/users\/3385"}],"replies":[{"embeddable":true,"href":"https:\/\/blogs.ua.es\/sanjuan4\/wp-json\/wp\/v2\/comments?post=7"}],"version-history":[{"count":3,"href":"https:\/\/blogs.ua.es\/sanjuan4\/wp-json\/wp\/v2\/pages\/7\/revisions"}],"predecessor-version":[{"id":273,"href":"https:\/\/blogs.ua.es\/sanjuan4\/wp-json\/wp\/v2\/pages\/7\/revisions\/273"}],"wp:attachment":[{"href":"https:\/\/blogs.ua.es\/sanjuan4\/wp-json\/wp\/v2\/media?parent=7"}],"curies":[{"name":"wp","href":"https:\/\/api.w.org\/{rel}","templated":true}]}}