{"id":9,"date":"2013-11-15T17:45:35","date_gmt":"2013-11-15T17:45:35","guid":{"rendered":"https:\/\/blogs.ua.es\/sanjuan4\/?page_id=9"},"modified":"2014-01-14T12:00:44","modified_gmt":"2014-01-14T12:00:44","slug":"valoracion","status":"publish","type":"page","link":"https:\/\/blogs.ua.es\/sanjuan4\/valoracion\/","title":{"rendered":"Valoraci\u00f3n"},"content":{"rendered":"<p>Como hemos resaltado en la p\u00e1gina de explicaci\u00f3n, los apartados que nos ocupan son inscripciones y placas en cementerios, letreros de mercadillos y publicidad ef\u00edmera de la localidad de San Juan de Alicante. Debido a la pertenencia de la zona costera que lleva por nombre San Juan playa a Alicante nuestra b\u00fasqueda se ha reducido a San Juan pueblo, lo que ha dificultado en cierta medida el trabajo de recolecci\u00f3n de im\u00e1genes, aunque a pesar de esto hemos encontrado un buen n\u00famero de curiosas im\u00e1genes.<\/p>\n<p>El hecho de realizar un trabajo de campo (buscar escrituras expuestas por el municipio) hace que el conocimiento pase a otro nivel, pues mediante el proceso podemos observar factores clave como p\u00fablico al que van dirigidas, intencionalidad, veracidad, etc. Las escrituras en mercadillos y publicidad ef\u00edmera nos indican la demanda actual que tiene determinada zona (en este caso San Juan de Alicante) sobre los bienes y servicios, adem\u00e1s de mostrarnos informaci\u00f3n espec\u00edfica del municipio. Por otro lado, en el apartado del cementerio se puede observar y analizar las distintas etapas que ha pasado el pueblo y que se pueden diferenciar, adem\u00e1s del visionado de aquellas inscripciones m\u00e1s llamativas.<\/p>\n<p>El objetivo del blog, m\u00e1s all\u00e1 del sentido acad\u00e9mico, es la realizaci\u00f3n de entradas curiosas y llamativas a la vez que informativas, intentando que ninguna de estas dos posiciones destaque en exceso sobre la otra.<\/p>\n<p>&nbsp;<\/p>\n","protected":false},"excerpt":{"rendered":"<p>Como hemos resaltado en la p\u00e1gina de explicaci\u00f3n, los apartados que nos ocupan son inscripciones y placas en cementerios, letreros de mercadillos y publicidad ef\u00edmera de la localidad de San Juan de Alicante. Debido a la pertenencia de la zona costera que lleva por nombre San Juan playa a Alicante nuestra b\u00fasqueda se ha reducido [&hellip;]<\/p>\n","protected":false},"author":3385,"featured_media":0,"parent":0,"menu_order":2,"comment_status":"open","ping_status":"open","template":"","meta":{"footnotes":""},"class_list":["post-9","page","type-page","status-publish","hentry"],"_links":{"self":[{"href":"https:\/\/blogs.ua.es\/sanjuan4\/wp-json\/wp\/v2\/pages\/9","targetHints":{"allow":["GET"]}}],"collection":[{"href":"https:\/\/blogs.ua.es\/sanjuan4\/wp-json\/wp\/v2\/pages"}],"about":[{"href":"https:\/\/blogs.ua.es\/sanjuan4\/wp-json\/wp\/v2\/types\/page"}],"author":[{"embeddable":true,"href":"https:\/\/blogs.ua.es\/sanjuan4\/wp-json\/wp\/v2\/users\/3385"}],"replies":[{"embeddable":true,"href":"https:\/\/blogs.ua.es\/sanjuan4\/wp-json\/wp\/v2\/comments?post=9"}],"version-history":[{"count":7,"href":"https:\/\/blogs.ua.es\/sanjuan4\/wp-json\/wp\/v2\/pages\/9\/revisions"}],"predecessor-version":[{"id":275,"href":"https:\/\/blogs.ua.es\/sanjuan4\/wp-json\/wp\/v2\/pages\/9\/revisions\/275"}],"wp:attachment":[{"href":"https:\/\/blogs.ua.es\/sanjuan4\/wp-json\/wp\/v2\/media?parent=9"}],"curies":[{"name":"wp","href":"https:\/\/api.w.org\/{rel}","templated":true}]}}