{"id":2,"date":"2014-03-29T11:24:14","date_gmt":"2014-03-29T11:24:14","guid":{"rendered":"https:\/\/blogs.ua.es\/santapola\/?page_id=2"},"modified":"2014-05-25T17:01:31","modified_gmt":"2014-05-25T17:01:31","slug":"pagina-ejemplo","status":"publish","type":"page","link":"https:\/\/blogs.ua.es\/santapola\/pagina-ejemplo\/","title":{"rendered":"Metodolog\u00eda"},"content":{"rendered":"<p style=\"text-align: justify\">Gracias a la accesibilidad del Archivo Municipal de Santa Pola, ha sido posible estudiar detenidamente las actas plenarias que se conservan del periodo comprendido entre los a\u00f1os 1939 y 1940. De esta manera, se puede observar la repercusi\u00f3n que el comienzo de la dictadura tuvo sobre este municipio.<\/p>\n<p style=\"text-align: justify\">Siguiendo un gui\u00f3n preestablecido, todas las actas quedan resumidas en la p\u00e1gina de inicio de este blog. \u00c9stas han sido clasificadas en distintas categor\u00edas para facilitar b\u00fasquedas concretas, siendo posible diferenciarlas seg\u00fan el car\u00e1cter de la sesi\u00f3n, si es ordinaria o extraordinaria, y seg\u00fan la cronolog\u00eda, dividiendo las actas por meses. Asimismo, a cada acta le corresponde una lista de palabras clave que permite acceder directamente a las actas que traten los temas concretos sobre los que se desee obtener informaci\u00f3n.<\/p>\n<p style=\"text-align: justify\">Aunque el principal objeto de estudio es el Libro de Actas de 1939-1940 creado por el Ayuntamiento de Santa Pola, ha resultado de gran utilidad consultar diversas fuentes de informaci\u00f3n tanto hist\u00f3ricas como contempor\u00e1neas con el fin de entender los acuerdos que en \u00e9ste se citan, as\u00ed como localizar los puntos geogr\u00e1ficos que se mencionan.<\/p>\n<p style=\"text-align: justify\">Debo agradecer la ayuda ofrecida por parte de Rafael Pla Grau, responsable del Archivo Municipal de Santa Pola, as\u00ed como de todo el personal de la Biblioteca de esta localidad, quienes me han permitido estudiar los documentos durante el tiempo necesario sin inconveniente alguno.<\/p>\n","protected":false},"excerpt":{"rendered":"<p>Gracias a la accesibilidad del Archivo Municipal de Santa Pola, ha sido posible estudiar detenidamente las actas plenarias que se conservan del periodo comprendido entre los a\u00f1os 1939 y 1940. De esta manera, se puede observar la repercusi\u00f3n que el &hellip; <a href=\"https:\/\/blogs.ua.es\/santapola\/pagina-ejemplo\/\">Continue reading <span class=\"meta-nav\">&rarr;<\/span><\/a><\/p>\n","protected":false},"author":2883,"featured_media":0,"parent":0,"menu_order":4,"comment_status":"open","ping_status":"closed","template":"","meta":{"footnotes":""},"class_list":["post-2","page","type-page","status-publish","hentry"],"_links":{"self":[{"href":"https:\/\/blogs.ua.es\/santapola\/wp-json\/wp\/v2\/pages\/2","targetHints":{"allow":["GET"]}}],"collection":[{"href":"https:\/\/blogs.ua.es\/santapola\/wp-json\/wp\/v2\/pages"}],"about":[{"href":"https:\/\/blogs.ua.es\/santapola\/wp-json\/wp\/v2\/types\/page"}],"author":[{"embeddable":true,"href":"https:\/\/blogs.ua.es\/santapola\/wp-json\/wp\/v2\/users\/2883"}],"replies":[{"embeddable":true,"href":"https:\/\/blogs.ua.es\/santapola\/wp-json\/wp\/v2\/comments?post=2"}],"version-history":[{"count":11,"href":"https:\/\/blogs.ua.es\/santapola\/wp-json\/wp\/v2\/pages\/2\/revisions"}],"predecessor-version":[{"id":4,"href":"https:\/\/blogs.ua.es\/santapola\/wp-json\/wp\/v2\/pages\/2\/revisions\/4"}],"wp:attachment":[{"href":"https:\/\/blogs.ua.es\/santapola\/wp-json\/wp\/v2\/media?parent=2"}],"curies":[{"name":"wp","href":"https:\/\/api.w.org\/{rel}","templated":true}]}}