{"id":225,"date":"2014-05-25T17:47:52","date_gmt":"2014-05-25T17:47:52","guid":{"rendered":"https:\/\/blogs.ua.es\/santapola\/?page_id=225"},"modified":"2014-05-31T23:19:13","modified_gmt":"2014-05-31T23:19:13","slug":"enclaves-principales","status":"publish","type":"page","link":"https:\/\/blogs.ua.es\/santapola\/enclaves-principales\/","title":{"rendered":"Enclaves principales"},"content":{"rendered":"<h2 style=\"text-align: justify\"><span style=\"text-decoration: underline\">El Castillo<\/span><\/h2>\n<div id=\"attachment_228\" style=\"width: 650px\" class=\"wp-caption aligncenter\"><a href=\"https:\/\/blogs.ua.es\/santapola\/files\/2014\/05\/castillo1.jpg\"><img loading=\"lazy\" decoding=\"async\" aria-describedby=\"caption-attachment-228\" class=\" wp-image-228 \" alt=\"\" src=\"https:\/\/blogs.ua.es\/santapola\/files\/2014\/05\/castillo1.jpg\" width=\"640\" height=\"468\" srcset=\"https:\/\/blogs.ua.es\/santapola\/files\/2014\/05\/castillo1.jpg 640w, https:\/\/blogs.ua.es\/santapola\/files\/2014\/05\/castillo1-300x219.jpg 300w, https:\/\/blogs.ua.es\/santapola\/files\/2014\/05\/castillo1-410x300.jpg 410w\" sizes=\"auto, (max-width: 640px) 100vw, 640px\" \/><\/a><p id=\"caption-attachment-228\" class=\"wp-caption-text\">Fachada principal del Castillo de Santa Pola y puestos de venta a principios del S. XX<br \/>FUENTE: http:\/\/www.yporquenounblog.com\/<\/p><\/div>\n<p style=\"text-align: justify\">En el siglo XX, el <strong><em>Castillo-Fortaleza de Santa Pola<\/em><\/strong> fue utilizado para el desempe\u00f1o de funciones de diversa \u00edndole. La m\u00e1s importante fue la de albergar en su interior las dependencias de la Casa Consistorial y del Juzgado de Paz, lo dio vida propia al edificio al convertirse en el centro administrativo de la Villa.<\/p>\n<p style=\"text-align: justify\">Hasta 1940, aparte de su funci\u00f3n como Ayuntamiento, registr\u00f3 distintos usos: el hospital, las escuelas, el Registro Civil, la pescader\u00eda, el Cuartel de la Guardia Civil y la Capilla, cuyo espacio y uso se han mantenido desde la construcci\u00f3n del edificio. El resto del recinto segu\u00eda destinado a viviendas, anteriormente ocupadas por los soldados, y que a partir de principios de siglo habitaban familias de Santa Pola. Tambi\u00e9n se habilit\u00f3 una dependencia para la venta de cupones del sorteo de los ciegos, actividad con gran incidencia en la Villa debido a que muchas personas perdieron la vista como secuela de las grandes epidemias de c\u00f3lera acaecidas a\u00f1os atr\u00e1s. Entre las funciones rese\u00f1adas nos falta por a\u00f1adir la m\u00e1s curiosa, iniciada en 1875, cuando se habilit\u00f3 como plaza de toros. Esta funci\u00f3n se mantuvo hasta 1967, fecha en que don Tom\u00e1s Buades, alcalde de Santa Pola, lo prohibi\u00f3 bas\u00e1ndose en la inseguridad para las personas y en los da\u00f1os que podr\u00edan tener lugar.<\/p>\n<div id=\"attachment_261\" style=\"width: 594px\" class=\"wp-caption aligncenter\"><a href=\"https:\/\/blogs.ua.es\/santapola\/files\/2014\/05\/GC.jpg\"><img loading=\"lazy\" decoding=\"async\" aria-describedby=\"caption-attachment-261\" class=\" wp-image-261 \" alt=\"\" src=\"https:\/\/blogs.ua.es\/santapola\/files\/2014\/05\/GC-1024x685.jpg\" width=\"584\" height=\"390\" srcset=\"https:\/\/blogs.ua.es\/santapola\/files\/2014\/05\/GC-1024x685.jpg 1024w, https:\/\/blogs.ua.es\/santapola\/files\/2014\/05\/GC-300x200.jpg 300w, https:\/\/blogs.ua.es\/santapola\/files\/2014\/05\/GC-448x300.jpg 448w\" sizes=\"auto, (max-width: 584px) 100vw, 584px\" \/><\/a><p id=\"caption-attachment-261\" class=\"wp-caption-text\">Cara sur del Castillo, donde se encuentra el acceso a las dependencias de la Guardia Civil<br \/>FUENTE: BAILE, A.; P. FAL\u00d3. Santa Pola. Santa Pola, 1996. ISBN: 84-605-4841-4<\/p><\/div>\n<p style=\"text-align: justify\">Durante la Guerra Civil se suprimi\u00f3 el Cuartel de la Guardia Civil, que fue ocupado por cuatro familias de Alicante; se instal\u00f3 la sede de Falange Espa\u00f1ola en el lugar que ocupaba el Registro Civil, y la Capilla no funcion\u00f3 como tal, sino como prisi\u00f3n para detenidos republicanos. Tambi\u00e9n se inici\u00f3 un proyecto para habilitar el Castillo como refugio ante posibles bombardeos, aunque dicho proyecto no se llev\u00f3 a cabo.<\/p>\n<div id=\"attachment_272\" style=\"width: 711px\" class=\"wp-caption aligncenter\"><a href=\"https:\/\/blogs.ua.es\/santapola\/files\/2014\/05\/cast.jpg\"><img loading=\"lazy\" decoding=\"async\" aria-describedby=\"caption-attachment-272\" class=\" wp-image-272\" alt=\"\" src=\"https:\/\/blogs.ua.es\/santapola\/files\/2014\/05\/cast-1024x588.jpg\" width=\"701\" height=\"402\" srcset=\"https:\/\/blogs.ua.es\/santapola\/files\/2014\/05\/cast-1024x588.jpg 1024w, https:\/\/blogs.ua.es\/santapola\/files\/2014\/05\/cast-300x172.jpg 300w, https:\/\/blogs.ua.es\/santapola\/files\/2014\/05\/cast-500x287.jpg 500w\" sizes=\"auto, (max-width: 701px) 100vw, 701px\" \/><\/a><p id=\"caption-attachment-272\" class=\"wp-caption-text\">Vista de la fachada principal del Castillo en los a\u00f1os 30<br \/>FUENTE: BAILE, A.; P. FAL\u00d3. Santa Pola. Santa Pola, 1996. ISBN: 84-605-4841-4<\/p><\/div>\n<p style=\"text-align: justify\">\u00a0En los a\u00f1os 40 se traslad\u00f3 el hospital y en su lugar se instal\u00f3 una academia de m\u00fasica, en la que tuvo su sede la banda \u201cLa Constancia\u201d, que sent\u00f3 las bases de la gran tradici\u00f3n musical que a\u00fan hoy en d\u00eda se mantiene. Por \u00faltimo, se instal\u00f3 en el patio interior un mercado de abastos diario con casetas y puestos ambulantes en los alrededores.<\/p>\n<div id=\"attachment_275\" style=\"width: 594px\" class=\"wp-caption aligncenter\"><a href=\"https:\/\/blogs.ua.es\/santapola\/files\/2014\/05\/IMG_0445.jpg\"><img loading=\"lazy\" decoding=\"async\" aria-describedby=\"caption-attachment-275\" class=\" wp-image-275\" alt=\"\" src=\"https:\/\/blogs.ua.es\/santapola\/files\/2014\/05\/IMG_0445-1024x697.jpg\" width=\"584\" height=\"397\" srcset=\"https:\/\/blogs.ua.es\/santapola\/files\/2014\/05\/IMG_0445-1024x697.jpg 1024w, https:\/\/blogs.ua.es\/santapola\/files\/2014\/05\/IMG_0445-300x204.jpg 300w, https:\/\/blogs.ua.es\/santapola\/files\/2014\/05\/IMG_0445-440x300.jpg 440w\" sizes=\"auto, (max-width: 584px) 100vw, 584px\" \/><\/a><p id=\"caption-attachment-275\" class=\"wp-caption-text\">Banda Municipal de M\u00fasica &#8220;La Constancia&#8221;, creada en el a\u00f1o 1919<br \/>FUENTE: BAILE, A.; P. FAL\u00d3. Santa Pola. Santa Pola, 1996. ISBN: 84-605-4841-4<\/p><\/div>\n<p style=\"text-align: justify\">\n<h2 style=\"text-align: justify\"><span style=\"text-decoration: underline\">El mercado<\/span><\/h2>\n<p style=\"text-align: justify\">Se construy\u00f3 sobre los cimientos de la llamada &#8220;Iglesia Rota&#8221;, edificio que comenz\u00f3 a construirse a mediados del siglo anterior pero que sufri\u00f3 un derrumbe a medio construir. En el a\u00f1o 1936, de ser una iglesia pas\u00f3 a ser el actual Mercado de Abastos.<\/p>\n<div id=\"attachment_263\" style=\"width: 419px\" class=\"wp-caption aligncenter\"><a href=\"https:\/\/blogs.ua.es\/santapola\/files\/2014\/05\/merc.jpg\"><img loading=\"lazy\" decoding=\"async\" aria-describedby=\"caption-attachment-263\" class=\" wp-image-263 \" alt=\"\" src=\"https:\/\/blogs.ua.es\/santapola\/files\/2014\/05\/merc-973x1024.jpg\" width=\"409\" height=\"430\" srcset=\"https:\/\/blogs.ua.es\/santapola\/files\/2014\/05\/merc-973x1024.jpg 973w, https:\/\/blogs.ua.es\/santapola\/files\/2014\/05\/merc-285x300.jpg 285w, https:\/\/blogs.ua.es\/santapola\/files\/2014\/05\/merc.jpg 1816w\" sizes=\"auto, (max-width: 409px) 100vw, 409px\" \/><\/a><p id=\"caption-attachment-263\" class=\"wp-caption-text\">La &#8220;Iglesia Rota&#8221;<br \/>FUENTE: BONMAT\u00cd MEDINA, R. Datos hist\u00f3ricos y curiosidades. Santa Pola, 1981. ISBN 84-300-4803-0.<\/p><\/div>\n<p style=\"text-align: justify\">\n<h2 style=\"text-align: justify\"><span style=\"text-decoration: underline\">El puerto<\/span><\/h2>\n<p style=\"text-align: justify\">El <strong><em>puerto<\/em> <\/strong>ha sufrido numerosas intervenciones durante el siglo XX. El 4 de junio de 1929, se retomaron los estudios para la reforma del puerto. El escaso calado del muelle era la principal justificaci\u00f3n para iniciar las obras con la mayor brevedad posible. En este sentido, el tama\u00f1o y calado de las embarcaciones auxiliares de la Escuadra de Marina, que utilizaba la bah\u00eda de Santa Pola como base para las maniobras y ejercicios de tiro, les hab\u00eda impedido alcanzar el muelle en las \u00faltimas maniobras quedando varados antes de llegar a \u00e9l. Dado el estado del muelle en esta fecha, ni siquiera los barcos pesqueros pod\u00edan atracar en el muelle, habiendo de transbordar en la bah\u00eda el pescado a botes de remo. Por otro lado, el fomento de la actividad comercial debido a su situaci\u00f3n estrat\u00e9gica para el embarque de los productos y su utilizaci\u00f3n por parte de las distintas embarcaciones que frecuentaban las salinas, har\u00edan necesaria la reforma del puerto. Estas son las causas fundamentales que se apuntan en la memoria que acompa\u00f1a al <em>Proyecto de ampliaci\u00f3n del puerto de Santa Pola<\/em> de 1931, aprobado dos a\u00f1os despu\u00e9s.<\/p>\n<div id=\"attachment_265\" style=\"width: 594px\" class=\"wp-caption aligncenter\"><a href=\"https:\/\/blogs.ua.es\/santapola\/files\/2014\/05\/puerto30.jpg\"><img loading=\"lazy\" decoding=\"async\" aria-describedby=\"caption-attachment-265\" class=\" wp-image-265\" alt=\"\" src=\"https:\/\/blogs.ua.es\/santapola\/files\/2014\/05\/puerto30-1024x585.jpg\" width=\"584\" height=\"333\" srcset=\"https:\/\/blogs.ua.es\/santapola\/files\/2014\/05\/puerto30-1024x585.jpg 1024w, https:\/\/blogs.ua.es\/santapola\/files\/2014\/05\/puerto30-300x171.jpg 300w, https:\/\/blogs.ua.es\/santapola\/files\/2014\/05\/puerto30-500x285.jpg 500w\" sizes=\"auto, (max-width: 584px) 100vw, 584px\" \/><\/a><p id=\"caption-attachment-265\" class=\"wp-caption-text\">Estado del puerto en los a\u00f1os 30<br \/>FUENTE: BAILE, A.; P. FAL\u00d3. Santa Pola. Santa Pola, 1996. ISBN: 84-605-4841-4<\/p><\/div>\n<p style=\"text-align: justify\">Entre obras, en 1937 la Direcci\u00f3n General accedi\u00f3 a la solicitud de las \u201corganizaciones obreras\u201d de Santa Pola, que propon\u00edan la redacci\u00f3n de un nuevo proyecto de reforma del puerto, ampliando el terreno \u00fatil. Aunque el estudio de este nuevo proyecto no lleg\u00f3 a realizarse, es importante saber de su existencia por la necesidad de ampliar los calados y por la necesidad de un espacio terrestre m\u00e1s amplio.<\/p>\n<p style=\"text-align: justify\">Las obras de ampliaci\u00f3n del puerto concluyen el 18 de abril de 1940, quedando como aparece en el siguiente plano.<\/p>\n<div id=\"attachment_226\" style=\"width: 594px\" class=\"wp-caption aligncenter\"><a href=\"https:\/\/blogs.ua.es\/santapola\/files\/2014\/05\/2014-05-25-17.23.06.jpg\"><img loading=\"lazy\" decoding=\"async\" aria-describedby=\"caption-attachment-226\" class=\" wp-image-226 \" alt=\"\" src=\"https:\/\/blogs.ua.es\/santapola\/files\/2014\/05\/2014-05-25-17.23.06-1024x510.jpg\" width=\"584\" height=\"290\" srcset=\"https:\/\/blogs.ua.es\/santapola\/files\/2014\/05\/2014-05-25-17.23.06-1024x510.jpg 1024w, https:\/\/blogs.ua.es\/santapola\/files\/2014\/05\/2014-05-25-17.23.06-300x149.jpg 300w, https:\/\/blogs.ua.es\/santapola\/files\/2014\/05\/2014-05-25-17.23.06-500x249.jpg 500w\" sizes=\"auto, (max-width: 584px) 100vw, 584px\" \/><\/a><p id=\"caption-attachment-226\" class=\"wp-caption-text\">Estado del puerto de Santa Pola en 1940<br \/>FUENTE: GARC\u00cdA M\u00c1S, A. El puerto de Santa Pola. Ayuntamiento de Santa Pola. 1990. ISBN: 84-505-9358-1.<\/p><\/div>\n<p style=\"text-align: justify\">A continuaci\u00f3n, y motivadas por toda una serie de temporales acaecidos en distintas \u00e9pocas durante la d\u00e9cada de 1940, se realizaron varias modificaciones a la ampliaci\u00f3n proyectada en 1931, destacando la elevaci\u00f3n del espald\u00f3n para evitar que las olas lo desborden y la sustituci\u00f3n del pavimento de macad\u00e1n por otro de mayor consistencia.<\/p>\n<p style=\"text-align: justify\">Evidentemente, ante la ampliaci\u00f3n del puerto y, en consecuencia, el incremento de las actividades portuarias, fue necesario el aumento de las instalaciones portuarias durante estas fechas. La primera de las instalaciones realizadas sobre la nueva alineaci\u00f3n del muelle se proyecta en 1942, trat\u00e1ndose de un edificio destinado a la desinfecci\u00f3n tanto de los tripulantes como de las embarcaciones, respondiendo con esto a las medidas tomadas por las autoridades sanitarias contra las infecciones de &#8220;tifus exantem\u00e1tico&#8221;. Una vez pasado el peligro de infecci\u00f3n, se propuso que el edificio se destinase para oficina del guardamuelles y almac\u00e9n de \u00fatiles de pesca. Tras \u00e9sta, destacan la instalaci\u00f3n de la Cofrad\u00eda de Pescadores al este de la entrada del muelle desde 1944, o el edificio destinado a la aduana en 1945, tambi\u00e9n a la entrada del muelle.<\/p>\n<h2 style=\"text-align: justify\"><span style=\"text-decoration: underline\">La defensa ante la Guerra Civil<\/span><\/h2>\n<p style=\"text-align: justify\">Las <strong><em>defensas de la Guerra Civil<\/em><\/strong> incluyen bunkers, bater\u00edas de defensa antia\u00e9rea, refugios, etc. Algunas de estas construcciones todav\u00eda se conservan, y se est\u00e1 invirtiendo actualmente en su reconstrucci\u00f3n, constituyendo uno de los mejores testimonios para la memoria de los acontecimientos sucedidos en el municipio.<\/p>\n<p style=\"text-align: justify\">Los bunkers se extienden por la l\u00ednea de costa, situ\u00e1ndose en la playa del Tamarit, la playa de Levante y la zona del Carabass\u00ed, dentro del t\u00e9rmino municipal de Elche. Gracias a un informe militar emitido en 1940 para conocer el estado de conservaci\u00f3n de las fortificaciones costeras y terrestres de Santa Pola, sabemos que hab\u00eda 13 edificaciones, tres de las cuales todav\u00eda estaban en construcci\u00f3n. Todas ellas fueron levantadas durante el enfrentamiento b\u00e9lico (probablemente entre 1937 y 1938).<\/p>\n<p style=\"text-align: justify\">La ubicaci\u00f3n de los nidos de ametralladoras no es arbitraria, sino que responde a la necesidad de defender las instalaciones portuarias.<\/p>\n<p style=\"text-align: justify\">Por otra parte, en la zona del Faro, en la sierra de Santa Pola, se encuentran dos bater\u00edas de costa o de defensa antia\u00e9rea comunicadas subterr\u00e1neamente, as\u00ed como un dep\u00f3sito para munici\u00f3n. Son obras que se excavaron en la roca de la sierra.\u00a0Esta zona ya ven\u00eda siendo importante desde tiempo atr\u00e1s, pues al tratarse de un espacio elevado permit\u00eda una vista privilegiada hacia el mar, desde donde alertar de las posibles incursiones a\u00e9reas de aviaci\u00f3n enemiga.<\/p>\n<div id=\"attachment_227\" style=\"width: 594px\" class=\"wp-caption aligncenter\"><a href=\"https:\/\/blogs.ua.es\/santapola\/files\/2014\/05\/24bss9u.jpg\"><img loading=\"lazy\" decoding=\"async\" aria-describedby=\"caption-attachment-227\" class=\" wp-image-227\" alt=\"\" src=\"https:\/\/blogs.ua.es\/santapola\/files\/2014\/05\/24bss9u-1024x768.jpg\" width=\"584\" height=\"438\" srcset=\"https:\/\/blogs.ua.es\/santapola\/files\/2014\/05\/24bss9u-1024x768.jpg 1024w, https:\/\/blogs.ua.es\/santapola\/files\/2014\/05\/24bss9u-300x225.jpg 300w, https:\/\/blogs.ua.es\/santapola\/files\/2014\/05\/24bss9u-400x300.jpg 400w, https:\/\/blogs.ua.es\/santapola\/files\/2014\/05\/24bss9u.jpg 1600w\" sizes=\"auto, (max-width: 584px) 100vw, 584px\" \/><\/a><p id=\"caption-attachment-227\" class=\"wp-caption-text\">Bater\u00eda de costa junto al Faro de Santa Pola<br \/>FUENTE: http:\/\/www.elgrancapitan.org\/<\/p><\/div>\n<p style=\"text-align: justify\">En la parte interior de la sierra, se encuentran dos naves que podr\u00edan haber pertenecido al ej\u00e9rcito republicano. All\u00ed pernoctar\u00eda la tropa que estaba a cargo de las instalaciones militares pr\u00f3ximas al faro.<\/p>\n<p style=\"text-align: justify\">En cualquier caso, todas estas fortificaciones fueron construidas con las t\u00e9cnicas m\u00e1s avanzadas del momento: hormig\u00f3n en masa ligeramente armado de hierro y masoner\u00eda de piedra de la sierra del entorno. El grosor de los muros es de entre 1 y 1\u20195 metros, seg\u00fan el caso, suficiente para resistir proyectiles, bombas y metrallas.<\/p>\n<p style=\"text-align: justify\">Tambi\u00e9n se puede documentar la existencia de un refugio para los bombardeos, situado en el interior del Mercado. Este espacio, como consta en las actas resumidas, fue habilitado tras la guerra como un aljibe. Aunque, debido a las remodelaciones del Mercado, este enclave ha desaparecido.<\/p>\n<h5 style=\"text-align: justify;padding-left: 30px\">BIBLIOGRAF\u00cdA:<\/h5>\n<h5 style=\"text-align: justify\">GARC\u00cdA M\u00c1S, A. <i>El puerto de Santa Pola. <\/i>Ayuntamiento de Santa Pola. 1990. ISBN: 84-505-9358-1.<\/h5>\n<h5 style=\"text-align: justify\">GARC\u00cdA M\u00c1S, A. <i>Historia del Castillo-Fortaleza de Santa Pola (s. XVI XX)<\/i>. Ed. Ayuntamiento de Santa Pola. Instituto de Cultura Juan Gil-Albert. ISBN: 84-505-9605.<\/h5>\n","protected":false},"excerpt":{"rendered":"<p>El Castillo En el siglo XX, el Castillo-Fortaleza de Santa Pola fue utilizado para el desempe\u00f1o de funciones de diversa \u00edndole. La m\u00e1s importante fue la de albergar en su interior las dependencias de la Casa Consistorial y del Juzgado &hellip; <a href=\"https:\/\/blogs.ua.es\/santapola\/enclaves-principales\/\">Continue reading <span class=\"meta-nav\">&rarr;<\/span><\/a><\/p>\n","protected":false},"author":2883,"featured_media":0,"parent":0,"menu_order":3,"comment_status":"open","ping_status":"open","template":"","meta":{"footnotes":""},"class_list":["post-225","page","type-page","status-publish","hentry"],"_links":{"self":[{"href":"https:\/\/blogs.ua.es\/santapola\/wp-json\/wp\/v2\/pages\/225","targetHints":{"allow":["GET"]}}],"collection":[{"href":"https:\/\/blogs.ua.es\/santapola\/wp-json\/wp\/v2\/pages"}],"about":[{"href":"https:\/\/blogs.ua.es\/santapola\/wp-json\/wp\/v2\/types\/page"}],"author":[{"embeddable":true,"href":"https:\/\/blogs.ua.es\/santapola\/wp-json\/wp\/v2\/users\/2883"}],"replies":[{"embeddable":true,"href":"https:\/\/blogs.ua.es\/santapola\/wp-json\/wp\/v2\/comments?post=225"}],"version-history":[{"count":19,"href":"https:\/\/blogs.ua.es\/santapola\/wp-json\/wp\/v2\/pages\/225\/revisions"}],"predecessor-version":[{"id":273,"href":"https:\/\/blogs.ua.es\/santapola\/wp-json\/wp\/v2\/pages\/225\/revisions\/273"}],"wp:attachment":[{"href":"https:\/\/blogs.ua.es\/santapola\/wp-json\/wp\/v2\/media?parent=225"}],"curies":[{"name":"wp","href":"https:\/\/api.w.org\/{rel}","templated":true}]}}