{"id":4,"date":"2013-11-15T11:48:53","date_gmt":"2013-11-15T11:48:53","guid":{"rendered":"https:\/\/blogs.ua.es\/santapola2\/?page_id=4"},"modified":"2013-11-15T11:48:53","modified_gmt":"2013-11-15T11:48:53","slug":"presentacion","status":"publish","type":"page","link":"https:\/\/blogs.ua.es\/santapola2\/presentacion\/","title":{"rendered":"Presentaci\u00f3n"},"content":{"rendered":"<p>Somos los alumnos<strong> Carlos Rubio <\/strong>y<strong> Adri\u00e1n<\/strong> <strong>Mart\u00ednez<\/strong> y estamos cursando primer curso de grado de Historia y Geograf\u00eda en la\u00a0<a title=\"Universidad de Alicante\" href=\"http:\/\/www.ua.es\/\" target=\"_blank\">Universidad de Alicante<\/a>. Presentamos este trabajo de escrituras expuestas de la poblaci\u00f3n de Santa Pola para la asignatura de <em>Fuentes y Documentos para la Historia.\u00a0<\/em>Nuestro trabajo tratar\u00e1 sobre: &#8220;grafitis iconogr\u00e1ficos&#8221;, &#8220;letreros y anuncios de comercios&#8221;,&#8221; publicidad fija&#8221;, &#8220;letreros de mercadillo&#8221; y &#8220;publicidad ef\u00edmera&#8221;.<\/p>\n","protected":false},"excerpt":{"rendered":"<p>Somos los alumnos Carlos Rubio y Adri\u00e1n Mart\u00ednez y estamos cursando primer curso de grado de Historia y Geograf\u00eda en la\u00a0Universidad de Alicante. Presentamos este trabajo de escrituras expuestas de la poblaci\u00f3n de Santa Pola para la asignatura de Fuentes y Documentos para la Historia.\u00a0Nuestro trabajo tratar\u00e1 sobre: &#8220;grafitis iconogr\u00e1ficos&#8221;, &#8220;letreros y anuncios de comercios&#8221;,&#8221; [&hellip;]<\/p>\n","protected":false},"author":3293,"featured_media":0,"parent":0,"menu_order":0,"comment_status":"open","ping_status":"open","template":"","meta":{"footnotes":""},"class_list":["post-4","page","type-page","status-publish","hentry"],"_links":{"self":[{"href":"https:\/\/blogs.ua.es\/santapola2\/wp-json\/wp\/v2\/pages\/4","targetHints":{"allow":["GET"]}}],"collection":[{"href":"https:\/\/blogs.ua.es\/santapola2\/wp-json\/wp\/v2\/pages"}],"about":[{"href":"https:\/\/blogs.ua.es\/santapola2\/wp-json\/wp\/v2\/types\/page"}],"author":[{"embeddable":true,"href":"https:\/\/blogs.ua.es\/santapola2\/wp-json\/wp\/v2\/users\/3293"}],"replies":[{"embeddable":true,"href":"https:\/\/blogs.ua.es\/santapola2\/wp-json\/wp\/v2\/comments?post=4"}],"version-history":[{"count":1,"href":"https:\/\/blogs.ua.es\/santapola2\/wp-json\/wp\/v2\/pages\/4\/revisions"}],"predecessor-version":[{"id":5,"href":"https:\/\/blogs.ua.es\/santapola2\/wp-json\/wp\/v2\/pages\/4\/revisions\/5"}],"wp:attachment":[{"href":"https:\/\/blogs.ua.es\/santapola2\/wp-json\/wp\/v2\/media?parent=4"}],"curies":[{"name":"wp","href":"https:\/\/api.w.org\/{rel}","templated":true}]}}