{"id":6,"date":"2013-11-15T11:49:59","date_gmt":"2013-11-15T11:49:59","guid":{"rendered":"https:\/\/blogs.ua.es\/santapola2\/?page_id=6"},"modified":"2014-01-13T11:11:28","modified_gmt":"2014-01-13T11:11:28","slug":"explicacion","status":"publish","type":"page","link":"https:\/\/blogs.ua.es\/santapola2\/explicacion\/","title":{"rendered":"Explicaci\u00f3n"},"content":{"rendered":"<p>Este blog tiene como finalidad mostrar las diversas categor\u00edas de escrituras expuestas que podemos encontrar en la ciudad de Santa Pola. Las categor\u00edas pertenecientes a nuestro blog son las siguientes:<\/p>\n<div>\n<p>-Publicidad fija<br \/>\n-Publicidad ef\u00edmera<br \/>\n-Letreros de comercios<br \/>\n-Letreros de mercadillos<br \/>\n-Grafitis iconogr\u00e1ficos<\/p>\n<\/div>\n<div>\n<p>Para ello mi compa\u00f1ero y yo hicimos un barrido por toda la ciudad observando la gran diversidad de escrituras expuestas y realizando fotos a aquellas que nos parecieron m\u00e1s interesantes. Para despu\u00e9s mostrarla en el blog junto a nuestra valoraci\u00f3n cr\u00edtica<\/p>\n<\/div>\n","protected":false},"excerpt":{"rendered":"<p>Este blog tiene como finalidad mostrar las diversas categor\u00edas de escrituras expuestas que podemos encontrar en la ciudad de Santa Pola. Las categor\u00edas pertenecientes a nuestro blog son las siguientes: -Publicidad fija -Publicidad ef\u00edmera -Letreros de comercios -Letreros de mercadillos -Grafitis iconogr\u00e1ficos Para ello mi compa\u00f1ero y yo hicimos un barrido por toda la ciudad [&hellip;]<\/p>\n","protected":false},"author":3293,"featured_media":0,"parent":0,"menu_order":1,"comment_status":"open","ping_status":"open","template":"","meta":{"footnotes":""},"class_list":["post-6","page","type-page","status-publish","hentry"],"_links":{"self":[{"href":"https:\/\/blogs.ua.es\/santapola2\/wp-json\/wp\/v2\/pages\/6","targetHints":{"allow":["GET"]}}],"collection":[{"href":"https:\/\/blogs.ua.es\/santapola2\/wp-json\/wp\/v2\/pages"}],"about":[{"href":"https:\/\/blogs.ua.es\/santapola2\/wp-json\/wp\/v2\/types\/page"}],"author":[{"embeddable":true,"href":"https:\/\/blogs.ua.es\/santapola2\/wp-json\/wp\/v2\/users\/3293"}],"replies":[{"embeddable":true,"href":"https:\/\/blogs.ua.es\/santapola2\/wp-json\/wp\/v2\/comments?post=6"}],"version-history":[{"count":2,"href":"https:\/\/blogs.ua.es\/santapola2\/wp-json\/wp\/v2\/pages\/6\/revisions"}],"predecessor-version":[{"id":246,"href":"https:\/\/blogs.ua.es\/santapola2\/wp-json\/wp\/v2\/pages\/6\/revisions\/246"}],"wp:attachment":[{"href":"https:\/\/blogs.ua.es\/santapola2\/wp-json\/wp\/v2\/media?parent=6"}],"curies":[{"name":"wp","href":"https:\/\/api.w.org\/{rel}","templated":true}]}}