{"id":8,"date":"2013-11-15T11:50:09","date_gmt":"2013-11-15T11:50:09","guid":{"rendered":"https:\/\/blogs.ua.es\/santapola2\/?page_id=8"},"modified":"2014-01-13T10:11:31","modified_gmt":"2014-01-13T10:11:31","slug":"valoracion","status":"publish","type":"page","link":"https:\/\/blogs.ua.es\/santapola2\/valoracion\/","title":{"rendered":"Valoraci\u00f3n"},"content":{"rendered":"<p>Para empezar, la elaboraci\u00f3n de este blog tanto a mi compa\u00f1ero como a m\u00ed nos ha resultado realmente \u00fatil, ya que tras realizar este trabajo pudimos conocer mucho mejor la ciudad de Santa Pola, a trav\u00e9s de las diferentes fotos realizadas y recorrer pr\u00e1cticamente todas la calles, cabe destacar que la ciudad la hab\u00edamos visitado en contadas ocasiones y tras esta intensa visita no nos queda la menor duda que volveremos a pisar esta bonita ciudad costera, la cual animo a visitar a todos vosotros.<br \/>\nEn cuanto a la realizaci\u00f3n de fotos nos pareci\u00f3 muy agradable y divertido, ya que nunca hab\u00edamos hecho algo as\u00ed, aunque la b\u00fasqueda de publicidad ef\u00edmera nos result\u00f3 costosa, ya que este tipo de publicidad no estaba permitida en la ciudad.<br \/>\nEn conclusi\u00f3n, la realizaci\u00f3n de este trabajo ha tenido una valoraci\u00f3n muy positiva, ya que hemos vivido una nueva experiencia, en la cual hemos podido conocer mucho mejor esta acogedora ciudad.<\/p>\n","protected":false},"excerpt":{"rendered":"<p>Para empezar, la elaboraci\u00f3n de este blog tanto a mi compa\u00f1ero como a m\u00ed nos ha resultado realmente \u00fatil, ya que tras realizar este trabajo pudimos conocer mucho mejor la ciudad de Santa Pola, a trav\u00e9s de las diferentes fotos realizadas y recorrer pr\u00e1cticamente todas la calles, cabe destacar que la ciudad la hab\u00edamos visitado [&hellip;]<\/p>\n","protected":false},"author":3293,"featured_media":0,"parent":0,"menu_order":2,"comment_status":"open","ping_status":"open","template":"","meta":{"footnotes":""},"class_list":["post-8","page","type-page","status-publish","hentry"],"_links":{"self":[{"href":"https:\/\/blogs.ua.es\/santapola2\/wp-json\/wp\/v2\/pages\/8","targetHints":{"allow":["GET"]}}],"collection":[{"href":"https:\/\/blogs.ua.es\/santapola2\/wp-json\/wp\/v2\/pages"}],"about":[{"href":"https:\/\/blogs.ua.es\/santapola2\/wp-json\/wp\/v2\/types\/page"}],"author":[{"embeddable":true,"href":"https:\/\/blogs.ua.es\/santapola2\/wp-json\/wp\/v2\/users\/3293"}],"replies":[{"embeddable":true,"href":"https:\/\/blogs.ua.es\/santapola2\/wp-json\/wp\/v2\/comments?post=8"}],"version-history":[{"count":2,"href":"https:\/\/blogs.ua.es\/santapola2\/wp-json\/wp\/v2\/pages\/8\/revisions"}],"predecessor-version":[{"id":245,"href":"https:\/\/blogs.ua.es\/santapola2\/wp-json\/wp\/v2\/pages\/8\/revisions\/245"}],"wp:attachment":[{"href":"https:\/\/blogs.ua.es\/santapola2\/wp-json\/wp\/v2\/media?parent=8"}],"curies":[{"name":"wp","href":"https:\/\/api.w.org\/{rel}","templated":true}]}}