{"id":18,"date":"2007-10-19T23:11:53","date_gmt":"2007-10-19T21:11:53","guid":{"rendered":"https:\/\/blogs.ua.es\/santiago\/epica-homerica\/"},"modified":"2015-12-20T19:54:40","modified_gmt":"2015-12-20T17:54:40","slug":"epica-homerica","status":"publish","type":"page","link":"https:\/\/blogs.ua.es\/santiago\/epica-homerica\/","title":{"rendered":"\u00c9pica hom\u00e9rica"},"content":{"rendered":"<p align=\"center\"><a title=\"Mascara Agamen\u00f3n\" href=\"https:\/\/blogs.ua.es\/santiago\/files\/2007\/11\/imagesagaeno.jpg\"><img loading=\"lazy\" decoding=\"async\" class=\"aligncenter\" src=\"https:\/\/blogs.ua.es\/santiago\/files\/2007\/11\/imagesagaeno.thumbnail.jpg\" alt=\"Mascara Agamen\u00f3n\" width=\"91\" height=\"93\" \/><\/a><!--more--><\/p>\n<ul>\n<li><strong>Bibliograf\u00eda b\u00e1sica<br \/>\n<\/strong><\/li>\n<\/ul>\n<p><strong>Vidal<\/strong> <strong>Naquet<\/strong>, P., <em>El mundo de Homero : breve historia de la mitolog\u00eda griega<\/em>, Pen\u00ednsula 2002 <strong><br \/>\n<\/strong><\/p>\n<p><strong>Lillo Redonet, <\/strong>F., &#8220;Cine y literatura cl\u00e1sica: versiones cinematogr\u00e1ficas de la Il\u00edada y la Odisea&#8221;, Carratal\u00e1-Sanderson (eds.), <em>Relaciones entre el cine y la literatura: un lenguaje com\u00fan<\/em>, Alicante 1996, 95-104.<strong><br \/>\n<\/strong><\/p>\n<p><strong>P\u00f2rtulas<\/strong><!-- BEGIN INCLUDE \/opt\/epages5\/eproot\/Cartridges\/DE_EPAGES\/Product\/Templates\/SF\/SF-Product.INC-Image.html 0.005 seconds --><strong>, J.<\/strong> Introducci\u00f3 a la Il\u00edada. Homer, entre la hist\u00f2ria i la llegenda, Bernat Metge, Barcelona 2008. <strong><br \/>\n<\/strong><\/p>\n<p><strong>Souvir\u00f3n<\/strong>, B., <em>Hijos de Homero : un viaje personal por el alba de Occidente<\/em>, Alianza 2006<\/p>\n<ul>\n<li><!--more--><strong>Recursos on-line<\/strong><strong><br \/>\n<\/strong><\/li>\n<\/ul>\n<blockquote>\n<p style=\"text-align: justify\"><a title=\"HOMERICA\" href=\"http:\/\/w3.u-grenoble3.fr\/homerica\/\">Homerica<\/a> web del <em>Centre d&#8217;\u00e9tudes hom\u00e9riques <\/em>con art\u00edculos, bibliograf\u00eda, estudio sobre la recepci\u00f3n de Homero, textos, mapas y res\u00famenes de la <em>Il\u00edada<\/em> y la <em>Odisea<\/em>.<\/p>\n<p style=\"text-align: justify\"><a title=\"Inisituto Investigaciones Hom\u00e9ricas\" href=\"http:\/\/www.homero.com.mx\/index.html\">Homero<\/a> web del <em>Instituto de Investigaciones Hom\u00e9ricas<\/em> con introducci\u00f3n a la obra hom\u00e9rica, traducci\u00f3n, comentarios, geograf\u00eda del mundo hom\u00e9rico, contexto hist\u00f3rico de la guerra troyana y bibliograf\u00eda.<\/p>\n<p style=\"text-align: justify\"><a title=\"the Homer Homepage\" href=\"http:\/\/www.gpc.edu\/%7Eshale\/humanities\/literature\/world_literature\/homer.html\">The Homer Homepage<\/a> selecci\u00f3n y clasificaci\u00f3n de enlaces sobre Homero: textos, sociedad, tradici\u00f3n oral o pervivencia.<\/p>\n<p style=\"text-align: justify\"><a href=\"http:\/\/www.xtec.net\/~sgiralt\/labyrinthus\/graecia\/graecia.htm\">Homer Forschungsbericht <\/a>Bibliograf\u00eda en red de Homero desde 1978 a 1992 clasificada (en alem\u00e1n) por temas, autores y materias.<a title=\"the chicago Homer\" href=\"http:\/\/www.library.northwestern.edu\/homer\/\">The Chicago Homer<\/a> Base de datos para trabajar con el texto de la Il\u00edada y Odisea.<\/p>\n<p style=\"text-align: justify\"><a href=\"http:\/\/www.uni-tuebingen.de\/troia\/eng\/\">Project Troia<\/a> Historia y estado de las excavaciones del sitio de Troya. Incluye un apartado dedicado a reconstrucciones arqueol\u00f3gicas virtuales <a href=\"http:\/\/www.uni-tuebingen.de\/troia\/vr\/vr0201_en.html\">Troia Vr<\/a><\/p>\n<p style=\"text-align: justify\"><a href=\"http:\/\/iliadodyssey.com\/\">L&#8217;Iliade et l&#8217;Odis\u00e9e d&#8217;Hom\u00e8re<\/a> Adaptaci\u00f3n ilustrada y con im\u00e1genes de los textos hom\u00e9ricos (franc\u00e9s e ingl\u00e9s)<\/p>\n<p style=\"text-align: justify\"><a href=\"http:\/\/elpezvolador.wordpress.com\/2010\/06\/08\/la-iliada-en-graficos-indice\/?_tmc=IYOPbTIUhTKzKA5PfaGvpCl3cbfuL_s4NHF_-SZZxpU\">La Il\u00edada en gr\u00e1ficos<\/a> esquemas visuales y notas sobre la progresi\u00f3n del combate seg\u00fan la narraci\u00f3n hom\u00e9rica, por M. Cristal.<\/p>\n<\/blockquote>\n<ul>\n<li><!--more--><strong>Art\u00edculos y material de clase<\/strong><\/li>\n<\/ul>\n<p><strong><a href=\"https:\/\/blogs.ua.es\/santiago\/2010\/07\/10\/en-busca-del-fuego-algunas-reminiscencias-homericas\/\">En busca del fuego: reminiscencias hom\u00e9ricas<\/a><\/strong><\/p>\n<p><a href=\"https:\/\/blogs.ua.es\/santiago\/2008\/12\/23\/reescribiendo-la-iliada\/\"><strong>Reescribiendo la Il\u00edada<\/strong><\/a><\/p>\n<p><strong><a href=\"https:\/\/blogs.ua.es\/santiago\/2008\/10\/28\/helena-paris-y-los-micenicos-del-septimo-arte\/\">Helena, Paris\u00a0 y los mic\u00e9nicos en el s\u00e9ptimo arte<\/a><\/strong><\/p>\n<p><strong><a href=\"https:\/\/blogs.ua.es\/santiago\/2007\/12\/21\/aquileida\/\">Aquileida<\/a><\/strong><\/p>\n<p><a href=\"https:\/\/blogs.ua.es\/santiago\/2007\/10\/25\/viaje-virtual-a-troya-rompiendo-las-murallas-de-la-globalizacion\/\"><strong>Viaje virtual a Troya: rompiendo las murallas de la globalizaci\u00f3n<\/strong><\/a><\/p>\n<p><a href=\"https:\/\/blogs.ua.es\/santiago\/2008\/10\/02\/presentaciones-y-videos-sobre-la-iliada\/\"><strong>Presentaciones y videos sobre la Il\u00edada<\/strong><\/a><\/p>\n<p><a href=\"https:\/\/blogs.ua.es\/santiago\/2007\/11\/02\/catalogo-de-aqueos-y-troyanos\/\"><strong>Cat\u00e1logo de aqueos y troyanos<\/strong><\/a><\/p>\n<ul>\n<li><!--more--><strong>Videos y audios<br \/>\n<\/strong><\/li>\n<\/ul>\n<p><a href=\"http:\/\/youtu.be\/iw3V7O8iY3U\">El mundo hom\u00e9rico, A. Bernab\u00e9<\/a><\/p>\n","protected":false},"excerpt":{"rendered":"","protected":false},"author":265,"featured_media":0,"parent":0,"menu_order":0,"comment_status":"open","ping_status":"open","template":"","meta":{"footnotes":""},"class_list":["post-18","page","type-page","status-publish","hentry"],"_links":{"self":[{"href":"https:\/\/blogs.ua.es\/santiago\/wp-json\/wp\/v2\/pages\/18","targetHints":{"allow":["GET"]}}],"collection":[{"href":"https:\/\/blogs.ua.es\/santiago\/wp-json\/wp\/v2\/pages"}],"about":[{"href":"https:\/\/blogs.ua.es\/santiago\/wp-json\/wp\/v2\/types\/page"}],"author":[{"embeddable":true,"href":"https:\/\/blogs.ua.es\/santiago\/wp-json\/wp\/v2\/users\/265"}],"replies":[{"embeddable":true,"href":"https:\/\/blogs.ua.es\/santiago\/wp-json\/wp\/v2\/comments?post=18"}],"version-history":[{"count":19,"href":"https:\/\/blogs.ua.es\/santiago\/wp-json\/wp\/v2\/pages\/18\/revisions"}],"predecessor-version":[{"id":1757,"href":"https:\/\/blogs.ua.es\/santiago\/wp-json\/wp\/v2\/pages\/18\/revisions\/1757"}],"wp:attachment":[{"href":"https:\/\/blogs.ua.es\/santiago\/wp-json\/wp\/v2\/media?parent=18"}],"curies":[{"name":"wp","href":"https:\/\/api.w.org\/{rel}","templated":true}]}}