{"id":19,"date":"2007-10-19T23:12:06","date_gmt":"2007-10-19T21:12:06","guid":{"rendered":"https:\/\/blogs.ua.es\/santiago\/prometeo\/"},"modified":"2013-04-10T15:35:40","modified_gmt":"2013-04-10T13:35:40","slug":"prometeo","status":"publish","type":"page","link":"https:\/\/blogs.ua.es\/santiago\/prometeo\/","title":{"rendered":"Prometeo"},"content":{"rendered":"<p><a title=\"prometeo\" href=\"https:\/\/blogs.ua.es\/santiago\/files\/2007\/10\/miguel-melcon.jpg\"><img decoding=\"async\" src=\"https:\/\/blogs.ua.es\/santiago\/files\/2007\/10\/miguel-melcon.thumbnail.jpg\" alt=\"prometeo\" \/><\/a> <strong> <\/strong><\/p>\n<p style=\"text-align: justify\">La figura de Prometeo es una de las m\u00e1s antiguas en la mitolog\u00eda griega que presenta, adem\u00e1s, una continua evoluci\u00f3n a lo largo de la historia de la literatura y resulta un buen ejemplo de la constante adaptaci\u00f3n y reinterpretaci\u00f3n de la tradici\u00f3n literaria caracter\u00edsticas de la cultura griega. A lo largo del curso dedicaremos algunas sesiones a analizar los diversos modelos de interpretaci\u00f3n de la realidad y las visiones de la humanidad que nos dieron los autores griegos en\u00a0 diferentes versiones del mito.<\/p>\n<ul>\n<li><strong>FUENTES ANTIGUAS<\/strong><\/li>\n<\/ul>\n<p style=\"padding-left: 30px\">Primeras manifestaci\u00f3nes literarias: el Prometeo hesi\u00f3dico y la creaci\u00f3n de la humanidad: <em><strong>Teogonia<\/strong> <\/em>507-616,<em> <strong>Trabajos<\/strong> <strong>y<\/strong> <strong>D\u00edas<\/strong><\/em> 43-200.<\/p>\n<p style=\"padding-left: 30px\">Cristalizaci\u00f3n del mito: la versi\u00f3n tr\u00e1gica de <strong>Esquilo<\/strong> <em><strong>Prometeo<\/strong> <strong>encadenado<\/strong><\/em><\/p>\n<p style=\"padding-left: 30px\">El mito en la filosof\u00eda: los or\u00edgenes de la cultura en el <em><strong>Prot\u00e1goras<\/strong><\/em> 320c-323a de <strong>Plat\u00f3n<\/strong><\/p>\n<p style=\"padding-left: 30px\">Desmitificaci\u00f3n:\u00a0 Comicidad cr\u00edtica de <strong>Arist\u00f3fanes<\/strong> <em><strong>Aves<\/strong><\/em> 1494-1552; La versi\u00f3n sof\u00edstica de <strong>Luciano<\/strong> \u00abPrometeo\u00bb, \u00abZeus y Prometeo\u00bb, <em>Di\u00e1logos de los dioses;\u00a0<\/em> Literatura popular: f\u00e1bulas de <strong>Esopo<\/strong> 108, 240, 266<\/p>\n<ul>\n<li><strong>BIBLIOGRAF\u00cdA GENERAL<br \/>\n<\/strong><\/li>\n<\/ul>\n<p>C. <strong>Garc\u00eda<\/strong> <strong>Gual<\/strong>, <em>Prometeo: mito y literatura<\/em>, FCE, Madrid 2009.<\/p>\n<p>A. <strong>L\u00f3pez Eire<\/strong>, &#8220;El mito de Prometeo: el fuego&#8221;, L\u00f3pez Moreda-G\u00f3mez (eds.), <em>Ideas: De Prometeo al siglo XX. Un viaje por el legado cl\u00e1sico<\/em>, Madrid 2006, pp. 17-54.<\/p>\n<p>V. <strong>Varela<\/strong> \u00c1lvarez,<em> El mito de Prometeo en Hes\u00edodo, Esquilo y Plat\u00f3n<\/em>, Pontevedra 2006.<\/p>\n<ul>\n<li><strong>ARTICULOS, RESUMENES y PRESENTACIONES DE CLASE<\/strong><\/li>\n<\/ul>\n<p style=\"padding-left: 30px\"><strong><a href=\"https:\/\/blogs.ua.es\/santiago\/2010\/05\/01\/prometeo-encadenado-algunas-lecturas\/\">Prometeo encadenado: algunas lecturas<\/a><\/strong><\/p>\n<p style=\"padding-left: 30px\"><strong><a href=\"https:\/\/blogs.ua.es\/santiago\/2009\/03\/31\/io-y-prometeo-en-blanco-y-negro\/\">Io y Prometeo en blanco y negro<\/a><\/strong><\/p>\n<p style=\"padding-left: 30px\"><strong><a href=\"https:\/\/blogs.ua.es\/santiago\/2010\/05\/08\/el-prometeo-de-protagoras\/\">El Prometeo del Prot\u00e1goras<\/a><\/strong><\/p>\n<p style=\"padding-left: 30px\"><strong><a href=\"https:\/\/blogs.ua.es\/santiago\/2010\/05\/15\/desmitificacion-de-prometeo\/\">Desmitificaci\u00f3n de Prometeo<\/a><\/strong><\/p>\n<p style=\"padding-left: 30px\"><strong><a href=\"http:\/\/www.eens.org\/?page_id=1127\">La identidad de Prometeo en la literatura neogriega<\/a><\/strong><\/p>\n<ul>\n<li><strong>TRABAJOS de ALUMN@S<\/strong><\/li>\n<\/ul>\n<p style=\"text-align: left\"><a href=\"https:\/\/blogs.ua.es\/santiago\/2008\/06\/12\/acciones-prometeicas\/\"><strong>Curso 2007-2008<\/strong><\/a><\/p>\n<p style=\"text-align: left\"><a href=\"https:\/\/blogs.ua.es\/santiago\/2009\/06\/02\/desde-el-fondo-de-la-jarra\/\"><strong>Curso 2008-2009<\/strong><\/a><strong><\/strong><\/p>\n<p style=\"text-align: left\"><strong><a href=\"https:\/\/blogs.ua.es\/santiago\/2010\/06\/11\/prometeo-y-griego-moderno-balance\/\">Curso 2009-2010<\/a><br \/>\n<\/strong><\/p>\n","protected":false},"excerpt":{"rendered":"<p>La figura de Prometeo es una de las m\u00e1s antiguas en la mitolog\u00eda griega que presenta, adem\u00e1s, una continua evoluci\u00f3n a lo largo de la historia de la literatura y resulta un buen ejemplo de la constante adaptaci\u00f3n y reinterpretaci\u00f3n de la tradici\u00f3n literaria caracter\u00edsticas de la cultura griega. A lo largo del curso dedicaremos [&hellip;]<\/p>\n","protected":false},"author":265,"featured_media":0,"parent":0,"menu_order":0,"comment_status":"open","ping_status":"open","template":"","meta":{"footnotes":""},"class_list":["post-19","page","type-page","status-publish","hentry"],"_links":{"self":[{"href":"https:\/\/blogs.ua.es\/santiago\/wp-json\/wp\/v2\/pages\/19","targetHints":{"allow":["GET"]}}],"collection":[{"href":"https:\/\/blogs.ua.es\/santiago\/wp-json\/wp\/v2\/pages"}],"about":[{"href":"https:\/\/blogs.ua.es\/santiago\/wp-json\/wp\/v2\/types\/page"}],"author":[{"embeddable":true,"href":"https:\/\/blogs.ua.es\/santiago\/wp-json\/wp\/v2\/users\/265"}],"replies":[{"embeddable":true,"href":"https:\/\/blogs.ua.es\/santiago\/wp-json\/wp\/v2\/comments?post=19"}],"version-history":[{"count":15,"href":"https:\/\/blogs.ua.es\/santiago\/wp-json\/wp\/v2\/pages\/19\/revisions"}],"predecessor-version":[{"id":1654,"href":"https:\/\/blogs.ua.es\/santiago\/wp-json\/wp\/v2\/pages\/19\/revisions\/1654"}],"wp:attachment":[{"href":"https:\/\/blogs.ua.es\/santiago\/wp-json\/wp\/v2\/media?parent=19"}],"curies":[{"name":"wp","href":"https:\/\/api.w.org\/{rel}","templated":true}]}}