{"id":2,"date":"2007-10-18T18:11:10","date_gmt":"2007-10-18T16:11:10","guid":{"rendered":""},"modified":"2012-04-16T21:04:24","modified_gmt":"2012-04-16T19:04:24","slug":"acerca-de","status":"publish","type":"page","link":"https:\/\/blogs.ua.es\/santiago\/acerca-de\/","title":{"rendered":"Novela griega antigua"},"content":{"rendered":"<p style=\"text-align: justify\"><a title=\"sappho-pompeii.jpg\" href=\"https:\/\/blogs.ua.es\/santiago\/files\/2007\/10\/sappho-pompeii.jpg\"><img decoding=\"async\" class=\"aligncenter\" src=\"https:\/\/blogs.ua.es\/santiago\/files\/2007\/10\/sappho-pompeii.thumbnail.jpg\" alt=\"sappho-pompeii.jpg\" \/><\/a>La novela fue la \u00faltima de las creaciones literarias de los griegos, pero que acab\u00f3 desplazando a todas las dem\u00e1s y que ha seguido cultiv\u00e1ndose hasta nuestros d\u00edas. Desde que naci\u00f3 hasta hoy la novela griega ha experimentado una constante evoluci\u00f3n tanto formal como de contenido, pero siempre ha mantenido unas caracter\u00edsticas esenciales que ser\u00e1n estudiadas en algunas piezas representativas del g\u00e9nero.<\/p>\n<ul>\n<li><strong>Corpus <\/strong><\/li>\n<\/ul>\n<p><a href=\"https:\/\/blogs.ua.es\/santiago\/files\/2007\/10\/QyC.pdf\">Qu\u00e9reas y Cal\u00edrroe<\/a><em>, <\/em><a href=\"https:\/\/blogs.ua.es\/santiago\/files\/2010\/10\/Efesiacas.pdf\">Antia y Habr\u00f3comes<\/a><em>, <\/em><a href=\"https:\/\/blogs.ua.es\/santiago\/files\/2007\/10\/Dafnisycloe.pdf\">Dafnis y Cloe<\/a><em>, <\/em><a href=\"https:\/\/blogs.ua.es\/santiago\/files\/2007\/10\/alexander.pdf\">Vida de Alejandro<\/a><em>,<\/em><\/p>\n<p><a href=\"https:\/\/blogs.ua.es\/santiago\/files\/2007\/10\/apollonio.pdf\">Apolonio de Tiro<\/a><em>, <\/em><a href=\"https:\/\/blogs.ua.es\/santiago\/files\/2007\/10\/Lucio.pdf\">Lucio o el asno<\/a><em>, <\/em><a title=\"Hechos de Pablo y Tecla\" href=\"https:\/\/blogs.ua.es\/santiago\/files\/2007\/10\/microsoft-word-actas-de-pablo-y-tecla.pdf\">Hechos de Pablo y Tecla<\/a><\/p>\n<ul>\n<li><strong>Bibliograf\u00eda<\/strong> <strong><br \/>\n<\/strong><\/li>\n<\/ul>\n<p><strong><span style=\"text-decoration: underline\">1. MANUALES<\/span><\/strong><\/p>\n<blockquote>\n<ul>\n<li>Graverini, L. et al., <em>Il romanzo antico: forme, testi, problemi<\/em>, Roma, 2006.<\/li>\n<li>Garc\u00eda Gual, C., \u00a8La novela\u00a8, L\u00f3pez F\u00e9rez, J.A.,<em> Historia de la literatura<\/em> <em>griega<\/em>, Madrid, 1988, pp. 1113-1143<\/li>\n<li>H\u00e4gg, T., <em>The Novel in Antiquity<\/em>, Oxford-Berkley-Los Angeles, 1983<\/li>\n<li>Miralles, C., <em>La novela en la antig\u00fcedad cl\u00e1sica<\/em>, Barcelona, 1969<\/li>\n<li>Ru\u00edz Montero, C. <em>La novela griega<\/em>, Madrid, 2006<\/li>\n<\/ul>\n<\/blockquote>\n<p><span style=\"text-decoration: underline\"><strong>2. RECURSOS Y ESTUDIOS EN RED<\/strong><\/span><\/p>\n<blockquote>\n<ul>\n<li><a href=\"http:\/\/www.ancientnarrative.com\/\"><strong>Ancient Narrative<\/strong> <\/a> Revista electr\u00f3nica sobre la novela de tradici\u00f3n griega, latina y jud\u00eda. Abarca el periodo cl\u00e1sico, bizantino y primeros textos narrativos cristianos, as\u00ed como su recepci\u00f3n en el arte contempor\u00e1neo.<span style=\"font-family: Arial,Helvetica,sans-serif\"> Incluye la <a href=\"http:\/\/www.ancientnarrative.com\/PSN\/index.htm\">Petronian Society Newsletter<\/a>, <\/span><span style=\"font-family: Arial,Helvetica,sans-serif\">antes publicada en <\/span><a href=\"http:\/\/www.chss.montclair.edu\/classics\/petron\/PSNNOVEL.HTML#PSN\"><span style=\"font-family: Arial,Helvetica,sans-serif\">T<\/span>he Petronian<\/a><a href=\"http:\/\/www.chss.montclair.edu\/classics\/petron\/PSNNOVEL.HTML#PSN\"> Society Newsletter<\/a> web con informaci\u00f3n sobre el <em>ICAN<\/em> (International Conference on the Novel), la revista <em>Journal on the Ancient Novel<\/em>, bibliograf\u00eda y res\u00famenes de obras.<\/li>\n<li><strong><a title=\"Deagona\" href=\"http:\/\/people.uncw.edu\/deagona\/\">Deagona<\/a>.<\/strong> P\u00e1gina del prof. Andrea Deagon que aloja <strong><a href=\"http:\/\/people.uncw.edu\/deagona\/ancientnovel\/\">art\u00edculos, rese\u00f1as\u00a0 y gu\u00edas de lectura de estudiantes<\/a><\/strong>.<\/li>\n<li><strong><a title=\"Dafnis y Cloe. Bibliografia\" href=\"http:\/\/hdl.handle.net\/10045\/2682\">Da<\/a><a title=\"Dafnis y Cloe. Bibliografia\" href=\"http:\/\/hdl.handle.net\/10045\/2682\">fnis y Cloe de Longo. Bibliograf\u00eda<\/a><\/strong>. Tesina de Santi Carbonell, Univ. Tesal\u00f3nica, 1998. Bibliograf\u00eda comentada de la obra de Longo (periodo 1960-1993).<\/li>\n<li><strong><a href=\"http:\/\/rua.ua.es\/dspace\/handle\/10045\/3688\">Fragmentos papir\u00e1ceos de novela griega<\/a><\/strong>. Tesis de M\u00aa Paz L\u00f3pez Mart\u00ednez, Univ. Alicante 1993.<\/li>\n<li><strong><a href=\"http:\/\/griegoantiguo.wordpress.com\/2008\/09\/14\/la-princesa-prometida-y-la-novela-griega-antigua\/\">La Princesa prometida y la novela griega<\/a><\/strong>. Post de Ricardo L. Rodriguez sobre pervivencia en el cine.<\/li>\n<li><a href=\"http:\/\/elfestindehomero.blogspot.com\/2008\/11\/el-gnero-de-la-novela.html\"><strong>El g\u00e9nero de la novela<\/strong><\/a>. Introducci\u00f3n de J. B. Torres Guerra en su blog de literatura griega antigua.<\/li>\n<li><strong><a href=\"http:\/\/rabida.uhu.es\/dspace\/handle\/10272\/2768\">&#8220;Las heroinas de la novela griega al sevicio de \u00c1rtemis<\/a><\/strong>&#8220;. R. Fern\u00e1ndez Garrido. Repositorio Univ. Huelva.<\/li>\n<li><strong><a href=\"http:\/\/onomazein.net\/8\/deseo.pdf\">&#8220;Deseo y narraci\u00f3n: el incesto y la <em>Historia Apollonii Regis Tyri<\/em><\/a>&#8220;.<\/strong> I. \u00c1lvarez, <em>Onomazein<\/em> 8 (2003) 197-209.<\/li>\n<li><strong><a href=\"http:\/\/dspace.unav.es\/dspace\/handle\/10171\/4194\">&#8220;La novela griega: proyecci\u00f3n de un g\u00e9nero en la narrativa espa\u00f1ola<\/a><\/strong>&#8220;, A. Baquero Escudero. Dep\u00f3sito Acad\u00e9mico Univ. Navarra.<\/li>\n<\/ul>\n<\/blockquote>\n<p><span style=\"text-decoration: underline\"><strong>3. ARTICULOS- RESUMENES-PRESENTACIONES DE CLASE<\/strong><\/span><\/p>\n<p style=\"padding-left: 30px\"><a href=\"https:\/\/blogs.ua.es\/santiago\/2010\/09\/14\/novela\/\"><strong>La novela<\/strong><\/a><\/p>\n<p style=\"padding-left: 30px\"><strong><a href=\"https:\/\/blogs.ua.es\/santiago\/2010\/09\/21\/novela-griega-antigua\/\">Novela griega antigua<\/a><\/strong><\/p>\n<p style=\"padding-left: 30px\"><strong><a href=\"https:\/\/blogs.ua.es\/santiago\/2011\/09\/27\/quereas-y-calirroe-introduccion\/\">Qu\u00e9reas y Cal\u00edrroe: introducci\u00f3n<\/a><\/strong><\/p>\n<p style=\"padding-left: 30px\"><a href=\"https:\/\/blogs.ua.es\/santiago\/2011\/10\/25\/la-novela-de-apolonio-de-los-papiros-al-folklore-neohelenico\/\"><strong>La novela de Apolonio: de los papiros al folklore neohel\u00e9nico<\/strong><\/a><\/p>\n<p style=\"padding-left: 30px\"><strong><a href=\"https:\/\/blogs.ua.es\/santiago\/2007\/12\/14\/apolonio-el-enigma-de-un-incesto\/\">Apolonio: el enigma de un incesto<\/a><\/strong><\/p>\n<p style=\"padding-left: 30px\"><a href=\"https:\/\/blogs.ua.es\/santiago\/2011\/11\/01\/la-novela-cristiana-griega-hechos-apocrifos-de-pablo-y-tecla\/\"><strong>La novela cristiana griega: hechos ap\u00f3crifos de Pablo y Tecla<\/strong><\/a><\/p>\n<p><span style=\"text-decoration: underline\"><strong>4. TRABAJOS DE ALUMN@S<br \/>\n<\/strong><\/span><\/p>\n<blockquote><p><strong><a title=\"Funci\u00f3n social de la novela\" href=\"https:\/\/blogs.ua.es\/santiago\/files\/2007\/10\/violeta-hidalgo.pdf\">Funci\u00f3n social de la novela<\/a><\/strong>. Violeta Hidalgo<\/p>\n<p><a title=\"El papel de la mujer en la novela griega\" href=\"https:\/\/blogs.ua.es\/santiago\/files\/2007\/10\/silvia-egea.pdf\"><strong>El papel de la mujer en la novela griega<\/strong>.<\/a> Silvia Egea<\/p>\n<p><strong><a title=\"Models de bellesa en la novel.la antiga\" href=\"https:\/\/blogs.ua.es\/santiago\/files\/2007\/10\/antoli.pdf\">Models de bellesa en la novel.la antiga<\/a><\/strong>. Jordi Antol\u00ed<\/p>\n<p style=\"text-align: justify\">&#8221; <strong>El motivo de la anagn\u00f3risis en la novela griega: de la Odisea de Homero a Qu\u00e9reas y Cal\u00edrroe de Carit\u00f3n de Afrodisias<\/strong>&#8220;, Emilio Pascual Barciela, <a href=\"http:\/\/www.ual.es\/revistas\/PhilUr\/philur-201009.html\">Philologica Urcitana 3 (2010) 95-112.<\/a><\/p>\n<p style=\"text-align: justify\"><strong><a href=\"http:\/\/www.slideshare.net\/aigialos\/qureas-y-calirroe-cuestionario\">Cuestionario sobre QyC<\/a><\/strong>: Carmen Iborra<\/p>\n<p style=\"text-align: justify\"><strong><a href=\"http:\/\/www.slideshare.net\/aigialos\/realidad-y-ficcin-en-qureas-y-calrroe\">Realidad y ficci\u00f3n en Qu\u00e9reas y Cal\u00edrroe<\/a><\/strong>: Jordi Garc\u00eda<\/p>\n<p style=\"text-align: justify\"><strong><a href=\"http:\/\/www.slideshare.net\/aigialos\/estoicismo-y-utopa-consideraciones-sobre-el-amor-en-la-novela-de-caritn-y-longo\">Reflexiones sobre el tema amoroso en Longo y Carit\u00f3n<\/a><\/strong>: Jes\u00fas Abell\u00e1n<\/p>\n<p style=\"text-align: justify\"><strong><a href=\"https:\/\/blogs.ua.es\/santiago\/2012\/01\/16\/la-novela-de-alejandro-video-con-lectura-colectiva\/\">La novela de Alejandro: lectura colaborativa (video)<\/a><\/strong><\/p>\n<p style=\"text-align: justify\"><strong><a href=\"https:\/\/blogs.ua.es\/santiago\/2011\/12\/24\/quereas-y-calirroe-recreacion-del-juicio\/\">Qu\u00e9reas y Cal\u00edrroe: recreaci\u00f3n de la escena del juicio (video)<\/a><\/strong><\/p>\n<p style=\"text-align: justify\"><strong><a href=\"http:\/\/youtu.be\/XSKGpW0yA9g\">Dafnis y Cloe: encuentros en el seminario de griego<\/a> (video)<\/strong><\/p>\n<\/blockquote>\n<p><span style=\"text-decoration: underline\"><strong>5. REPOSITORIO\u00a0 de los TRABAJOS<br \/>\n<\/strong><\/span><\/p>\n<p><a href=\"http:\/\/novelagriegaantigua.wikispaces.com\/\"><img loading=\"lazy\" decoding=\"async\" src=\"http:\/\/novelagriegaantigua.wikispaces.com\/space\/badge\/468x60\" alt=\"Wikispaces\" width=\"468\" height=\"60\" border=\"0\" \/><\/a><\/p>\n","protected":false},"excerpt":{"rendered":"<p>La novela fue la \u00faltima de las creaciones literarias de los griegos, pero que acab\u00f3 desplazando a todas las dem\u00e1s y que ha seguido cultiv\u00e1ndose hasta nuestros d\u00edas. Desde que naci\u00f3 hasta hoy la novela griega ha experimentado una constante evoluci\u00f3n tanto formal como de contenido, pero siempre ha mantenido unas caracter\u00edsticas esenciales que ser\u00e1n [&hellip;]<\/p>\n","protected":false},"author":265,"featured_media":0,"parent":0,"menu_order":1,"comment_status":"open","ping_status":"open","template":"","meta":{"footnotes":""},"class_list":["post-2","page","type-page","status-publish","hentry"],"_links":{"self":[{"href":"https:\/\/blogs.ua.es\/santiago\/wp-json\/wp\/v2\/pages\/2","targetHints":{"allow":["GET"]}}],"collection":[{"href":"https:\/\/blogs.ua.es\/santiago\/wp-json\/wp\/v2\/pages"}],"about":[{"href":"https:\/\/blogs.ua.es\/santiago\/wp-json\/wp\/v2\/types\/page"}],"author":[{"embeddable":true,"href":"https:\/\/blogs.ua.es\/santiago\/wp-json\/wp\/v2\/users\/265"}],"replies":[{"embeddable":true,"href":"https:\/\/blogs.ua.es\/santiago\/wp-json\/wp\/v2\/comments?post=2"}],"version-history":[{"count":35,"href":"https:\/\/blogs.ua.es\/santiago\/wp-json\/wp\/v2\/pages\/2\/revisions"}],"predecessor-version":[{"id":1020,"href":"https:\/\/blogs.ua.es\/santiago\/wp-json\/wp\/v2\/pages\/2\/revisions\/1020"}],"wp:attachment":[{"href":"https:\/\/blogs.ua.es\/santiago\/wp-json\/wp\/v2\/media?parent=2"}],"curies":[{"name":"wp","href":"https:\/\/api.w.org\/{rel}","templated":true}]}}