{"id":20,"date":"2007-10-19T23:12:34","date_gmt":"2007-10-19T21:12:34","guid":{"rendered":"https:\/\/blogs.ua.es\/santiago\/lengua-griega\/"},"modified":"2013-11-11T12:03:40","modified_gmt":"2013-11-11T10:03:40","slug":"lengua-griega","status":"publish","type":"page","link":"https:\/\/blogs.ua.es\/santiago\/lengua-griega\/","title":{"rendered":"Griego antiguo"},"content":{"rendered":"<p><img loading=\"lazy\" decoding=\"async\" class=\"aligncenter\" alt=\"alfabeto.jpg\" src=\"https:\/\/blogs.ua.es\/santiago\/files\/2007\/10\/alfabeto.thumbnail.jpg\" width=\"206\" height=\"40\" \/><\/p>\n<p><strong><!--more--><\/strong><\/p>\n<p style=\"text-align: center\"><a href=\"http:\/\/cv1.cpd.ua.es\/ConsPlanesEstudio\/cvFichaAsiEEES.asp?wCodEst=C003&amp;wcodasi=29022&amp;wLengua=C&amp;scaca=2012-13\"><strong>29022 Griego: lengua, literatura y cultura. Grado en Humanidades<\/strong><\/a><\/p>\n<p><strong>1. Herramientas:<\/strong><\/p>\n<ul>\n<li>Escribir griego en el ordenador:\u00a0 <a href=\"http:\/\/stel.ub.edu\/filologiagrega\/electra\/euclides\/index.htm\">Euclides<\/a> Grup Electra Univ. Barcelona<\/li>\n<\/ul>\n<ul>\n<li>Trabajo con textos<\/li>\n<\/ul>\n<blockquote><p><a title=\"TLG\" href=\"http:\/\/www.tlg.uci.edu\/%7Etlg\/\">Tesaurus Linguae Graecae<\/a> Corpus digital de textos en griego antiguo desde la \u00e9pica hom\u00e9rica a Bizancio.<\/p>\n<p><a title=\"Perseus\" href=\"http:\/\/www.perseus.tufts.edu\/cache\/perscoll_Greco-Roman.html\">Perseus Digital Library<\/a> Colecci\u00f3n de autores griegos y latinos.<\/p><\/blockquote>\n<ul>\n<li>Diccionarios:<\/li>\n<\/ul>\n<blockquote><p><a title=\"kalos\" href=\"http:\/\/www.kalos-software.com\/\">Kal\u00f3s<\/a>. Sofware de descarga gratuita. El programa incluye diccionario, an\u00e1lisis morfol\u00f3gico y creaci\u00f3n de tablas de flexi\u00f3n<\/p>\n<p><a title=\"lexico griego\" href=\"http:\/\/aliso.pntic.mec.es\/agalle17\/logos\/indice%20gricast.html\">L\u00e9xico griego-castellano<\/a> de A.L. Gallego<\/p><\/blockquote>\n<p><strong>2. Gram\u00e1ticas- Historia de la lengua- Cursos y ejercicios on-line<\/strong><\/p>\n<p><a title=\"Gram\u00e0tica grega\" href=\"http:\/\/www.xtec.es\/~sgiralt\/labyrinthus\/graecia\/graecia.htm\">Gram\u00e0tica grega<\/a> (S. Giralt)<\/p>\n<p><a title=\"Grammaticus\" href=\"http:\/\/www.extremaduraclasica.com\/gramatica_griega\/alfabeto.html\">Breve gram\u00e1tica para Bachillerato<\/a> (Proyecto Grammaticus, C. Cabanillas)<\/p>\n<p style=\"text-align: justify\"><a title=\"gramatica interactiva\" href=\"http:\/\/w3.cnice.mec.es\/eos\/MaterialesEducativos\/bachillerato\/griego\/gramatica\/index.htm\">Gram\u00e1tica griega interactiva<\/a> L. M. Orbaneja (incluye ejercicios)<\/p>\n<p style=\"text-align: justify\"><a href=\"http:\/\/campusobert.ub.edu\/course\/view.php?id=504\">Curs d&#8217;iniciaci\u00f3 al grec cl\u00e0ssic<\/a>, curso de acceso libre de la Universidad de Barcelona. Grup Electra. Para el trabajo con textos cf. tambi\u00e9n el apartado <a href=\"http:\/\/www.ub.edu\/filologiagrega\/electra\/\">Materials per a l&#8217;aprenentatge del grec cl\u00e0ssic i modern<\/a>. Dep. Filologia Grega, Universitat de Barcelona.<\/p>\n<p style=\"text-align: justify\"><a title=\"quia\" href=\"http:\/\/www.quia.com\/shared\/search?category=14117&amp;adv_search=true\">Shared activities de QUIA<\/a> ejercicios agrupados por tipolog\u00eda de textos (griego cl\u00e1sico, hom\u00e9rico, b\u00edblico) y m\u00e9todos de aprendizaje (<em>Reading greek, A new introduction to gree<\/em>k, etc.)<\/p>\n<p><strong>3. Objetivos, materiales de clase y propuestas de trabajo<\/strong><strong><\/strong><\/p>\n<p><a href=\"https:\/\/blogs.ua.es\/santiago\/2012\/09\/11\/griego-lengua-literatura-y-cultura\/\">Hitos fundamentales en la historia de lengua griega<\/a>,\u00a0 <a href=\"https:\/\/blogs.ua.es\/santiago\/2012\/10\/04\/%CE%B1lfabeto-griego\/\">Alfabeto y pronunciaci\u00f3n<\/a>,<a href=\"https:\/\/blogs.ua.es\/santiago\/2012\/09\/17\/primeros-problemas\/\"> Primeras pr\u00e1cticas orales de griego,\u00a0<\/a> <a href=\"https:\/\/blogs.ua.es\/santiago\/2012\/11\/07\/griego-practicas-con-ordenador\/\">Pr\u00e1cticas con ordenador<\/a><\/p>\n<p><span><span><strong>4. <span style=\"color: #000000\">Art\u00edculos sobre did\u00e1ctica<\/span><\/strong><\/span><\/span><\/p>\n<ul>\n<li><a href=\"http:\/\/hdl.handle.net\/10045\/1852\">Ah\u00edr i avu\u00ed en l&#8217;ensenyament del grec<\/a><\/li>\n<li><a href=\"http:\/\/es.scribd.com\/doc\/46920553\/La-crisis-del-griego-y-los-metodos-antidepresivos\">La crisis del griego y los m\u00e9todos antidepresivos<\/a><\/li>\n<li><a href=\"http:\/\/ddd.uab.cat\/record\/99112?ln=ca\">La pr\u00e0ctica oral en la classe de grec antic<\/a><\/li>\n<li><a href=\"http:\/\/hdl.handle.net\/10045\/17156\">La pronunciaci\u00f3n del griego en la pr\u00e1ctica oral: resultados del primer test<\/a><\/li>\n<\/ul>\n<p>5.<strong> Trabajos de alumn@s<br \/>\n<\/strong><\/p>\n<ul>\n<li><a href=\"https:\/\/blogs.ua.es\/santiago\/2013\/02\/04\/griego-i-balance-de-unas-clases-poco-ortodoxas\/\">Curso 2012-2013<\/a><\/li>\n<\/ul>\n","protected":false},"excerpt":{"rendered":"","protected":false},"author":265,"featured_media":0,"parent":0,"menu_order":0,"comment_status":"open","ping_status":"open","template":"","meta":{"footnotes":""},"class_list":["post-20","page","type-page","status-publish","hentry"],"_links":{"self":[{"href":"https:\/\/blogs.ua.es\/santiago\/wp-json\/wp\/v2\/pages\/20","targetHints":{"allow":["GET"]}}],"collection":[{"href":"https:\/\/blogs.ua.es\/santiago\/wp-json\/wp\/v2\/pages"}],"about":[{"href":"https:\/\/blogs.ua.es\/santiago\/wp-json\/wp\/v2\/types\/page"}],"author":[{"embeddable":true,"href":"https:\/\/blogs.ua.es\/santiago\/wp-json\/wp\/v2\/users\/265"}],"replies":[{"embeddable":true,"href":"https:\/\/blogs.ua.es\/santiago\/wp-json\/wp\/v2\/comments?post=20"}],"version-history":[{"count":25,"href":"https:\/\/blogs.ua.es\/santiago\/wp-json\/wp\/v2\/pages\/20\/revisions"}],"predecessor-version":[{"id":1752,"href":"https:\/\/blogs.ua.es\/santiago\/wp-json\/wp\/v2\/pages\/20\/revisions\/1752"}],"wp:attachment":[{"href":"https:\/\/blogs.ua.es\/santiago\/wp-json\/wp\/v2\/media?parent=20"}],"curies":[{"name":"wp","href":"https:\/\/api.w.org\/{rel}","templated":true}]}}