{"id":265,"date":"2008-10-12T13:13:49","date_gmt":"2008-10-12T11:13:49","guid":{"rendered":"https:\/\/blogs.ua.es\/santiago\/?page_id=265"},"modified":"2013-01-31T17:56:57","modified_gmt":"2013-01-31T15:56:57","slug":"griego-moderno","status":"publish","type":"page","link":"https:\/\/blogs.ua.es\/santiago\/griego-moderno\/","title":{"rendered":"Griego moderno"},"content":{"rendered":"<p><strong>1. RECURSOS DIGITALES<\/strong><!--more--><\/p>\n<blockquote>\n<p style=\"text-align: justify\"><strong>\u2022<\/strong> <span style=\"text-decoration: underline\"><strong>Cursos y actividades on-line<\/strong><\/span><\/p>\n<p style=\"text-align: justify\"><strong><a href=\"http:\/\/www.greek-learning.gr\/default.asp?lng=es\">Habla griego-vive griego<\/a> <\/strong>Portal\u00a0para la difusi\u00f3n de la lengua, la historia y la cultura griegas. Presenta gran cantidad de unidades did\u00e1cticas, ejercicios autocorregibles, pruebas de evaluaci\u00f3n y res\u00famenes gramaticales<span style=\"font-size: x-small\">. <\/span>2 niveles. (La versi\u00f3n Beta del proyecto permite s\u00f3lo registro al nivel de principiantes).<\/p>\n<p style=\"text-align: justify\"><strong><a href=\"http:\/\/www.xanthi.ilsp.gr\/filog\/uk_menu.htm\">\u03a6\u03b9\u03bb\u03bf\u03b3\u03bb\u03c9\u03c3\u03c3\u03af\u03b1<\/a> <\/strong>Quince unidades organizadas por temas y contextos comunicativos cotidianos. Versi\u00f3n on-line de la\u00a0serie\u00a0<span>editada originariamente como\u00a0programa multimedia<\/span>.<strong> <\/strong><a href=\"http:\/\/www.ilsp.gr\/\">Institute for Language and Processing<\/a><\/p>\n<p style=\"text-align: justify\"><strong><a href=\"http:\/\/www.kypros.org\/LearnGreek\">Learn Greek<\/a> <\/strong>Curso de griego a distancia a trav\u00e9s de la plataforma Moodle.\u00a0105 lecciones divididas en 3 niveles.\u00a0 Cyprus Broadcasting Corporation (CyBC) en colaboraci\u00f3n con\u00a0Kypros-Net.<\/p>\n<p><a href=\"http:\/\/www.quia.com\/pages\/mgarrido\/grmoderno\"><strong>N\u03ad\u03b1 \u03b5\u03bb\u03bb\u03b7\u03bd\u03b9\u03ba\u03ac<\/strong><\/a> Ejercicios autocorregibles en Quia. Nivel inicial. Santi Carbonell<\/p>\n<p><strong><a href=\"http:\/\/thranio.googlepages.com\/home\">\u0391\u03c3\u03ba\u03ae\u03c3\u03b5\u03b9\u03c2 \u03c4\u03b7\u03c2 \u03b5\u03bb\u03bb\u03b7\u03bd\u03b9\u03ba\u03ae\u03c2 \u03b3\u03bb\u03ce\u03c3\u03c3\u03b1\u03c2<\/a><\/strong>. Res\u00famenes de gram\u00e1tica con ejercicios correspondientes en Hot potatoes de\u00a0\u039d. \u039c\u03b1\u03ba\u03c1\u03bf\u03b4\u03ae\u03bc\u03bf\u03c2.\u00a0\u039divel \u0399ntermedio.<\/p>\n<p style=\"text-align: justify\"><a title=\"http:\/\/www.um.es\/odysseus\/?lang=es_ES\" href=\"http:\/\/www.um.es\/odysseus\/?lang=es_ES\" rel=\"nofollow\"><strong>Proyecto Odysseus<\/strong><\/a> Proyecto para la difusi\u00f3n de la ense\u00f1anza y el aprendizaje del griego moderno. Contiene materiales did\u00e1cticos descargables para Griego de negocios, Viaje a Grecia III y Griego cient\u00edfico.<\/p>\n<ul>\n<li><strong><span style=\"text-decoration: underline\">Audios<\/span><\/strong><\/li>\n<\/ul>\n<\/blockquote>\n<blockquote>\n<p style=\"text-align: justify\"><strong><a href=\"http:\/\/www.hau.gr\/?i=learning.en.greek-podcasts\">Learning Greek Podcasts<\/a><\/strong>. Material auditivo de la\u00a0Hellenic American Union. 80 archivos de audio con di\u00e1logos para escuchar en red,\u00a0descargar y reproducir\u00a0en iPod o cualquier lector\u00a0mp3 (se requiere instalaci\u00f3n de\u00a0software espec\u00edfico tambi\u00e9n gratuito).\u00a0Permite descarga de la trasncripci\u00f3n de cada lecci\u00f3n en formato pdf.\u00a0 Nivel intermedio.<\/p>\n<p style=\"text-align: justify\"><a href=\"http:\/\/www.ivoox.com\/podcast-griego-moderno_sq_f14414_1.html\"><strong>Podcast Griego Moderno<\/strong><\/a>. Archivos de audio con cuentos populares griegos. Santi Carbonell<\/p>\n<\/blockquote>\n<blockquote>\n<p style=\"text-align: justify\"><strong>* <\/strong><span style=\"text-decoration: underline\"><strong>Presentaciones<\/strong><\/span><\/p>\n<p style=\"text-align: justify\"><strong><a href=\"http:\/\/www.slideshare.net\/santi\/tag\/modern-greek\">\u039d\u03ad\u03b1 \u0395\u03bb\u03bb\u03b7\u03bd\u03b9\u03ba\u03ac<\/a><\/strong><strong> <\/strong>Nivel inicial. Santi Carbonell<\/p>\n<\/blockquote>\n<blockquote><p><strong>\u2022 <span style=\"text-decoration: underline\">Videos <\/span><\/strong><a href=\"http:\/\/www.youtube.com\/user\/linaaaap1\"><strong>Learn Greek<\/strong><\/a> Alfabeto y pronunciaci\u00f3n.<\/p>\n<p><a href=\"http:\/\/www.edutv.gr\/index.php?option=com_content&amp;task=view&amp;id=1357&amp;Itemid=104\"><strong>\u0388\u03bd\u03b1 \u03b3\u03c1\u03b1\u03bc\u03bc\u03b1 \u03bc\u03b9\u03b1 \u03b9\u03c3\u03c4\u03bf\u03c1\u03af\u03b1.<\/strong><\/a> Historias de las letras con animaciones. \u0395\u03ba\u03c0\u03b1\u03b9\u03b4\u03b5\u03c5\u03c4\u03b9\u03ba\u03ae \u03a4\u03b7\u03bb\u03b5\u03cc\u03c1\u03b1\u03c3\u03b7.<\/p>\n<p><strong><a href=\"http:\/\/www.youtube.com\/user\/Papaloizos\">Modern Greek<\/a><\/strong>. Dramatizaciones del hom\u00f3nimo m\u00e9todo de\u00a0 la editorial\u00a0<a href=\"http:\/\/www.greek123.com\/\">Papaloizos publications<\/a>.<\/p>\n<p style=\"text-align: justify\"><a href=\"http:\/\/vod.sch.gr\/video\/view\/498.html\"><strong>&#8216;\u0395\u03c7\u03bf\u03c5\u03bc\u03b5 \u03ba\u03b1\u03b9 \u03bb\u03ad\u03bc\u03b5<\/strong><\/a>. Expresiones procedentes del griego antiguo. \u03a0\u03b1\u03bd\u03b5\u03bb\u03ae\u03bd\u03b9\u03bf \u03a3\u03c7\u03bf\u03bb\u03b9\u03ba\u00f3 \u0394\u00fa\u03ba\u03c4\u03b9\u03bf.<\/p>\n<p style=\"text-align: justify\"><strong><a href=\"http:\/\/comet.cls.yale.edu\/VISION\/pub\/pub_index.asp?ProjectID=18\">Ikones<\/a><\/strong>.\u00a0\u00a0P\u00e1gina de la Universidad de Yale\u00a0que ofrece\u00a0fragmentos\u00a0de series y documentales televisivos. Con vocabulario y cuestionario de comprensi\u00f3n. Nivel avanzado.<\/p>\n<\/blockquote>\n<p style=\"text-align: left\"><!--more--><strong>2. ART\u00cdCULOS Y MATERIALES DE CLASE<\/strong><\/p>\n<p style=\"text-align: left\"><a href=\"https:\/\/blogs.ua.es\/santiago\/2010\/12\/11\/%CE%B7-%CF%80%CE%BF%CE%BB%CE%B9%CF%83-de-kavafis-comentari-linguistic\/\"><strong>\u0397 \u03a0\u039f\u039b\u0399\u03a3 de Kavafis<\/strong><\/a>: comentari ling\u00fc\u00edstic<\/p>\n<p style=\"text-align: left\"><a href=\"https:\/\/blogs.ua.es\/santiago\/2010\/08\/07\/7\/\"><strong>N\u00famero 7<\/strong><\/a><\/p>\n<p style=\"text-align: left\"><a href=\"https:\/\/blogs.ua.es\/santiago\/2010\/05\/20\/%CE%BF%CE%B4%CE%BF%CF%83-historia-de-una-palabra\/\"><strong>\u039f\u0394\u039f\u03a3: historia de una palabra<\/strong><\/a><\/p>\n<p style=\"text-align: left\"><a href=\"https:\/\/blogs.ua.es\/santiago\/2007\/11\/09\/historia-de-una-palabra-%CE%B1%CE%B9%CE%B3%CE%B9%CE%B1%CE%BB%CE%BF%CF%83\/\"><strong>\u0391\u0399\u0393\u0399\u0391\u039b\u039f\u03a3<\/strong><\/a><\/p>\n<p style=\"text-align: left\"><!--more--><strong>3. TRABAJOS DE ALUMN@S<\/strong><\/p>\n<ul>\n<li><a href=\"http:\/\/www.scribd.com\/doc\/32664322\/La-tortuga-Leda\"><strong>Leda la tortuga<\/strong><\/a><strong>: <\/strong>cuento de Clara Hern\u00e1ndez con algunas actividades de comprensi\u00f3n lectora.<\/li>\n<li><a href=\"http:\/\/www.scribd.com\/doc\/32604752\/Crucigrama\"><strong>Crucigrama y sopa de letras<\/strong><\/a><strong>: <\/strong>ejercicios de vocabulario de Olga Bespopovtseva.<\/li>\n<li><a href=\"http:\/\/www.scribd.com\/doc\/32852827\"><strong>Domin\u00f3<\/strong><\/a><strong>:<\/strong> juego para practicar el vocabulario (animales-medios de transporte), por Bel\u00e9n Ruano.<\/li>\n<li><a href=\"http:\/\/www.scribd.com\/doc\/32902871\/Dimitris-y-Erika\"><strong>Historia de Dimitris y Erika<\/strong><\/a><strong>, <\/strong>cuento<strong> y <\/strong><a href=\"http:\/\/www.slideshare.net\/aigialos\/dimitris-y-erika\"><strong>presentaci\u00f3n<\/strong><\/a> de Maria \u03a7\u03b1\u03ca\u03ba\u03b1\u03bb\u03ae, Iris S\u00e1ez y M\u00f3nica Aguilar.<\/li>\n<li><strong><a href=\"https:\/\/blogs.ua.es\/santiago\/2012\/06\/04\/noticias-locas\/\">Noticias locas<\/a><\/strong>: video dicharachero de Ander Villaverde y Miguel Manzano<\/li>\n<\/ul>\n","protected":false},"excerpt":{"rendered":"<p>1. RECURSOS DIGITALES<\/p>\n","protected":false},"author":265,"featured_media":0,"parent":0,"menu_order":0,"comment_status":"open","ping_status":"open","template":"","meta":{"footnotes":""},"class_list":["post-265","page","type-page","status-publish","hentry"],"_links":{"self":[{"href":"https:\/\/blogs.ua.es\/santiago\/wp-json\/wp\/v2\/pages\/265","targetHints":{"allow":["GET"]}}],"collection":[{"href":"https:\/\/blogs.ua.es\/santiago\/wp-json\/wp\/v2\/pages"}],"about":[{"href":"https:\/\/blogs.ua.es\/santiago\/wp-json\/wp\/v2\/types\/page"}],"author":[{"embeddable":true,"href":"https:\/\/blogs.ua.es\/santiago\/wp-json\/wp\/v2\/users\/265"}],"replies":[{"embeddable":true,"href":"https:\/\/blogs.ua.es\/santiago\/wp-json\/wp\/v2\/comments?post=265"}],"version-history":[{"count":54,"href":"https:\/\/blogs.ua.es\/santiago\/wp-json\/wp\/v2\/pages\/265\/revisions"}],"predecessor-version":[{"id":268,"href":"https:\/\/blogs.ua.es\/santiago\/wp-json\/wp\/v2\/pages\/265\/revisions\/268"}],"wp:attachment":[{"href":"https:\/\/blogs.ua.es\/santiago\/wp-json\/wp\/v2\/media?parent=265"}],"curies":[{"name":"wp","href":"https:\/\/api.w.org\/{rel}","templated":true}]}}