{"id":117,"date":"2012-12-21T15:42:04","date_gmt":"2012-12-21T15:42:04","guid":{"rendered":"https:\/\/blogs.ua.es\/santiagocalatrava\/?page_id=117"},"modified":"2012-12-22T12:19:23","modified_gmt":"2012-12-22T12:19:23","slug":"santiago-calatrava","status":"publish","type":"page","link":"https:\/\/blogs.ua.es\/santiagocalatrava\/santiago-calatrava\/","title":{"rendered":"Santiago Calatrava"},"content":{"rendered":"<p style=\"text-align: justify\">Ese blog tiene la intenci\u00f3n de abordar la figura de <strong>Santiago calatrava<\/strong>, uno de los m\u00e1s celebres arquitectos contempor\u00e1neos.<\/p>\n<p style=\"text-align: justify\"><a href=\"https:\/\/blogs.ua.es\/santiagocalatrava\/files\/2012\/12\/arquitecto-Santiago-Calatrava_ESTIMA20121210_0031_12.jpg\"><img loading=\"lazy\" decoding=\"async\" class=\"aligncenter size-medium wp-image-134\" src=\"https:\/\/blogs.ua.es\/santiagocalatrava\/files\/2012\/12\/arquitecto-Santiago-Calatrava_ESTIMA20121210_0031_12-300x192.jpg\" alt=\"\" width=\"300\" height=\"192\" srcset=\"https:\/\/blogs.ua.es\/santiagocalatrava\/files\/2012\/12\/arquitecto-Santiago-Calatrava_ESTIMA20121210_0031_12-300x192.jpg 300w, https:\/\/blogs.ua.es\/santiagocalatrava\/files\/2012\/12\/arquitecto-Santiago-Calatrava_ESTIMA20121210_0031_12.jpg 390w\" sizes=\"auto, (max-width: 300px) 100vw, 300px\" \/><\/a><\/p>\n<p style=\"text-align: justify\">Santiago Calatrava naci\u00f3 en Benim\u00e1met, Valencia, en el a\u00f1o 1951. Tras cursar <strong>estudios de bellas artes y oficios<\/strong> en Burjasot, teniendo como precedente una vasta formaci\u00f3n como dibujante y pintor, calatrava ingreso en la <strong>Universidad polit\u00e9cnica de Valencia<\/strong>, donde realizo la carrera de <strong>arquitectura<\/strong>. Despu\u00e9s de ello realizo un posgrado, especializ\u00e1ndose en <strong>urbanismo<\/strong> y siendo disc\u00edpulo del arquitecto Juan Carlos Jim\u00e9nez. Con la intenci\u00f3n de ampliar su formaci\u00f3n \u00a0y debido a su inter\u00e9s por los cl\u00e1sicos en 1975 se traslada a <strong>Z\u00farich<\/strong> donde cursa ingenier\u00eda civil en el Instituto Federal de Tecnolog\u00eda.<\/p>\n<p style=\"text-align: justify\">Tras acabar su etapa de estudio, comienza a trabajar en el mismo \u00a0y en 1983 se le adjudica<\/p>\n<p style=\"text-align: justify\"><a href=\"https:\/\/blogs.ua.es\/santiagocalatrava\/files\/2012\/12\/FerrocarrilStadelhofen2.jpg\"><img loading=\"lazy\" decoding=\"async\" class=\"alignright size-medium wp-image-137\" src=\"https:\/\/blogs.ua.es\/santiagocalatrava\/files\/2012\/12\/FerrocarrilStadelhofen2-300x194.jpg\" alt=\"\" width=\"300\" height=\"194\" srcset=\"https:\/\/blogs.ua.es\/santiagocalatrava\/files\/2012\/12\/FerrocarrilStadelhofen2-300x194.jpg 300w, https:\/\/blogs.ua.es\/santiagocalatrava\/files\/2012\/12\/FerrocarrilStadelhofen2.jpg 412w\" sizes=\"auto, (max-width: 300px) 100vw, 300px\" \/><\/a>la obra de la <strong>estaci\u00f3n de ferrocarril de Stadelhofen<\/strong>, en el centro de Z\u00farich y junto a su\u00a0 reci\u00e9n abierto despacho.A partir de ah\u00ed comienza una carrera mete\u00f3rica que lo eleva a\u00a0los altares de la arquitectura contempor\u00e1nea, abriendo despachos en Paris y\u00a0Valencia.\u00a0Despu\u00e9s\u00a0ha realizado otras estaciones como son la \u00a0<strong>Estaci\u00f3n\u00a0\u00a0de ferrocarril de Oriente<\/strong> en Lisboa \u00a0o la\u00a0<strong>Estaci\u00f3n de Ferrocarril del Aeropuerto<\/strong> de\u00a0Lyon.<\/p>\n<p style=\"text-align: justify\">Son sus puentes como <strong>el puente Bac de Roda<\/strong>\u00a0en Barcelona ,<strong>el\u00a0Puente Lusitania<\/strong>\u00a0de\u00a0M\u00e9rida\u00a0, el del\u00a0<strong>Alamillo\u00a0de\u00a0Sevilla<\/strong>\u00a0y el\u00a0<strong>Puente de 9 d\u00b4Octubre<\/strong>\u00a0en\u00a0Valencia\u00a0los que comienzan a darle un prestigio internacional.<\/p>\n<p style=\"text-align: justify\"><a href=\"https:\/\/blogs.ua.es\/santiagocalatrava\/files\/2012\/12\/puente-lusitania-56.jpg\"><img loading=\"lazy\" decoding=\"async\" class=\"aligncenter size-medium wp-image-143\" src=\"https:\/\/blogs.ua.es\/santiagocalatrava\/files\/2012\/12\/puente-lusitania-56-300x202.jpg\" alt=\"\" width=\"300\" height=\"202\" srcset=\"https:\/\/blogs.ua.es\/santiagocalatrava\/files\/2012\/12\/puente-lusitania-56-300x202.jpg 300w, https:\/\/blogs.ua.es\/santiagocalatrava\/files\/2012\/12\/puente-lusitania-56.jpg 1000w\" sizes=\"auto, (max-width: 300px) 100vw, 300px\" \/><\/a><a href=\"https:\/\/blogs.ua.es\/santiagocalatrava\/files\/2012\/12\/alamillo12.jpg\"><img loading=\"lazy\" decoding=\"async\" class=\"aligncenter size-medium wp-image-141\" src=\"https:\/\/blogs.ua.es\/santiagocalatrava\/files\/2012\/12\/alamillo12-300x225.jpg\" alt=\"\" width=\"300\" height=\"225\" srcset=\"https:\/\/blogs.ua.es\/santiagocalatrava\/files\/2012\/12\/alamillo12-300x225.jpg 300w, https:\/\/blogs.ua.es\/santiagocalatrava\/files\/2012\/12\/alamillo12.jpg 400w\" sizes=\"auto, (max-width: 300px) 100vw, 300px\" \/><\/a><a href=\"https:\/\/blogs.ua.es\/santiagocalatrava\/files\/2012\/12\/valencia-puente-de-calatrava-l61.jpg\"><img loading=\"lazy\" decoding=\"async\" class=\"aligncenter size-medium wp-image-142\" src=\"https:\/\/blogs.ua.es\/santiagocalatrava\/files\/2012\/12\/valencia-puente-de-calatrava-l61-300x126.jpg\" alt=\"\" width=\"300\" height=\"126\" srcset=\"https:\/\/blogs.ua.es\/santiagocalatrava\/files\/2012\/12\/valencia-puente-de-calatrava-l61-300x126.jpg 300w, https:\/\/blogs.ua.es\/santiagocalatrava\/files\/2012\/12\/valencia-puente-de-calatrava-l61.jpg 800w\" sizes=\"auto, (max-width: 300px) 100vw, 300px\" \/><\/a><\/p>\n<p style=\"text-align: justify\">\u00a0Tras estos ha realizado numerosos puentes en gran parte del mundo , como los puentes <strong>James Joyce<\/strong> \u00a0y <strong>Samuel Becket<\/strong> en Dubl\u00edn, el <strong>puente de la mujer<\/strong> en Buenos Aires, el <strong>puente de la\u00a0constituci\u00f3n<\/strong>\u00a0en Venecia o \u00a0el puente atirantado de Jerusalem entre una gran lista de\u00a0estructuras\u00a0de este tipo.<\/p>\n<p style=\"text-align: justify\">En 1999 recibe el premio <strong>Pr\u00edncipe de Asturias de las\u00a0Artes.\u00a0<\/strong>Tambi\u00e9n\u00a0ha recibido la medalla de oro \u00a0del\u00a0American Institute of Architects\u00a0y el premio nacional de\u00a0arquitectura.<\/p>\n<p style=\"text-align: justify\"><strong><a href=\"https:\/\/blogs.ua.es\/santiagocalatrava\/files\/2012\/12\/0426550012852197051.jpg\"><img loading=\"lazy\" decoding=\"async\" class=\"aligncenter size-medium wp-image-145\" src=\"https:\/\/blogs.ua.es\/santiagocalatrava\/files\/2012\/12\/0426550012852197051-221x300.jpg\" alt=\"\" width=\"221\" height=\"300\" srcset=\"https:\/\/blogs.ua.es\/santiagocalatrava\/files\/2012\/12\/0426550012852197051-221x300.jpg 221w, https:\/\/blogs.ua.es\/santiagocalatrava\/files\/2012\/12\/0426550012852197051.jpg 283w\" sizes=\"auto, (max-width: 221px) 100vw, 221px\" \/><\/a><\/strong><\/p>\n<p style=\"text-align: justify\">Ya entrados en el siglo XXI se realizan sus obras m\u00e1s destacadas como son el <strong>Auditorio <\/strong>de Tenerife o <strong>la Ciudad de las Artes y las Ciencias<\/strong> de Valencia.<\/p>\n<p style=\"text-align: justify\">\u00a0<a href=\"https:\/\/blogs.ua.es\/santiagocalatrava\/files\/2012\/12\/galeria08.jpg\"><img loading=\"lazy\" decoding=\"async\" class=\"aligncenter size-medium wp-image-147\" src=\"https:\/\/blogs.ua.es\/santiagocalatrava\/files\/2012\/12\/galeria08-300x180.jpg\" alt=\"\" width=\"300\" height=\"180\" srcset=\"https:\/\/blogs.ua.es\/santiagocalatrava\/files\/2012\/12\/galeria08-300x180.jpg 300w, https:\/\/blogs.ua.es\/santiagocalatrava\/files\/2012\/12\/galeria08.jpg 513w\" sizes=\"auto, (max-width: 300px) 100vw, 300px\" \/><\/a><a href=\"https:\/\/blogs.ua.es\/santiagocalatrava\/files\/2012\/12\/800px-Auditorio_S\u00fcd_01.jpg\"><img loading=\"lazy\" decoding=\"async\" class=\"aligncenter size-medium wp-image-146\" src=\"https:\/\/blogs.ua.es\/santiagocalatrava\/files\/2012\/12\/800px-Auditorio_S\u00fcd_01-300x223.jpg\" alt=\"\" width=\"300\" height=\"223\" srcset=\"https:\/\/blogs.ua.es\/santiagocalatrava\/files\/2012\/12\/800px-Auditorio_S\u00fcd_01-300x223.jpg 300w, https:\/\/blogs.ua.es\/santiagocalatrava\/files\/2012\/12\/800px-Auditorio_S\u00fcd_01.jpg 800w\" sizes=\"auto, (max-width: 300px) 100vw, 300px\" \/><\/a><\/p>\n<p style=\"text-align: justify\">Las formas de su obra se inspiran en formas <strong>vegetales<\/strong> y <strong>animales<\/strong>, para crear\u00a0<a href=\"https:\/\/blogs.ua.es\/santiagocalatrava\/files\/2012\/12\/proyecto-de-turning-torso.jpg\"><img loading=\"lazy\" decoding=\"async\" class=\"alignright  wp-image-151\" src=\"https:\/\/blogs.ua.es\/santiagocalatrava\/files\/2012\/12\/proyecto-de-turning-torso-271x300.jpg\" alt=\"\" width=\"244\" height=\"270\" srcset=\"https:\/\/blogs.ua.es\/santiagocalatrava\/files\/2012\/12\/proyecto-de-turning-torso-271x300.jpg 271w, https:\/\/blogs.ua.es\/santiagocalatrava\/files\/2012\/12\/proyecto-de-turning-torso.jpg 300w\" sizes=\"auto, (max-width: 244px) 100vw, 244px\" \/><\/a>estructuras\u00a0con un toque\u00a0org\u00e1nico\u00a0con la\u00a0intenci\u00f3n\u00a0de infundirle vida al edificio y convertirlo en algo\u00a0\u00fanico.El arquitecto incluso se basa en la forma del cuerpo humano para proyectar sus obras como es el caso del famoso rascacielos sueco conocido como <strong>&#8220;Turning torso&#8221;<\/strong>, un edificio que imita la forma de un\u00a0torso\u00a0humano que se gira sobre si mismo.<\/p>\n<p style=\"text-align: justify\">\n<p style=\"text-align: justify\">\n<p style=\"text-align: justify\">\u00a0Pero no todo lo que encontramos son elogios a la obra de Santiago\u00a0Calatrava\u00a0ya que son muchas las estructuras y edificios del arquitecto \u00a0que sufren\u00a0desperfectos y errores de construcci\u00f3n y materiales.Destacan los casos del \u00a0aeropuerto de Bilbao, cuya sala de espera esta a la\u00a0intemperie\u00a0en una zona con tal cantidad de lluvias,en la misma ciudad el suelo del puente que ha realizado el arquitecto \u00a0ha tenido que ser \u00a0cubierto de moqueta ya que las peque\u00f1as baldosas de cristal se\u00a0hab\u00edan\u00a0convertido en una trampa mortal.<a href=\"https:\/\/blogs.ua.es\/santiagocalatrava\/files\/2012\/12\/IMG_6056.jpg\"><img loading=\"lazy\" decoding=\"async\" class=\"alignright size-medium wp-image-152\" src=\"https:\/\/blogs.ua.es\/santiagocalatrava\/files\/2012\/12\/IMG_6056-300x182.jpg\" alt=\"\" width=\"300\" height=\"182\" srcset=\"https:\/\/blogs.ua.es\/santiagocalatrava\/files\/2012\/12\/IMG_6056-300x182.jpg 300w, https:\/\/blogs.ua.es\/santiagocalatrava\/files\/2012\/12\/IMG_6056.jpg 320w\" sizes=\"auto, (max-width: 300px) 100vw, 300px\" \/><\/a><\/p>\n<p style=\"text-align: justify\">En Oviedo \u00a0ha tenido lugar en el\u00a0\u00a0Palacio de Congresos un derrumbe de un alero que formaba parte del edificio, que provoco tres heridos.La\u00a0justicia\u00a0condeno al arquitecto a pagar una multa debido a que se le considero a el y a su equipo culpable de la\u00a0ca\u00edda\u00a0de la\u00a0estructura\u00a0como consecuencia de un error de calculo.<\/p>\n<p style=\"text-align: justify\">Hemos de concluir que Santiago\u00a0 Calatrava, influenciado por la obra de arquitectos como <strong>Antonio Gaud\u00ed<\/strong>, el danes <strong>J\u00f8rn Utzon <\/strong>o<strong>\u00a0<strong>Fernando Higueras,<\/strong><\/strong>\u00a0 \u00a0y su obra representan la uni\u00f3n de <strong>arquitectura<\/strong> e <strong>ingenier\u00eda<\/strong> \u00a0y supone\u00a0 el rencuentro de la arquitectura contempor\u00e1nea con las antiguas tradiciones del arte <strong>expresionista, g\u00f3tico <\/strong>y<strong> romano<\/strong>.<\/p>\n","protected":false},"excerpt":{"rendered":"<p>Ese blog tiene la intenci\u00f3n de abordar la figura de Santiago calatrava, uno de los m\u00e1s celebres arquitectos contempor\u00e1neos. Santiago Calatrava naci\u00f3 en Benim\u00e1met, Valencia, en el a\u00f1o 1951. Tras cursar estudios de bellas artes y oficios en Burjasot, teniendo &hellip; <a href=\"https:\/\/blogs.ua.es\/santiagocalatrava\/santiago-calatrava\/\">Continue reading <span class=\"meta-nav\">&rarr;<\/span><\/a><\/p>\n","protected":false},"author":2862,"featured_media":0,"parent":0,"menu_order":0,"comment_status":"open","ping_status":"open","template":"","meta":{"footnotes":""},"class_list":["post-117","page","type-page","status-publish","hentry"],"_links":{"self":[{"href":"https:\/\/blogs.ua.es\/santiagocalatrava\/wp-json\/wp\/v2\/pages\/117","targetHints":{"allow":["GET"]}}],"collection":[{"href":"https:\/\/blogs.ua.es\/santiagocalatrava\/wp-json\/wp\/v2\/pages"}],"about":[{"href":"https:\/\/blogs.ua.es\/santiagocalatrava\/wp-json\/wp\/v2\/types\/page"}],"author":[{"embeddable":true,"href":"https:\/\/blogs.ua.es\/santiagocalatrava\/wp-json\/wp\/v2\/users\/2862"}],"replies":[{"embeddable":true,"href":"https:\/\/blogs.ua.es\/santiagocalatrava\/wp-json\/wp\/v2\/comments?post=117"}],"version-history":[{"count":5,"href":"https:\/\/blogs.ua.es\/santiagocalatrava\/wp-json\/wp\/v2\/pages\/117\/revisions"}],"predecessor-version":[{"id":133,"href":"https:\/\/blogs.ua.es\/santiagocalatrava\/wp-json\/wp\/v2\/pages\/117\/revisions\/133"}],"wp:attachment":[{"href":"https:\/\/blogs.ua.es\/santiagocalatrava\/wp-json\/wp\/v2\/media?parent=117"}],"curies":[{"name":"wp","href":"https:\/\/api.w.org\/{rel}","templated":true}]}}