{"id":119,"date":"2012-12-21T15:44:52","date_gmt":"2012-12-21T15:44:52","guid":{"rendered":"https:\/\/blogs.ua.es\/santiagocalatrava\/?page_id=119"},"modified":"2012-12-21T22:46:48","modified_gmt":"2012-12-21T22:46:48","slug":"metodologia","status":"publish","type":"page","link":"https:\/\/blogs.ua.es\/santiagocalatrava\/metodologia\/","title":{"rendered":"Metodolog\u00eda"},"content":{"rendered":"<p>&nbsp;<\/p>\n<p style=\"text-align: justify\"><strong>Metodolog\u00eda<\/strong><\/p>\n<p style=\"text-align: justify\">En cuanto a la metodolog\u00eda que hemos\u00a0 seguido para buscar y elaborar los contenidos de este blog, esta se basa en la b\u00fasqueda \u00a0de <strong>obras y documentos<\/strong> de referencia en diversa plataformas y soporte.<\/p>\n<p style=\"text-align: justify\">En cuanto a las plataformas f\u00edsicas, hemos utilizado especialmente <strong>la Biblioteca\u00a0 General de la Universidad de Alicante<\/strong>, pero no por ello cabe dejar de citar a la xarxa de bibliotecas p\u00fablicas valencianas.<\/p>\n<p style=\"text-align: justify\">En cuanto a las plataformas digitales, hemos empleado \u00a0bases de datos y repositorios como <strong>Dialnet<\/strong>, <strong>Rua<\/strong> o \u00a0<strong>Scopus<\/strong> que nos han ofrecido gran cantidad de informaci\u00f3n sobre el tema que abordamos en este blog.<\/p>\n<p style=\"text-align: justify\">A la hora de referenciar los diversos tipos de fuentes documentales que hemos empleado, hemos seguido\u00a0 <strong>las normas ISO \u00a0690-2010<\/strong>, traducidas del ingl\u00e9s por los miembros del departamento que se encargan de coordinar la asignatura. A continuaci\u00f3n les ofrecemos los ejemplos que hemos seguido para referenciar las diferentes obras:<\/p>\n<p style=\"text-align: justify\"><strong>Documentos impresos<\/strong><\/p>\n<p style=\"text-align: justify\"><strong>Monograf\u00edas:<\/strong><\/p>\n<p style=\"text-align: justify\">APELLIDOS, Nombre1. <em>T\u00edtulo<\/em>. (Otros colaboradores: traductor, editor, etc. se podr\u00edan hacer constar con la forma directa de nombre APELLIDOS). Edici\u00f3n. Lugar: Editor, a\u00f1o. Extensi\u00f3n (opcional). (Serie; n\u00ba). ISBN. Si el autor principal es corporativo, se hace constar el nombre directo en MAY\u00daSCULAS.<\/p>\n<p style=\"text-align: justify\"><strong>\u00a0<\/strong><\/p>\n<p style=\"text-align: justify\"><strong>Parte de una monograf\u00eda:<\/strong><\/p>\n<p style=\"text-align: justify\">(Autor\/res de la parte) APELLIDOS, Nombre. T\u00edtulo de la parte. En: T\u00edtulo de la obra completa. Edici\u00f3n. Lugar de edici\u00f3n: editor, a\u00f1o, pp. (P\u00e1ginas). ISBN.<\/p>\n<p style=\"text-align: justify\">\n<p style=\"text-align: justify\"><strong>Publicaciones en serie (revista completa):<\/strong><\/p>\n<p style=\"text-align: justify\">T\u00edtulo de la revista. Responsabilidad (si fuera necesario para identificarla por tratarse de un t\u00edtulo muy gen\u00e9rico. Ejem: Bolet\u00edn informativo). A\u00f1o de inicio-A\u00f1o de cierre2 (este \u00faltimo dato s\u00f3lo se usa en el caso de revistas que han dejado de publicarse). ISSN.<\/p>\n<p style=\"text-align: justify\"><strong>Art\u00edculos de revistas:<\/strong><\/p>\n<p style=\"text-align: justify\">(Autor\/es de la contribuci\u00f3n) APELLIDOS, Nombre. T\u00edtulo del art\u00edculo. T\u00edtulo de la revista.<\/p>\n<p style=\"text-align: justify\">(Localizaci\u00f3n de la parte en el n\u00famero de la revista) A\u00f1o, volumen (n\u00ba), pp. ISSN.<\/p>\n<p style=\"text-align: justify\">\n<p style=\"text-align: justify\"><strong>Tipos de referencias bibliogr\u00e1ficas normalizadas<\/strong><\/p>\n<p style=\"text-align: justify\">Aclaraci\u00f3n: las palabras escritas entre par\u00e9ntesis son aclaraciones para mejorar la comprensi\u00f3n de los diferentes elementos que componen las referencias. Las palabras o frases entre corchetes corresponden a campos que se utilizan en las referencias de recursos electr\u00f3nicos. El uso de cursivas es obligado en los campos que as\u00ed est\u00e1n indicados.<\/p>\n<p style=\"text-align: justify\">\n<p style=\"text-align: justify\"><strong>\u00a0<\/strong><\/p>\n<p style=\"text-align: justify\"><strong>\u00a0\u00a0\u00a0\u00a0\u00a0\u00a0\u00a0\u00a0\u00a0\u00a0\u00a0\u00a0\u00a0\u00a0\u00a0\u00a0\u00a0\u00a0\u00a0\u00a0\u00a0\u00a0\u00a0\u00a0\u00a0\u00a0\u00a0\u00a0\u00a0\u00a0\u00a0\u00a0\u00a0\u00a0\u00a0\u00a0\u00a0\u00a0\u00a0\u00a0\u00a0\u00a0\u00a0\u00a0\u00a0\u00a0 Documentos electr\u00f3nicos<\/strong><\/p>\n<p style=\"text-align: justify\"><strong>Libros electr\u00f3nicos y monograf\u00edas en l\u00ednea:<\/strong><\/p>\n<p style=\"text-align: justify\">APELLIDOS, Nombre. T\u00edtulo [en l\u00ednea]. Lugar de publicaci\u00f3n: editor, fecha de publicaci\u00f3n<\/p>\n<p style=\"text-align: justify\">[Consulta: fecha de consulta]. Formato (pdf, etc), tama\u00f1o del fichero (MB). Disponible en: http:\/\/<\/p>\n<p style=\"text-align: justify\">\n<p style=\"text-align: justify\">I. En el caso de m\u00e1s de un autor, se a\u00f1aden a continuaci\u00f3n, en forma directa: Nombre APELLIDOS. Si son m\u00e1s de 4 autores, se puede citar solo al primero y a continuaci\u00f3n poner \u201cet al\u201d. En cambio, las menciones de traductor, editor, etc. si las hubiera, se hacen constar despu\u00e9s del t\u00edtulo.<\/p>\n<p style=\"text-align: justify\">II. Si no se dispone del a\u00f1o de inicio de una revista, se proporcionan la informaci\u00f3n del n\u00famero que hayamos consultado.<\/p>\n<p style=\"text-align: justify\">\n<p style=\"text-align: justify\">\n<p style=\"text-align: justify\"><strong>Parte de monograf\u00eda en l\u00ednea:<\/strong><\/p>\n<p style=\"text-align: justify\">(Autor\/es de la parte) APELLIDOS, Nombre. T\u00edtulo de la parte. En: T\u00edtulo de la obra completa [en l\u00ednea]. Lugar de publicaci\u00f3n: editor, a\u00f1o, pp. [Consulta: fecha de consulta]. Disponible en: http.\/\/<\/p>\n<p style=\"text-align: justify\">\n<p style=\"text-align: justify\"><strong>Revista en l\u00ednea:<\/strong><\/p>\n<p style=\"text-align: justify\">1. Modelo de revista de un paquete de revistas electr\u00f3nicas con una base de datos com\u00fan: T\u00edtulo [en linea]. Lugar de edici\u00f3n: editor, fecha de publicaci\u00f3n, volumen, n\u00famero [consulta: fecha de consulta]. Nombre de la base de datos. ISSN. Disponible en: http:\/\/<\/p>\n<p style=\"text-align: justify\">2. Modelo de revista con acceso en l\u00ednea individualizado: T\u00edtulo [en l\u00ednea]. Lugar de edici\u00f3n: editor, fecha de publicaci\u00f3n, volumen, n\u00famero [consulta: fecha de consulta]. ISSN. Disponible en: http:\/\/<\/p>\n<p style=\"text-align: justify\"><strong>Art\u00edculo de revista en l\u00ednea:<\/strong><\/p>\n<p style=\"text-align: justify\">(Autor\/es del art\u00edculo) APELLIDOS, Nombre. T\u00edtulo del art\u00edculo. T\u00edtulo de la revista [en l\u00ednea].Lugar: editor, fecha de publicaci\u00f3n, vol\u00famen, n\u00famero [consulta: fecha de consulta]. ISSN.Disponible en: http:\/\/<\/p>\n<p style=\"text-align: justify\">Sitio web: T\u00edtulo de la web. Editor, a\u00f1o [consulta: fecha de consulta]. Disponible en: http:\/\/<\/p>\n<p style=\"text-align: justify\">\n<p style=\"text-align: justify\"><strong>Parte de un sitio web:<\/strong><\/p>\n<p style=\"text-align: justify\">\u2022 Ejemplo de p\u00e1gina sin autor o autor colectivo (ejem.: art\u00edculo de wikipedia): T\u00edtulo de la p\u00e1gina. T\u00edtulo del sitio web [en l\u00ednea]. Fecha y hora de edici\u00f3n o actualizaci\u00f3n [consulta: fecha de cosulta]. Disponible en: http:\/\/<\/p>\n<p style=\"text-align: justify\">\u2022 Ejemplo de p\u00e1gina o parte de un sitio web con autor: APELLIDOS, Nombre. T\u00edtulo de la p\u00e1gina o la parte. En: T\u00edtulo del sitio web [en l\u00ednea]. Fecha y hora de edici\u00f3n [consulta: fecha y hora de consulta]. Disponible en: http:\/\/<\/p>\n<p style=\"text-align: justify\">\n<p style=\"text-align: justify\"><strong>Recursos electr\u00f3nicos:<\/strong><\/p>\n<p style=\"text-align: justify\">\u2022 Los tipos de soporte electr\u00f3nico se hacen constar a continuaci\u00f3n del t\u00edtulo entre corchetes: [en l\u00ednea],<\/p>\n<p style=\"text-align: justify\">[DVD]\u2026<\/p>\n<p style=\"text-align: justify\">\u2022 Pueden ser actualizados o revisados. En este caso, se debe indicar esta fecha detr\u00e1s de la de publicaci\u00f3n.<\/p>\n<p style=\"text-align: justify\">En los documentos en l\u00ednea, se debe incluir:<\/p>\n<p style=\"text-align: justify\">[Consulta: fecha de la consulta]<\/p>\n<p style=\"text-align: justify\">Disponible en: http:\/\/www.ua.es\/&#8230;<\/p>\n<p style=\"text-align: justify\">\n<p style=\"text-align: justify\"><strong>\u00a0<\/strong><\/p>\n<p style=\"text-align: justify\"><strong>DOCUMENTOS ESPECIALES<\/strong><\/p>\n<p style=\"text-align: justify\"><strong>Pel\u00edculas: <\/strong><em>T\u00edtulo de la pel\u00edcula <\/em>[Pel\u00edcula]. Dirigida por Nombre APELLIDOS. Pa\u00eds: Productora, a\u00f1o. Lugar: distribuida en Espa\u00f1a por&#8230;<\/p>\n<p style=\"text-align: justify\"><strong>Programa de televisi\u00f3n o documental:<\/strong><strong><\/strong><\/p>\n<p style=\"text-align: justify\">Titulo. Nombre de la cadena de televisi\u00f3n, fecha.<\/p>\n<p style=\"text-align: justify\"><strong>Im\u00e1genes <\/strong>APELLIDOS, Nombre. <em>T\u00edtulo de la obra. <\/em>A\u00f1o [imagen digital]. Museo&#8230; [Consulta: fecha de consulta]. Disponible en: http:\/\/<\/p>\n<p style=\"text-align: justify\">\n<p style=\"text-align: justify\"><strong>\u00a0<\/strong><\/p>\n<p style=\"text-align: justify\">Tras referenciar las obras seg\u00fan las normas ISO, realizamos un <strong>breve resumen<\/strong> del contenido de estas as\u00ed como un <strong>an\u00e1lisis cr\u00edtico<\/strong> del mismo, con el objetivo de demostrar que hemos manejado la fuente que hemos referenciado en nuestro trabajo.<\/p>\n","protected":false},"excerpt":{"rendered":"<p>&nbsp; Metodolog\u00eda En cuanto a la metodolog\u00eda que hemos\u00a0 seguido para buscar y elaborar los contenidos de este blog, esta se basa en la b\u00fasqueda \u00a0de obras y documentos de referencia en diversa plataformas y soporte. En cuanto a las &hellip; <a href=\"https:\/\/blogs.ua.es\/santiagocalatrava\/metodologia\/\">Continue reading <span class=\"meta-nav\">&rarr;<\/span><\/a><\/p>\n","protected":false},"author":2862,"featured_media":0,"parent":0,"menu_order":0,"comment_status":"open","ping_status":"open","template":"","meta":{"footnotes":""},"class_list":["post-119","page","type-page","status-publish","hentry"],"_links":{"self":[{"href":"https:\/\/blogs.ua.es\/santiagocalatrava\/wp-json\/wp\/v2\/pages\/119","targetHints":{"allow":["GET"]}}],"collection":[{"href":"https:\/\/blogs.ua.es\/santiagocalatrava\/wp-json\/wp\/v2\/pages"}],"about":[{"href":"https:\/\/blogs.ua.es\/santiagocalatrava\/wp-json\/wp\/v2\/types\/page"}],"author":[{"embeddable":true,"href":"https:\/\/blogs.ua.es\/santiagocalatrava\/wp-json\/wp\/v2\/users\/2862"}],"replies":[{"embeddable":true,"href":"https:\/\/blogs.ua.es\/santiagocalatrava\/wp-json\/wp\/v2\/comments?post=119"}],"version-history":[{"count":2,"href":"https:\/\/blogs.ua.es\/santiagocalatrava\/wp-json\/wp\/v2\/pages\/119\/revisions"}],"predecessor-version":[{"id":130,"href":"https:\/\/blogs.ua.es\/santiagocalatrava\/wp-json\/wp\/v2\/pages\/119\/revisions\/130"}],"wp:attachment":[{"href":"https:\/\/blogs.ua.es\/santiagocalatrava\/wp-json\/wp\/v2\/media?parent=119"}],"curies":[{"name":"wp","href":"https:\/\/api.w.org\/{rel}","templated":true}]}}