{"id":123,"date":"2012-12-21T15:46:08","date_gmt":"2012-12-21T15:46:08","guid":{"rendered":"https:\/\/blogs.ua.es\/santiagocalatrava\/?page_id=123"},"modified":"2012-12-22T12:34:42","modified_gmt":"2012-12-22T12:34:42","slug":"valoracion-sobre-el-tema","status":"publish","type":"page","link":"https:\/\/blogs.ua.es\/santiagocalatrava\/valoracion-sobre-el-tema\/","title":{"rendered":"Valoraci\u00f3n sobre el Tema"},"content":{"rendered":"<p style=\"text-align: justify\">A trav\u00e9s de la realizaci\u00f3n de este blog \u00a0sobre el arquitecto Santiago Calatrava y su obra\u00a0 hemos descubierto la gran cantidad de estudios que existen acerca de la obra del valenciano.<\/p>\n<p style=\"text-align: justify\">El blog realiza un repaso a todas esas fuentes que hemos manejado en su elaboraci\u00f3n. En cuanto a las fuentes escritas como los libros que abordan la obra de los arquitectos todos siguen una pauta general de repasar la obra del arquitecto desde sus comienzos \u00a0hasta la actualidad. Adem\u00e1s suelen inferir en la inspiraci\u00f3n org\u00e1nica de las formas arquitect\u00f3nicas que crea Calatrava y la poes\u00eda que ocultan dichas formas. Tambi\u00e9n suelen repasar su vocaci\u00f3n como escultor y dibujante.Pero como critica general a los autores de obras\u00a0monogr\u00e1ficas\u00a0sobre el arquitecto hemos de decir que todos suelen \u00a0seguir esa misma\u00a0estructura\u00a0y\u00a0realizar\u00a0las mismas afirmaciones.<\/p>\n<p style=\"text-align: justify\">Es en los art\u00edculos donde encontramos m\u00e1s variedad, ya que \u00a0ellos se abordan diferentes aspectos de su obra, desde como representa la reunificaci\u00f3n de ingenier\u00eda y arquitectura en una misma disciplina hasta como la arquitectura de este\u00a0 toma influencias de las cl\u00e1sicos romanos y medievales.<\/p>\n<p style=\"text-align: justify\">En cuanto a los documentales sobre el arquitecto, el titulado &#8220;El\u00a0socialista\u00a0 el arquitecto y la turning torso&#8221; nos ofrece una original\u00a0visi\u00f3n\u00a0de la \u00a0construcci\u00f3n\u00a0del edificio ya que no se limita a seguir \u00a0la\u00a0construcci\u00f3n\u00a0sino que ademas sigue la vida de su protagonistas durante el proceso y los problemas que tuvieron que afrontar.<\/p>\n<p style=\"text-align: justify\">Hemos de concluir que hay una gran cantidad de fuentes documentales de todo tipo, desde escritas hasta audiovisuales, que abordan los diferentes aspectos de su arquitectura y hasta en\u00a0alg\u00fan\u00a0caso \u00a0informaci\u00f3n\u00a0t\u00e9cnica\u00a0 sobre las estructuras del arquitecto.Ello resalta la importancia de la obra de Santiago Calatrava.<\/p>\n<p style=\"text-align: justify\">\n","protected":false},"excerpt":{"rendered":"<p>A trav\u00e9s de la realizaci\u00f3n de este blog \u00a0sobre el arquitecto Santiago Calatrava y su obra\u00a0 hemos descubierto la gran cantidad de estudios que existen acerca de la obra del valenciano. El blog realiza un repaso a todas esas fuentes &hellip; <a href=\"https:\/\/blogs.ua.es\/santiagocalatrava\/valoracion-sobre-el-tema\/\">Continue reading <span class=\"meta-nav\">&rarr;<\/span><\/a><\/p>\n","protected":false},"author":2862,"featured_media":0,"parent":0,"menu_order":0,"comment_status":"open","ping_status":"open","template":"","meta":{"footnotes":""},"class_list":["post-123","page","type-page","status-publish","hentry"],"_links":{"self":[{"href":"https:\/\/blogs.ua.es\/santiagocalatrava\/wp-json\/wp\/v2\/pages\/123","targetHints":{"allow":["GET"]}}],"collection":[{"href":"https:\/\/blogs.ua.es\/santiagocalatrava\/wp-json\/wp\/v2\/pages"}],"about":[{"href":"https:\/\/blogs.ua.es\/santiagocalatrava\/wp-json\/wp\/v2\/types\/page"}],"author":[{"embeddable":true,"href":"https:\/\/blogs.ua.es\/santiagocalatrava\/wp-json\/wp\/v2\/users\/2862"}],"replies":[{"embeddable":true,"href":"https:\/\/blogs.ua.es\/santiagocalatrava\/wp-json\/wp\/v2\/comments?post=123"}],"version-history":[{"count":5,"href":"https:\/\/blogs.ua.es\/santiagocalatrava\/wp-json\/wp\/v2\/pages\/123\/revisions"}],"predecessor-version":[{"id":154,"href":"https:\/\/blogs.ua.es\/santiagocalatrava\/wp-json\/wp\/v2\/pages\/123\/revisions\/154"}],"wp:attachment":[{"href":"https:\/\/blogs.ua.es\/santiagocalatrava\/wp-json\/wp\/v2\/media?parent=123"}],"curies":[{"name":"wp","href":"https:\/\/api.w.org\/{rel}","templated":true}]}}