{"id":7,"date":"2012-11-16T15:12:37","date_gmt":"2012-11-16T15:12:37","guid":{"rendered":"https:\/\/blogs.ua.es\/santiagocalatrava\/?page_id=7"},"modified":"2012-12-22T13:36:52","modified_gmt":"2012-12-22T13:36:52","slug":"presentacion","status":"publish","type":"page","link":"https:\/\/blogs.ua.es\/santiagocalatrava\/presentacion\/","title":{"rendered":"Presentaci\u00f3n"},"content":{"rendered":"<p style=\"text-align: justify\"><a href=\"https:\/\/blogs.ua.es\/santiagocalatrava\/files\/2012\/11\/085_SantiagoCalatrava.jpg\"><br \/>\n<\/a>El blog \u00a0\u201cSantiago Calatrava\u201d \u00a0ha sido realizado por Ethan Calero Ortu\u00f1o y Bel\u00e9n P\u00e9rez Bernab\u00e9u, alumnos de la asignatura de Fuentes y documentos para la historia, que forma parte del programa lectivo en el primer curso del grado en Historia que\u00a0 se imparte en la universidad de Alicante.<\/p>\n<p style=\"text-align: justify\"><a href=\"https:\/\/blogs.ua.es\/santiagocalatrava\/files\/2012\/11\/085_SantiagoCalatrava1.jpg\"><img loading=\"lazy\" decoding=\"async\" class=\"aligncenter size-full wp-image-165\" src=\"https:\/\/blogs.ua.es\/santiagocalatrava\/files\/2012\/11\/085_SantiagoCalatrava1.jpg\" alt=\"\" width=\"640\" height=\"424\" srcset=\"https:\/\/blogs.ua.es\/santiagocalatrava\/files\/2012\/11\/085_SantiagoCalatrava1.jpg 640w, https:\/\/blogs.ua.es\/santiagocalatrava\/files\/2012\/11\/085_SantiagoCalatrava1-300x198.jpg 300w\" sizes=\"auto, (max-width: 640px) 100vw, 640px\" \/><\/a><\/p>\n<p style=\"text-align: justify\">La intenci\u00f3n de este blog es la de analizar las diversas fuentes y documentos que\u00a0 analizan la figura de Santiago Calatrava uno de los m\u00e1s c\u00e9lebres arquitectos contempor\u00e1neos \u00a0y \u00a0\u00a0sus obras y creaciones as\u00ed como los efectos y\u00a0 \u00a0repercusiones de estas en el entorno y sociedad en el que se han desarrollado. Tomamos la decisi\u00f3n de abordar este tema debido a que se trata de un arquitecto cuya obra\u00a0 se desarrolla en la actualidad y porque no est\u00e1 libre de pol\u00e9mica debido a sus \u00a0originales creaciones o desorbitados presupuestos.<\/p>\n<p style=\"text-align: justify\">\n","protected":false},"excerpt":{"rendered":"<p>El blog \u00a0\u201cSantiago Calatrava\u201d \u00a0ha sido realizado por Ethan Calero Ortu\u00f1o y Bel\u00e9n P\u00e9rez Bernab\u00e9u, alumnos de la asignatura de Fuentes y documentos para la historia, que forma parte del programa lectivo en el primer curso del grado en Historia &hellip; <a href=\"https:\/\/blogs.ua.es\/santiagocalatrava\/presentacion\/\">Continue reading <span class=\"meta-nav\">&rarr;<\/span><\/a><\/p>\n","protected":false},"author":2874,"featured_media":0,"parent":0,"menu_order":0,"comment_status":"open","ping_status":"open","template":"","meta":{"footnotes":""},"class_list":["post-7","page","type-page","status-publish","hentry"],"_links":{"self":[{"href":"https:\/\/blogs.ua.es\/santiagocalatrava\/wp-json\/wp\/v2\/pages\/7","targetHints":{"allow":["GET"]}}],"collection":[{"href":"https:\/\/blogs.ua.es\/santiagocalatrava\/wp-json\/wp\/v2\/pages"}],"about":[{"href":"https:\/\/blogs.ua.es\/santiagocalatrava\/wp-json\/wp\/v2\/types\/page"}],"author":[{"embeddable":true,"href":"https:\/\/blogs.ua.es\/santiagocalatrava\/wp-json\/wp\/v2\/users\/2874"}],"replies":[{"embeddable":true,"href":"https:\/\/blogs.ua.es\/santiagocalatrava\/wp-json\/wp\/v2\/comments?post=7"}],"version-history":[{"count":8,"href":"https:\/\/blogs.ua.es\/santiagocalatrava\/wp-json\/wp\/v2\/pages\/7\/revisions"}],"predecessor-version":[{"id":9,"href":"https:\/\/blogs.ua.es\/santiagocalatrava\/wp-json\/wp\/v2\/pages\/7\/revisions\/9"}],"wp:attachment":[{"href":"https:\/\/blogs.ua.es\/santiagocalatrava\/wp-json\/wp\/v2\/media?parent=7"}],"curies":[{"name":"wp","href":"https:\/\/api.w.org\/{rel}","templated":true}]}}