{"id":12,"date":"2013-11-15T17:47:06","date_gmt":"2013-11-15T17:47:06","guid":{"rendered":"https:\/\/blogs.ua.es\/sanvicente3\/?page_id=12"},"modified":"2014-01-13T22:34:07","modified_gmt":"2014-01-13T22:34:07","slug":"explicacion-2","status":"publish","type":"page","link":"https:\/\/blogs.ua.es\/sanvicente3\/explicacion-2\/","title":{"rendered":"Explicaci\u00f3n"},"content":{"rendered":"<p>Las escrituras expuestas son cualquier tipo de escritura concebida para ser usada en espacios abiertos, o incluso cerrados, con el fin de permitir una lectura plural y a distancia de un texto escrito sobre una superficie expuesta.<\/p>\n<p>El trabajo aqu\u00ed presentado versa <span class=\"k0b447\" id=\"k0b447_1\">sobre las<\/span> distintas tipolog\u00edas de escrituras expuestas halladas en Sant Vicent del Raspeig, m\u00e1s concretamente sobre aquellas que se pueden encontrar en letreros de mercadillos, graffitis iconogr\u00e1ficos y en la publicidad fija.<\/p>\n<p>El objetivo del trabajo es mostrar el gran <span class=\"k0b447\" id=\"k0b447_8\">valor<\/span> divulgativo que estas manifestaciones pueden llegar a alcanzar en sus m\u00faltiples formas y motivos.<\/p>\n<p>Para la realizaci\u00f3n del trabajo, el grupo se ha reunido en varias ocasiones para recorrer el municipio elegido viendo y fotografiando todas aquellas escrituras expuestas <span class=\"k0b447\" id=\"k0b447_2\">que por<\/span> su tipolog\u00eda e inter\u00e9s, eran susceptibles de ser publicadas y descritas con una \u00f3ptica anal\u00edtica en el blog.<\/p>\n<p>Tras tomar las fotos, cada miembro del grupo escogi\u00f3 aqu\u00e9llas que m\u00e1s le interesaban para <span class=\"k0b447\" id=\"k0b447_6\">publicarlas<\/span> individualmente con su propia <span class=\"k0b447\" id=\"k0b447_5\">cuenta<\/span> del <span class=\"k0b447\" id=\"k0b447_3\">blog<\/span>.<\/p>\n<p>Como \u00faltima observaci\u00f3n explicaremos que a la hora de describir la publicidad y los Graffitis iconogr\u00e1ficos se requiere de una especial <span class=\"k0b447\" id=\"k0b447_7\">destreza<\/span> <span class=\"k0b447\" id=\"k0b447_4\">anal\u00edtica<\/span>, ya que por lo que hemos comprobado, los graffitis est\u00e1n cargados de un gran simbolismo y la publicidad tiene una potente fuerza sugestiva que es necesario analizar cr\u00edticamente y con mucha minuciosidad.<\/p>\n<p style=\"text-align: center\">C\u00e9sar Mart\u00edn, Marina Maci\u00e1 y Benjam\u00edn Pastor<\/p>\n","protected":false},"excerpt":{"rendered":"<p>Las escrituras expuestas son cualquier tipo de escritura concebida para ser usada en espacios abiertos, o incluso cerrados, con el fin de permitir una lectura plural y a distancia de un texto escrito sobre una superficie expuesta. El trabajo aqu\u00ed presentado versa sobre las distintas tipolog\u00edas de escrituras expuestas halladas en Sant Vicent del Raspeig, [&hellip;]<\/p>\n","protected":false},"author":3393,"featured_media":0,"parent":0,"menu_order":1,"comment_status":"open","ping_status":"open","template":"","meta":{"footnotes":""},"class_list":["post-12","page","type-page","status-publish","hentry"],"_links":{"self":[{"href":"https:\/\/blogs.ua.es\/sanvicente3\/wp-json\/wp\/v2\/pages\/12","targetHints":{"allow":["GET"]}}],"collection":[{"href":"https:\/\/blogs.ua.es\/sanvicente3\/wp-json\/wp\/v2\/pages"}],"about":[{"href":"https:\/\/blogs.ua.es\/sanvicente3\/wp-json\/wp\/v2\/types\/page"}],"author":[{"embeddable":true,"href":"https:\/\/blogs.ua.es\/sanvicente3\/wp-json\/wp\/v2\/users\/3393"}],"replies":[{"embeddable":true,"href":"https:\/\/blogs.ua.es\/sanvicente3\/wp-json\/wp\/v2\/comments?post=12"}],"version-history":[{"count":4,"href":"https:\/\/blogs.ua.es\/sanvicente3\/wp-json\/wp\/v2\/pages\/12\/revisions"}],"predecessor-version":[{"id":341,"href":"https:\/\/blogs.ua.es\/sanvicente3\/wp-json\/wp\/v2\/pages\/12\/revisions\/341"}],"wp:attachment":[{"href":"https:\/\/blogs.ua.es\/sanvicente3\/wp-json\/wp\/v2\/media?parent=12"}],"curies":[{"name":"wp","href":"https:\/\/api.w.org\/{rel}","templated":true}]}}