{"id":5,"date":"2013-11-15T17:43:17","date_gmt":"2013-11-15T17:43:17","guid":{"rendered":"https:\/\/blogs.ua.es\/sanvicente3\/?page_id=5"},"modified":"2013-12-10T18:40:26","modified_gmt":"2013-12-10T18:40:26","slug":"presentacion","status":"publish","type":"page","link":"https:\/\/blogs.ua.es\/sanvicente3\/presentacion\/","title":{"rendered":"Presentaci\u00f3n"},"content":{"rendered":"<p>Somos estudiantes de la Universidad de Alicante y desde la asignatura de Fuentes y Documentos para la Historia estamos recogiendo escrituras expuestas de diferentes lugares de San Vicente. Nuestro cometido es buscar todas aquellas escrituras que \u00a0encontremos en las calles de esta localidad, tanto \u00a0de mercadillos, graffitis o \u00a0de publicidad fija.<\/p>\n<p>El inter\u00e9s de este trabajo es retratar la actividad econ\u00f3mica, cultural,art\u00edstica y social del municipio. os recomendamos que os adentr\u00e9is en nuestro blog y ech\u00e9is un ojo a nuestra acad\u00e9mica y curiosa \u00a0labor.<\/p>\n<p>Deseamos que os guste.<\/p>\n<p>Benjam\u00edn, C\u00e9sar y Marina<\/p>\n","protected":false},"excerpt":{"rendered":"<p>Somos estudiantes de la Universidad de Alicante y desde la asignatura de Fuentes y Documentos para la Historia estamos recogiendo escrituras expuestas de diferentes lugares de San Vicente. Nuestro cometido es buscar todas aquellas escrituras que \u00a0encontremos en las calles de esta localidad, tanto \u00a0de mercadillos, graffitis o \u00a0de publicidad fija. El inter\u00e9s de este [&hellip;]<\/p>\n","protected":false},"author":3393,"featured_media":0,"parent":0,"menu_order":0,"comment_status":"open","ping_status":"open","template":"","meta":{"footnotes":""},"class_list":["post-5","page","type-page","status-publish","hentry"],"_links":{"self":[{"href":"https:\/\/blogs.ua.es\/sanvicente3\/wp-json\/wp\/v2\/pages\/5","targetHints":{"allow":["GET"]}}],"collection":[{"href":"https:\/\/blogs.ua.es\/sanvicente3\/wp-json\/wp\/v2\/pages"}],"about":[{"href":"https:\/\/blogs.ua.es\/sanvicente3\/wp-json\/wp\/v2\/types\/page"}],"author":[{"embeddable":true,"href":"https:\/\/blogs.ua.es\/sanvicente3\/wp-json\/wp\/v2\/users\/3393"}],"replies":[{"embeddable":true,"href":"https:\/\/blogs.ua.es\/sanvicente3\/wp-json\/wp\/v2\/comments?post=5"}],"version-history":[{"count":3,"href":"https:\/\/blogs.ua.es\/sanvicente3\/wp-json\/wp\/v2\/pages\/5\/revisions"}],"predecessor-version":[{"id":38,"href":"https:\/\/blogs.ua.es\/sanvicente3\/wp-json\/wp\/v2\/pages\/5\/revisions\/38"}],"wp:attachment":[{"href":"https:\/\/blogs.ua.es\/sanvicente3\/wp-json\/wp\/v2\/media?parent=5"}],"curies":[{"name":"wp","href":"https:\/\/api.w.org\/{rel}","templated":true}]}}