{"id":9,"date":"2013-11-15T17:45:44","date_gmt":"2013-11-15T17:45:44","guid":{"rendered":"https:\/\/blogs.ua.es\/sanvicente3\/?page_id=9"},"modified":"2014-01-14T11:53:55","modified_gmt":"2014-01-14T11:53:55","slug":"valoracion","status":"publish","type":"page","link":"https:\/\/blogs.ua.es\/sanvicente3\/valoracion\/","title":{"rendered":"Valoraci\u00f3n"},"content":{"rendered":"<p class=\"wpgallery\" style=\"text-align: center\"><strong>B<\/strong>uscar escrituras expuestas por las calles de San Vicente \u00a0nos ha ense\u00f1ado a fijarnos m\u00e1s en lo que se ve d\u00eda a d\u00eda por los muros y fachadas, en ir por calle<em> viendo<\/em> la calle, conociendo los detalles que nos rodean, los testimonios de la gente que de alguna manera necesita dejar constancia de su paso por el mundo.<\/p>\n<p class=\"wpgallery\" style=\"text-align: center\"><strong>S<\/strong>i bien es cierto, no todo ha sido coser y cantar; la parte m\u00e1s complicada en la realizaci\u00f3n de este blog era, para empezar, a\u00f1adir \u00a0referencias bibliogr\u00e1ficas, (ya que por los criterios que nos ha tocado no hab\u00eda mucho donde poder buscar informaci\u00f3n de base acad\u00e9mica), y, por otra parte, \u00a0de la b\u00fasqueda de las fotos, destacar\u00edamos las \u00a0im\u00e1genes de publicidad fija; al parecer en San vicente no hay tantos carteles publicitarios como cabr\u00eda esperar es por eso por lo que el n\u00famero de entradas \u00a0de publicidad fija es algo ligeramente inferior al de los dem\u00e1s criterios.<\/p>\n<p class=\"wpgallery\" style=\"text-align: center\"><strong>L<\/strong>as fotograf\u00edas de los mercadillos, por otra parte, tambi\u00e9n fueron peculiares, hab\u00eda que ir con cuidado no pensaran que nuestra intenci\u00f3n iba m\u00e1s all\u00e1 del puro \u00a0trabajo acad\u00e9mico, hizo falta incluso, ense\u00f1ar nuestra identificaci\u00f3n como estudiantes de la Universidad de Alicante. Aun as\u00ed, fue una gran alegr\u00eda encontrar inesperadamente un mercadillo medieval y deleitarnos con su c\u00e1lida amabilidad.<\/p>\n<p class=\"wpgallery\" style=\"text-align: center\"><strong>P<\/strong>ero sin duda alguna, la parte m\u00e1s emocionante fue la de buscar graffitis iconogr\u00e1ficos. Pens\u00e1bamos que no habr\u00edan tantos, pero es curioso lo que te puedes encontrar si sabes d\u00f3nde mirar. Hemos hecho una recopilaci\u00f3n de los mejores y de aquellos que nos gustaban m\u00e1s, \u00a0ya que era imposible ense\u00f1arlos todos.<\/p>\n<p class=\"wpgallery\" style=\"text-align: center\"><strong>A<\/strong> pesar de todo, ha merecido la pena tanto esfuerzo y trabajo, de manera que disfruten y \u00a0juzguen vosotros mismos&#8230;<\/p>\n<p class=\"wpgallery\" style=\"text-align: center\">Benjam\u00edn Pastor, C\u00e9sar Mart\u00edn y \u00a0Marina Maci\u00e1<\/p>\n<p>&nbsp;<\/p>\n","protected":false},"excerpt":{"rendered":"<p>Buscar escrituras expuestas por las calles de San Vicente \u00a0nos ha ense\u00f1ado a fijarnos m\u00e1s en lo que se ve d\u00eda a d\u00eda por los muros y fachadas, en ir por calle viendo la calle, conociendo los detalles que nos rodean, los testimonios de la gente que de alguna manera necesita dejar constancia de su [&hellip;]<\/p>\n","protected":false},"author":3393,"featured_media":0,"parent":0,"menu_order":2,"comment_status":"open","ping_status":"open","template":"","meta":{"footnotes":""},"class_list":["post-9","page","type-page","status-publish","hentry"],"_links":{"self":[{"href":"https:\/\/blogs.ua.es\/sanvicente3\/wp-json\/wp\/v2\/pages\/9","targetHints":{"allow":["GET"]}}],"collection":[{"href":"https:\/\/blogs.ua.es\/sanvicente3\/wp-json\/wp\/v2\/pages"}],"about":[{"href":"https:\/\/blogs.ua.es\/sanvicente3\/wp-json\/wp\/v2\/types\/page"}],"author":[{"embeddable":true,"href":"https:\/\/blogs.ua.es\/sanvicente3\/wp-json\/wp\/v2\/users\/3393"}],"replies":[{"embeddable":true,"href":"https:\/\/blogs.ua.es\/sanvicente3\/wp-json\/wp\/v2\/comments?post=9"}],"version-history":[{"count":6,"href":"https:\/\/blogs.ua.es\/sanvicente3\/wp-json\/wp\/v2\/pages\/9\/revisions"}],"predecessor-version":[{"id":355,"href":"https:\/\/blogs.ua.es\/sanvicente3\/wp-json\/wp\/v2\/pages\/9\/revisions\/355"}],"wp:attachment":[{"href":"https:\/\/blogs.ua.es\/sanvicente3\/wp-json\/wp\/v2\/media?parent=9"}],"curies":[{"name":"wp","href":"https:\/\/api.w.org\/{rel}","templated":true}]}}