{"id":4,"date":"2013-11-15T11:48:26","date_gmt":"2013-11-15T11:48:26","guid":{"rendered":"https:\/\/blogs.ua.es\/sanvicente4\/?page_id=4"},"modified":"2013-11-15T11:48:26","modified_gmt":"2013-11-15T11:48:26","slug":"presentacion","status":"publish","type":"page","link":"https:\/\/blogs.ua.es\/sanvicente4\/presentacion\/","title":{"rendered":"Presentaci\u00f3n"},"content":{"rendered":"<p>Somos<strong> \u00c1ngela Jim\u00e9nez, Pedro Antonio L\u00f3pez <\/strong>y<strong> Daniel Valdivieso-M<\/strong>. Estamos cursando primero del grado de Historia. Presentamos este blog de escrituras expuestas de San Vicente del Raspeig\u00a0para la asignatura de<em> Fuentes y Documentos para la Historia<\/em> de la <a href=\"http:\/\/www.ua.es\/\">Universidad de Alicante<\/a>.<\/p>\n","protected":false},"excerpt":{"rendered":"<p>Somos \u00c1ngela Jim\u00e9nez, Pedro Antonio L\u00f3pez y Daniel Valdivieso-M. Estamos cursando primero del grado de Historia. Presentamos este blog de escrituras expuestas de San Vicente del Raspeig\u00a0para la asignatura de Fuentes y Documentos para la Historia de la Universidad de Alicante.<\/p>\n","protected":false},"author":2887,"featured_media":0,"parent":0,"menu_order":0,"comment_status":"open","ping_status":"open","template":"","meta":{"footnotes":""},"class_list":["post-4","page","type-page","status-publish","hentry"],"_links":{"self":[{"href":"https:\/\/blogs.ua.es\/sanvicente4\/wp-json\/wp\/v2\/pages\/4","targetHints":{"allow":["GET"]}}],"collection":[{"href":"https:\/\/blogs.ua.es\/sanvicente4\/wp-json\/wp\/v2\/pages"}],"about":[{"href":"https:\/\/blogs.ua.es\/sanvicente4\/wp-json\/wp\/v2\/types\/page"}],"author":[{"embeddable":true,"href":"https:\/\/blogs.ua.es\/sanvicente4\/wp-json\/wp\/v2\/users\/2887"}],"replies":[{"embeddable":true,"href":"https:\/\/blogs.ua.es\/sanvicente4\/wp-json\/wp\/v2\/comments?post=4"}],"version-history":[{"count":1,"href":"https:\/\/blogs.ua.es\/sanvicente4\/wp-json\/wp\/v2\/pages\/4\/revisions"}],"predecessor-version":[{"id":5,"href":"https:\/\/blogs.ua.es\/sanvicente4\/wp-json\/wp\/v2\/pages\/4\/revisions\/5"}],"wp:attachment":[{"href":"https:\/\/blogs.ua.es\/sanvicente4\/wp-json\/wp\/v2\/media?parent=4"}],"curies":[{"name":"wp","href":"https:\/\/api.w.org\/{rel}","templated":true}]}}