{"id":8,"date":"2013-11-15T11:50:03","date_gmt":"2013-11-15T11:50:03","guid":{"rendered":"https:\/\/blogs.ua.es\/sanvicente4\/?page_id=8"},"modified":"2014-01-10T14:48:00","modified_gmt":"2014-01-10T14:48:00","slug":"valoracion","status":"publish","type":"page","link":"https:\/\/blogs.ua.es\/sanvicente4\/valoracion\/","title":{"rendered":"Valoraci\u00f3n"},"content":{"rendered":"<p>La realizaci\u00f3n de este trabajo ha sido bastante costosa ya que en la localidad que se nos asign\u00f3 ten\u00edamos que realizar fotograf\u00edas de inscripciones y placas en registros religiosos y las iglesias de San Vicente del Raspeig son relativamente nuevas y no cuentan con apenas inscripciones y placas, y s\u00f3lo cuenta con dos iglesias. Por otro lado, tambi\u00e9n hemos encontrado dificultad en los letreros y anuncios de comercios ya que al ser una localidad peque\u00f1a los recursos son bastante bajos.<\/p>\n","protected":false},"excerpt":{"rendered":"<p>La realizaci\u00f3n de este trabajo ha sido bastante costosa ya que en la localidad que se nos asign\u00f3 ten\u00edamos que realizar fotograf\u00edas de inscripciones y placas en registros religiosos y las iglesias de San Vicente del Raspeig son relativamente nuevas y no cuentan con apenas inscripciones y placas, y s\u00f3lo cuenta con dos iglesias. Por [&hellip;]<\/p>\n","protected":false},"author":2887,"featured_media":0,"parent":0,"menu_order":2,"comment_status":"open","ping_status":"open","template":"","meta":{"footnotes":""},"class_list":["post-8","page","type-page","status-publish","hentry"],"_links":{"self":[{"href":"https:\/\/blogs.ua.es\/sanvicente4\/wp-json\/wp\/v2\/pages\/8","targetHints":{"allow":["GET"]}}],"collection":[{"href":"https:\/\/blogs.ua.es\/sanvicente4\/wp-json\/wp\/v2\/pages"}],"about":[{"href":"https:\/\/blogs.ua.es\/sanvicente4\/wp-json\/wp\/v2\/types\/page"}],"author":[{"embeddable":true,"href":"https:\/\/blogs.ua.es\/sanvicente4\/wp-json\/wp\/v2\/users\/2887"}],"replies":[{"embeddable":true,"href":"https:\/\/blogs.ua.es\/sanvicente4\/wp-json\/wp\/v2\/comments?post=8"}],"version-history":[{"count":3,"href":"https:\/\/blogs.ua.es\/sanvicente4\/wp-json\/wp\/v2\/pages\/8\/revisions"}],"predecessor-version":[{"id":232,"href":"https:\/\/blogs.ua.es\/sanvicente4\/wp-json\/wp\/v2\/pages\/8\/revisions\/232"}],"wp:attachment":[{"href":"https:\/\/blogs.ua.es\/sanvicente4\/wp-json\/wp\/v2\/media?parent=8"}],"curies":[{"name":"wp","href":"https:\/\/api.w.org\/{rel}","templated":true}]}}