{"id":2,"date":"2019-12-16T09:18:58","date_gmt":"2019-12-16T09:18:58","guid":{"rendered":"https:\/\/blogs.ua.es\/semanatragica\/?page_id=2"},"modified":"2019-12-17T07:42:19","modified_gmt":"2019-12-17T07:42:19","slug":"pagina-ejemplo","status":"publish","type":"page","link":"https:\/\/blogs.ua.es\/semanatragica\/pagina-ejemplo\/","title":{"rendered":"Portadas y comparaci\u00f3n de La Vanguardia y ABC"},"content":{"rendered":"<h2 style=\"text-align: center\" align=\"center\"><b>Medidas y proporciones de todos los elementos de la portada de La Vanguardia<\/b><\/h2>\n<p>&nbsp;<\/p>\n<p style=\"text-align: left\" align=\"justify\">La portada de este peri\u00f3dico tiene unas dimensiones de 26,5 cm de largo por 17,5 cm de ancho, aproximadamente. Por lo tanto, la portada tiene unos 463,75 cm\u00b2. Internamente, tan solo vamos a encontrar noticias. El encabezado mide 2,6 cm de largo y 11 cm de ancho, en total unos 28,6 cm\u00b2, es decir, un 6,17 % de toda la portada. La primera noticia que presenta dicha portada mide 17,5 cm por 22,5 cm de largo. Sin embargo, en la \u00faltima columna de la portada (en la parte m\u00e1s cercana al encabezado) encontramos un cent\u00edmetro de largo de la primera noticia. Por lo tanto, esta noticia ocupa un \u00e1rea de 62,04%. La segunda noticia (referente a una noticia local de la ciudad de Barcelona) ocupa 5,6 cm de largo y 4,2 cm de ancho, teniendo una dimensi\u00f3n de 23,52 cm\u00b2 (es decir, un 5,07 % de todos los elementos de la portada). La tercera categor\u00eda corresponde a un conjunto de noticias internacionales. Este conjunto de noticias ocupan 14,5 cm de largo por 4,2 cm de ancho; por lo tanto, presenta una dimensi\u00f3n de 60,9 cm\u00b2 (es decir, ocupa un 13,13 % de la superficie total de la portada). Como se ha visto, la portada de este peri\u00f3dico no posee nada de publicidad perteneciente a otras empresas; sin embargo, encontramos un peque\u00f1o trozo del peri\u00f3dico (situado entre la noticia local y el conjunto de las noticias internacionales) que nos informa sobre el santo del d\u00eda en que fue publicado dicho peri\u00f3dico, adem\u00e1s del santo del d\u00eda siguiente. Por lo tanto, esta peque\u00f1a parte tiene 1,2 cm de largo por 4,2 cm de ancho; por lo que presenta una dimensi\u00f3n de 5,04 cm\u00b2 (es decir, ocupa un 1,09 % del total de la portada del peri\u00f3dico).<\/p>\n<p style=\"text-align: center\" align=\"justify\"><img loading=\"lazy\" decoding=\"async\" class=\"size-medium wp-image-10 alignnone\" src=\"https:\/\/blogs.ua.es\/semanatragica\/files\/2019\/12\/vanguardia-202x300.png\" alt=\"\" width=\"202\" height=\"300\" srcset=\"https:\/\/blogs.ua.es\/semanatragica\/files\/2019\/12\/vanguardia-202x300.png 202w, https:\/\/blogs.ua.es\/semanatragica\/files\/2019\/12\/vanguardia.png 406w\" sizes=\"auto, (max-width: 202px) 100vw, 202px\" \/><\/p>\n<h2 style=\"text-align: center\" align=\"center\"><b>Medidas y proporciones de todos los elementos de la portada de ABC<\/b><\/h2>\n<p>&nbsp;<\/p>\n<p style=\"text-align: left\" align=\"justify\">La portada de este peri\u00f3dico posee unas dimensiones de 23,7 cm de largo por 16,8 cm de ancho. Por lo tanto, dicha portada tiene unos 398,16 cm\u00b2. Respecto a su encabezado, tiene 2,2 cm de largo por 7,6 cm de ancho; es decir, posee una dimensi\u00f3n de 16,72 cm\u00b2 (por lo que ocupa un 4,2 % del de todos los elementos de esta portada). Curiosamente, dicha portada no contiene ninguna noticia en s\u00ed. Sin embargo, s\u00ed que posee una ilustraci\u00f3n que informa sobre una de las noticias de las que hablar\u00e1 dicho peri\u00f3dico en las p\u00e1ginas siguientes. Por lo tanto, esta ilustraci\u00f3n tiene 18,7 cm de largo por 16,8 cm de ancho; es decir, tiene un \u00e1rea de 314,16 cm\u00b2 (por lo que ocupa un 78,9 % de los elementos totales de la portada). Debajo de esta ilustraci\u00f3n encontramos un t\u00edtulo peque\u00f1o que nos informa un poco sobre la imagen que encontramos justo encima. Este t\u00edtulo posee 0,3 cm de largo por 4,4 cm de ancho; es decir, presenta una dimensi\u00f3n de 1,32 cm\u00b2 (por lo que ocupa un 0,33% del total de los elementos de la portada). Pero tambi\u00e9n encontramos un subt\u00edtulo que complementa al t\u00edtulo anteriormente mencionado. Este subt\u00edtulo tiene 0,7 cm de largo por 16,8 cm de ancho; es decir, que presenta una dimensi\u00f3n de 11,76 cm\u00b2 (por lo que ocupa un 2,95 % de todos los elementos de la portada de dicho peri\u00f3dico).<\/p>\n<p style=\"text-align: center\" align=\"justify\"><img loading=\"lazy\" decoding=\"async\" class=\"size-medium wp-image-7 aligncenter\" src=\"https:\/\/blogs.ua.es\/semanatragica\/files\/2019\/12\/abc-2-218x300.png\" alt=\"\" width=\"218\" height=\"300\" srcset=\"https:\/\/blogs.ua.es\/semanatragica\/files\/2019\/12\/abc-2-218x300.png 218w, https:\/\/blogs.ua.es\/semanatragica\/files\/2019\/12\/abc-2.png 436w\" sizes=\"auto, (max-width: 218px) 100vw, 218px\" \/><\/p>\n<h2 style=\"text-align: center\" align=\"center\"><b>An\u00e1lisis comparativo entre las portadas de La Vanguardia y ABC<\/b><\/h2>\n<p>&nbsp;<\/p>\n<ol>\n<li style=\"text-align: center\">\n<p align=\"justify\">Al no encontrar anuncios en estas portadas, podemos presuponer que ambos peri\u00f3dicos no depender\u00edan demasiado de la financiaci\u00f3n de empresas de cualquier tipo.<\/p>\n<\/li>\n<li>\n<p align=\"justify\">En relaci\u00f3n con las primeras, tambi\u00e9n es l\u00f3gico pensar que ambos peri\u00f3dicos ser\u00edan bastante comprados por las personas (esta raz\u00f3n podr\u00eda explicar la ausencia de anuncios en la portada).<\/p>\n<\/li>\n<li>\n<p align=\"justify\">Ambos encabezados son bien identificados antes de entrar al establecimiento para comprarlos (aunque s\u00ed que es cierto que el de La Vanguardia es m\u00e1s largo que el de ABC). Aun as\u00ed, se ha representado el encabezado de ABC un \u201cpoco\u201d m\u00e1s grande que el de La Vanguardia.<\/p>\n<\/li>\n<li>\n<p align=\"justify\">Otro hecho que destaca es que La Vanguardia da much\u00edsima importancia a los hechos que sucedieron en la Semana Tr\u00e1gica de Barcelona de 1909; mientras que ABC se centra tan s\u00f3lo en un hecho de la Guerra de Marruecos. Por lo tanto, mientras que un diario da una importancia a un determinado hecho, el otro considera m\u00e1s importante otros tipos de acontecimientos.<\/p>\n<\/li>\n<li>\n<p align=\"justify\">Otra cosa que destaca es que la portada de ABC tan solo nos indica ese hecho puntual de la Guerra de Marruecos; mientras que el de La Vanguardia tambi\u00e9n nos indican otros acontecimientos (como por ejemplo locales e internacionales).<\/p>\n<\/li>\n<li>\n<p align=\"justify\">La ilustraci\u00f3n de ABC quiz\u00e1s fuera utilizada para impactar al lector (por lo que ser\u00eda puesta por una finalidad est\u00e9tica). Sin embargo, la portada de La Vanguardia est\u00e1 llena de textos con noticias; por lo que este peri\u00f3dico priorizar\u00eda m\u00e1s el contenido que la est\u00e9tica. Por lo tanto, La Vanguardia estructurar\u00eda sus contenidos con una forma m\u00e1s actual, y jerarquiza sus contenidos de acuerdo a unos g\u00e9neros determinados.<\/p>\n<\/li>\n<li>\n<p align=\"justify\">Es importante destacar que la portada de La Vanguardia tan solo quiere informar al lector con todas las noticias que contiene. Mientras tanto, la portada de ABC pretende exaltar el fervor patri\u00f3tico espa\u00f1ol, empleando la ilustraci\u00f3n de un capell\u00e1n arengando a las tropas del Ej\u00e9rcito espa\u00f1ol en un episodio determinado de la Guerra de Marruecos.<\/p>\n<\/li>\n<li>\n<p align=\"justify\">Finalmente, ante todos los puntos anteriores, es de vital importancia decir que el diario ABC tendr\u00eda unos tintes m\u00e1s conservadores que La Vanguardia. Esto se debe a que en la portada de ABC tan solo se informa de un episodio heroico que ocurri\u00f3 en la Guerra de Marruecos (ya que la conquista del Rif por parte de Espa\u00f1a supondr\u00eda recuperar parte del honor extraviado tras el desastre de 1898). Mientras tanto, La Vanguardia poseer\u00eda un car\u00e1cter m\u00e1s liberal, ya que en su portada se preocupa mayoritariamente por los sucesos que ocurrieron durante la Semana Tr\u00e1gica de Barcelona de 1909 (que fue un conjunto de manifestaciones violentas que iban en contra, sobre todo, de la movilizaci\u00f3n de ciudadanos destinados a luchar como reclutas en la Guerra de Marruecos, debido a los desastres militares sufridos por el Ej\u00e9rcito contra los rife\u00f1os).<\/p>\n<\/li>\n<\/ol>\n","protected":false},"excerpt":{"rendered":"<p>Medidas y proporciones de todos los elementos de la portada de La Vanguardia &nbsp; La portada de este peri\u00f3dico tiene unas dimensiones de 26,5 cm de largo por 17,5 cm de ancho, aproximadamente. Por lo tanto, la portada tiene unos 463,75 cm\u00b2. Internamente, tan solo vamos a encontrar noticias. El encabezado mide 2,6 cm de [&hellip;]<\/p>\n","protected":false},"author":4373,"featured_media":26,"parent":0,"menu_order":4,"comment_status":"closed","ping_status":"open","template":"","meta":{"footnotes":""},"class_list":["post-2","page","type-page","status-publish","has-post-thumbnail","hentry"],"_links":{"self":[{"href":"https:\/\/blogs.ua.es\/semanatragica\/wp-json\/wp\/v2\/pages\/2","targetHints":{"allow":["GET"]}}],"collection":[{"href":"https:\/\/blogs.ua.es\/semanatragica\/wp-json\/wp\/v2\/pages"}],"about":[{"href":"https:\/\/blogs.ua.es\/semanatragica\/wp-json\/wp\/v2\/types\/page"}],"author":[{"embeddable":true,"href":"https:\/\/blogs.ua.es\/semanatragica\/wp-json\/wp\/v2\/users\/4373"}],"replies":[{"embeddable":true,"href":"https:\/\/blogs.ua.es\/semanatragica\/wp-json\/wp\/v2\/comments?post=2"}],"version-history":[{"count":8,"href":"https:\/\/blogs.ua.es\/semanatragica\/wp-json\/wp\/v2\/pages\/2\/revisions"}],"predecessor-version":[{"id":118,"href":"https:\/\/blogs.ua.es\/semanatragica\/wp-json\/wp\/v2\/pages\/2\/revisions\/118"}],"wp:featuredmedia":[{"embeddable":true,"href":"https:\/\/blogs.ua.es\/semanatragica\/wp-json\/wp\/v2\/media\/26"}],"wp:attachment":[{"href":"https:\/\/blogs.ua.es\/semanatragica\/wp-json\/wp\/v2\/media?parent=2"}],"curies":[{"name":"wp","href":"https:\/\/api.w.org\/{rel}","templated":true}]}}