{"id":29,"date":"2019-12-16T21:27:26","date_gmt":"2019-12-16T21:27:26","guid":{"rendered":"https:\/\/blogs.ua.es\/semanatragica\/?page_id=29"},"modified":"2019-12-16T22:29:18","modified_gmt":"2019-12-16T22:29:18","slug":"proposito-del-blog","status":"publish","type":"page","link":"https:\/\/blogs.ua.es\/semanatragica\/proposito-del-blog\/","title":{"rendered":"Prop\u00f3sito del blog y comentario del inter\u00e9s de la fuente elegida"},"content":{"rendered":"<h2 style=\"text-align: center\"><strong>Breve Introducci\u00f3n<\/strong><\/h2>\n<p>Este blog es parte del trabajo pr\u00e1ctico de la asignatura de Metodolog\u00eda 2, impartida por el profesor Francisco Sevillano dentro del Grado en Historia de la Universidad de Alicante.<\/p>\n<p>El objetivo de la actividad es presentar el valor de la prensa peri\u00f3dica como fuente hist\u00f3rica a partir de un an\u00e1lisis de caso.<\/p>\n<p>En los diferentes apartados o espacios se tratan a grandes rasgos los siguientes aspectos: Prop\u00f3sito y comentario del inter\u00e9s de la fuente hist\u00f3rica seleccionada, comentario metodol\u00f3gico general, y an\u00e1lisis morfol\u00f3gico de la fuente.<\/p>\n<p>Para el an\u00e1lisis morfol\u00f3gico especialmente, pero tambi\u00e9n para otros aspectos como la valorizaci\u00f3n o la personalidad del peri\u00f3dico, se ha seguido seg\u00fan la recomendaci\u00f3n del profesor, la obra de Jacques Kayser, El peri\u00f3dico: Estudios de morfolog\u00eda, de metodolog\u00eda y de prensa comparada.<\/p>\n<h2 style=\"text-align: center\"><strong>La Semana Tr\u00e1gica<\/strong><\/h2>\n<p>La Semana Tr\u00e1gica de Barcelona es la manera en la que se dan a conocer los sucesos que tuvieron lugar en dicha ciudad entre el 26 de julio y el 2 de agosto de 1909.<\/p>\n<p>Antes de ir al detonante del conflicto, la guerra de Marruecos, hay que tener en cuenta el amplio contexto que explica el por qu\u00e9 de lo ocurrido. Barcelona era en ese momento un n\u00facleo de industrializaci\u00f3n, donde se hab\u00edan asentado y radicalizado anarquistas y socialistas que chocaban con la pol\u00edtica autoritaria del gobierno de Maura.<\/p>\n<p>La situaci\u00f3n en Marruecos era muy tensa. El 9 de julio un grupo de obreros espa\u00f1oles que constru\u00edan un puente para un ferrocarril minero son atacados por rife\u00f1os. Maura, jefe del gobierno, decreta al d\u00eda siguiente la movilizaci\u00f3n de reservistas. El 27 de julio tiene lugar el Desastre del Barranco del Lobo, en las inmediaciones de Melilla, en el que el contingente espa\u00f1ol sufre una severa derrota a manos de los rife\u00f1os.<\/p>\n<p>Un d\u00eda antes de esos sucesos, con los soldados embarcando hacia el puerto de Barcelona, tiene lugar una gran huelga en la ciudad, que pronto desemboca en fuertes disturbios, barricadas, incendios, y la declaraci\u00f3n de \u201cestado de guerra\u201d por Luis Santiago, Capit\u00e1n General de Catalu\u00f1a. Es en ese clima de violencia donde al d\u00eda siguiente llegan las noticias del Desastre del Barranco del Lobo, en la que murieron reservistas de Barcelona, y que hizo que la situaci\u00f3n se volviese a\u00fan m\u00e1s dram\u00e1tica.<\/p>\n<p>En los siguientes d\u00edas numerosos bienes eclesi\u00e1sticos son atacados e incendiados, convirti\u00e9ndose en un episodio anticlerical, achacable ya no s\u00f3lo al reclutamiento sino como una respuesta m\u00e1s general hacia el orden establecido por parte de la ideolog\u00eda obrera y republicana.<\/p>\n<p>El mi\u00e9rcoles 28 comienzan a llegar los primeros refuerzos procedentes de Valencia y Zaragoza, unos 10.000 soldados que pronto ocupan las principales arterias y se hacen con el control de la ciudad en los sucesivos d\u00edas, dando paso a la detenci\u00f3n de cientos de personas para ser juzgadas por los graves acontecimientos.<u><\/u><\/p>\n<p class=\"hide-if-no-js\"><a id=\"set-post-thumbnail\" class=\"thickbox\" href=\"https:\/\/blogs.ua.es\/semanatragica\/wp-admin\/media-upload.php?post_id=29&amp;type=image&amp;TB_iframe=1\" aria-describedby=\"set-post-thumbnail-desc\"><img loading=\"lazy\" decoding=\"async\" class=\"attachment-post-thumbnail aligncenter\" src=\"https:\/\/blogs.ua.es\/semanatragica\/files\/2019\/12\/15327153429837-150x71.jpg\" alt=\"\" width=\"435\" height=\"206\" \/><\/a><\/p>\n<h2 style=\"text-align: center\"><strong>Fuente Hist\u00f3rica Elegida<\/strong><\/h2>\n<p style=\"text-align: left\">En el an\u00e1lisis del caso recurrimos a unas fuentes hist\u00f3ricas que tienen que ser valoradas, interpretadas y analizadas siguiendo una metodolog\u00eda. El trabajo debe ser exhaustivo para aproximarnos lo m\u00e1ximo posible a la realidad de los acontecimientos.<\/p>\n<p style=\"text-align: left\">Para abordar el tema de la Semana Tr\u00e1gica hemos cre\u00eddo acertado trabajar con las fuentes que proporcionan las cabeceras de La Vanguardia y ABC.<\/p>\n<p style=\"text-align: left\">La Vanguardia describe con todo lujo de detalles los acontecimientos en Barcelona.\u00a0 En la portada, todo texto, hace un resumen de los acontecimientos desde el d\u00eda 27 de julio que se dejaron de publicar los diarios a causa de la huelga, hasta el mismo 31 de julio, d\u00eda anterior a la edici\u00f3n.<\/p>\n<p style=\"text-align: left\">Lo que se aprecia en la portada del diario ABC desde Madrid es totalmente opuesto. Una enorme imagen con dos l\u00edneas de texto: \u201cEn el combate del d\u00eda 27, el capell\u00e1n del batall\u00f3n de cazadores de Arapiles tom\u00f3 el mando de una compa\u00f1\u00eda cuyo capit\u00e1n hab\u00eda sido muerto por los rife\u00f1os, y arengando a sus soldados se puso al frente y los condujo a la victoria.\u201d. Pura exaltaci\u00f3n patri\u00f3tica de un episodio de la Guerra de \u00c1frica.<\/p>\n<p style=\"text-align: left\">Son por lo tanto, dos diarios con dos focos de atenci\u00f3n completamente distintos. Dos maneras de buscar el impacto del espectador (imagen\/texto), dos \u00e1mbitos geogr\u00e1ficos\u2026 Algo cuyo an\u00e1lisis comparativo puede dar mucho juego.<\/p>\n","protected":false},"excerpt":{"rendered":"<p>Breve Introducci\u00f3n Este blog es parte del trabajo pr\u00e1ctico de la asignatura de Metodolog\u00eda 2, impartida por el profesor Francisco Sevillano dentro del Grado en Historia de la Universidad de Alicante. El objetivo de la actividad es presentar el valor de la prensa peri\u00f3dica como fuente hist\u00f3rica a partir de un an\u00e1lisis de caso. En [&hellip;]<\/p>\n","protected":false},"author":4373,"featured_media":30,"parent":0,"menu_order":1,"comment_status":"closed","ping_status":"closed","template":"","meta":{"footnotes":""},"class_list":["post-29","page","type-page","status-publish","has-post-thumbnail","hentry"],"_links":{"self":[{"href":"https:\/\/blogs.ua.es\/semanatragica\/wp-json\/wp\/v2\/pages\/29","targetHints":{"allow":["GET"]}}],"collection":[{"href":"https:\/\/blogs.ua.es\/semanatragica\/wp-json\/wp\/v2\/pages"}],"about":[{"href":"https:\/\/blogs.ua.es\/semanatragica\/wp-json\/wp\/v2\/types\/page"}],"author":[{"embeddable":true,"href":"https:\/\/blogs.ua.es\/semanatragica\/wp-json\/wp\/v2\/users\/4373"}],"replies":[{"embeddable":true,"href":"https:\/\/blogs.ua.es\/semanatragica\/wp-json\/wp\/v2\/comments?post=29"}],"version-history":[{"count":3,"href":"https:\/\/blogs.ua.es\/semanatragica\/wp-json\/wp\/v2\/pages\/29\/revisions"}],"predecessor-version":[{"id":33,"href":"https:\/\/blogs.ua.es\/semanatragica\/wp-json\/wp\/v2\/pages\/29\/revisions\/33"}],"wp:featuredmedia":[{"embeddable":true,"href":"https:\/\/blogs.ua.es\/semanatragica\/wp-json\/wp\/v2\/media\/30"}],"wp:attachment":[{"href":"https:\/\/blogs.ua.es\/semanatragica\/wp-json\/wp\/v2\/media?parent=29"}],"curies":[{"name":"wp","href":"https:\/\/api.w.org\/{rel}","templated":true}]}}