{"id":34,"date":"2019-12-16T21:35:36","date_gmt":"2019-12-16T21:35:36","guid":{"rendered":"https:\/\/blogs.ua.es\/semanatragica\/?page_id=34"},"modified":"2019-12-17T07:40:33","modified_gmt":"2019-12-17T07:40:33","slug":"comentario-metodologico-general-abc","status":"publish","type":"page","link":"https:\/\/blogs.ua.es\/semanatragica\/comentario-metodologico-general-abc\/","title":{"rendered":"Comentario metodol\u00f3gico general ABC"},"content":{"rendered":"<p><a id=\"set-post-thumbnail\" class=\"thickbox\" href=\"https:\/\/blogs.ua.es\/semanatragica\/wp-admin\/media-upload.php?post_id=34&amp;type=image&amp;TB_iframe=1\" aria-describedby=\"set-post-thumbnail-desc\"><img loading=\"lazy\" decoding=\"async\" class=\"attachment-post-thumbnail aligncenter\" src=\"https:\/\/blogs.ua.es\/semanatragica\/files\/2019\/12\/avatar-facebook-150x79.jpg\" alt=\"\" width=\"255\" height=\"133\" \/><\/a><\/p>\n<h2 style=\"text-align: center\"><u>REGISTRO DE IDENTIFICACI\u00d3N<\/u><\/h2>\n<ul>\n<li><b>Nombre del peri\u00f3dico .<\/b><\/li>\n<\/ul>\n<p>ABC elegido por la simplicidad y por ser f\u00e1cil de pronunciar. Tambi\u00e9n les llam\u00f3 la atenci\u00f3n la definici\u00f3n que ten\u00eda la Real Academia Espa\u00f1ola de la palabra \u201cabec\u00e9\u201d: \u201cRudimentos o principios de una ciencia o facultad , o de cualquier otro orden de conocimientos\u201d<\/p>\n<ul>\n<li><b>Lugar de residencia de la administraci\u00f3n y redacci\u00f3n.<\/b><\/li>\n<\/ul>\n<p>El lugar de residencia de la administraci\u00f3n y la redacci\u00f3n entre los a\u00f1os 1905 (a\u00f1o en el que el diario ABC comenz\u00f3 su tirada) y 1989 (a\u00f1o en el que los edificios fueron vendidos por el peri\u00f3dico) fue el edificio ABC que se encontraba ubicado entre la calle Serrano n\u00ba 61 y el paseo de la Castellana n\u00ba 34 de Madrid. Actualmente la administraci\u00f3n y la redacci\u00f3n del peri\u00f3dico se encuentran en la Calle de Juan Ignacio Luca de Tena n\u00ba 7 de Madrid.<\/p>\n<ul>\n<li><b>La Periodicidad. <\/b><\/li>\n<\/ul>\n<p>El ABC desde su primera aparici\u00f3n el 1 de enero de 1903 se publicar\u00e1 semanalmente hasta el 16 de junio del mismo a\u00f1o que comenzar\u00e1 a ser bisemanal. 2 a\u00f1os despu\u00e9s , el 1 de junio de 1905 , su fundador Torcuato Luca de Tena y \u00c1lvarez-Ossorio lo convertir\u00e1 en diario.<\/p>\n<ul>\n<li><b>La Zona Principal de Difusi\u00f3n.<\/b><\/li>\n<\/ul>\n<p>En un primer momento y hasta el a\u00f1o 1912 la principal zona de difusi\u00f3n del diario ABC era en Madrid y desde este a\u00f1o su distribuci\u00f3n se extendi\u00f3 a todo el pa\u00eds. Por su parte y a partir de su surgimiento en el a\u00f1o 1929 el diario ABC publica su edici\u00f3n de Sevilla. Tambi\u00e9n se realizar\u00e1n impresiones en imprentas externas como en Bruselas , Barcelona , Vigo y Tenerife<\/p>\n<ul>\n<li><b>El Tiraje. <\/b><\/li>\n<\/ul>\n<p>Tuvo un r\u00e1pido \u00e9xito de p\u00fablico y en 1912 alcazaba los 100.000 ejemplares. Los a\u00f1os 20 ser\u00eda la \u00e9poca gloriosa de ABC . En 1920 alcanz\u00f3 los 200.000 ejemplares de tirada media. Con la creaci\u00f3n del diario ABC de Sevilla este se convert\u00eda en el diario de mayor tirada de la regi\u00f3n andaluza. En febrero del a\u00f1o 2019 el diario ABC se qued\u00f3 en 71.661 ejemplares.<\/p>\n<ul>\n<li><b>La Fecha del Primero y del \u00daltimo N\u00famero.<\/b><\/li>\n<\/ul>\n<p>La fecha del primer n\u00famero del diario ABC data del 1 de enero de 1903 con el t\u00edtulo principal \u201cCr\u00f3nica Universal ilustrada\u201d y titulares como : El cumplimiento de un deber, El Rey y la Prensa, Cr\u00f3nica Pol\u00edtica y el P\u00fablico del teatro. En cuanto al \u00faltimo n\u00famero data del 12 de diciembre de 2019 y que lleva como t\u00edtulo, \u201cS\u00e1nchez fuerza la investidura m\u00e1s opaca de la democracia\u201d<\/p>\n<ul>\n<li><b>El Precio.<\/b><\/li>\n<\/ul>\n<p>En cuanto al precio , en el a\u00f1o 2017 el peri\u00f3dico ten\u00eda un conste de 1,50 euros (actualmente 1,60 euros) de lunes a viernes , 2 euros los s\u00e1bados y 3 euros la versi\u00f3n dominical. Y actualmente existen servicios de suscripciones. En cuanto al precio del primer n\u00famero (1 de enero de 1903) que sali\u00f3 era de 10 c\u00e9ntimos. Entre este primer n\u00famero y hasta mediados de los a\u00f1os 40 del siglo XX, el precio era cambiante entre 5 y 15 c\u00e9ntimos. A partir de este momento el precio aumentar\u00e1 considerablemente.<\/p>\n<ul>\n<li><b>El Formato<\/b><\/li>\n<\/ul>\n<p>En cuanto al formato es arrevistado . Se utiliza el tama\u00f1o tabloide con unas dimensiones de 24 x 36 cent\u00edmetros(aunque desde el a\u00f1o 2000 las p\u00e1ginas han crecido 3 cent\u00edmetros de alto por 2 cent\u00edmetros de ancho) que supon\u00eda una novedad con respecto al tama\u00f1o s\u00e1bana de la mayor\u00eda de los peri\u00f3dicos. En este peri\u00f3dico destaca la importancia de la fotograf\u00eda . Entre sus marcas de identidad destaca la edici\u00f3n con grapa y su formato de 3 columnas.<\/p>\n<ul>\n<li><b>N\u00famero de p\u00e1ginas y n\u00famero de columnas por p\u00e1gina.<\/b><\/li>\n<\/ul>\n<p>En cuanto al n\u00famero de p\u00e1ginas , en 1905 era de 16 p\u00e1ginas . Cuando el peri\u00f3dico pas\u00f3 a ser gestionado por Uni\u00f3n Republicana en 1939 el peri\u00f3dico se tratar\u00e1 de un cuadernillo de 4 p\u00e1ginas. El 23 de abril de 1939 se devuelve el peri\u00f3dico a sus propietarios originales y vuelve al formato original. Actualmente el n\u00famero de p\u00e1ginas del diario es de unas 65<\/p>\n<p>En lo que tiene que ver con el n\u00famero de columnas por p\u00e1gina , es de entre 3 y 5 columnas.<\/p>\n<ul>\n<li><b>El nombre y la direcci\u00f3n del Impresor.<\/b><\/li>\n<\/ul>\n<p>En lo que tiene que ver con el nombre del impresor , se trata de Rotomadrid que pertenece al grupo Vocento, editor del diario ABC. En el a\u00f1o 2009 se crea ROTOMADRID S.L. como empresa dedicada a la impresi\u00f3n de prensa para dar servicio a ABC y a un abanico de clientes que demandaban servicios de impresi\u00f3n de calidad en el \u00e1rea de Madrid.<\/p>\n<ul>\n<li><b>N\u00famero de ediciones y zona cubierta por cada edici\u00f3n.<\/b><\/li>\n<\/ul>\n<p>El ABC cuenta con once ediciones en Espa\u00f1a, entre las que destacan pro antig\u00fcedad las de Madrid y Sevilla , pero a estas hay que a\u00f1adirles las de Arag\u00f3n , Catalu\u00f1a , Galicia , Castilla la Mancha , Castilla y Le\u00f3n, Pa\u00eds Vasco , Canarias , Comunidad Valencia y Toledo.<\/p>\n<ul>\n<li><b>Lugar de conservaci\u00f3n de las colecciones.\u00a0<\/b><\/li>\n<\/ul>\n<p>Los distintos n\u00famero del diario ABC se encuentran digitalizados en la Hemeroteca digital (http:\/\/hemeroteca.abc.es) en el caso del Blanco y Negro de Madrid (1891 &#8211; 2000) ,el diario ABC de Madrid (1903- 2019), el Cultura de Madrid (1991 -2019) , D7 de Madrid (2006-2010) ,ABC de Sevilla (1929-2019), Deportes de Sevilla (2001 y 2013) y ABC de C\u00f3rdoba (2002-2019). Tambi\u00e9n se abri\u00f3 un fondo fotogr\u00e1fico<\/p>\n<p class=\"hide-if-no-js\"><a id=\"set-post-thumbnail\" class=\"thickbox\" href=\"https:\/\/blogs.ua.es\/semanatragica\/wp-admin\/media-upload.php?post_id=34&amp;type=image&amp;TB_iframe=1\" aria-describedby=\"set-post-thumbnail-desc\"><img loading=\"lazy\" decoding=\"async\" class=\"attachment-post-thumbnail aligncenter\" src=\"https:\/\/blogs.ua.es\/semanatragica\/files\/2019\/12\/Landing-Page-1-Above-the-fold-150x93.jpg\" alt=\"\" width=\"358\" height=\"221\" \/><\/a><\/p>\n<h2 style=\"text-align: center\"><u> EL EXPEDIENTE DE IDENTIDAD<\/u><\/h2>\n<ul>\n<li><b>Estructura jur\u00eddica y financiera.<\/b><\/li>\n<\/ul>\n<p>En un primer momento la empresa que editaba el diario ABC era Prensa Espa\u00f1ola , pero en el a\u00f1o 2001 se llega a un acuerdo entre la Prensa Espa\u00f1ola y el Grupo Correo para su uni\u00f3n , formando el actual diario ABC S.L del grupo Vocento (grupo de comunicaci\u00f3n multimedia de informaci\u00f3n general de Espa\u00f1a). En cuanto a los diarios territoriales encontramos : Leonoticias, Burgos conecta, El Correo , El Diario Vasco , El Diario Monta\u00f1\u00e9s , La Verdad , Diario Hoy ,Diario Sur , La Rioja , El Norte de Castilla , El Comercio , Las Provincias y La Voz de C\u00e1diz. Revistas: Inversi\u00f3n &amp; Finanzas y Nylon Spain. Suplementos: XL Semanal , Mujer Hoy , TV M\u00e1s , Mi Cartera de Inversi\u00f3n. En lo que tiene que ver con los medios radiof\u00f3nicos encontramos: COPE , Cadena 100 y Radio Mar\u00eda.<\/p>\n<ul>\n<li><b>Condiciones de impresi\u00f3n.<\/b><\/li>\n<\/ul>\n<p>El lugar de impresi\u00f3n del diario ABC se trata de Rotomadrid , que tiene como dedicaci\u00f3n principal la impresi\u00f3n de peri\u00f3dicos y que proviene del pa\u00eds de origen del diario ABC. En ella desde el a\u00f1o 2018 se comenzaron a imprimir\u00a0 diarios como El Pa\u00eds , As , Cinco D\u00edas y aquellos que<span data-offset-key=\"45vio-0-1\"> est\u00e1n relacionados con el Grupo Prisa. En ese momento la plantilla de la empresa contaba con 69 trabajadores.<\/span><\/p>\n<ul>\n<li><b>Condiciones de distribuci\u00f3n.<\/b><\/li>\n<\/ul>\n<p>En cuanto a la distribuci\u00f3n del diario ABC se puede realizar tanto como venta por n\u00famero y no a domicilio, como por medio de la suscripci\u00f3n<\/p>\n<ul>\n<li><b>Organizaci\u00f3n de la redacci\u00f3n.<\/b><\/li>\n<\/ul>\n<p>El peri\u00f3dico consta de varias secciones como es el caso de la pol\u00edtica nacional, internacional, econom\u00eda, sociedad, noticias locales, familia, opini\u00f3n, deportes, gente, cultura, ciencia, vida y viajes.<\/p>\n<ul>\n<li><b>L\u00ednea y acci\u00f3n pol\u00edticas.<\/b><\/li>\n<\/ul>\n<ul>\n<li style=\"list-style-type: none\"><\/li>\n<\/ul>\n<p style=\"text-align: left\">En un primer momento , el prop\u00f3sito del fundador del peri\u00f3dico era mantener una imparcialidad pol\u00edtica pero con una tendencia mon\u00e1rquica. En 1987, Luis Mar\u00eda Anson , el que en ese momento era el director del peri\u00f3dico , public\u00f3 un editorial en el que proclamaba sus principios editoriales. En una de sus publicaciones , el 27 de septiembre de 1987 el ABC dec\u00eda que respetaba la tradici\u00f3n cat\u00f3lica , a la que consideraba uno de los fundamentos de la convivencia nacional y tambi\u00e9n que la Instituci\u00f3n mon\u00e1rquica es el instrumento hist\u00f3rico de unidad nacional y la plataforma constitucional para la libre concordia entre los espa\u00f1oles. Y que se encontraba en oposici\u00f3n al programa socialista. De esto se sacar\u00eda su tendencia al monarquismo y al catolicismo.<\/p>\n<p style=\"text-align: left\">Pero el diario ABC ha sufrido cambios a lo largo del tiempo , por ejemplo , durante la guerra civil el Diario ABC cae en manos del bando Nacional y por su parte , el diario ABC de Madrid en manos de la Rep\u00fablica.<\/p>\n","protected":false},"excerpt":{"rendered":"<p>REGISTRO DE IDENTIFICACI\u00d3N Nombre del peri\u00f3dico . ABC elegido por la simplicidad y por ser f\u00e1cil de pronunciar. Tambi\u00e9n les llam\u00f3 la atenci\u00f3n la definici\u00f3n que ten\u00eda la Real Academia Espa\u00f1ola de la palabra \u201cabec\u00e9\u201d: \u201cRudimentos o principios de una ciencia o facultad , o de cualquier otro orden de conocimientos\u201d Lugar de residencia de [&hellip;]<\/p>\n","protected":false},"author":4373,"featured_media":40,"parent":0,"menu_order":2,"comment_status":"closed","ping_status":"closed","template":"","meta":{"footnotes":""},"class_list":["post-34","page","type-page","status-publish","has-post-thumbnail","hentry"],"_links":{"self":[{"href":"https:\/\/blogs.ua.es\/semanatragica\/wp-json\/wp\/v2\/pages\/34","targetHints":{"allow":["GET"]}}],"collection":[{"href":"https:\/\/blogs.ua.es\/semanatragica\/wp-json\/wp\/v2\/pages"}],"about":[{"href":"https:\/\/blogs.ua.es\/semanatragica\/wp-json\/wp\/v2\/types\/page"}],"author":[{"embeddable":true,"href":"https:\/\/blogs.ua.es\/semanatragica\/wp-json\/wp\/v2\/users\/4373"}],"replies":[{"embeddable":true,"href":"https:\/\/blogs.ua.es\/semanatragica\/wp-json\/wp\/v2\/comments?post=34"}],"version-history":[{"count":26,"href":"https:\/\/blogs.ua.es\/semanatragica\/wp-json\/wp\/v2\/pages\/34\/revisions"}],"predecessor-version":[{"id":116,"href":"https:\/\/blogs.ua.es\/semanatragica\/wp-json\/wp\/v2\/pages\/34\/revisions\/116"}],"wp:featuredmedia":[{"embeddable":true,"href":"https:\/\/blogs.ua.es\/semanatragica\/wp-json\/wp\/v2\/media\/40"}],"wp:attachment":[{"href":"https:\/\/blogs.ua.es\/semanatragica\/wp-json\/wp\/v2\/media?parent=34"}],"curies":[{"name":"wp","href":"https:\/\/api.w.org\/{rel}","templated":true}]}}