{"id":48,"date":"2019-12-16T21:47:22","date_gmt":"2019-12-16T21:47:22","guid":{"rendered":"https:\/\/blogs.ua.es\/semanatragica\/?page_id=48"},"modified":"2019-12-17T07:37:05","modified_gmt":"2019-12-17T07:37:05","slug":"bibliografia","status":"publish","type":"page","link":"https:\/\/blogs.ua.es\/semanatragica\/bibliografia\/","title":{"rendered":"Bibliograf\u00eda"},"content":{"rendered":"<ul>\n<li style=\"text-align: left\">Rita Lo Porto, Valeria Mar\u00eda.<em>Cartelera teatral en ABC de Madrid (1990-1994)<\/em><\/li>\n<li style=\"text-align: left\">Olmos, V\u00edctor.<em>Historia del ABC.<\/em>2002<\/li>\n<li>Arias, Eloy. Parias Sainz de Rozas, Mar\u00eda. Barroso, Elena. Ru\u00edz, Mar\u00eda.<em>Comunicaci\u00f3n, Historia y Sociedad: Homenaje a Alfonso Braojos.<\/em>Univesridad de Sevilla.2002<\/li>\n<li><em>El diario &#8216;Abc&#8217; cambia su formato despu\u00e9s de 96 a\u00f1os.<\/em> El Pa\u00eds. 21 de Julio de 1999. [Consultado en: https:\/\/elpais.com\/diario\/1999\/07\/21\/sociedad\/932508011_850215.html]<\/li>\n<li><em>\u00bfQui\u00e9nes somos?.Roto Madrid<\/em>. [Consultado en: http:\/\/www.rotomadrid.com\/quienes-somos.html]<\/li>\n<li>Ayala S\u00f6rensen, Federico.E<em>l Revelado.Archivo ABC.\u00a0<\/em> 9 de Junio de 2015. [Consultado en: https:\/\/www.abc.es\/abcfoto\/revelado\/20150609\/abci-archivo-fondos-201506081926.html]<\/li>\n<li><span id=\"CITAREFNogu\u00e9Barrera2006\" class=\"citation libro\">Nogu\u00e9, Anna; Barrera, Carlos.<i>La Vanguardia, del franquismo a la democracia.a la democracia<\/i>. 2006<br \/>\n<\/span><\/li>\n<li>Figueres, Josep Mar\u00eda. <em>Periodisme en la Guerra Civil.<\/em> Publicacions de l&#8217;Abad\u00eda de Montserrat. 2010.<\/li>\n<li><em>Grupo God\u00f3.Historia.<\/em> [Consultado en: https:\/\/web.archive.org\/web\/20110713112106\/http:\/www.grupogodo.net\/institucional\/historia\/index.html]<\/li>\n<li><em>Cre-a Nosotros.Cre-a<\/em>. [Consultado en: http:\/\/www.cre-a.com\/nosotros\/]<\/li>\n<li>Fern\u00e1ndez Gil, J. R..<em> Fuentes de an\u00e1lisis para el estudio de la prensa diaria.<\/em> <i>Anales De Documentaci\u00f3n<\/i>. [Consultado en: https:\/\/revistas.um.es\/analesdoc\/article\/view\/107101]<\/li>\n<li>L\u00f3pez-Rabadan, Pablo L\u00f3pez. <em>La evoluci\u00f3n de la agenda medi\u00e1tica espa\u00f1ola (1980-2010). Un an\u00e1lisis longitudinal de la portada de la prensa de referencia.<\/em>Revista latina de comunicaci\u00f3n social. 2012<\/li>\n<\/ul>\n","protected":false},"excerpt":{"rendered":"<p>Rita Lo Porto, Valeria Mar\u00eda.Cartelera teatral en ABC de Madrid (1990-1994) Olmos, V\u00edctor.Historia del ABC.2002 Arias, Eloy. Parias Sainz de Rozas, Mar\u00eda. Barroso, Elena. Ru\u00edz, Mar\u00eda.Comunicaci\u00f3n, Historia y Sociedad: Homenaje a Alfonso Braojos.Univesridad de Sevilla.2002 El diario &#8216;Abc&#8217; cambia su formato despu\u00e9s de 96 a\u00f1os. El Pa\u00eds. 21 de Julio de 1999. [Consultado en: https:\/\/elpais.com\/diario\/1999\/07\/21\/sociedad\/932508011_850215.html] [&hellip;]<\/p>\n","protected":false},"author":4373,"featured_media":0,"parent":0,"menu_order":7,"comment_status":"closed","ping_status":"closed","template":"","meta":{"footnotes":""},"class_list":["post-48","page","type-page","status-publish","hentry"],"_links":{"self":[{"href":"https:\/\/blogs.ua.es\/semanatragica\/wp-json\/wp\/v2\/pages\/48","targetHints":{"allow":["GET"]}}],"collection":[{"href":"https:\/\/blogs.ua.es\/semanatragica\/wp-json\/wp\/v2\/pages"}],"about":[{"href":"https:\/\/blogs.ua.es\/semanatragica\/wp-json\/wp\/v2\/types\/page"}],"author":[{"embeddable":true,"href":"https:\/\/blogs.ua.es\/semanatragica\/wp-json\/wp\/v2\/users\/4373"}],"replies":[{"embeddable":true,"href":"https:\/\/blogs.ua.es\/semanatragica\/wp-json\/wp\/v2\/comments?post=48"}],"version-history":[{"count":6,"href":"https:\/\/blogs.ua.es\/semanatragica\/wp-json\/wp\/v2\/pages\/48\/revisions"}],"predecessor-version":[{"id":115,"href":"https:\/\/blogs.ua.es\/semanatragica\/wp-json\/wp\/v2\/pages\/48\/revisions\/115"}],"wp:attachment":[{"href":"https:\/\/blogs.ua.es\/semanatragica\/wp-json\/wp\/v2\/media?parent=48"}],"curies":[{"name":"wp","href":"https:\/\/api.w.org\/{rel}","templated":true}]}}