{"id":50,"date":"2019-12-16T21:47:49","date_gmt":"2019-12-16T21:47:49","guid":{"rendered":"https:\/\/blogs.ua.es\/semanatragica\/?page_id=50"},"modified":"2019-12-17T07:22:31","modified_gmt":"2019-12-17T07:22:31","slug":"comentario-metodologico-general-la-vanguardia","status":"publish","type":"page","link":"https:\/\/blogs.ua.es\/semanatragica\/comentario-metodologico-general-la-vanguardia\/","title":{"rendered":"Comentario metodol\u00f3gico general La Vanguardia"},"content":{"rendered":"<p class=\"hide-if-no-js\"><a id=\"set-post-thumbnail\" class=\"thickbox\" href=\"https:\/\/blogs.ua.es\/semanatragica\/wp-admin\/media-upload.php?post_id=50&amp;type=image&amp;TB_iframe=1\" aria-describedby=\"set-post-thumbnail-desc\"><img loading=\"lazy\" decoding=\"async\" class=\"attachment-post-thumbnail aligncenter\" src=\"https:\/\/blogs.ua.es\/semanatragica\/files\/2019\/12\/lavanguardia-logo-150x73.png\" alt=\"\" width=\"248\" height=\"121\" \/><\/a><\/p>\n<h2 style=\"text-align: center\"><u>REGISTRO DE IDENTIFICACI\u00d3N<\/u><\/h2>\n<ul>\n<li><b>Nombre del peri\u00f3dico .<\/b><\/li>\n<\/ul>\n<p>La Vanguardia. Vanguardia significa en primera posici\u00f3n, el punto m\u00e1s avanzado, adelantado a los dem\u00e1s lo que podr\u00eda significar que quieren ser l\u00edderes en relaci\u00f3n al periodismo. Aunque hay que destacar que su nombre cambi\u00f3 durante la dictadura franquista al nombre de La Vanguardia Espa\u00f1ola hasta que en la transici\u00f3n se volvi\u00f3 a denominar con su nombre original.<b><br \/>\n<\/b><\/p>\n<ul>\n<li><b>Lugar de residencia de la administraci\u00f3n y redacci\u00f3n.<\/b><\/li>\n<\/ul>\n<p>El lugar de residencia de la administraci\u00f3n y la redacci\u00f3n est\u00e1 situado en Barcelona desde los inicios de existencia del peri\u00f3dico. En un principio estuvo en la calle Les Heures y m\u00e1s tarde en la calle Pelayo 28 hasta que posteriormente en 2004 se traslad\u00f3 a la Avenida Diagonal 477.<\/p>\n<ul>\n<li><b>Las indicaciones que se pueden acompa\u00f1ar al nombre.<\/b><\/li>\n<\/ul>\n<p>En un principio Diario Independiente de Barcelona, esto es debido a un tema ideol\u00f3gico ya que en este momeno dej\u00f3 de pertenecer al Partido Liberal y m\u00e1s tarde esta descripci\u00f3n dej\u00f3 de aparecer. Tambi\u00e9n a\u00f1adir que como hemos comentado anteriormente se a\u00f1ade la Vanguardia Espa\u00f1ola por la dictadura franquista y deja de tener inidicaciones de acompa\u00f1amiento en el nombre a partir de la transici\u00f3n.<\/p>\n<ul>\n<li><b>La Periodicidad. <\/b><\/li>\n<\/ul>\n<p>La periodicidad del peri\u00f3dico la Vanguardia en un principio ten\u00eda una edici\u00f3n de la ma\u00f1ana y edici\u00f3n de tarde hasta que posteriormente solo habr\u00eda edici\u00f3n de ma\u00f1ana.<\/p>\n<ul>\n<li><b>El Momento de la Aparici\u00f3n.<\/b><\/li>\n<\/ul>\n<p>La Vanguardia comienza cuando los dos hermanos God\u00f3, Carlos y Bartolom\u00e9, empresarios de Barcelona, lanzan el 1 de febrero de 1881 su primer peri\u00f3dico dedicado a temas variados con una linea editorial dependiente del Partido Liberal. Unos a\u00f1os m\u00e1s tarde se desvincula del Partido Liberal aunque sigue siendo en parte cercano a sus ideales.<\/p>\n<ul>\n<li><b>La Zona Principal de Difusi\u00f3n.<\/b><\/li>\n<\/ul>\n<p>En un principio estaba dirigido al p\u00fablico de la ciudad de Barcelona y toda Catalu\u00f1a pero en Espa\u00f1a se consolid\u00f3 durante un tiempo como primer diario espa\u00f1ol aunque en los \u00faltimos a\u00f1os ha estado entre los m\u00e1s le\u00eddos pero sin estar en lo m\u00e1s alto.<\/p>\n<ul>\n<li><b>El Tiraje. <\/b><\/li>\n<\/ul>\n<p>Tuvo un gran \u00e9xito en su primera etapa con una cifra de ventas de alrededor de 800.000 ejemplares en Catalu\u00f1a pero en la actualidad vende cerca de 106.000 ejemplares en toda Espa\u00f1a y se encuentra en un abultado descenso de ventas debido a la aparici\u00f3n de internet y la suscripci\u00f3n digital.<\/p>\n<ul>\n<li><b>La Fecha del Primero y del \u00daltimo N\u00famero.<\/b><\/li>\n<\/ul>\n<p>El primer peri\u00f3dico es del 1 de febrero de 1881 donde se muestran en su portada temas variados. El \u00faltimo peri\u00f3dico es del 2 de diciembre de 2019 que su portada tiene el t\u00edtulo de: El mundo afronta la hora de la verdad en la cumbre del clima.<\/p>\n<ul>\n<li><b>El Precio.<\/b><\/li>\n<\/ul>\n<p>En sus inicios el precio del peri\u00f3dico unitario era de 5 c\u00e9ntimos y el precio de la suscripci\u00f3n en Barcelona durante un mes era de 1 peseta, fuera de Barcelona cinco meses costaba 4&#8217;5 pesetas y en el extranjero una suscripci\u00f3n de cinco meses 9 pesetas. Este precio ha ido variando hasta la actualidad que tiene un precio de 1&#8217;30 euros.<\/p>\n<ul>\n<li><b>Las Caracter\u00edsticas excepcionales de la vida del Peri\u00f3dico.<\/b><\/li>\n<\/ul>\n<p>La Vanguardia estuvo ligado al poder durante la mayor\u00eda de vida del per\u00eddoico como fue en un principio con el Partido Liberal, con la dictadura franquista y posteriormente con CiU. Lo que ha significado que haya sido un per\u00edodico ligado a los vaivenes de la vida pol\u00edtica y sus dirigentes.<\/p>\n<ul>\n<li><b>El Formato<\/b><\/li>\n<\/ul>\n<p>Durante su existencia ha ido variando en un principio se utiliza el tama\u00f1o berliner con unas dimensiones de 31 x 45 cent\u00edmetros y posteriormente de formato tabloide de 29&#215;41.<\/p>\n<ul>\n<li><b>N\u00famero de p\u00e1ginas y n\u00famero de columnas por p\u00e1gina.<\/b><\/li>\n<\/ul>\n<p>En cuanto al n\u00famero de p\u00e1ginas , en 1910 era de 14 p\u00e1ginas, en 1930 pasa a 34, en la postguerra 6 p\u00e1ginas ,m\u00e1s tarde 16 de un cuadernillo y en los a\u00f1os 90 sobre 70 p\u00e1ginas dhasta que en la actualidad el n\u00famero de p\u00e1ginas del diario ronda el centenar.<\/p>\n<p>Respecto al n\u00famero de columnas\u00a0 en cada p\u00e1gina se escriben 4 columnas.<\/p>\n<ul>\n<li><b>El nombre y la direcci\u00f3n del Impresor.<\/b><\/li>\n<\/ul>\n<p>Desde el a\u00f1o 2006 el impresor est\u00e1 formado por la empresa CRE-A que est\u00e1 formada por 100% capital del grupo God\u00f3 y est\u00e1 situada en el Pol\u00edgono Industrial Zona Franca en Barcelona.<\/p>\n<ul>\n<li><b>N\u00famero de ediciones y zona cubierta por cada edici\u00f3n.<\/b><\/li>\n<\/ul>\n<p>La Vanguardia cuenta con doce ediciones en Espa\u00f1a, entre las que destacandos tipos las de Catalu\u00f1a y fuera de Catalu\u00f1a. En Catalu\u00f1a son el caso de la edici\u00f3n catalana, Gran Vall\u00e9s, Maresme, L&#8217;Hospitalet y Baix Llobregat, Badalona &#8211; Barcelon\u00e9s Nord, Lleida, Tarragona, Girona y Barcelona. Fuera de Catalu\u00f1a se\u00f1alamos las de Madrid, Comunidad Valenciana, Andaluc\u00eda y Pa\u00eds Vasco.<\/p>\n<ul>\n<li><b>Lugar de conservaci\u00f3n de las colecciones. <\/b><\/li>\n<\/ul>\n<p>El lugar de conservaci\u00f3n de los ejemplares estan conservados digitalmente en la web hemerodeca digital de La Vanguardia (https:\/\/www.lavanguardia.com\/hemeroteca)<\/p>\n<p class=\"hide-if-no-js\"><a id=\"set-post-thumbnail\" class=\"thickbox\" href=\"https:\/\/blogs.ua.es\/semanatragica\/wp-admin\/media-upload.php?post_id=34&amp;type=image&amp;TB_iframe=1\" aria-describedby=\"set-post-thumbnail-desc\"><img loading=\"lazy\" decoding=\"async\" class=\"attachment-post-thumbnail aligncenter\" src=\"https:\/\/blogs.ua.es\/semanatragica\/files\/2019\/12\/Landing-Page-1-Above-the-fold-150x93.jpg\" alt=\"\" width=\"358\" height=\"221\" \/><\/a><\/p>\n<h2 style=\"text-align: center\"><u> EL EXPEDIENTE DE IDENTIDAD<\/u><\/h2>\n<ul>\n<li><b>Estructura jur\u00eddica y financiera.<\/b><\/li>\n<\/ul>\n<p>La sociedad que lo dirige es el Gropo God\u00f3. Al principio solo ten\u00edan per\u00edodico y ahora una editorial con una gran variedad de peri\u00f3dicos, televisiones y radios. Son propietarios de Diarios : La Vanguardia , El Mundo Deportivo . Revistas :\u00a0 Magazine, Que Fem? , Fashion&amp;Arts , Historia y Vida, Salud y Vida. Televisi\u00f3n : 8TV , . Radios : RAC1 y RAC 105.<\/p>\n<p>Respecto a la estructura financiera se trata de una sociedad an\u00f3nima.<\/p>\n<ul>\n<li><b>Condiciones de impresi\u00f3n.<\/b><\/li>\n<\/ul>\n<p>La impresi\u00f3n se realiza desde 2006 en la empresa Cre-a 100% propiedad del Grupo God\u00f3 situado en el pol\u00edgono industrial de Zona Franca en Barcelona.<\/p>\n<ul>\n<li><b>Condiciones de distribuci\u00f3n.<\/b><\/li>\n<\/ul>\n<p>En cuanto a la distribuci\u00f3n del diario La Vanguardia se puede realizar tanto como venta f\u00edsica por n\u00famero y por medio de la suscripci\u00f3n digital.<\/p>\n<ul>\n<li><b>Organizaci\u00f3n de la redacci\u00f3n.<\/b><\/li>\n<\/ul>\n<p>La redacci\u00f3n est\u00e1 dividida en distintos apartados. Entre los que nos encontramos secciones de Pol\u00edtica Nacional , Internacional , Sucesos, Deporte, Vida, Econom\u00eda,\u00a0 Gente, Cultura\u00a0 y Opini\u00f3n.<\/p>\n<ul>\n<li><b>L\u00ednea y acci\u00f3n pol\u00edticas.<\/b><\/li>\n<\/ul>\n<p>El peri\u00f3dico La Vanguardia a finales del siglo XIX estaba ligado en un principio al Partido Liberal de ideolog\u00eda ligada al monarquismo y liberalismo progresista . Posteriormente al desligarse del partido liberal no signific\u00f3 el cambio de su ideolog\u00eda. Durante la guerra civil fue pr\u00f3ximo ideol\u00f3gicamente al gobierno de la republica. M\u00e1s tarde durante la \u00e9poca franquista fue cercano al r\u00e9gimen de franco y un activo colaborador del r\u00e9gimen . Finalmente tras la transici\u00f3n volvi\u00f3 a tener una ideolog\u00eda conservadora como en sus inicios muy cercana a las posiciones ideol\u00f3gicas de convergencia y uni\u00f3n. Actualmente es intenta ser imparcial en el conflicto catal\u00e1n.<\/p>\n","protected":false},"excerpt":{"rendered":"<p>REGISTRO DE IDENTIFICACI\u00d3N Nombre del peri\u00f3dico . La Vanguardia. Vanguardia significa en primera posici\u00f3n, el punto m\u00e1s avanzado, adelantado a los dem\u00e1s lo que podr\u00eda significar que quieren ser l\u00edderes en relaci\u00f3n al periodismo. Aunque hay que destacar que su nombre cambi\u00f3 durante la dictadura franquista al nombre de La Vanguardia Espa\u00f1ola hasta que en [&hellip;]<\/p>\n","protected":false},"author":4373,"featured_media":41,"parent":0,"menu_order":3,"comment_status":"closed","ping_status":"closed","template":"","meta":{"footnotes":""},"class_list":["post-50","page","type-page","status-publish","has-post-thumbnail","hentry"],"_links":{"self":[{"href":"https:\/\/blogs.ua.es\/semanatragica\/wp-json\/wp\/v2\/pages\/50","targetHints":{"allow":["GET"]}}],"collection":[{"href":"https:\/\/blogs.ua.es\/semanatragica\/wp-json\/wp\/v2\/pages"}],"about":[{"href":"https:\/\/blogs.ua.es\/semanatragica\/wp-json\/wp\/v2\/types\/page"}],"author":[{"embeddable":true,"href":"https:\/\/blogs.ua.es\/semanatragica\/wp-json\/wp\/v2\/users\/4373"}],"replies":[{"embeddable":true,"href":"https:\/\/blogs.ua.es\/semanatragica\/wp-json\/wp\/v2\/comments?post=50"}],"version-history":[{"count":18,"href":"https:\/\/blogs.ua.es\/semanatragica\/wp-json\/wp\/v2\/pages\/50\/revisions"}],"predecessor-version":[{"id":113,"href":"https:\/\/blogs.ua.es\/semanatragica\/wp-json\/wp\/v2\/pages\/50\/revisions\/113"}],"wp:featuredmedia":[{"embeddable":true,"href":"https:\/\/blogs.ua.es\/semanatragica\/wp-json\/wp\/v2\/media\/41"}],"wp:attachment":[{"href":"https:\/\/blogs.ua.es\/semanatragica\/wp-json\/wp\/v2\/media?parent=50"}],"curies":[{"name":"wp","href":"https:\/\/api.w.org\/{rel}","templated":true}]}}