{"id":12,"date":"2025-12-01T15:21:07","date_gmt":"2025-12-01T15:21:07","guid":{"rendered":"https:\/\/blogs.ua.es\/sepcua\/?page_id=12"},"modified":"2025-12-04T15:14:29","modified_gmt":"2025-12-04T15:14:29","slug":"els-nostres-grans-eixos-de-revindicacio","status":"publish","type":"page","link":"https:\/\/blogs.ua.es\/sepcua\/els-nostres-grans-eixos-de-revindicacio\/","title":{"rendered":"Els nostres grans eixos de revindicaci\u00f3"},"content":{"rendered":"\n<p class=\"has-base-color has-text-color has-background has-link-color has-large-font-size wp-elements-9b5e22cba7b650c4d4fe2212bfd39ef6\" style=\"background-color:#ff0000\"><strong>P\u00fablica<\/strong><\/p>\n\n\n\n<p>L&#8217;educaci\u00f3 ha de ser entesa com un dret fonamental i universal. Per aix\u00f2, volem un ensenyament p\u00fablic i gratu\u00eft, d&#8217;acc\u00e9s universal.<\/p>\n\n\n\n<p>Lluitem contra la mercantilitzaci\u00f3 de l&#8217;educaci\u00f3, defensem l&#8217;educaci\u00f3 no com a mercaderia, sin\u00f3 com a dret!<\/p>\n\n\n\n<p class=\"has-base-color has-text-color has-background has-link-color has-large-font-size wp-elements-0017aaa00b31e5463c046a0ad86ace72\" style=\"background-color:#ff0000\"><strong>Popular<\/strong><\/p>\n\n\n\n<p>L&#8217;educaci\u00f3 \u00e9s un b\u00e9 indispensable per al desenvolupament hum\u00e0 i l&#8217;emancipaci\u00f3 de la classe treballadora.<\/p>\n\n\n\n<p>Per aix\u00f2, defensem un ensenyament que fomente l&#8217;esperit cr\u00edtic i al servei de la veritat i el coneixement, basat en la transmissi\u00f3 i generaci\u00f3 d&#8217;aquest, i no dels valors del mercat.<\/p>\n\n\n\n<p class=\"has-base-color has-text-color has-background has-link-color has-large-font-size wp-elements-f3a7c8180e34ab00a6bb2fdc4bf73f1b\" style=\"background-color:#ff0000\"><strong>Feminista<\/strong><\/p>\n\n\n\n<p>Apostem per la coeducaci\u00f3 com a metodologia educativa per promoure una educaci\u00f3 que potencie la igualtat real d&#8217;oportunitats i l&#8217;eliminaci\u00f3 de tota mena de discriminaci\u00f3 per ra\u00f3 de g\u00e8nere i\/o sexualitat.<\/p>\n\n\n\n<p>Defensem una educaci\u00f3 feminista perqu\u00e8 les aules, com a agents fonamentals en la socialitzaci\u00f3 del g\u00e8nere i la reproducci\u00f3 dels rols de g\u00e8nere, s\u00f3n l&#8217;espai clau per construir una societat feminista.<\/p>\n\n\n\n<p class=\"has-base-color has-text-color has-background has-link-color has-large-font-size wp-elements-9158842061acfe367e2bd5344801e9e0\" style=\"background-color:#ff0000\"><strong>En valenci\u00e0<\/strong><\/p>\n\n\n\n<p>Treballem per un ensenyament en valenci\u00e0, entenem que cada poble, per afrontar els propis reptes socials, culturals i econ\u00f2mics t\u00e9 el dret a organitzar i regular el seu propi sistema educatiu.<\/p>\n\n\n\n<p>Lluitem per un marc educatiu dels Pa\u00efsos Catalans i volem un ensenyament valenci\u00e0 tant en llengua com en continguts. La llengua catalana ha de ser la llengua vehicular de l&#8217;ensenyament.<\/p>\n\n\n\n<p class=\"has-base-color has-text-color has-background has-link-color has-large-font-size wp-elements-98082abffea2400e8b875b542f154ede\" style=\"background-color:#ff0000\"><strong>De qualitat<\/strong><\/p>\n\n\n\n<p class=\"has-large-font-size\">Exigim un model educatiu que no mesure la qualitat educativa exclusivament per la seua efici\u00e8ncia i rendibilitat econ\u00f2mica, sin\u00f3 que incloga criteris acad\u00e8mics i de socialitzaci\u00f3 del coneixement.<\/p>\n\n\n\n<p>Entenem que l&#8217;estudiantat no pot ser tractat com una consumidora de coneixement o client, sin\u00f3 com una persona en formaci\u00f3. Aquest ensenyament ha de partir i promoure models educatius racionals i cient\u00edfics, defugint dogmatismes.<\/p>\n","protected":false},"excerpt":{"rendered":"<p>P\u00fablica L&#8217;educaci\u00f3 ha de ser entesa com un dret fonamental i universal. Per aix\u00f2, volem un ensenyament p\u00fablic i gratu\u00eft, d&#8217;acc\u00e9s universal. Lluitem contra la mercantilitzaci\u00f3 de l&#8217;educaci\u00f3, defensem l&#8217;educaci\u00f3 no com a mercaderia, sin\u00f3 com a dret! Popular L&#8217;educaci\u00f3 \u00e9s un b\u00e9 indispensable per al desenvolupament hum\u00e0 i l&#8217;emancipaci\u00f3 de la classe treballadora. Per [&hellip;]<\/p>\n","protected":false},"author":4648,"featured_media":0,"parent":0,"menu_order":0,"comment_status":"closed","ping_status":"closed","template":"","meta":{"footnotes":""},"class_list":["post-12","page","type-page","status-publish","hentry"],"_links":{"self":[{"href":"https:\/\/blogs.ua.es\/sepcua\/wp-json\/wp\/v2\/pages\/12","targetHints":{"allow":["GET"]}}],"collection":[{"href":"https:\/\/blogs.ua.es\/sepcua\/wp-json\/wp\/v2\/pages"}],"about":[{"href":"https:\/\/blogs.ua.es\/sepcua\/wp-json\/wp\/v2\/types\/page"}],"author":[{"embeddable":true,"href":"https:\/\/blogs.ua.es\/sepcua\/wp-json\/wp\/v2\/users\/4648"}],"replies":[{"embeddable":true,"href":"https:\/\/blogs.ua.es\/sepcua\/wp-json\/wp\/v2\/comments?post=12"}],"version-history":[{"count":5,"href":"https:\/\/blogs.ua.es\/sepcua\/wp-json\/wp\/v2\/pages\/12\/revisions"}],"predecessor-version":[{"id":41,"href":"https:\/\/blogs.ua.es\/sepcua\/wp-json\/wp\/v2\/pages\/12\/revisions\/41"}],"wp:attachment":[{"href":"https:\/\/blogs.ua.es\/sepcua\/wp-json\/wp\/v2\/media?parent=12"}],"curies":[{"name":"wp","href":"https:\/\/api.w.org\/{rel}","templated":true}]}}