{"id":2,"date":"2013-01-24T11:39:49","date_gmt":"2013-01-24T11:39:49","guid":{"rendered":"https:\/\/blogs.ua.es\/sergio86\/?page_id=2"},"modified":"2013-01-25T14:53:20","modified_gmt":"2013-01-25T14:53:20","slug":"pagina-ejemplo","status":"publish","type":"page","link":"https:\/\/blogs.ua.es\/sergio86\/pagina-ejemplo\/","title":{"rendered":"Blogs de inter\u00e9s hist\u00f3rico"},"content":{"rendered":"<p><strong><a href=\"https:\/\/blogs.ua.es\/estatutcomunitatvalenciana\/\" rel=\"nofollow\" target=\"_blank\">Estatut d&#8217;Autonomia de la Comunitat Valenciana<\/a><\/strong><\/p>\n<p><strong><a href=\"https:\/\/blogs.ua.es\/fursvalencia\/\" rel=\"nofollow\" target=\"_blank\">Furs de Val\u00e8ncia de Jaume I<\/a><\/strong><\/p>\n<p><strong><a href=\"https:\/\/blogs.ua.es\/eleccionesalicante1977\/\" rel=\"nofollow\" target=\"_blank\">Elecciones generales de 1977 en la prov\u00edncia de Alicante<\/a><\/strong><\/p>\n<p><strong><a href=\"https:\/\/blogs.ua.es\/arxiuregnevalencia\/\" rel=\"nofollow\" target=\"_blank\">L&#8217;Arxiu del Regne de Val\u00e8ncia | Entrant en la hist\u00f2ria.<\/a><\/strong><\/p>\n<p><strong><a href=\"https:\/\/blogs.ua.es\/cavanilleshistoriavalencia\/\" rel=\"nofollow\" target=\"_blank\">Antonio Jos\u00e9 Cavanilles | Historia Reyno Valencia<\/a><\/strong><\/p>\n<p><strong><a href=\"https:\/\/blogs.ua.es\/librosprivilegiosalicante\/\" rel=\"nofollow\" target=\"_blank\">Libros de privilegios de la ciudad de Alicante &#8211; Literatura Alicantina<\/a><\/strong><\/p>\n<p><strong><a href=\"https:\/\/blogs.ua.es\/llibreconsolatmar\/\" rel=\"nofollow\" target=\"_blank\">Llibre del Consolat del Mar<\/a><\/strong><\/p>\n<p><strong><a href=\"https:\/\/blogs.ua.es\/archivoscomunidadvalenciana\/\" rel=\"nofollow\" target=\"_blank\">Archivos C.Valenciana Sistema archiv\u00edstico de la Comunidad Valenciana<\/a><\/strong><\/p>\n<h3><strong><a href=\"https:\/\/www.google.es\/url?sa=t&amp;rct=j&amp;q=&amp;esrc=s&amp;source=web&amp;cd=1&amp;cad=rja&amp;ved=0CDEQFjAA&amp;url=http%3A%2F%2Fblogs.ua.es%2Fbibliotecaalfonsomagnanimo%2F&amp;ei=9psCUafEK9OzhAf_94HABg&amp;usg=AFQjCNHyH0eRS3bAZC6w2kAyeZoSGcT54w&amp;sig2=_a5GUdFeURlnUtecklpC_w&amp;bvm=bv.41524429,d.d2k\">La\u00a0<em>biblioteca<\/em>\u00a0de\u00a0<em>Alfonso<\/em>\u00a0el Magn\u00e1nimo | El rey mecenas\u00a0<\/a><\/strong><\/h3>\n<p><strong><a title=\"Blog de carteles de Josep Renau\" href=\"https:\/\/blogs.ua.es\/cartellsjoseprenau\/\" target=\"_blank\">Cartells de Josep Renau<\/a><\/strong><\/p>\n<p><strong><a href=\"https:\/\/blogs.ua.es\/carlosmartos\/\">Misteri d&#8217;Elx<\/a><\/strong><\/p>\n<p>&nbsp;<\/p>\n","protected":false},"excerpt":{"rendered":"<p>Estatut d&#8217;Autonomia de la Comunitat Valenciana Furs de Val\u00e8ncia de Jaume I Elecciones generales de 1977 en la prov\u00edncia de Alicante L&#8217;Arxiu del Regne de Val\u00e8ncia | Entrant en la hist\u00f2ria. Antonio Jos\u00e9 Cavanilles | Historia Reyno Valencia Libros de &hellip; <a href=\"https:\/\/blogs.ua.es\/sergio86\/pagina-ejemplo\/\">Continue reading <span class=\"meta-nav\">&rarr;<\/span><\/a><\/p>\n","protected":false},"author":3042,"featured_media":0,"parent":0,"menu_order":0,"comment_status":"open","ping_status":"open","template":"","meta":{"footnotes":""},"class_list":["post-2","page","type-page","status-publish","hentry"],"_links":{"self":[{"href":"https:\/\/blogs.ua.es\/sergio86\/wp-json\/wp\/v2\/pages\/2","targetHints":{"allow":["GET"]}}],"collection":[{"href":"https:\/\/blogs.ua.es\/sergio86\/wp-json\/wp\/v2\/pages"}],"about":[{"href":"https:\/\/blogs.ua.es\/sergio86\/wp-json\/wp\/v2\/types\/page"}],"author":[{"embeddable":true,"href":"https:\/\/blogs.ua.es\/sergio86\/wp-json\/wp\/v2\/users\/3042"}],"replies":[{"embeddable":true,"href":"https:\/\/blogs.ua.es\/sergio86\/wp-json\/wp\/v2\/comments?post=2"}],"version-history":[{"count":3,"href":"https:\/\/blogs.ua.es\/sergio86\/wp-json\/wp\/v2\/pages\/2\/revisions"}],"predecessor-version":[{"id":39,"href":"https:\/\/blogs.ua.es\/sergio86\/wp-json\/wp\/v2\/pages\/2\/revisions\/39"}],"wp:attachment":[{"href":"https:\/\/blogs.ua.es\/sergio86\/wp-json\/wp\/v2\/media?parent=2"}],"curies":[{"name":"wp","href":"https:\/\/api.w.org\/{rel}","templated":true}]}}