{"id":50,"date":"2013-01-25T15:29:43","date_gmt":"2013-01-25T15:29:43","guid":{"rendered":"https:\/\/blogs.ua.es\/sergio86\/?page_id=50"},"modified":"2013-01-25T15:29:43","modified_gmt":"2013-01-25T15:29:43","slug":"sobre-el-sitio","status":"publish","type":"page","link":"https:\/\/blogs.ua.es\/sergio86\/sobre-el-sitio\/","title":{"rendered":"Sobre el sitio"},"content":{"rendered":"<p>En este Blog he querido recopilar en un solo lugar la informaci\u00f3n m\u00e1s relevante sobre la Biblioteca Valenciana. Como mayor medio de obtenci\u00f3n de la informaci\u00f3n he utiliza\u00a0Internet\u00a0el hecho de usar este y no otro es porque\u00a0Internet\u00a0es el medio que m\u00e1s a mano tienes hoy en d\u00eda, en el PC,\u00a0port\u00e1tiles,\u00a0M\u00f3viles\u00a0 en casi todas partes hay redes wifi a las que puedes conectarte. El problema de la red es que mucha veces diversifica, y la informaci\u00f3n sobre un mismo sitio la tienes repartida en un\u00a0mont\u00f3n\u00a0de paginas web distintas, o en paginas web arcaicas, con un sistema de visualizaci\u00f3n engorroso. Por ello en este blog puedes obtener informaci\u00f3n sobre la Biblioteca Valenciana y lo que la rodea, de un simple vistazo, sin tener que estar navegando en\u00a0laber\u00ednticas\u00a0webs, ni\u00a0buceando\u00a0en google durante horas.<\/p>\n","protected":false},"excerpt":{"rendered":"<p>En este Blog he querido recopilar en un solo lugar la informaci\u00f3n m\u00e1s relevante sobre la Biblioteca Valenciana. Como mayor medio de obtenci\u00f3n de la informaci\u00f3n he utiliza\u00a0Internet\u00a0el hecho de usar este y no otro es porque\u00a0Internet\u00a0es el medio que &hellip; <a href=\"https:\/\/blogs.ua.es\/sergio86\/sobre-el-sitio\/\">Continue reading <span class=\"meta-nav\">&rarr;<\/span><\/a><\/p>\n","protected":false},"author":3042,"featured_media":0,"parent":0,"menu_order":0,"comment_status":"open","ping_status":"open","template":"","meta":{"footnotes":""},"class_list":["post-50","page","type-page","status-publish","hentry"],"_links":{"self":[{"href":"https:\/\/blogs.ua.es\/sergio86\/wp-json\/wp\/v2\/pages\/50","targetHints":{"allow":["GET"]}}],"collection":[{"href":"https:\/\/blogs.ua.es\/sergio86\/wp-json\/wp\/v2\/pages"}],"about":[{"href":"https:\/\/blogs.ua.es\/sergio86\/wp-json\/wp\/v2\/types\/page"}],"author":[{"embeddable":true,"href":"https:\/\/blogs.ua.es\/sergio86\/wp-json\/wp\/v2\/users\/3042"}],"replies":[{"embeddable":true,"href":"https:\/\/blogs.ua.es\/sergio86\/wp-json\/wp\/v2\/comments?post=50"}],"version-history":[{"count":1,"href":"https:\/\/blogs.ua.es\/sergio86\/wp-json\/wp\/v2\/pages\/50\/revisions"}],"predecessor-version":[{"id":51,"href":"https:\/\/blogs.ua.es\/sergio86\/wp-json\/wp\/v2\/pages\/50\/revisions\/51"}],"wp:attachment":[{"href":"https:\/\/blogs.ua.es\/sergio86\/wp-json\/wp\/v2\/media?parent=50"}],"curies":[{"name":"wp","href":"https:\/\/api.w.org\/{rel}","templated":true}]}}