{"id":17,"date":"2017-12-18T15:11:08","date_gmt":"2017-12-18T15:11:08","guid":{"rendered":"https:\/\/blogs.ua.es\/sevillatieneuncolorespecial\/?page_id=17"},"modified":"2017-12-19T09:37:53","modified_gmt":"2017-12-19T09:37:53","slug":"introduccion","status":"publish","type":"page","link":"https:\/\/blogs.ua.es\/sevillatieneuncolorespecial\/introduccion\/","title":{"rendered":"Introducci\u00f3n"},"content":{"rendered":"<div id=\"contentsContainer\">\n<div id=\"contents\">\n<h1><strong>Introducci\u00f3n<\/strong><\/h1>\n<p id=\"E43\"><span id=\"E44\">Sevilla en los s. XV y XVI fue una de las ciudades m\u00e1s importantes de la Pen\u00ednsula. Durante el s. XV Sevilla experiment\u00f3 un gran crecimiento, doblando su poblaci\u00f3n y alcanzando un tama\u00f1o similar al de Florencia. La ciudad aportaba entre un 15-20% de los tributos castellanos. En la ciudad hab\u00eda industria productora de jab\u00f3n, importantes astilleros y una de las cecas m\u00e1s importantes de la corona. En la ciudad se desarroll\u00f3 en esta \u00e9poca un importante comercio mar\u00edtimo de larga distancia.<\/span><\/p>\n<p id=\"E45\"><span id=\"E47\"> <\/span><span id=\"E48\">Durante la e<\/span><span id=\"E48\">stancia de los Reyes Cat\u00f3licos en Sevilla en 1477 se impuls\u00f3 la fundaci\u00f3n de la Inquisici\u00f3n espa\u00f1ola. La ciudad fue elegida para el primer auto de fe el 6 de febrero de 1481, en el que quemaron vivas a seis personas. En 1483 fue expulsada la minor\u00eda jud\u00eda de la ciudad, nueve a\u00f1os antes del Decreto de Expulsi\u00f3n general. Sin embargo, en Sevilla permanecieron una gran cantidad de conversos, hasta unos 2000.<\/span><\/p>\n<p id=\"E49\"><span id=\"E50\"> <\/span><span id=\"E51\">El descubrimiento de Am\u00e9rica supuso un gran impulso para la ciudad. Ya anteriormente la ciudad era uno de los puertos principales para el comercio con Flandes, Inglaterra y G\u00e9nova. Sin embargo, tras el descubrimiento el comercio sufre un gran impulso, aumentando la presencia de florentinos, genoveses y alemanes. La ciudad fue el principal puerto de comercio con Am\u00e9rica manteniendo un monopolio artificial como v\u00eda de entrada y salida de las Indias mediante un asiento otorgado por decreto real. Para su administraci\u00f3n los Reyes cat\u00f3licos fundaron la Casa de Contrataci\u00f3n de Indias en 1502 desde donde se dirig\u00edan y contrataban los viajes, controlaban las riquezas que entraban en Am\u00e9rica y junto con la Universidad de mercaderes regulaban las relacione mercantiles, judiciales y cient\u00edficas con el Nuevo Mundo. <\/span><\/p>\n<p id=\"E52\"><span id=\"E54\"> <\/span><span id=\"E55\">Sevilla en el s. XVI continu\u00f3 con la fisonom\u00eda de la \u00e9poca isl\u00e1mica. <\/span><span id=\"E56\">Las casas de la ciudad hasta bien entrado el siglo siguieron ofreciendo unas modestas fachadas ya que la casa musulmana vuelca al interior. Sin embargo, los aires renacentistas traer\u00e1n desde Italia ideas sobre la monumentalidad de los edificios, las perspectivas de estos si son p\u00fablicos, las calles anchas y rectas, etc. Muchas disposiciones reales tender\u00e1n a acabar con las calles estrechas y sustituirlas por grandes v\u00edas por las que sea f\u00e1cil transitar. Sin embargo, pese al intento de regularizaci\u00f3n del plano urbano este continu\u00f3 con su tradicional toque irregular. <\/span><span id=\"E57\">Uno de los motivos era que las calles estrechas serv\u00edan para proteger a los habitantes del calor estival, gracias al tendido de toldos. Las v\u00edas m\u00e1s anchas y plazas eran usadas para los comercios y se situaban sobre todo cerca del n\u00facleo pol\u00edtico-religioso de la ciudad. El elemento urbano m\u00e1s importante a\u00f1adido a la ciudad fueron las plazas. Algunos ejemplos son la plaza de San Francisco y la plaza de la Laguna, futura Alameda de H\u00e9rcules.<\/span><\/p>\n<p id=\"E58\"><span id=\"E60\"> <\/span><span id=\"E61\">La limpieza en la ciudad era bastante precaria. La acumulaci\u00f3n de basura en las calles era un mal general. La gente arrojaba los desperdicios a la calle, dejaba restos de materiales de construcci\u00f3n, hac\u00eda hoyos, volcaba las aguas sucias, etc. Se prohibi\u00f3 tirar a la v\u00eda p\u00fablica animales muertos, esti\u00e9rcol y aguas o escombros y despojos junto a la muralla y el Arenal aunque se suceden casi al mismo ritmo que las peticiones de los vecinos de arreglo de los baches en las v\u00edas cuando estaban cercanas las fiestas. En el <\/span><span id=\"E62\">Arenal se levanta el Monte del Malbaratillo, formado de basuras e inmundicia<\/span><span id=\"E64\">s que se arrojaban all\u00ed desde tiempos inmemoriales. <\/span><\/p>\n<p id=\"E65\"><span id=\"E67\"> <\/span><span id=\"E68\">La ciudad se abastec\u00eda de agua gracias a los Ca\u00f1os de Carmona, \u00e1rabes. Algunas\u00a0<\/span><span style=\"font-size: 1rem\">de las casas ten\u00edan agua corriente, pero estas eran una minor\u00eda. La mayor parte de las casas se abastec\u00edan de agua gracias a las fuentes y aljibes repartidos por la ciudad. Los jardines y las huertas las regaban gracias a norias.<\/span><\/p>\n<\/div>\n<\/div>\n<div id=\"contentsContainer\">\n<div id=\"contents\">\n<figure id=\"attachment_103\" aria-describedby=\"caption-attachment-103\" style=\"width: 600px\" class=\"wp-caption alignnone\"><img loading=\"lazy\" decoding=\"async\" class=\"wp-image-103 size-full\" src=\"https:\/\/blogs.ua.es\/sevillatieneuncolorespecial\/files\/2017\/12\/PANOR\u00c1MICA-DE-SEVILLA-GEORG-BRAUM-Y-FRANS-HOGENBER-SIGLO-XVII.jpg\" alt=\"\" width=\"600\" height=\"412\" srcset=\"https:\/\/blogs.ua.es\/sevillatieneuncolorespecial\/files\/2017\/12\/PANOR\u00c1MICA-DE-SEVILLA-GEORG-BRAUM-Y-FRANS-HOGENBER-SIGLO-XVII.jpg 600w, https:\/\/blogs.ua.es\/sevillatieneuncolorespecial\/files\/2017\/12\/PANOR\u00c1MICA-DE-SEVILLA-GEORG-BRAUM-Y-FRANS-HOGENBER-SIGLO-XVII-300x206.jpg 300w\" sizes=\"auto, (max-width: 600px) 100vw, 600px\" \/><figcaption id=\"caption-attachment-103\" class=\"wp-caption-text\">SEVILLA EN EL S. XVI<\/figcaption><\/figure>\n<figure id=\"attachment_105\" aria-describedby=\"caption-attachment-105\" style=\"width: 540px\" class=\"wp-caption alignnone\"><img loading=\"lazy\" decoding=\"async\" class=\"wp-image-105 size-full\" src=\"https:\/\/blogs.ua.es\/sevillatieneuncolorespecial\/files\/2017\/12\/SEVILLA-POR-S\u00c1NCHEZ-COHELLO.jpg\" alt=\"\" width=\"540\" height=\"262\" srcset=\"https:\/\/blogs.ua.es\/sevillatieneuncolorespecial\/files\/2017\/12\/SEVILLA-POR-S\u00c1NCHEZ-COHELLO.jpg 540w, https:\/\/blogs.ua.es\/sevillatieneuncolorespecial\/files\/2017\/12\/SEVILLA-POR-S\u00c1NCHEZ-COHELLO-300x146.jpg 300w\" sizes=\"auto, (max-width: 540px) 100vw, 540px\" \/><figcaption id=\"caption-attachment-105\" class=\"wp-caption-text\">PUERTO DE SEVILLA.<\/figcaption><\/figure>\n<\/div>\n<\/div>\n<div id=\"pageBorders\">\n<figure id=\"attachment_107\" aria-describedby=\"caption-attachment-107\" style=\"width: 510px\" class=\"wp-caption alignnone\"><img loading=\"lazy\" decoding=\"async\" class=\"wp-image-107 size-full\" src=\"https:\/\/blogs.ua.es\/sevillatieneuncolorespecial\/files\/2017\/12\/plaza_san_francisco_foto.jpg\" alt=\"\" width=\"510\" height=\"385\" srcset=\"https:\/\/blogs.ua.es\/sevillatieneuncolorespecial\/files\/2017\/12\/plaza_san_francisco_foto.jpg 510w, https:\/\/blogs.ua.es\/sevillatieneuncolorespecial\/files\/2017\/12\/plaza_san_francisco_foto-300x226.jpg 300w\" sizes=\"auto, (max-width: 510px) 100vw, 510px\" \/><figcaption id=\"caption-attachment-107\" class=\"wp-caption-text\">PLAZA DE SAN FRANCISCO.<\/figcaption><\/figure>\n<\/div>\n<div><\/div>\n<div><\/div>\n<div id=\"contentsContainer\">\n<div id=\"contents\">\n<figure id=\"attachment_108\" aria-describedby=\"caption-attachment-108\" style=\"width: 1600px\" class=\"wp-caption alignnone\"><img loading=\"lazy\" decoding=\"async\" class=\"wp-image-108 size-full\" src=\"https:\/\/blogs.ua.es\/sevillatieneuncolorespecial\/files\/2017\/12\/15-Sevilla-Vista-de-la-Alameda-de-H\u00e9rcules-1650-An\u00f3nimo-Colecci\u00f3n-Abell\u00f3.jpg\" alt=\"\" width=\"1600\" height=\"1042\" srcset=\"https:\/\/blogs.ua.es\/sevillatieneuncolorespecial\/files\/2017\/12\/15-Sevilla-Vista-de-la-Alameda-de-H\u00e9rcules-1650-An\u00f3nimo-Colecci\u00f3n-Abell\u00f3.jpg 1600w, https:\/\/blogs.ua.es\/sevillatieneuncolorespecial\/files\/2017\/12\/15-Sevilla-Vista-de-la-Alameda-de-H\u00e9rcules-1650-An\u00f3nimo-Colecci\u00f3n-Abell\u00f3-300x195.jpg 300w, https:\/\/blogs.ua.es\/sevillatieneuncolorespecial\/files\/2017\/12\/15-Sevilla-Vista-de-la-Alameda-de-H\u00e9rcules-1650-An\u00f3nimo-Colecci\u00f3n-Abell\u00f3-768x500.jpg 768w, https:\/\/blogs.ua.es\/sevillatieneuncolorespecial\/files\/2017\/12\/15-Sevilla-Vista-de-la-Alameda-de-H\u00e9rcules-1650-An\u00f3nimo-Colecci\u00f3n-Abell\u00f3-1024x667.jpg 1024w\" sizes=\"auto, (max-width: 767px) 89vw, (max-width: 1000px) 54vw, (max-width: 1071px) 543px, 580px\" \/><figcaption id=\"caption-attachment-108\" class=\"wp-caption-text\">ALAMEDA DE H\u00c9RCULES EN EL S. XVII<\/figcaption><\/figure>\n<\/div>\n<\/div>\n<div id=\"pageBorders\">\n<figure id=\"attachment_110\" aria-describedby=\"caption-attachment-110\" style=\"width: 800px\" class=\"wp-caption alignnone\"><img loading=\"lazy\" decoding=\"async\" class=\"wp-image-110 size-full\" src=\"https:\/\/blogs.ua.es\/sevillatieneuncolorespecial\/files\/2017\/12\/canos_carmona-1.jpg\" alt=\"\" width=\"800\" height=\"544\" srcset=\"https:\/\/blogs.ua.es\/sevillatieneuncolorespecial\/files\/2017\/12\/canos_carmona-1.jpg 800w, https:\/\/blogs.ua.es\/sevillatieneuncolorespecial\/files\/2017\/12\/canos_carmona-1-300x204.jpg 300w, https:\/\/blogs.ua.es\/sevillatieneuncolorespecial\/files\/2017\/12\/canos_carmona-1-768x522.jpg 768w\" sizes=\"auto, (max-width: 767px) 89vw, (max-width: 1000px) 54vw, (max-width: 1071px) 543px, 580px\" \/><figcaption id=\"caption-attachment-110\" class=\"wp-caption-text\">CA\u00d1OS DE CARMONA.<\/figcaption><\/figure>\n<\/div>\n<div id=\"contentsContainer\"><\/div>\n","protected":false},"excerpt":{"rendered":"<p>Introducci\u00f3n Sevilla en los s. XV y XVI fue una de las ciudades m\u00e1s importantes de la Pen\u00ednsula. Durante el s. XV Sevilla experiment\u00f3 un gran crecimiento, doblando su poblaci\u00f3n y alcanzando un tama\u00f1o similar al de Florencia. La ciudad aportaba entre un 15-20% de los tributos castellanos. En la ciudad hab\u00eda industria productora de &hellip; <\/p>\n<p class=\"link-more\"><a href=\"https:\/\/blogs.ua.es\/sevillatieneuncolorespecial\/introduccion\/\" class=\"more-link\">Continue reading<span class=\"screen-reader-text\"> &#8220;Introducci\u00f3n&#8221;<\/span><\/a><\/p>\n","protected":false},"author":3998,"featured_media":0,"parent":0,"menu_order":0,"comment_status":"closed","ping_status":"closed","template":"","meta":{"footnotes":""},"class_list":["post-17","page","type-page","status-publish","hentry"],"_links":{"self":[{"href":"https:\/\/blogs.ua.es\/sevillatieneuncolorespecial\/wp-json\/wp\/v2\/pages\/17","targetHints":{"allow":["GET"]}}],"collection":[{"href":"https:\/\/blogs.ua.es\/sevillatieneuncolorespecial\/wp-json\/wp\/v2\/pages"}],"about":[{"href":"https:\/\/blogs.ua.es\/sevillatieneuncolorespecial\/wp-json\/wp\/v2\/types\/page"}],"author":[{"embeddable":true,"href":"https:\/\/blogs.ua.es\/sevillatieneuncolorespecial\/wp-json\/wp\/v2\/users\/3998"}],"replies":[{"embeddable":true,"href":"https:\/\/blogs.ua.es\/sevillatieneuncolorespecial\/wp-json\/wp\/v2\/comments?post=17"}],"version-history":[{"count":13,"href":"https:\/\/blogs.ua.es\/sevillatieneuncolorespecial\/wp-json\/wp\/v2\/pages\/17\/revisions"}],"predecessor-version":[{"id":195,"href":"https:\/\/blogs.ua.es\/sevillatieneuncolorespecial\/wp-json\/wp\/v2\/pages\/17\/revisions\/195"}],"wp:attachment":[{"href":"https:\/\/blogs.ua.es\/sevillatieneuncolorespecial\/wp-json\/wp\/v2\/media?parent=17"}],"curies":[{"name":"wp","href":"https:\/\/api.w.org\/{rel}","templated":true}]}}