{"id":19,"date":"2017-12-18T15:11:08","date_gmt":"2017-12-18T15:11:08","guid":{"rendered":"https:\/\/blogs.ua.es\/sevillatieneuncolorespecial\/?page_id=19"},"modified":"2017-12-18T15:52:03","modified_gmt":"2017-12-18T15:52:03","slug":"arquitectura","status":"publish","type":"page","link":"https:\/\/blogs.ua.es\/sevillatieneuncolorespecial\/arquitectura\/","title":{"rendered":"Arquitectura"},"content":{"rendered":"<h1><strong>La convivencia del g\u00f3tico con la decoraci\u00f3n renacentista: el plateresco<\/strong><\/h1>\n<p>La arquitectura g\u00f3tica sufre en los \u00faltimos a\u00f1os del siglo XV un proceso de enriquecimiento decorativo. El trabajo de talla de la piedra se hace muy minucioso, y respetando la estructura sustentante tradicional, se incrementa la decoraci\u00f3n que cubre todas las superficies. Se empieza a introducir elementos propios de la arquitectura italiana del Quattrocento. La influencia de las novedades italianas y el conocimiento de los nuevos motivos decorativos (almohadillado, decoraci\u00f3n con grutescos, medallones, veneras\u2026etc.) hace que este nuevo lenguaje comience a recubrir los edificios, que no abandonan su organizaci\u00f3n g\u00f3tica (arcos apuntados, b\u00f3vedas con nervaduras, naves con contrafuertes y pin\u00e1culos). La sobrecarga de ornamentaci\u00f3n, que hac\u00eda que los edificios parecieran obras labradas por el cincel de un platero, sirvi\u00f3 para acu\u00f1ar el t\u00e9rmino plateresco. El monopolio del comercio con Am\u00e9rica convirti\u00f3 a Sevilla a lo largo de quinientos a\u00f1os en una ciudad populosa y principal, en una importante metr\u00f3poli en la que la arquitectura y el urbanismo renacentista dejaron profunda huella.<\/p>\n<p>En su recorrido civil encontramos tres edificios fundamentales: el ayuntamiento, el hospital de las cinco llagas o de la sangre y la lonja (archivo de indias). Merece la pena visitar algunos palacios de fuerte impronta mud\u00e9jar, levantados por nobles o ricos comerciantes como la casa de los Pinelo, el palacio de las due\u00f1as o la casa de Pilatos.<\/p>\n<p><strong>Ayuntamiento de Sevilla<\/strong><\/p>\n<p><img loading=\"lazy\" decoding=\"async\" class=\"alignnone wp-image-53 size-full\" src=\"https:\/\/blogs.ua.es\/sevillatieneuncolorespecial\/files\/2017\/12\/ayuntsevilla7.jpg\" alt=\"\" width=\"400\" height=\"275\" srcset=\"https:\/\/blogs.ua.es\/sevillatieneuncolorespecial\/files\/2017\/12\/ayuntsevilla7.jpg 400w, https:\/\/blogs.ua.es\/sevillatieneuncolorespecial\/files\/2017\/12\/ayuntsevilla7-300x206.jpg 300w\" sizes=\"auto, (max-width: 400px) 100vw, 400px\" \/><\/p>\n<p>Con el descubrimiento de Am\u00e9rica y su colonizaci\u00f3n, Sevilla inicio una \u00e9poca de crecimiento econ\u00f3mico y demogr\u00e1fico convirti\u00e9ndola hacia el 1525 en la ciudad m\u00e1s poblada de Espa\u00f1a. Esto llev\u00f3 a la construcci\u00f3n de un nuevo edificio para el ayuntamiento de la ciudad. El proyecto correspondi\u00f3 al arquitecto Diego de Ria\u00f1o, quien dirigi\u00f3 las obras entre los a\u00f1os 1527 y 1534, a su muerte, fue sustituido por Juan S\u00e1nchez, que finaliz\u00f3 la obra el a\u00f1o 1560.<\/p>\n<p>Si nos remitimos exclusivamente al conjunto construido en el siglo XVI, podemos afirmar que constituye una de las primeras edificaciones renacentistas levantadas en Andaluc\u00eda y una clara muestra del estilo plateresco.<\/p>\n<p><img loading=\"lazy\" decoding=\"async\" class=\"alignnone wp-image-29 \" src=\"https:\/\/blogs.ua.es\/sevillatieneuncolorespecial\/files\/2017\/12\/ayfa03.jpg\" alt=\"\" width=\"379\" height=\"219\" srcset=\"https:\/\/blogs.ua.es\/sevillatieneuncolorespecial\/files\/2017\/12\/ayfa03.jpg 667w, https:\/\/blogs.ua.es\/sevillatieneuncolorespecial\/files\/2017\/12\/ayfa03-300x173.jpg 300w\" sizes=\"auto, (max-width: 379px) 100vw, 379px\" \/><\/p>\n<p>El edificio presenta una planta quebrada y quedaba organizado en dos alturas. La fachada principal estaba orientada hacia la plaza de san francisco y se dispone en cinco m\u00f3dulos separados por pilastras y columnas que en ambos casos muestran fustes con decoraciones de grutescos, motivos que se repiten tambi\u00e9n en las jambas, entablamentos e incluso muros de la edificaci\u00f3n. Encontramos tambi\u00e9n motivos decorativos como medallones con personajes hist\u00f3ricos e incluso hornacinas con esculturas con h\u00e9roes tradicionalmente vinculados a las leyendas de la ciudad como h\u00e9rcules y julio c\u00e9sar (a\u00f1adidos en las reformas del s. XIX).<\/p>\n<p><img loading=\"lazy\" decoding=\"async\" class=\"alignnone size-medium wp-image-46\" src=\"https:\/\/blogs.ua.es\/sevillatieneuncolorespecial\/files\/2017\/12\/montaje-ayuntamiento-300x300.jpg\" alt=\"\" width=\"300\" height=\"300\" srcset=\"https:\/\/blogs.ua.es\/sevillatieneuncolorespecial\/files\/2017\/12\/montaje-ayuntamiento-300x300.jpg 300w, https:\/\/blogs.ua.es\/sevillatieneuncolorespecial\/files\/2017\/12\/montaje-ayuntamiento-150x150.jpg 150w, https:\/\/blogs.ua.es\/sevillatieneuncolorespecial\/files\/2017\/12\/montaje-ayuntamiento-100x100.jpg 100w, https:\/\/blogs.ua.es\/sevillatieneuncolorespecial\/files\/2017\/12\/montaje-ayuntamiento.jpg 600w\" sizes=\"auto, (max-width: 300px) 100vw, 300px\" \/><\/p>\n<p>En su interior el edifico presenta como salas principales el Apeadero, en el que se combinan elementos g\u00f3ticos y renacentistas, la sala de fieles ejecutores y la sala capitular, cubierta por una b\u00f3veda en cuyos casetones se esculpieron figuras de 36 reyes de Espa\u00f1a. Del Apeadero parte una amplia escalera que conduce a la planta superior y en la que se localiza una sala capitular alta, cubierta con artesonado de casetones.<\/p>\n<p><img loading=\"lazy\" decoding=\"async\" class=\"alignnone wp-image-52 size-large\" src=\"https:\/\/blogs.ua.es\/sevillatieneuncolorespecial\/files\/2017\/12\/ayuntamiento-de-sevilla_sala-capitular-baja-003-1024x681.jpg\" alt=\"\" width=\"525\" height=\"349\" srcset=\"https:\/\/blogs.ua.es\/sevillatieneuncolorespecial\/files\/2017\/12\/ayuntamiento-de-sevilla_sala-capitular-baja-003-1024x681.jpg 1024w, https:\/\/blogs.ua.es\/sevillatieneuncolorespecial\/files\/2017\/12\/ayuntamiento-de-sevilla_sala-capitular-baja-003-300x199.jpg 300w, https:\/\/blogs.ua.es\/sevillatieneuncolorespecial\/files\/2017\/12\/ayuntamiento-de-sevilla_sala-capitular-baja-003-768x511.jpg 768w\" sizes=\"auto, (max-width: 525px) 100vw, 525px\" \/><\/p>\n<p>Todo el conjunto decorativo, tanto exterior como interior, pretend\u00eda organizarse sobre un doble discurso, de un lado, narrando la propia historia heroica de la ciudad, a trav\u00e9s de algunos de sus personajes m\u00e1s celebres y por otro lado, tratar de mostrar el complejo como un templo de la justicia y el buen gobierno.<\/p>\n<h1><strong>Arquitectura Barroca<\/strong><\/h1>\n<p>En la arquitectura Sevillana, el barroco tiene nombre propio. Dominado por la figura de Leonardo de Figueroa, su creatividad y forma de hacer formar\u00eda, especialmente en Ambrosio y Antonio Mat\u00edas, hijo y nieto del anterior, respectivamente.<\/p>\n<p>De este arquitecto son algunas de las mejores obras levantadas en Sevilla, dentro de las cuales podr\u00edan destacar la fachada del palacio de San Telmo o la fachada de la iglesia de San Luis de los Franceses.<\/p>\n<p><strong>El palacio de San Telmo<\/strong><\/p>\n<p><img loading=\"lazy\" decoding=\"async\" class=\"wp-image-58 alignleft\" src=\"https:\/\/blogs.ua.es\/sevillatieneuncolorespecial\/files\/2017\/12\/Palacio-de-San-Telmo-010-Detalle-Puerta-Principal-201x300.jpg\" alt=\"\" width=\"325\" height=\"486\" srcset=\"https:\/\/blogs.ua.es\/sevillatieneuncolorespecial\/files\/2017\/12\/Palacio-de-San-Telmo-010-Detalle-Puerta-Principal-201x300.jpg 201w, https:\/\/blogs.ua.es\/sevillatieneuncolorespecial\/files\/2017\/12\/Palacio-de-San-Telmo-010-Detalle-Puerta-Principal-768x1147.jpg 768w, https:\/\/blogs.ua.es\/sevillatieneuncolorespecial\/files\/2017\/12\/Palacio-de-San-Telmo-010-Detalle-Puerta-Principal-685x1024.jpg 685w, https:\/\/blogs.ua.es\/sevillatieneuncolorespecial\/files\/2017\/12\/Palacio-de-San-Telmo-010-Detalle-Puerta-Principal.jpg 1071w\" sizes=\"auto, (max-width: 325px) 100vw, 325px\" \/><\/p>\n<p>Se fund\u00f3 como escuela de formaci\u00f3n de marineros para servicio de las flotas espa\u00f1olas de las Indias. El interior se articula en torno a un amplio patio central, en cuyo eje medio se ubica la capilla. La fachada es el \u00f3rgano m\u00e1s relevante y ofrece la cualidad de una gran fuerza ascensional en contraste con la serena horizontalidad del volumen del conjunto. Articulada en vertical con potentes pilastras y dos cuerpos principales, tambi\u00e9n se corona por un ed\u00edculo, trasladando al exterior el cuerpo de un retablo. Son atlantes los que sostienen la peana y los dinteles del balc\u00f3n principal. Se expresa el mundo geogr\u00e1fico en sus relieves, las ciencias y las artes que se ense\u00f1an en el recinto como las dem\u00e1s asignaturas. En lo alto, los protectores mon\u00e1rquicos son san Fernando y san Hermenegildo a los que acompa\u00f1a san Telmo como patr\u00f3n de los navegantes. En el centro hay un medall\u00f3n con la imagen de Felipe V encarnando a la monarqu\u00eda como fiel protectora de la sabidur\u00eda de los hombres.<\/p>\n<p><img loading=\"lazy\" decoding=\"async\" class=\"alignnone wp-image-59 size-full\" src=\"https:\/\/blogs.ua.es\/sevillatieneuncolorespecial\/files\/2017\/12\/fasate.jpg\" alt=\"\" width=\"516\" height=\"467\" srcset=\"https:\/\/blogs.ua.es\/sevillatieneuncolorespecial\/files\/2017\/12\/fasate.jpg 516w, https:\/\/blogs.ua.es\/sevillatieneuncolorespecial\/files\/2017\/12\/fasate-300x272.jpg 300w\" sizes=\"auto, (max-width: 516px) 100vw, 516px\" \/><\/p>\n<p><strong>Iglesia de san Luis de los franceses<\/strong><\/p>\n<p><img loading=\"lazy\" decoding=\"async\" class=\"alignnone wp-image-75 size-full\" src=\"https:\/\/blogs.ua.es\/sevillatieneuncolorespecial\/files\/2017\/12\/sanluisfr8.jpg\" alt=\"\" width=\"400\" height=\"300\" srcset=\"https:\/\/blogs.ua.es\/sevillatieneuncolorespecial\/files\/2017\/12\/sanluisfr8.jpg 400w, https:\/\/blogs.ua.es\/sevillatieneuncolorespecial\/files\/2017\/12\/sanluisfr8-300x225.jpg 300w\" sizes=\"auto, (max-width: 400px) 100vw, 400px\" \/><\/p>\n<p>La iglesia de San Luis de los Franceses constituy\u00f3 el templo del primitivo noviciado en Sevilla de la Compa\u00f1\u00eda de Jes\u00fas, que lo emple\u00f3 a tal efecto hasta 1767, a\u00f1o en que dicha orden fue expulsada de Castilla por decisi\u00f3n del monarca Carlos III. La construcci\u00f3n del conjunto conventual se llev\u00f3 a cabo entre los a\u00f1os 1699 y 1731, momento en que el arzobispo local consagra esta iglesia cuyas caracter\u00edsticas la hacen ser probablemente el m\u00e1s llamativo de los numerosos templos barrocos sevillanos.<\/p>\n<p>Desde la misma fachada hasta el m\u00e1s peque\u00f1o de sus elementos decorativos toda en esta iglesia respira el esp\u00edritu barroco: desde el front\u00f3n trilobulado que <img loading=\"lazy\" decoding=\"async\" class=\"size-medium wp-image-74 alignleft\" src=\"https:\/\/blogs.ua.es\/sevillatieneuncolorespecial\/files\/2017\/12\/sanluisfr5-225x300.jpg\" alt=\"\" width=\"225\" height=\"300\" srcset=\"https:\/\/blogs.ua.es\/sevillatieneuncolorespecial\/files\/2017\/12\/sanluisfr5-225x300.jpg 225w, https:\/\/blogs.ua.es\/sevillatieneuncolorespecial\/files\/2017\/12\/sanluisfr5.jpg 291w\" sizes=\"auto, (max-width: 225px) 100vw, 225px\" \/>corona dicha fachada hasta el empleo de est\u00edpites; desde el dosel que remata el retablo mayor hasta la abundancia de decoraci\u00f3n vegetal o el juego de luces que se obtiene con los ventanales de la c\u00fapula y con los peque\u00f1os espejos que aparecen diseminados aqu\u00ed y all\u00e1.\u00a0Por lo dem\u00e1s, toda la decoraci\u00f3n escult\u00f3rica\u00a0y pict\u00f3rica responde a la idea barroca de mostrar un conjunto arm\u00f3nico que en este caso trata de resaltar figuras y temas predilectos para la Compa\u00f1\u00eda de Jes\u00fas, desde santos miembros de la Orden hasta la defensa de los valores eucar\u00edsticos.<\/p>\n<p>&nbsp;<\/p>\n","protected":false},"excerpt":{"rendered":"<p>La convivencia del g\u00f3tico con la decoraci\u00f3n renacentista: el plateresco La arquitectura g\u00f3tica sufre en los \u00faltimos a\u00f1os del siglo XV un proceso de enriquecimiento decorativo. El trabajo de talla de la piedra se hace muy minucioso, y respetando la estructura sustentante tradicional, se incrementa la decoraci\u00f3n que cubre todas las superficies. Se empieza a &hellip; <\/p>\n<p class=\"link-more\"><a href=\"https:\/\/blogs.ua.es\/sevillatieneuncolorespecial\/arquitectura\/\" class=\"more-link\">Continue reading<span class=\"screen-reader-text\"> &#8220;Arquitectura&#8221;<\/span><\/a><\/p>\n","protected":false},"author":3998,"featured_media":0,"parent":0,"menu_order":0,"comment_status":"closed","ping_status":"closed","template":"","meta":{"footnotes":""},"class_list":["post-19","page","type-page","status-publish","hentry"],"_links":{"self":[{"href":"https:\/\/blogs.ua.es\/sevillatieneuncolorespecial\/wp-json\/wp\/v2\/pages\/19","targetHints":{"allow":["GET"]}}],"collection":[{"href":"https:\/\/blogs.ua.es\/sevillatieneuncolorespecial\/wp-json\/wp\/v2\/pages"}],"about":[{"href":"https:\/\/blogs.ua.es\/sevillatieneuncolorespecial\/wp-json\/wp\/v2\/types\/page"}],"author":[{"embeddable":true,"href":"https:\/\/blogs.ua.es\/sevillatieneuncolorespecial\/wp-json\/wp\/v2\/users\/3998"}],"replies":[{"embeddable":true,"href":"https:\/\/blogs.ua.es\/sevillatieneuncolorespecial\/wp-json\/wp\/v2\/comments?post=19"}],"version-history":[{"count":15,"href":"https:\/\/blogs.ua.es\/sevillatieneuncolorespecial\/wp-json\/wp\/v2\/pages\/19\/revisions"}],"predecessor-version":[{"id":27,"href":"https:\/\/blogs.ua.es\/sevillatieneuncolorespecial\/wp-json\/wp\/v2\/pages\/19\/revisions\/27"}],"wp:attachment":[{"href":"https:\/\/blogs.ua.es\/sevillatieneuncolorespecial\/wp-json\/wp\/v2\/media?parent=19"}],"curies":[{"name":"wp","href":"https:\/\/api.w.org\/{rel}","templated":true}]}}