{"id":30,"date":"2017-12-18T15:22:04","date_gmt":"2017-12-18T15:22:04","guid":{"rendered":"https:\/\/blogs.ua.es\/sevillatieneuncolorespecial\/?page_id=30"},"modified":"2017-12-18T20:37:35","modified_gmt":"2017-12-18T20:37:35","slug":"arte","status":"publish","type":"page","link":"https:\/\/blogs.ua.es\/sevillatieneuncolorespecial\/arte\/","title":{"rendered":"Arte"},"content":{"rendered":"<div id=\"contentsContainer\">\n<div id=\"contents\">\n<h1 id=\"E45\"><strong><span id=\"E46\" class=\"qowt-font2-TimesNewRoman\">PINTURA RENACENTISTA SEVILLANA<\/span><\/strong><\/h1>\n<p id=\"E47\"><span id=\"E48\" class=\"qowt-font2-TimesNewRoman\">El arte<\/span><span id=\"E49\" class=\"qowt-font2-TimesNewRoman\"> renacentista nace en Florencia (Italia) a principio del siglo XV con dos per\u00edodos art\u00edsticos el Quatt<\/span><span id=\"E50\" class=\"qowt-font2-TimesNewRoman\">r<\/span><span id=\"E51\" class=\"qowt-font2-TimesNewRoman\">ocento y el <\/span><span id=\"E53\" class=\"qowt-font2-TimesNewRoman\">Cinquecento<\/span><span id=\"E55\" class=\"qowt-font2-TimesNewRoman\">. Es a partir de esta base cuando se difundir\u00e1 por el resto de Europa, llegando a centros culturales importantes como la ciudad hispalense de Sevilla.<\/span><\/p>\n<p id=\"E56\"><span id=\"E57\" class=\"qowt-font2-TimesNewRoman\">Como base para este arte encontramos una vuelta a las formas de la cultura cl\u00e1sica y a la aplicaci\u00f3n de una nueva t\u00e9cnica, la perspectiva. Adem\u00e1s <\/span><span id=\"E58\" class=\"qowt-font2-TimesNewRoman\">de incorporar nuevas tem\u00e1ticas y formas como el <\/span><span id=\"E59\" class=\"qowt-font2-TimesNewRoman\">retrato, el<\/span><span id=\"E60\" class=\"qowt-font2-TimesNewRoman\"> desnudo, la naturaleza y el paisaje. Todo ello junt<\/span><span id=\"E61\" class=\"qowt-font2-TimesNewRoman\">o<\/span><span id=\"E62\" class=\"qowt-font2-TimesNewRoman\"> la consideraci\u00f3n del artista, que pasa de ser an\u00f3nimo a ser conocido y renombrado.<\/span><\/p>\n<p id=\"E63\"><span id=\"E64\" class=\"qowt-font2-TimesNewRoman\">Nosotros nos centraremos en el arte sevillano y en <\/span><span id=\"E65\" class=\"qowt-font2-TimesNewRoman\">c\u00f3mo<\/span><span id=\"E66\" class=\"qowt-font2-TimesNewRoman\"> se <\/span><span id=\"E67\" class=\"qowt-font2-TimesNewRoman\">desarroll\u00f3<\/span><span id=\"E68\" class=\"qowt-font2-TimesNewRoman\"> durante el renacimiento, lo haremos a trav\u00e9s de 3 ejemplos en concreto<\/span><span id=\"E69\" class=\"qowt-font2-TimesNewRoman\">: La escuela sevillana de pintura y dos pintores representativos Alejo Fern\u00e1ndez y Francisco Pacheco.<\/span><\/p>\n<p id=\"E71\"><strong><span id=\"E72\" class=\"qowt-font2-TimesNewRoman\">-La escuela sevillana<\/span><\/strong><\/p>\n<figure id=\"attachment_117\" aria-describedby=\"caption-attachment-117\" style=\"width: 1094px\" class=\"wp-caption alignnone\"><img loading=\"lazy\" decoding=\"async\" class=\"wp-image-117 size-full\" src=\"https:\/\/blogs.ua.es\/sevillatieneuncolorespecial\/files\/2017\/12\/PabellonChile.jpg\" alt=\"\" width=\"1094\" height=\"653\" srcset=\"https:\/\/blogs.ua.es\/sevillatieneuncolorespecial\/files\/2017\/12\/PabellonChile.jpg 1094w, https:\/\/blogs.ua.es\/sevillatieneuncolorespecial\/files\/2017\/12\/PabellonChile-300x179.jpg 300w, https:\/\/blogs.ua.es\/sevillatieneuncolorespecial\/files\/2017\/12\/PabellonChile-768x458.jpg 768w, https:\/\/blogs.ua.es\/sevillatieneuncolorespecial\/files\/2017\/12\/PabellonChile-1024x611.jpg 1024w\" sizes=\"auto, (max-width: 767px) 89vw, (max-width: 1000px) 54vw, (max-width: 1071px) 543px, 580px\" \/><figcaption id=\"caption-attachment-117\" class=\"wp-caption-text\">Escuela de Arte de Sevilla<\/figcaption><\/figure>\n<p id=\"E73\"><span id=\"E74\" class=\"qowt-font2-TimesNewRoman\">Los comienzos de esta escuela se remontan a la Baja Edad Media y se desarrolla durante todo el renacimiento. Con nombres como el de Juan S\u00e1nchez de Castro, el llamado \u201cpatriarca de la pintura sevillana\u201d y Juan N\u00fa\u00f1ez son solo algunos de los que <\/span><span id=\"E75\" class=\"qowt-font2-TimesNewRoman\">estuvieron en<\/span><span id=\"E76\" class=\"qowt-font2-TimesNewRoman\"> este grupo de formaci\u00f3n del arte sevillano.<\/span><span id=\"E77\" class=\"qowt-font2-TimesNewRoman\"> A partir de <\/span><span id=\"E78\" class=\"qowt-font2-TimesNewRoman\">ellos<\/span><span id=\"E79\" class=\"qowt-font2-TimesNewRoman\"> se <\/span><span id=\"E80\" class=\"qowt-font2-TimesNewRoman\">conformar\u00e1<\/span><span id=\"E81\" class=\"qowt-font2-TimesNewRoman\"> todo un circulo de artistas que ir\u00e1n aportando su grano de arena al conjunto cultura de Sevilla. Sus t\u00e9cnicas y formas ir\u00e1n abriendo camino a nuevos estilos dentro del renacimiento. <\/span><\/p>\n<p id=\"E83\"><strong><span id=\"E84\" class=\"qowt-font2-TimesNewRoman\">-Alejo Fern\u00e1ndez<\/span><span id=\"E85\" class=\"qowt-font2-TimesNewRoman\"> (1475-1545)<\/span><\/strong><\/p>\n<figure id=\"attachment_119\" aria-describedby=\"caption-attachment-119\" style=\"width: 425px\" class=\"wp-caption alignnone\"><img loading=\"lazy\" decoding=\"async\" class=\"wp-image-119\" src=\"https:\/\/blogs.ua.es\/sevillatieneuncolorespecial\/files\/2017\/12\/800px-Alejo_fern\u00e1ndez_anunciaci\u00f3n-715x1024.jpg\" alt=\"\" width=\"425\" height=\"609\" srcset=\"https:\/\/blogs.ua.es\/sevillatieneuncolorespecial\/files\/2017\/12\/800px-Alejo_fern\u00e1ndez_anunciaci\u00f3n-715x1024.jpg 715w, https:\/\/blogs.ua.es\/sevillatieneuncolorespecial\/files\/2017\/12\/800px-Alejo_fern\u00e1ndez_anunciaci\u00f3n-209x300.jpg 209w, https:\/\/blogs.ua.es\/sevillatieneuncolorespecial\/files\/2017\/12\/800px-Alejo_fern\u00e1ndez_anunciaci\u00f3n-768x1100.jpg 768w, https:\/\/blogs.ua.es\/sevillatieneuncolorespecial\/files\/2017\/12\/800px-Alejo_fern\u00e1ndez_anunciaci\u00f3n.jpg 800w\" sizes=\"auto, (max-width: 425px) 100vw, 425px\" \/><figcaption id=\"caption-attachment-119\" class=\"wp-caption-text\">La anunciaci\u00f3n, Alejo Fern\u00e1ndez (Museo de Bellas Artes, Sevilla)<\/figcaption><\/figure>\n<p id=\"E86\"><span id=\"E87\" class=\"qowt-font2-TimesNewRoman\">Fue un pintor de origen alem\u00e1n con formaci\u00f3n flamenca<\/span><span id=\"E88\" class=\"qowt-font2-TimesNewRoman\"> que trabajo entre C\u00f3rdoba y Sevilla, adem\u00e1s de un destacado miembro de la Escuela sevillana de pintura. Al estar curtido en el estilo hispano-flamenco supe como encauzarlo hacia el suyo propio. Aplic\u00e1ndole matices de la pintura renacentista italiana que hab\u00eda aprendido en las escuelas del norte como Lombard\u00eda y Umbr\u00eda, adem\u00e1s de a\u00f1adirle su estudio de estampas <\/span><span id=\"E89\" class=\"qowt-font2-TimesNewRoman\">que circulaban por toda Espa\u00f1a (en especial las del alem\u00e1n Martin <\/span><span id=\"E91\" class=\"qowt-font2-TimesNewRoman\">Schongauer<\/span><span id=\"E93\" class=\"qowt-font2-TimesNewRoman\">) Alejo conservar\u00e1 una l\u00ednea propia de estilo a pesar de verse influenciado por otras tendencias y artistas. La tem\u00e1tica mas utilizada ser\u00e1 la <\/span><span id=\"E96\" class=\"qowt-font2-TimesNewRoman\">religiosa,en<\/span><span id=\"E99\" class=\"qowt-font2-TimesNewRoman\"> concreto la mariana. Tendr\u00e1 m\u00faltiples representaciones de la virgen y de escenas concretas como la anunciaci\u00f3n.<\/span><\/p>\n<\/div>\n<\/div>\n<div id=\"contentsContainer\">\n<div id=\"contents\">\n<p id=\"E107\"><strong><span id=\"E108\" class=\"qowt-font2-TimesNewRoman\">-Francisco <\/span><span id=\"E110\" class=\"qowt-font2-TimesNewRoman\">Pacheco\u00a0<\/span><span id=\"E111\" class=\"qowt-font2-TimesNewRoman\">(<\/span><span id=\"E113\" class=\"qowt-font2-TimesNewRoman\">1564-1644)<\/span><\/strong><\/p>\n<figure id=\"attachment_126\" aria-describedby=\"caption-attachment-126\" style=\"width: 1551px\" class=\"wp-caption alignnone\"><img loading=\"lazy\" decoding=\"async\" class=\"wp-image-126 size-full\" src=\"https:\/\/blogs.ua.es\/sevillatieneuncolorespecial\/files\/2017\/12\/img147_1994.jpg\" alt=\"\" width=\"1551\" height=\"700\" srcset=\"https:\/\/blogs.ua.es\/sevillatieneuncolorespecial\/files\/2017\/12\/img147_1994.jpg 1551w, https:\/\/blogs.ua.es\/sevillatieneuncolorespecial\/files\/2017\/12\/img147_1994-300x135.jpg 300w, https:\/\/blogs.ua.es\/sevillatieneuncolorespecial\/files\/2017\/12\/img147_1994-768x347.jpg 768w, https:\/\/blogs.ua.es\/sevillatieneuncolorespecial\/files\/2017\/12\/img147_1994-1024x462.jpg 1024w\" sizes=\"auto, (max-width: 767px) 89vw, (max-width: 1000px) 54vw, (max-width: 1071px) 543px, 580px\" \/><figcaption id=\"caption-attachment-126\" class=\"wp-caption-text\">Toma de Sevilla por el Rey San Fernando, Francisco Pacheco<\/figcaption><\/figure>\n<p id=\"E114\"><span id=\"E115\" class=\"qowt-font2-TimesNewRoman\">Fue un pintor y maestro con trazos principalmente manieristas y tratadistas. Fue conocido por ser uno de los maestros de Vel\u00e1zquez y posteriormente ser su suegro. Pacheco se caracteriza por tener una obra con corte acad\u00e9mico e influencia del arte italiano y flamenco del momento. Sigui\u00f3 las obras de los grandes referentes que admiraba, como Rafael, Miguel \u00c1ngel y Alberto Durero. Adem\u00e1s de tratar con pintores como el Greco, Vicente <\/span><span id=\"E117\" class=\"qowt-font2-TimesNewRoman\">Carducho<\/span><span id=\"E119\" class=\"qowt-font2-TimesNewRoman\"> o Diego Valent\u00edn D\u00edaz. Destaco por sus obras hagiogr\u00e1ficas (la vida e historia de los santos) y por sus escritos sobre tendencias, escuelas y artistas. Explico puntualmente ciertas t\u00e9cnicas pict\u00f3ricas como por ejemplo las normas sobre la policrom\u00eda de las esculturas.<\/span><\/p>\n<p id=\"E121\"><span id=\"E122\" class=\"qowt-font2-TimesNewRoman\">Junto estos comienzos y estos referentes se <\/span><span id=\"E123\" class=\"qowt-font2-TimesNewRoman\">ir\u00e1n<\/span><span id=\"E126\" class=\"qowt-font2-TimesNewRoman\"> conformando el siguiente paso hacia un estilo cada vez <\/span><span id=\"E127\" class=\"qowt-font2-TimesNewRoman\">m\u00e1s<\/span><span id=\"E128\" class=\"qowt-font2-TimesNewRoman\"> elaborado y <\/span><span id=\"E129\" class=\"qowt-font2-TimesNewRoman\">trabajado, llev\u00e1ndonos de esta manera al barroco.<\/span><\/p>\n<h1><strong><span id=\"E133\" class=\"qowt-font2-TimesNewRoman\">PINTURA BARROCA SEVILLANA<\/span><\/strong><\/h1>\n<p id=\"E134\"><span id=\"E135\" class=\"qowt-font2-TimesNewRoman\">El arte barroco se expandi\u00f3 progresivamente por toda Europa desde su centro cultural, Roma. Surge como reacci\u00f3n <\/span><span id=\"E136\" class=\"qowt-font2-TimesNewRoman\">al mundo equilibrado y sereno que era el renacimiento, dominado por la sobriedad y el orden. Dando para a todo el contrario, lo dram\u00e1tico, lo teatral y exuberante. Esta contraposici\u00f3n dar\u00e1 como resultado t\u00e9cnicas como el claroscuro o tenebrismo, la perspectiva ilusionista usada para dar profundidad en paredes y techos,<\/span><span id=\"E137\" class=\"qowt-font2-TimesNewRoman\"> la experimentaci\u00f3n de los sentimientos en el retrato o el estudio de las naturalezas muertos como el bodeg\u00f3n.<\/span><\/p>\n<p id=\"E138\"><span id=\"E139\" class=\"qowt-font2-TimesNewRoman\">La pintura sevillana del barroco se incluye en el barroco del Siglo de Oro hispano, con aparici\u00f3n de grandes figuras del arte como Vel\u00e1zquez,<\/span><span id=\"E140\" class=\"qowt-font2-TimesNewRoman\"> Murillo o Vald\u00e9s Real, en los cuales nos centraremos para poder ejemplificar esta etapa:<\/span><\/p>\n<p id=\"E142\"><strong><span id=\"E143\" class=\"qowt-font2-TimesNewRoman\">-Diego Vel\u00e1zquez (1599-16<\/span><span id=\"E144\" class=\"qowt-font2-TimesNewRoman\">60)<\/span><\/strong><\/p>\n<figure id=\"attachment_128\" aria-describedby=\"caption-attachment-128\" style=\"width: 775px\" class=\"wp-caption alignnone\"><img loading=\"lazy\" decoding=\"async\" class=\"wp-image-128 size-full\" src=\"https:\/\/blogs.ua.es\/sevillatieneuncolorespecial\/files\/2017\/12\/800-Diego-Velazquez-7-Vieja-friendo-huevos-1618.-GNEscocia-Edimburgo.jpg\" alt=\"\" width=\"775\" height=\"662\" srcset=\"https:\/\/blogs.ua.es\/sevillatieneuncolorespecial\/files\/2017\/12\/800-Diego-Velazquez-7-Vieja-friendo-huevos-1618.-GNEscocia-Edimburgo.jpg 775w, https:\/\/blogs.ua.es\/sevillatieneuncolorespecial\/files\/2017\/12\/800-Diego-Velazquez-7-Vieja-friendo-huevos-1618.-GNEscocia-Edimburgo-300x256.jpg 300w, https:\/\/blogs.ua.es\/sevillatieneuncolorespecial\/files\/2017\/12\/800-Diego-Velazquez-7-Vieja-friendo-huevos-1618.-GNEscocia-Edimburgo-768x656.jpg 768w\" sizes=\"auto, (max-width: 767px) 89vw, (max-width: 1000px) 54vw, (max-width: 1071px) 543px, 580px\" \/><figcaption id=\"caption-attachment-128\" class=\"wp-caption-text\">Vieja friendo huevos, Diego Vel\u00e1zquez<\/figcaption><\/figure>\n<p id=\"E145\"><span id=\"E146\" class=\"qowt-font2-TimesNewRoman\">La Sevilla en la que se form\u00f3 era una ciudad abierta al Imperio y con monopolio y comercio con Am\u00e9rica. Estos hechos son decisivos para sus obras pues se ver\u00e1 influenciado por la propia \u00e9poca.<\/span><\/p>\n<p id=\"E147\"><span id=\"E148\" class=\"qowt-font2-TimesNewRoman\">Fue <\/span><span id=\"E150\" class=\"qowt-font2-TimesNewRoman\">una<\/span><span id=\"E152\" class=\"qowt-font2-TimesNewRoman\"> de los mas grandes exponentes de la pintura espa\u00f1ola<\/span><span id=\"E153\" class=\"qowt-font2-TimesNewRoman\"> y en general creador de su estilo propio dif\u00edcil de clasificar. Sus primeros a\u00f1os los paso en Sevilla form\u00e1ndose <\/span><span id=\"E154\" class=\"qowt-font2-TimesNewRoman\">en el taller de Francisco Herrera el viejo y m\u00e1s tarde con <\/span><span id=\"E155\" class=\"qowt-font2-TimesNewRoman\">el maestro y suegro Pacheco. Se desarrollo en el estilo naturalista con luces tenebristas de influencias de Caravaggio hasta que se marcha a Madrid para terminar siendo el pintor de c\u00e1mara de Felipe IV.<\/span><\/p>\n<p id=\"E156\"><span id=\"E157\" class=\"qowt-font2-TimesNewRoman\">Gracias a Pacheco aprender\u00e1 varias t\u00e9cnicas y manejo de la pintura y todo lo que conforma ese mundo. Le dar\u00e1 las bases para crecer y llegar a ser el gran pintor que<\/span><span style=\"font-size: 1rem\">\u00a0<\/span><span style=\"font-size: 1rem\">conocemos hoy en d\u00eda, el cual esta lejos de sus comienzos.<\/span><\/p>\n<\/div>\n<\/div>\n<div id=\"contentsContainer\">\n<div id=\"contents\">\n<p id=\"E160\"><strong><span id=\"E161\" class=\"qowt-font2-TimesNewRoman\">&#8211;<\/span><span id=\"E162\" class=\"qowt-font2-TimesNewRoman\">Murillo (1617-1682)<\/span><\/strong><\/p>\n<figure id=\"attachment_130\" aria-describedby=\"caption-attachment-130\" style=\"width: 330px\" class=\"wp-caption alignnone\"><img loading=\"lazy\" decoding=\"async\" class=\"wp-image-130\" src=\"https:\/\/blogs.ua.es\/sevillatieneuncolorespecial\/files\/2017\/12\/250px-Inmaculada_murillo_colosal.jpg\" alt=\"\" width=\"330\" height=\"479\" srcset=\"https:\/\/blogs.ua.es\/sevillatieneuncolorespecial\/files\/2017\/12\/250px-Inmaculada_murillo_colosal.jpg 250w, https:\/\/blogs.ua.es\/sevillatieneuncolorespecial\/files\/2017\/12\/250px-Inmaculada_murillo_colosal-207x300.jpg 207w\" sizes=\"auto, (max-width: 330px) 100vw, 330px\" \/><figcaption id=\"caption-attachment-130\" class=\"wp-caption-text\">La inmaculada, Murillo<\/figcaption><\/figure>\n<p id=\"E163\"><span id=\"E164\" class=\"qowt-font2-TimesNewRoman\">Fue una de las personalidades destacadas en la escuela sevillana, con grandes disc\u00edpulos a sus espaldas y <\/span><span id=\"E165\" class=\"qowt-font2-TimesNewRoman\">seguidores que<\/span><span id=\"E166\" class=\"qowt-font2-TimesNewRoman\"> llevaran su influencia <\/span><span id=\"E167\" class=\"qowt-font2-TimesNewRoman\">m\u00e1s<\/span><span id=\"E168\" class=\"qowt-font2-TimesNewRoman\"> all\u00e1 del siglo XVIII.<\/span><span id=\"E169\" class=\"qowt-font2-TimesNewRoman\"> <\/span><\/p>\n<p id=\"E170\"><span id=\"E171\" class=\"qowt-font2-TimesNewRoman\">Por tanto, form\u00f3 parte de ese foco sevillano de finales del Barroco junto a otras personalidades como Vald\u00e9s Leal. Fue conocido por sus redondeces en las figuras y su caracterizaci\u00f3n dulce de los personajes. Sus obras m\u00e1s destacadas son la gran producci\u00f3n de v\u00edrgenes puras y delicadas. Retratadas de formas sencilla y envueltas con gusto en ropajes a juego con su sentimiento mostrado en <\/span><span id=\"E173\" class=\"qowt-font2-TimesNewRoman\">el rostro<\/span><span id=\"E175\" class=\"qowt-font2-TimesNewRoman\">. Su estilo quedar\u00e1 dividido en 3 fases el estilo fr\u00edo, el c\u00e1lido y el <\/span><span id=\"E178\" class=\"qowt-font2-TimesNewRoman\">vaporoso.Aunque<\/span><span id=\"E181\" class=\"qowt-font2-TimesNewRoman\"> su producci\u00f3n evolucionar\u00e1 por su uso de los colores <\/span><span id=\"E183\" class=\"qowt-font2-TimesNewRoman\">brillantes,superposiciones<\/span><span id=\"E185\" class=\"qowt-font2-TimesNewRoman\"> vaporosas. Pasar\u00e1 de pintar<\/span><span id=\"E186\" class=\"qowt-font2-TimesNewRoman\"> temas de corte tenebrista con los barrios pobres sevillanos hasta las mencionadas inmaculadas de los \u00faltimos a\u00f1os.<\/span><\/p>\n<p id=\"E188\"><strong><span id=\"E189\" class=\"qowt-font2-TimesNewRoman\">-Juan de Vald\u00e9s Leal (1622-1690)<\/span><\/strong><\/p>\n<figure id=\"attachment_134\" aria-describedby=\"caption-attachment-134\" style=\"width: 465px\" class=\"wp-caption alignnone\"><img loading=\"lazy\" decoding=\"async\" class=\"wp-image-134\" src=\"https:\/\/blogs.ua.es\/sevillatieneuncolorespecial\/files\/2017\/12\/In_ictu_oculi-1008x1024.jpg\" alt=\"\" width=\"465\" height=\"473\" srcset=\"https:\/\/blogs.ua.es\/sevillatieneuncolorespecial\/files\/2017\/12\/In_ictu_oculi-1008x1024.jpg 1008w, https:\/\/blogs.ua.es\/sevillatieneuncolorespecial\/files\/2017\/12\/In_ictu_oculi-295x300.jpg 295w, https:\/\/blogs.ua.es\/sevillatieneuncolorespecial\/files\/2017\/12\/In_ictu_oculi-768x780.jpg 768w, https:\/\/blogs.ua.es\/sevillatieneuncolorespecial\/files\/2017\/12\/In_ictu_oculi.jpg 1106w\" sizes=\"auto, (max-width: 465px) 100vw, 465px\" \/><figcaption id=\"caption-attachment-134\" class=\"wp-caption-text\">In ictu oculi, Valdes Leal<\/figcaption><\/figure>\n<p id=\"E190\"><span id=\"E191\" class=\"qowt-font2-TimesNewRoman\">Junto a Murillo fue otro gran representante del barroco espa\u00f1ol. Su formaci\u00f3n y obra ocurri\u00f3 entre C\u00f3rdoba y Sevilla, como muchos tantos otros debidos a la peste. Vald\u00e9s posee un estilo totalmente barroco con tendencia tenebrista. Se decanta por lo dram\u00e1tico,<\/span><span id=\"E192\" class=\"qowt-font2-TimesNewRoman\"> macabro y grotesco. Se interesa m\u00e1s por la expresi\u00f3n del personaje y en como representar ese sentimiento. Es por ello <\/span><span id=\"E194\" class=\"qowt-font2-TimesNewRoman\">que<\/span><span id=\"E196\" class=\"qowt-font2-TimesNewRoman\"> tambi\u00e9n tiene una buena interpretaci\u00f3n del movimiento con un dibujo contundente y colorido junto a una dram\u00e1tica iluminaci\u00f3n que le da el toque final a sus obras.<\/span><\/p>\n<\/div>\n<\/div>\n","protected":false},"excerpt":{"rendered":"<p>PINTURA RENACENTISTA SEVILLANA El arte renacentista nace en Florencia (Italia) a principio del siglo XV con dos per\u00edodos art\u00edsticos el Quattrocento y el Cinquecento. Es a partir de esta base cuando se difundir\u00e1 por el resto de Europa, llegando a centros culturales importantes como la ciudad hispalense de Sevilla. Como base para este arte encontramos &hellip; <\/p>\n<p class=\"link-more\"><a href=\"https:\/\/blogs.ua.es\/sevillatieneuncolorespecial\/arte\/\" class=\"more-link\">Continue reading<span class=\"screen-reader-text\"> &#8220;Arte&#8221;<\/span><\/a><\/p>\n","protected":false},"author":3998,"featured_media":0,"parent":0,"menu_order":0,"comment_status":"closed","ping_status":"closed","template":"","meta":{"footnotes":""},"class_list":["post-30","page","type-page","status-publish","hentry"],"_links":{"self":[{"href":"https:\/\/blogs.ua.es\/sevillatieneuncolorespecial\/wp-json\/wp\/v2\/pages\/30","targetHints":{"allow":["GET"]}}],"collection":[{"href":"https:\/\/blogs.ua.es\/sevillatieneuncolorespecial\/wp-json\/wp\/v2\/pages"}],"about":[{"href":"https:\/\/blogs.ua.es\/sevillatieneuncolorespecial\/wp-json\/wp\/v2\/types\/page"}],"author":[{"embeddable":true,"href":"https:\/\/blogs.ua.es\/sevillatieneuncolorespecial\/wp-json\/wp\/v2\/users\/3998"}],"replies":[{"embeddable":true,"href":"https:\/\/blogs.ua.es\/sevillatieneuncolorespecial\/wp-json\/wp\/v2\/comments?post=30"}],"version-history":[{"count":22,"href":"https:\/\/blogs.ua.es\/sevillatieneuncolorespecial\/wp-json\/wp\/v2\/pages\/30\/revisions"}],"predecessor-version":[{"id":140,"href":"https:\/\/blogs.ua.es\/sevillatieneuncolorespecial\/wp-json\/wp\/v2\/pages\/30\/revisions\/140"}],"wp:attachment":[{"href":"https:\/\/blogs.ua.es\/sevillatieneuncolorespecial\/wp-json\/wp\/v2\/media?parent=30"}],"curies":[{"name":"wp","href":"https:\/\/api.w.org\/{rel}","templated":true}]}}