{"id":32,"date":"2017-12-18T15:22:04","date_gmt":"2017-12-18T15:22:04","guid":{"rendered":"https:\/\/blogs.ua.es\/sevillatieneuncolorespecial\/?page_id=32"},"modified":"2017-12-19T12:25:04","modified_gmt":"2017-12-19T12:25:04","slug":"musica","status":"publish","type":"page","link":"https:\/\/blogs.ua.es\/sevillatieneuncolorespecial\/musica\/","title":{"rendered":"M\u00fasica"},"content":{"rendered":"<h1><strong>M\u00fasica<\/strong><\/h1>\n<p>El Renacimiento fue un per\u00edodo de esplendor para la m\u00fasica sevillana del siglo XVI. Por eso se le conoce como el Siglo de Oro de la m\u00fasica andaluza, ya que gracias al auge econ\u00f3mico de esos momentos y con ello el establecimiento de catedrales y sus capillas florece la m\u00fasica de r\u00e1pidamente. En este momento la m\u00fasica comienza a ser m\u00e1s compleja y ligada a la celebraci\u00f3n religiosa. Fue en Sevilla el lugar donde la tradici\u00f3n musical fue m\u00e1s importante tras la implantaci\u00f3n de la sede del comercio con las Indias y donde la m\u00fasica se comenz\u00f3 a componer con mayor complejidad y calidad. Fue en este momento donde surge la m\u00fasica polif\u00f3nica de la mano de maestros de las capillas catedralicias, compositores y de organistas. Destacaron los instrumentos de viento entre ellos chirim\u00edas, sacabuches, cornetas, bajones y flautas. Estos instrumentos ligaban bien con la polifon\u00eda, las voces de los cantantes y ten\u00edan una gran potencia para tapar ruidos del ambiente.<\/p>\n<p>Por la calidad de sus obras, su repercusi\u00f3n e influencia en autores posteriores y su contribuci\u00f3n a la m\u00fasica, destacaremos dos autores hispalenses: Crist\u00f3bal de Morales y Francisco Guerrero.<\/p>\n<p>&nbsp;<\/p>\n<p style=\"text-align: center\"><strong>Crist\u00f3bal de Morales<\/strong><\/p>\n<p><img loading=\"lazy\" decoding=\"async\" class=\"size-full wp-image-92 aligncenter\" src=\"https:\/\/blogs.ua.es\/sevillatieneuncolorespecial\/files\/2017\/12\/Morales.png\" alt=\"\" width=\"187\" height=\"246\" \/><\/p>\n<p>Naci\u00f3 en Sevilla en el a\u00f1o 1500 y muri\u00f3 en el a\u00f1o 1553. Fue un gran compositor de la escuela polif\u00f3nica andaluza consider\u00e1ndose su mayor representante y precursor.<\/p>\n<p>Sus composiciones y obras tuvieron tanto \u00e9xito que incluso se hizo famoso en Europa convirti\u00e9ndose en una gran influencia para autores posteriores, tanto espa\u00f1oles como europeos.<\/p>\n<p>Siendo ni\u00f1o form\u00f3 parte como cantor del coro de la Catedral de Sevilla y lleg\u00f3 a ser maestro de capilla de la Catedral de \u00c1vila y de Plasencia en el a\u00f1o 1526. En el a\u00f1o 1535 lo fue tambi\u00e9n de la Capilla Sixtina bajo el Papado de Pablo III. Tras formar parte del coro del Vaticano se traslad\u00f3 a Toledo en el a\u00f1o 1545 para ocupar el cargo de maestro y antes de su muerte vivi\u00f3 en Marchena (Sevilla).<\/p>\n<p>Su obra se extendi\u00f3 r\u00e1pidamente por Europa teniendo un gran \u00e9xito incluso de manera p\u00f3stuma, con un gran reconocimiento en lo que se refiere a calidad de sus obras. Estas se distribuyeron por Europa e incluso por el Nuevo Mundo pasando a ser quiz\u00e1s el primer m\u00fasico espa\u00f1ol con repercusi\u00f3n internacional. Principalmente sus obras son sacras y vocales donde desarrolla un estilo propio con rasgos bien definidos.<\/p>\n<p><iframe loading=\"lazy\" title=\"Cristobal de Morales - Officum Defunctorum &amp; Missa Pro Defunctis\" width=\"525\" height=\"394\" src=\"https:\/\/www.youtube.com\/embed\/v2PZFB-27hM?feature=oembed\" frameborder=\"0\" allow=\"accelerometer; autoplay; clipboard-write; encrypted-media; gyroscope; picture-in-picture; web-share\" referrerpolicy=\"strict-origin-when-cross-origin\" allowfullscreen><\/iframe><\/p>\n<p style=\"text-align: center\"><strong>Francisco Guerrero<\/strong><\/p>\n<p><img loading=\"lazy\" decoding=\"async\" class=\"size-full wp-image-93 aligncenter\" src=\"https:\/\/blogs.ua.es\/sevillatieneuncolorespecial\/files\/2017\/12\/Guerrero.png\" alt=\"\" width=\"188\" height=\"250\" \/><\/p>\n<p>Francisco Guerrero nace en Sevilla en el a\u00f1o 1528 y muere en el 1599.Junto a Crist\u00f3bal de Morales se le considera uno de los mejores compositores renacentistas de m\u00fasica sacra.<\/p>\n<p>Fue alumno de su hermano Pedro, de Pedro Fern\u00e1ndez de Castilleja (maestro de capilla y compositor de la \u00e9poca) y de Crist\u00f3bal de Morales.<\/p>\n<p>Como Crist\u00f3bal de Morales de ni\u00f1o tambi\u00e9n pas\u00f3 por el coro, concretamente del coro de la Catedral de Sevilla y posteriormente ser\u00eda maestro de capilla de la Catedral de Ja\u00e9n hasta el a\u00f1o 1549 que decidi\u00f3 volver a su ciudad natal. All\u00ed recibi\u00f3 el t\u00edtulo de Cabildo de la catedral tras la muerte de Pedro Fern\u00e1ndez de Castilleja hasta el a\u00f1o 1574.<\/p>\n<p>Francisco Guerrero se dedic\u00f3 a viajar por Espa\u00f1a, Portugal, Italia e incluso Jerusalem. En su obra &#8220;El viaje de Jerusalem&#8221; narra de forma autobiogr\u00e1fica sus aventuras en el viaje. Esta obra tuvo un gran \u00e9xito y una gran repercusi\u00f3n public\u00e1ndose en el a\u00f1o 1596.<\/p>\n<p>Hay que destacar de este autor la publicaci\u00f3n de una obra en lengua vern\u00e1cula titulada &#8220;Canciones y villanescas espirituales&#8221; adem\u00e1s de 16 misas, 2 r\u00e9quiem, 34 himnos, motetes (composici\u00f3n polif\u00f3nica del siglo XIII de tem\u00e1tica b\u00edblica) y magnificats (parecido a la cantata, este autor era conocido por dedicar sus obras a la Virgen en su mayor\u00eda).<\/p>\n<p>Sus obras se consideraban de gran belleza art\u00edstica situ\u00e1ndolo entre uno de los mejores compositores de la m\u00fasica polif\u00f3nica renacentista llegando a proyectarse en todas las catedrales de la Pen\u00ednsula de la \u00e9poca y posteriormente.<\/p>\n<p><iframe loading=\"lazy\" title=\"SI TUS PENAS NO PRUEVO - Francisco Guerrero (1528 - 1599)\" width=\"525\" height=\"295\" src=\"https:\/\/www.youtube.com\/embed\/XaK257OrIlg?feature=oembed\" frameborder=\"0\" allow=\"accelerometer; autoplay; clipboard-write; encrypted-media; gyroscope; picture-in-picture; web-share\" referrerpolicy=\"strict-origin-when-cross-origin\" allowfullscreen><\/iframe><\/p>\n","protected":false},"excerpt":{"rendered":"<p>M\u00fasica El Renacimiento fue un per\u00edodo de esplendor para la m\u00fasica sevillana del siglo XVI. Por eso se le conoce como el Siglo de Oro de la m\u00fasica andaluza, ya que gracias al auge econ\u00f3mico de esos momentos y con ello el establecimiento de catedrales y sus capillas florece la m\u00fasica de r\u00e1pidamente. En este &hellip; <\/p>\n<p class=\"link-more\"><a href=\"https:\/\/blogs.ua.es\/sevillatieneuncolorespecial\/musica\/\" class=\"more-link\">Continue reading<span class=\"screen-reader-text\"> &#8220;M\u00fasica&#8221;<\/span><\/a><\/p>\n","protected":false},"author":3998,"featured_media":0,"parent":0,"menu_order":0,"comment_status":"closed","ping_status":"closed","template":"","meta":{"footnotes":""},"class_list":["post-32","page","type-page","status-publish","hentry"],"_links":{"self":[{"href":"https:\/\/blogs.ua.es\/sevillatieneuncolorespecial\/wp-json\/wp\/v2\/pages\/32","targetHints":{"allow":["GET"]}}],"collection":[{"href":"https:\/\/blogs.ua.es\/sevillatieneuncolorespecial\/wp-json\/wp\/v2\/pages"}],"about":[{"href":"https:\/\/blogs.ua.es\/sevillatieneuncolorespecial\/wp-json\/wp\/v2\/types\/page"}],"author":[{"embeddable":true,"href":"https:\/\/blogs.ua.es\/sevillatieneuncolorespecial\/wp-json\/wp\/v2\/users\/3998"}],"replies":[{"embeddable":true,"href":"https:\/\/blogs.ua.es\/sevillatieneuncolorespecial\/wp-json\/wp\/v2\/comments?post=32"}],"version-history":[{"count":10,"href":"https:\/\/blogs.ua.es\/sevillatieneuncolorespecial\/wp-json\/wp\/v2\/pages\/32\/revisions"}],"predecessor-version":[{"id":216,"href":"https:\/\/blogs.ua.es\/sevillatieneuncolorespecial\/wp-json\/wp\/v2\/pages\/32\/revisions\/216"}],"wp:attachment":[{"href":"https:\/\/blogs.ua.es\/sevillatieneuncolorespecial\/wp-json\/wp\/v2\/media?parent=32"}],"curies":[{"name":"wp","href":"https:\/\/api.w.org\/{rel}","templated":true}]}}