{"id":34,"date":"2017-12-18T15:22:04","date_gmt":"2017-12-18T15:22:04","guid":{"rendered":"https:\/\/blogs.ua.es\/sevillatieneuncolorespecial\/?page_id=34"},"modified":"2017-12-19T09:35:12","modified_gmt":"2017-12-19T09:35:12","slug":"hospedaje-y-gastronomia","status":"publish","type":"page","link":"https:\/\/blogs.ua.es\/sevillatieneuncolorespecial\/hospedaje-y-gastronomia\/","title":{"rendered":"Hospedaje"},"content":{"rendered":"<h1><strong>Hospedaje<\/strong><\/h1>\n<p>Sevilla nos ofrece una amplia variedad de alojamientos y servicios, algunos de los cuales se ambientan o sit\u00faan en edificios hist\u00f3ricos de la ciudad. Estas son algunas de las recomendaciones para aquellos amantes de la historia y la arquitectura que deseen realizar una escapada a la emblem\u00e1tica ciudad de Sevilla.<\/p>\n<p><img loading=\"lazy\" decoding=\"async\" class=\"alignleft wp-image-180 size-full\" src=\"https:\/\/blogs.ua.es\/sevillatieneuncolorespecial\/files\/2017\/12\/posada-del-lucero-2.jpg\" alt=\"\" width=\"689\" height=\"460\" srcset=\"https:\/\/blogs.ua.es\/sevillatieneuncolorespecial\/files\/2017\/12\/posada-del-lucero-2.jpg 689w, https:\/\/blogs.ua.es\/sevillatieneuncolorespecial\/files\/2017\/12\/posada-del-lucero-2-300x200.jpg 300w\" sizes=\"auto, (max-width: 689px) 100vw, 689px\" \/><\/p>\n<p>&nbsp;<\/p>\n<p><strong>Hotel Posada del Lucero<\/strong>. Situado en un emblem\u00e1tico edificio del siglo XVI, declarado Bien de Inter\u00e9s Cultural y Monumento Hist\u00f3rico Art\u00edstico de Car\u00e1cter Nacional. Es un alojamiento altamente recomendable para aquellos que disfruten de la restauraci\u00f3n de espacios hist\u00f3ricos y la combinaci\u00f3n de elementos tradicionales con un estilo modernista y minimalista.<\/p>\n<p><img loading=\"lazy\" decoding=\"async\" class=\"alignnone wp-image-183 size-full\" src=\"https:\/\/blogs.ua.es\/sevillatieneuncolorespecial\/files\/2017\/12\/alcazar-de-la-reina.jpg\" alt=\"\" width=\"550\" height=\"412\" srcset=\"https:\/\/blogs.ua.es\/sevillatieneuncolorespecial\/files\/2017\/12\/alcazar-de-la-reina.jpg 550w, https:\/\/blogs.ua.es\/sevillatieneuncolorespecial\/files\/2017\/12\/alcazar-de-la-reina-300x225.jpg 300w\" sizes=\"auto, (max-width: 550px) 100vw, 550px\" \/><\/p>\n<p><strong>Hotel Alc\u00e1zar de la Reina<\/strong>. En las proximidades de Sevilla nos encontramos con la peque\u00f1a localidad de Carmona, en cuyo coraz\u00f3n se alza este edificio de factura mud\u00e9jar, combinando elementos renacentistas con un arte t\u00edpicamente musulm\u00e1n. Se encuentra a tan solo 20 minutos del centro de Sevilla y se trata de una de las principales fortalezas de la zona, utilizado por Juan II (Rey de Castilla) durante su guerra contra Granada.<\/p>\n<p><img loading=\"lazy\" decoding=\"async\" class=\"alignnone wp-image-185 size-large\" src=\"https:\/\/blogs.ua.es\/sevillatieneuncolorespecial\/files\/2017\/12\/eurostars-1024x687.jpg\" alt=\"\" width=\"525\" height=\"352\" srcset=\"https:\/\/blogs.ua.es\/sevillatieneuncolorespecial\/files\/2017\/12\/eurostars.jpg 1024w, https:\/\/blogs.ua.es\/sevillatieneuncolorespecial\/files\/2017\/12\/eurostars-300x201.jpg 300w, https:\/\/blogs.ua.es\/sevillatieneuncolorespecial\/files\/2017\/12\/eurostars-768x515.jpg 768w\" sizes=\"auto, (max-width: 525px) 100vw, 525px\" \/><\/p>\n<p><strong>Eurostars Sevilla Boutique<\/strong>. En pleno barrio de Santa Cruz nos encontramos con este antiguo palacio del siglo XVI, con una situaci\u00f3n ideal para una escapada de pocos d\u00edas a la ciudad.\u00a0 Este hotel nos ofrece unas incre\u00edbles vistas de la ciudad, aunadas con una exquisita combinaci\u00f3n de confort y arquitectura renacentista.<\/p>\n<p><img loading=\"lazy\" decoding=\"async\" class=\"alignnone wp-image-189 size-full\" src=\"https:\/\/blogs.ua.es\/sevillatieneuncolorespecial\/files\/2017\/12\/alcoba-hotel-alcoba-del-rey-5.jpg\" alt=\"\" width=\"450\" height=\"300\" srcset=\"https:\/\/blogs.ua.es\/sevillatieneuncolorespecial\/files\/2017\/12\/alcoba-hotel-alcoba-del-rey-5.jpg 450w, https:\/\/blogs.ua.es\/sevillatieneuncolorespecial\/files\/2017\/12\/alcoba-hotel-alcoba-del-rey-5-300x200.jpg 300w\" sizes=\"auto, (max-width: 450px) 100vw, 450px\" \/><\/p>\n<p><strong>Hotel Alcoba del Rey de Sevilla<\/strong>. Nos encontramos ante un hotel muy particular, con una fachada que recuerda mucho a los estilos renacentistas y con toques mud\u00e9jares. Todas las habitaciones y suites se encuentran decoradas de formas distintas, inspir\u00e1ndose en personajes relevantes de la historia de Espa\u00f1a.<\/p>\n<p><img loading=\"lazy\" decoding=\"async\" class=\"alignnone wp-image-192\" src=\"https:\/\/blogs.ua.es\/sevillatieneuncolorespecial\/files\/2017\/12\/77Amadeus_FWORK-1024x680.jpg\" alt=\"\" width=\"400\" height=\"266\" srcset=\"https:\/\/blogs.ua.es\/sevillatieneuncolorespecial\/files\/2017\/12\/77Amadeus_FWORK-1024x680.jpg 1024w, https:\/\/blogs.ua.es\/sevillatieneuncolorespecial\/files\/2017\/12\/77Amadeus_FWORK-300x199.jpg 300w, https:\/\/blogs.ua.es\/sevillatieneuncolorespecial\/files\/2017\/12\/77Amadeus_FWORK-768x510.jpg 768w\" sizes=\"auto, (max-width: 400px) 100vw, 400px\" \/><\/p>\n<p><strong>Hotel Amadeus &amp; La M\u00fasica.<\/strong>\u00a0 Se trata de un hotel emplazado en un edificio del siglo XVIII con vistas a dos de los principales atractivos de la ciudad, la Giralda y la Catedral de Sevilla, en el que, como curiosidad, se puede disfrutar de actuaciones de m\u00fasica medieval y moderna en directo.<\/p>\n<p>&nbsp;<\/p>\n","protected":false},"excerpt":{"rendered":"<p>Hospedaje Sevilla nos ofrece una amplia variedad de alojamientos y servicios, algunos de los cuales se ambientan o sit\u00faan en edificios hist\u00f3ricos de la ciudad. Estas son algunas de las recomendaciones para aquellos amantes de la historia y la arquitectura que deseen realizar una escapada a la emblem\u00e1tica ciudad de Sevilla. &nbsp; Hotel Posada del &hellip; <\/p>\n<p class=\"link-more\"><a href=\"https:\/\/blogs.ua.es\/sevillatieneuncolorespecial\/hospedaje-y-gastronomia\/\" class=\"more-link\">Continue reading<span class=\"screen-reader-text\"> &#8220;Hospedaje&#8221;<\/span><\/a><\/p>\n","protected":false},"author":3998,"featured_media":0,"parent":0,"menu_order":0,"comment_status":"closed","ping_status":"closed","template":"","meta":{"footnotes":""},"class_list":["post-34","page","type-page","status-publish","hentry"],"_links":{"self":[{"href":"https:\/\/blogs.ua.es\/sevillatieneuncolorespecial\/wp-json\/wp\/v2\/pages\/34","targetHints":{"allow":["GET"]}}],"collection":[{"href":"https:\/\/blogs.ua.es\/sevillatieneuncolorespecial\/wp-json\/wp\/v2\/pages"}],"about":[{"href":"https:\/\/blogs.ua.es\/sevillatieneuncolorespecial\/wp-json\/wp\/v2\/types\/page"}],"author":[{"embeddable":true,"href":"https:\/\/blogs.ua.es\/sevillatieneuncolorespecial\/wp-json\/wp\/v2\/users\/3998"}],"replies":[{"embeddable":true,"href":"https:\/\/blogs.ua.es\/sevillatieneuncolorespecial\/wp-json\/wp\/v2\/comments?post=34"}],"version-history":[{"count":13,"href":"https:\/\/blogs.ua.es\/sevillatieneuncolorespecial\/wp-json\/wp\/v2\/pages\/34\/revisions"}],"predecessor-version":[{"id":193,"href":"https:\/\/blogs.ua.es\/sevillatieneuncolorespecial\/wp-json\/wp\/v2\/pages\/34\/revisions\/193"}],"wp:attachment":[{"href":"https:\/\/blogs.ua.es\/sevillatieneuncolorespecial\/wp-json\/wp\/v2\/media?parent=34"}],"curies":[{"name":"wp","href":"https:\/\/api.w.org\/{rel}","templated":true}]}}