{"id":44,"date":"2017-12-18T15:23:35","date_gmt":"2017-12-18T15:23:35","guid":{"rendered":"https:\/\/blogs.ua.es\/sevillatieneuncolorespecial\/?page_id=44"},"modified":"2017-12-19T09:22:41","modified_gmt":"2017-12-19T09:22:41","slug":"gastronomia","status":"publish","type":"page","link":"https:\/\/blogs.ua.es\/sevillatieneuncolorespecial\/gastronomia\/","title":{"rendered":"Gastronom\u00eda"},"content":{"rendered":"<h1><strong>Gastronom\u00eda<\/strong><\/h1>\n<p><img loading=\"lazy\" decoding=\"async\" class=\"alignnone wp-image-168 size-full\" src=\"https:\/\/blogs.ua.es\/sevillatieneuncolorespecial\/files\/2017\/12\/gazpacho-andaluz-xl-668x400x80xX.jpg\" alt=\"\" width=\"668\" height=\"400\" srcset=\"https:\/\/blogs.ua.es\/sevillatieneuncolorespecial\/files\/2017\/12\/gazpacho-andaluz-xl-668x400x80xX.jpg 668w, https:\/\/blogs.ua.es\/sevillatieneuncolorespecial\/files\/2017\/12\/gazpacho-andaluz-xl-668x400x80xX-300x180.jpg 300w\" sizes=\"auto, (max-width: 668px) 100vw, 668px\" \/><\/p>\n<p><strong>Gazpacho andaluz.<\/strong> Este es, probablemente, el plato m\u00e1s t\u00edpico de la gastronom\u00eda andaluza. Sus ingredientes principales son el pimiento y el tomate, cultivos originarios de Am\u00e9rica, sin olvidarnos de otros tan emblem\u00e1ticos como el aceite de oliva. Aparece en el siglo XVI como alimento de los campesinos y agricultores, ya que es un plato que aporta todos los nutrientes necesarios para una jornada de trabajo. En el siglo XIX se comienza a popularizar entre la clase burguesa. Es una evoluci\u00f3n del gazpacho originario, que no conten\u00eda ning\u00fan tipo de verduras, sino que era pan mojado en agua, aceite y vinagre, al que se pod\u00eda a\u00f1adir ajo o almendras.<\/p>\n<p><img loading=\"lazy\" decoding=\"async\" class=\"alignnone wp-image-174 size-large\" src=\"https:\/\/blogs.ua.es\/sevillatieneuncolorespecial\/files\/2017\/12\/cocido-1024x682.jpg\" alt=\"\" width=\"525\" height=\"350\" srcset=\"https:\/\/blogs.ua.es\/sevillatieneuncolorespecial\/files\/2017\/12\/cocido-1024x682.jpg 1024w, https:\/\/blogs.ua.es\/sevillatieneuncolorespecial\/files\/2017\/12\/cocido-300x200.jpg 300w, https:\/\/blogs.ua.es\/sevillatieneuncolorespecial\/files\/2017\/12\/cocido-768x512.jpg 768w, https:\/\/blogs.ua.es\/sevillatieneuncolorespecial\/files\/2017\/12\/cocido.jpg 1600w\" sizes=\"auto, (max-width: 525px) 100vw, 525px\" \/><\/p>\n<p><strong>Cocido andaluz.<\/strong> El origen de lo que hoy en d\u00eda conocemos como cocido lo situamos en \u00e9poca musulmana, con un plato originariamente bereber el \u201csanhayi\u201d. Es, sin embargo, un tipo de preparaci\u00f3n culinaria que se mantiene en el tiempo, encontrando un plato similar en la tradici\u00f3n jud\u00eda de la pen\u00ednsula, la adafina jud\u00eda.\u00a0 Estos platos inclu\u00edan ciertos tipos de carnes, en funci\u00f3n a lo que la religi\u00f3n permitiera, pero no elementos t\u00edpicos del actual cocido andaluz, como la patata, la calabaza, las jud\u00edas verdes o el piment\u00f3n, todos originarios de Am\u00e9rica y llegados a la Pen\u00ednsula Ib\u00e9rica tras el descubrimiento del nuevo continente.<\/p>\n<p><img loading=\"lazy\" decoding=\"async\" class=\"size-medium wp-image-176 alignright\" src=\"https:\/\/blogs.ua.es\/sevillatieneuncolorespecial\/files\/2017\/12\/soldaditospavia-300x225.jpg\" alt=\"\" width=\"300\" height=\"225\" srcset=\"https:\/\/blogs.ua.es\/sevillatieneuncolorespecial\/files\/2017\/12\/soldaditospavia-300x225.jpg 300w, https:\/\/blogs.ua.es\/sevillatieneuncolorespecial\/files\/2017\/12\/soldaditospavia-768x575.jpg 768w, https:\/\/blogs.ua.es\/sevillatieneuncolorespecial\/files\/2017\/12\/soldaditospavia-1024x766.jpg 1024w, https:\/\/blogs.ua.es\/sevillatieneuncolorespecial\/files\/2017\/12\/soldaditospavia.jpg 1800w\" sizes=\"auto, (max-width: 300px) 100vw, 300px\" \/><img loading=\"lazy\" decoding=\"async\" class=\"size-medium wp-image-177 alignright\" src=\"https:\/\/blogs.ua.es\/sevillatieneuncolorespecial\/files\/2017\/12\/Flag_of_the_Tercios_Morados_Viejos.svg_-300x180.png\" alt=\"\" width=\"300\" height=\"180\" srcset=\"https:\/\/blogs.ua.es\/sevillatieneuncolorespecial\/files\/2017\/12\/Flag_of_the_Tercios_Morados_Viejos.svg_-300x180.png 300w, https:\/\/blogs.ua.es\/sevillatieneuncolorespecial\/files\/2017\/12\/Flag_of_the_Tercios_Morados_Viejos.svg_-768x461.png 768w, https:\/\/blogs.ua.es\/sevillatieneuncolorespecial\/files\/2017\/12\/Flag_of_the_Tercios_Morados_Viejos.svg_.png 1000w\" sizes=\"auto, (max-width: 300px) 100vw, 300px\" \/><\/p>\n<p><strong>Soldaditos de Pav\u00eda.<\/strong> Se trata de una fritura de bacalao rebozado acompa\u00f1ado con pimientos rojos. Su origen resulta algo incierto, ya que se basa en el origen etimol\u00f3gico del t\u00e9rmino que designa a este plato. Algunos autores defienden que proviene de la similitud de los colores del plato con los uniformes de los tercios espa\u00f1oles de Carlos I que combatieron y vencieron a los franceses en la Batalla de Pav\u00eda en 1525. Otros autores defienden que el nombre de este plato no tiene nada que ver con las tropas de esta batalla, sino con las de un regimiento creado m\u00e1s de un siglo despu\u00e9s <em>Tercio de Dragones y Arcabuceros de Scheldon, <\/em>tambi\u00e9n conocido como Regimiento de Pav\u00eda. Sea como fuere, se trata de un plato tradicional en Madrid y ciertas regiones de Andaluc\u00eda, con un largo recorrido hist\u00f3rico.<\/p>\n","protected":false},"excerpt":{"rendered":"<p>Gastronom\u00eda Gazpacho andaluz. Este es, probablemente, el plato m\u00e1s t\u00edpico de la gastronom\u00eda andaluza. Sus ingredientes principales son el pimiento y el tomate, cultivos originarios de Am\u00e9rica, sin olvidarnos de otros tan emblem\u00e1ticos como el aceite de oliva. Aparece en el siglo XVI como alimento de los campesinos y agricultores, ya que es un plato &hellip; <\/p>\n<p class=\"link-more\"><a href=\"https:\/\/blogs.ua.es\/sevillatieneuncolorespecial\/gastronomia\/\" class=\"more-link\">Continue reading<span class=\"screen-reader-text\"> &#8220;Gastronom\u00eda&#8221;<\/span><\/a><\/p>\n","protected":false},"author":3998,"featured_media":0,"parent":0,"menu_order":0,"comment_status":"closed","ping_status":"closed","template":"","meta":{"footnotes":""},"class_list":["post-44","page","type-page","status-publish","hentry"],"_links":{"self":[{"href":"https:\/\/blogs.ua.es\/sevillatieneuncolorespecial\/wp-json\/wp\/v2\/pages\/44","targetHints":{"allow":["GET"]}}],"collection":[{"href":"https:\/\/blogs.ua.es\/sevillatieneuncolorespecial\/wp-json\/wp\/v2\/pages"}],"about":[{"href":"https:\/\/blogs.ua.es\/sevillatieneuncolorespecial\/wp-json\/wp\/v2\/types\/page"}],"author":[{"embeddable":true,"href":"https:\/\/blogs.ua.es\/sevillatieneuncolorespecial\/wp-json\/wp\/v2\/users\/3998"}],"replies":[{"embeddable":true,"href":"https:\/\/blogs.ua.es\/sevillatieneuncolorespecial\/wp-json\/wp\/v2\/comments?post=44"}],"version-history":[{"count":9,"href":"https:\/\/blogs.ua.es\/sevillatieneuncolorespecial\/wp-json\/wp\/v2\/pages\/44\/revisions"}],"predecessor-version":[{"id":179,"href":"https:\/\/blogs.ua.es\/sevillatieneuncolorespecial\/wp-json\/wp\/v2\/pages\/44\/revisions\/179"}],"wp:attachment":[{"href":"https:\/\/blogs.ua.es\/sevillatieneuncolorespecial\/wp-json\/wp\/v2\/media?parent=44"}],"curies":[{"name":"wp","href":"https:\/\/api.w.org\/{rel}","templated":true}]}}