{"id":45,"date":"2017-12-18T15:23:35","date_gmt":"2017-12-18T15:23:35","guid":{"rendered":"https:\/\/blogs.ua.es\/sevillatieneuncolorespecial\/?page_id=45"},"modified":"2017-12-19T12:10:45","modified_gmt":"2017-12-19T12:10:45","slug":"escultura","status":"publish","type":"page","link":"https:\/\/blogs.ua.es\/sevillatieneuncolorespecial\/escultura\/","title":{"rendered":"Escultura"},"content":{"rendered":"<h1><strong>Escultura<\/strong><\/h1>\n<p>En el barroco surge la &#8220;Escuela Sevillana&#8221; donde se destaca por encima de todo la calidad y el virtuosismo de los autores. Destacan entre ellos los artistas Juan de Mesa y Pedro Rold\u00e1n.<\/p>\n<p>La escultura barroca busca romper con lo establecido con el Renacimiento buscando en las obras lo dram\u00e1tico, lo teatral, busca la exuberancia. Se pretende buscar un dinamismo en las esculturas, en donde abunde el movimiento. Esto se consigue gracias a que la l\u00ednea curva prevalece sobre la l\u00ednea recta. El dramatismo se refuerza con el tratamiento de los ropajes y las expresiones faciales y adem\u00e1s se cuida la escenograf\u00eda para la representaci\u00f3n de las composiciones.<\/p>\n<p>Es en este momento cuando aparecen retablos, los famosos pasos de Semana Santa\u00a0 o se renuevan las composiciones con escenas religiosas que decoran el interior de las iglesias. Un ejemplo de esto es el retablo de la Iglesia de la Caridad (Sevilla) donde se representa el entierro de Cristo con todo detalle el tratamiento de los cuerpos y con gran expresi\u00f3n en los rostros de los personajes de la escena.<\/p>\n<p><img loading=\"lazy\" decoding=\"async\" class=\" wp-image-95 aligncenter\" src=\"https:\/\/blogs.ua.es\/sevillatieneuncolorespecial\/files\/2017\/12\/retablo-300x173.png\" alt=\"\" width=\"376\" height=\"217\" srcset=\"https:\/\/blogs.ua.es\/sevillatieneuncolorespecial\/files\/2017\/12\/retablo-300x173.png 300w, https:\/\/blogs.ua.es\/sevillatieneuncolorespecial\/files\/2017\/12\/retablo.png 645w\" sizes=\"auto, (max-width: 376px) 100vw, 376px\" \/><\/p>\n<p>A Juan de Mesa y Pedro Rold\u00e1n se les atribuye los pasos m\u00e1s conocidos de la Semana Santa sevillana: Nuestro Padre Jes\u00fas del Gran Poder (pertenece a la Hermandad de Jes\u00fas del Gran Poder, realizada en el a\u00f1o 1620) y El Sagrado Descendimiento de Nuestro Se\u00f1or Jesucristo (Hermandad de la Quinta Angustia, a\u00f1o 1658).<\/p>\n<p><img loading=\"lazy\" decoding=\"async\" class=\"size-medium wp-image-96 alignleft\" src=\"https:\/\/blogs.ua.es\/sevillatieneuncolorespecial\/files\/2017\/12\/gran-poder-198x300.png\" alt=\"\" width=\"198\" height=\"300\" srcset=\"https:\/\/blogs.ua.es\/sevillatieneuncolorespecial\/files\/2017\/12\/gran-poder-198x300.png 198w, https:\/\/blogs.ua.es\/sevillatieneuncolorespecial\/files\/2017\/12\/gran-poder.png 363w\" sizes=\"auto, (max-width: 198px) 100vw, 198px\" \/> <img loading=\"lazy\" decoding=\"async\" class=\"size-medium wp-image-97 alignright\" src=\"https:\/\/blogs.ua.es\/sevillatieneuncolorespecial\/files\/2017\/12\/descendimiento-222x300.png\" alt=\"\" width=\"222\" height=\"300\" srcset=\"https:\/\/blogs.ua.es\/sevillatieneuncolorespecial\/files\/2017\/12\/descendimiento-222x300.png 222w, https:\/\/blogs.ua.es\/sevillatieneuncolorespecial\/files\/2017\/12\/descendimiento.png 306w\" sizes=\"auto, (max-width: 222px) 100vw, 222px\" \/><\/p>\n<p>&nbsp;<\/p>\n","protected":false},"excerpt":{"rendered":"<p>Escultura En el barroco surge la &#8220;Escuela Sevillana&#8221; donde se destaca por encima de todo la calidad y el virtuosismo de los autores. Destacan entre ellos los artistas Juan de Mesa y Pedro Rold\u00e1n. La escultura barroca busca romper con lo establecido con el Renacimiento buscando en las obras lo dram\u00e1tico, lo teatral, busca la &hellip; <\/p>\n<p class=\"link-more\"><a href=\"https:\/\/blogs.ua.es\/sevillatieneuncolorespecial\/escultura\/\" class=\"more-link\">Continue reading<span class=\"screen-reader-text\"> &#8220;Escultura&#8221;<\/span><\/a><\/p>\n","protected":false},"author":3998,"featured_media":0,"parent":0,"menu_order":0,"comment_status":"closed","ping_status":"closed","template":"","meta":{"footnotes":""},"class_list":["post-45","page","type-page","status-publish","hentry"],"_links":{"self":[{"href":"https:\/\/blogs.ua.es\/sevillatieneuncolorespecial\/wp-json\/wp\/v2\/pages\/45","targetHints":{"allow":["GET"]}}],"collection":[{"href":"https:\/\/blogs.ua.es\/sevillatieneuncolorespecial\/wp-json\/wp\/v2\/pages"}],"about":[{"href":"https:\/\/blogs.ua.es\/sevillatieneuncolorespecial\/wp-json\/wp\/v2\/types\/page"}],"author":[{"embeddable":true,"href":"https:\/\/blogs.ua.es\/sevillatieneuncolorespecial\/wp-json\/wp\/v2\/users\/3998"}],"replies":[{"embeddable":true,"href":"https:\/\/blogs.ua.es\/sevillatieneuncolorespecial\/wp-json\/wp\/v2\/comments?post=45"}],"version-history":[{"count":9,"href":"https:\/\/blogs.ua.es\/sevillatieneuncolorespecial\/wp-json\/wp\/v2\/pages\/45\/revisions"}],"predecessor-version":[{"id":214,"href":"https:\/\/blogs.ua.es\/sevillatieneuncolorespecial\/wp-json\/wp\/v2\/pages\/45\/revisions\/214"}],"wp:attachment":[{"href":"https:\/\/blogs.ua.es\/sevillatieneuncolorespecial\/wp-json\/wp\/v2\/media?parent=45"}],"curies":[{"name":"wp","href":"https:\/\/api.w.org\/{rel}","templated":true}]}}