{"id":139,"date":"2008-11-03T14:45:27","date_gmt":"2008-11-03T12:45:27","guid":{"rendered":"https:\/\/blogs.ua.es\/sheila01\/?page_id=139"},"modified":"2008-11-03T14:45:27","modified_gmt":"2008-11-03T12:45:27","slug":"informacion-general","status":"publish","type":"page","link":"https:\/\/blogs.ua.es\/sheila01\/informacion-general\/","title":{"rendered":"INFORMACI\u00d3N GENERAL"},"content":{"rendered":"<p><img decoding=\"async\" src=\"http:\/\/farm1.static.flickr.com\/52\/151543793_923234de9e_d.jpg\" alt=\"\" \/> <\/p>\n<p>En esta web podr\u00e9is encontrar informaci\u00f3n muy interesanta sobre algunos deportes del mar como pueden ser:<\/p>\n<p>Adem\u00e1s se admiten propuestas y nuevos deportes novedosos que vayan surgiendo.<\/p>\n<p>Adem\u00e1s hay un apartado dedicado a mi equipo de Remo de la UA (fotos propias y v\u00eddeos propios colgados en la web). Si quer\u00e9is m\u00e1s informaci\u00f3n s\u00f3lo ten\u00e9is que consultarme.<\/p>\n<p>Adem\u00e1s me ha parecido muy interesante dejar un apartado dirigido a PELIGROS Y SE\u00d1ALES EN EL MAR, ya que puede llegar a ser muy peligroso cuando se enfada el mar y por eso pongo algunas sugerencias pr\u00e1cticas antes de adentrarnos en \u00e9l.<\/p>\n","protected":false},"excerpt":{"rendered":"<p>En esta web podr\u00e9is encontrar informaci\u00f3n muy interesanta sobre algunos deportes del mar como pueden ser: Adem\u00e1s se admiten propuestas y nuevos deportes novedosos que vayan surgiendo. Adem\u00e1s hay un apartado dedicado a mi equipo de Remo de la UA (fotos propias y v\u00eddeos propios colgados en la web). Si quer\u00e9is m\u00e1s informaci\u00f3n s\u00f3lo ten\u00e9is [&hellip;]<\/p>\n","protected":false},"author":872,"featured_media":0,"parent":0,"menu_order":1,"comment_status":"open","ping_status":"open","template":"","meta":{"footnotes":""},"class_list":["post-139","page","type-page","status-publish","hentry"],"_links":{"self":[{"href":"https:\/\/blogs.ua.es\/sheila01\/wp-json\/wp\/v2\/pages\/139","targetHints":{"allow":["GET"]}}],"collection":[{"href":"https:\/\/blogs.ua.es\/sheila01\/wp-json\/wp\/v2\/pages"}],"about":[{"href":"https:\/\/blogs.ua.es\/sheila01\/wp-json\/wp\/v2\/types\/page"}],"author":[{"embeddable":true,"href":"https:\/\/blogs.ua.es\/sheila01\/wp-json\/wp\/v2\/users\/872"}],"replies":[{"embeddable":true,"href":"https:\/\/blogs.ua.es\/sheila01\/wp-json\/wp\/v2\/comments?post=139"}],"version-history":[{"count":1,"href":"https:\/\/blogs.ua.es\/sheila01\/wp-json\/wp\/v2\/pages\/139\/revisions"}],"predecessor-version":[{"id":140,"href":"https:\/\/blogs.ua.es\/sheila01\/wp-json\/wp\/v2\/pages\/139\/revisions\/140"}],"wp:attachment":[{"href":"https:\/\/blogs.ua.es\/sheila01\/wp-json\/wp\/v2\/media?parent=139"}],"curies":[{"name":"wp","href":"https:\/\/api.w.org\/{rel}","templated":true}]}}