{"id":33,"date":"2008-10-26T11:22:43","date_gmt":"2008-10-26T09:22:43","guid":{"rendered":"https:\/\/blogs.ua.es\/sheila01\/?page_id=33"},"modified":"2008-10-27T20:49:48","modified_gmt":"2008-10-27T18:49:48","slug":"prueba-escribir-pagina","status":"publish","type":"page","link":"https:\/\/blogs.ua.es\/sheila01\/prueba-escribir-pagina\/","title":{"rendered":"Noticias"},"content":{"rendered":"<p>\u00a0<code>[kml_flashembed movie=\"http:\/\/www.youtube.com\/v\/5mvpj77DaSY\" width=\"425\" height=\"350\" wmode=\"transparent\" \/]<\/code><\/p>\n<p>Este apartado es de noticias interesantes relacionadas con los deportes del mar.<\/p>\n<p>Asi\u00a0 como eventos importantes, publicaciones de libros, art\u00edculos, informaci\u00f3n de inter\u00e9s general&#8230;<\/p>\n<p>EVENTOS:<\/p>\n<p>VUELTA AL MUNDO DE VELA &#8220;VOLVO OCEAN RACE&#8221;. SEPTIEMBRE 2008<\/p>\n<p>CAMPEONA DE ESPA\u00d1A REMO BANCO FIJO. M\u00c1LAGA. SEPTIEMBRE 2008<\/p>\n","protected":false},"excerpt":{"rendered":"<p>\u00a0[kml_flashembed movie=&#8221;http:\/\/www.youtube.com\/v\/5mvpj77DaSY&#8221; width=&#8221;425&#8243; height=&#8221;350&#8243; wmode=&#8221;transparent&#8221; \/] Este apartado es de noticias interesantes relacionadas con los deportes del mar. Asi\u00a0 como eventos importantes, publicaciones de libros, art\u00edculos, informaci\u00f3n de inter\u00e9s general&#8230; EVENTOS: VUELTA AL MUNDO DE VELA &#8220;VOLVO OCEAN RACE&#8221;. SEPTIEMBRE 2008 CAMPEONA DE ESPA\u00d1A REMO BANCO FIJO. M\u00c1LAGA. SEPTIEMBRE 2008<\/p>\n","protected":false},"author":872,"featured_media":0,"parent":0,"menu_order":0,"comment_status":"open","ping_status":"closed","template":"","meta":{"footnotes":""},"class_list":["post-33","page","type-page","status-publish","hentry"],"_links":{"self":[{"href":"https:\/\/blogs.ua.es\/sheila01\/wp-json\/wp\/v2\/pages\/33","targetHints":{"allow":["GET"]}}],"collection":[{"href":"https:\/\/blogs.ua.es\/sheila01\/wp-json\/wp\/v2\/pages"}],"about":[{"href":"https:\/\/blogs.ua.es\/sheila01\/wp-json\/wp\/v2\/types\/page"}],"author":[{"embeddable":true,"href":"https:\/\/blogs.ua.es\/sheila01\/wp-json\/wp\/v2\/users\/872"}],"replies":[{"embeddable":true,"href":"https:\/\/blogs.ua.es\/sheila01\/wp-json\/wp\/v2\/comments?post=33"}],"version-history":[{"count":8,"href":"https:\/\/blogs.ua.es\/sheila01\/wp-json\/wp\/v2\/pages\/33\/revisions"}],"predecessor-version":[{"id":93,"href":"https:\/\/blogs.ua.es\/sheila01\/wp-json\/wp\/v2\/pages\/33\/revisions\/93"}],"wp:attachment":[{"href":"https:\/\/blogs.ua.es\/sheila01\/wp-json\/wp\/v2\/media?parent=33"}],"curies":[{"name":"wp","href":"https:\/\/api.w.org\/{rel}","templated":true}]}}