{"id":31,"date":"2010-11-10T19:42:04","date_gmt":"2010-11-10T19:42:04","guid":{"rendered":"https:\/\/blogs.ua.es\/siglodeoroespana\/"},"modified":"2011-01-17T13:59:47","modified_gmt":"2011-01-17T13:59:47","slug":"don-francisco-de-quevedo","status":"publish","type":"page","link":"https:\/\/blogs.ua.es\/siglodeoroespana\/don-francisco-de-quevedo\/","title":{"rendered":"Personaje Destacado"},"content":{"rendered":"<p style=\"padding-left: 30px\"><a href=\"https:\/\/blogs.ua.es\/siglodeoroespana\/files\/2010\/11\/Quevedo_11.jpg\"><img loading=\"lazy\" decoding=\"async\" class=\"alignleft size-medium wp-image-67\" src=\"https:\/\/blogs.ua.es\/siglodeoroespana\/files\/2010\/11\/Quevedo_11-220x300.jpg\" alt=\"\" width=\"220\" height=\"300\" srcset=\"https:\/\/blogs.ua.es\/siglodeoroespana\/files\/2010\/11\/Quevedo_11-220x300.jpg 220w, https:\/\/blogs.ua.es\/siglodeoroespana\/files\/2010\/11\/Quevedo_11.jpg 340w\" sizes=\"auto, (max-width: 220px) 100vw, 220px\" \/><\/a>Don Francisco de Quevedo, nace en Madrid el 17-9-1580, mismo a\u00f1o en que Portugal se adhiere a Espa\u00f1a.<br \/>\nEste muchacho procede de una familia cortesana y de noble ascendencia, por lo tanto, tendr\u00e1 una oportunidad en la vida pol\u00edtica de la \u00e9poca, ya que su padre era secretario de la princesa Mar\u00eda y su madre dama de honor de la misma.<br \/>\nSus estudios empezaron en el <span style=\"text-decoration: underline\"><strong>Colegio Imperial<\/strong><\/span>, donde los jesuitas educaban a los hijos de la nobleza.<br \/>\nCon 16 a\u00f1os, Quevedo estar\u00e1 estudiando en la prestigiosa <strong><span style=\"text-decoration: underline\">Universidad de Alcal\u00e1 de Henares <\/span><\/strong>, donde conocer\u00e1 al futuro Duque de Osuna. Al poco tiempo, fallecer\u00e1 su madre, qued\u00e1ndose sin familia, por ello cambiar\u00e1 de \u00e1mbitos, y\u00e9ndose a la Universidad de Valladolid, adonde el rey Felipe III traslad\u00f3 la Corte, confiando en el Duque de Lerma para que llevase el gobierno de Espa\u00f1a.\u00a0 Al poco tiempo, Francisco se pondr\u00e1 al servicio del Duque.<br \/>\nHacia el 1604-1605, Quevedo empezar\u00e1 a escribir sus primeros \u2039<strong><em>Sue\u00f1os\u203a, <\/em><\/strong>mientras que Cervantes dar\u00e1 a conocer la 1\u00aa parte de <strong><em>Don Quijote de la Mancha.<\/em><\/strong>\u00a0 Estos a\u00f1os ser\u00e1n gloriosos para la lengua castellana porque se ir\u00e1 consolidando, perfeccionando y <span style=\"color: #333300\">afianzando<\/span>, llegando a alcanzar una prosa muy expresiva.<br \/>\n* Seg\u00fan <span style=\"text-decoration: underline\">Soler Cayetano, <\/span>describiendo psicol\u00f3gicamente a Quevedo, dice que; &#8220;<em> las ciencias que posey\u00f3 fueron tantas y las domin\u00f3 en tal extremo, que sin lisonja (<\/em><span style=\"color: #800080\"><em> halagos<\/em><span style=\"color: #000000\"><em>) <\/em><span style=\"color: #333333\"><em>pudo\u00a0 decirle <span style=\"text-decoration: underline\">Van der Mammen <\/span>que era tan universal en todas las materias y tan particular en cada ciencia o arte, que nadie juzga sino que naci\u00f3 para la primera que toma entre manos o que fue criado para todos&#8221;<br \/>\n<\/em>A esta opini\u00f3n se le a\u00f1ade, que ya en sus a\u00f1os universitarios, Quevedo ten\u00eda una perfecci\u00f3n literaria que en \u2039<strong><em>El Busc\u00f3n\u203a, <\/em><\/strong>redactada entre 1603 y 1608, fue considerada por muchos cr\u00edticos, como una obra de aut\u00e9ntica madurez.<\/span><\/span><\/span><\/p>\n<p style=\"padding-left: 30px\"><span style=\"color: #800080\"><span style=\"color: #000000\"><span style=\"color: #444444\">La Corte volvi\u00f3 a Madrid y junto a ella, nuestro querido Quevedo, dejando en Valladolid unos estudios de teolog\u00eda sin terminar.<br \/>\nEn estos momentos Espa\u00f1a ha acordado una tregua de 12 a\u00f1os con Holanda y adem\u00e1s se ha producido la expulsi\u00f3n de los moriscos del territorio peninsular.<br \/>\nPor otro lado, el Duque de Osuna ser\u00e1 nombrado virrey de Sicilia y como buen amigo que es Quevedo, se marchar\u00e1 a Italia como consejero de su amigo y Duque.<br \/>\nCon el paso de los a\u00f1os, Francisco se hizo ver y sonar como un personaje pol\u00edtico y literario, ya que su vida estaba alrededor de ambas ideas.<br \/>\nCon 33 a\u00f1os , Quevedo se encuentra en Palermo, como hombre de confianza del Duque de Osuna.<br \/>\nLa forma de buen diplom\u00e1tico le llev\u00f3 a entrevistarse con el Papa Pablo V, a informar al rey espa\u00f1ol sobre los asuntos italianos y sobretodo, a buscar grandes beneficios al Duque. <\/span><\/span><\/span><\/p>\n<p style=\"padding-left: 30px\"><span style=\"color: #800080\"><span style=\"color: #000000\"><span style=\"color: #444444\">1618, se sit\u00faa en Venecia ,donde logr\u00f3 deshacerse de una grave conjura que le hicieron cargo, contra el Duque de Osuna.<br \/>\nA pesar de los apoyos de su amigo y literario, el Duque de Osuna caer\u00e1 en desgracia, arrastrando junto a \u00e9l a Quevedo.<br \/>\nA nuestro autor le cay\u00f3 una parte muy dura, ya que sufri\u00f3 en la c\u00e1rcel de <strong>Ucl\u00e9s, (<em>Cuenca), <\/em><\/strong>m\u00e1s tarde\u00a0 fue reclu\u00eddo a la <strong><em>Torre de Juan de Abad <\/em><\/strong>y despu\u00e9s, permaneci\u00f3 en arresto domiciliario, situaci\u00f3n que aprovech\u00f3 para escribir;<strong> <span style=\"text-decoration: underline\">Pol\u00edtica de Dios y gobierno de Cristo. <\/span><\/strong><\/span><\/span><\/span><\/p>\n<p style=\"padding-left: 30px\"><span style=\"color: #800080\"><span style=\"color: #000000\"><span style=\"color: #444444\">1621 muere Felipe III, dejando consigo una Espa\u00f1a envuelta en la Guerra de los 30 a\u00f1os y el final de la tregua con Holanda.<br \/>\nAhora, al trono ascender\u00e1 Felipe IV encumbrando con \u00e9l al conde-duque Olivares. A esto se le a\u00f1adir\u00e1, que la pol\u00edtica se har\u00e1 desde Madrid.<br \/>\nPara Quevedo, el fracaso y la ruptura con el duque signific\u00f3 una gran desilusi\u00f3n, ya que tuvo que volver a Madrid.<br \/>\nEstando en la capital, Francisco dedicar\u00e1 a Felipe IV una <strong><em><span style=\"text-decoration: underline\">Ep\u00edstola sat\u00edrica y censoria, <\/span><\/em><\/strong>donde la dulaci\u00f3n y el servilismo se unen a la a\u00f1oranza de los tiempos gloriosos e imperiales de Carlos V y Felipe II.<br \/>\nTras convalecer en Villanueva de los Infantes, consigue ganarse la confianza del rey espa\u00f1ol. Posiblemente, la gan\u00f3 tras la publicaci\u00f3n de <strong><em>&lt; El chit\u00f3n de las tarabillas&gt;. <\/em><\/strong>Aqu\u00ed defiende la pol\u00edtica monetaria injusta del conde-duque de Olivares.<br \/>\nFelipe IV le nombrar\u00e1 secretario, un t\u00edtulo puramente honor\u00edfico.<br \/>\nParalelamente a la crisis pol\u00edtica, el mundo literario estaba en su momento cumbre. <\/span><\/span><\/span><\/p>\n<p style=\"padding-left: 30px\"><span style=\"color: #800080\"><span style=\"color: #000000\"><span style=\"color: #444444\"><span style=\"color: #000000\">La critica y la iron\u00eda de Quevedo le hicieron tener numerosos enemigos, hasta el punto de que <em>Lu\u00eds Pacheco de Narvaez <\/em>le denuncie a la todopoderosa y temible <\/span><strong>Inquisici\u00f3n. <\/strong><\/span><\/span><\/span><\/p>\n<p style=\"padding-left: 30px\"><span style=\"color: #800080\"><span style=\"color: #000000\"><span style=\"color: #444444\"><span style=\"color: #000000\">Durante su estancia en Madrid, se casar\u00e1 con Esperanza de Mendoza, pero el s\u00edntoma mis\u00f3gino le floreci\u00f3 al ver su nueva situaci\u00f3n familiar, as\u00ed que pronto se separar\u00eda.<br \/>\nPese a todo, a\u00fan no habr\u00e1 llegado el momento m\u00e1s doloroso de su vida, ya que\u00a0 en 1639\u00a0 lo har\u00e1n \u00a0preso en la casa de su protector, el Duque de Medinaceli, de ah\u00ed lo transladar\u00e1n al convento de San Marcos de Le\u00f3n, despu\u00e9s de confiscarle todas sus obras, cartas y poemas.<br \/>\nPermanecer\u00e1 encarcelado all\u00ed durante 4 a\u00f1os, acusado\u00a0 de haber sacado a la luz, en sus escritos, la situaci\u00f3n de miseria y hambre del pa\u00eds.<br \/>\n\u00a0&#8221; <em>Ni han sembrado, ni pueden, ni hay pan. Los m\u00e1s le comen de cebada y centeno. Cada d\u00eda traemos pobres muertos de los caminos, de hambre y desnudez. La miseria es universal y ultimada&#8221;.<\/em><\/span><\/span><\/span><\/span><\/p>\n<p style=\"padding-left: 30px\"><span style=\"color: #800080\"><span style=\"color: #000000\"><span style=\"color: #444444\"><span style=\"color: #000000\">Estando encarcelado, se produjo la sublevaci\u00f3n de Catalu\u00f1a, la rebeli\u00f3n de Portugal y la conjura de Andaluc\u00eda. En estos momentos, la decadencia pol\u00edtica y econ\u00f3mica\u00a0 se mezclaba con el gran esplendor de las letras castellanas.<\/span><\/span><\/span><\/span><\/p>\n<p style=\"padding-left: 30px\"><span style=\"color: #800080\"><span style=\"color: #000000\"><span style=\"color: #444444\"><span style=\"color: #000000\">A principios de 1643, Olivares perder\u00e1 el favor del rey, mientras que Quevedo sali\u00f3 de la c\u00e1rcel.\u00a0<br \/>\nEn los \u00faltimos momentos de su esplendor literario, Don Francisco escribir\u00e1 dos obras de car\u00e1cter asc\u00e9tico-moral, como un fiel reflejo de su estado de \u00e1nimo. &lt; <strong><em>La constancia y paciencia del santo Job&gt; y &lt; Providencia de Dios&gt;.<br \/>\n<\/em><\/strong>Ya, vuelto a la vida Cortesana, publica &lt;<strong><em>Vida de San Pablo ap\u00f3stol&gt; y &lt; Vida de Marco Bruto&gt;.<\/em><\/strong>\u00a0 Pero, los a\u00f1os para nuestro autor le pasaron factura, ya que su salud estaba muy tocada.\u00a0 a\u00fan as\u00ed, se traslad\u00f3 a Villanueva de los Infantes, donde la muerte le sorprendi\u00f3 el 8-9-1645.<\/span><\/span><\/span><\/span><\/p>\n<p style=\"padding-left: 30px;text-align: center\"><span style=\"color: #800080\"><span style=\"color: #000000\"><span style=\"color: #444444\"><span style=\"color: #000000\"><a href=\"https:\/\/blogs.ua.es\/siglodeoroespana\/files\/2010\/11\/896590951.jpg\"><img loading=\"lazy\" decoding=\"async\" class=\"aligncenter size-medium wp-image-76\" src=\"https:\/\/blogs.ua.es\/siglodeoroespana\/files\/2010\/11\/896590951-199x300.jpg\" alt=\"\" width=\"270\" height=\"359\" \/><\/a><br \/>\n<\/span><\/span><\/span><\/span><\/p>\n","protected":false},"excerpt":{"rendered":"<p>Don Francisco de Quevedo, nace en Madrid el 17-9-1580, mismo a\u00f1o en que Portugal se adhiere a Espa\u00f1a. Este muchacho procede de una familia cortesana y de noble ascendencia, por lo tanto, tendr\u00e1 una oportunidad en la vida pol\u00edtica de &hellip; <a href=\"https:\/\/blogs.ua.es\/siglodeoroespana\/don-francisco-de-quevedo\/\">Continue reading <span class=\"meta-nav\">&rarr;<\/span><\/a><\/p>\n","protected":false},"author":1927,"featured_media":0,"parent":0,"menu_order":0,"comment_status":"open","ping_status":"open","template":"","meta":{"footnotes":""},"class_list":["post-31","page","type-page","status-publish","hentry"],"_links":{"self":[{"href":"https:\/\/blogs.ua.es\/siglodeoroespana\/wp-json\/wp\/v2\/pages\/31","targetHints":{"allow":["GET"]}}],"collection":[{"href":"https:\/\/blogs.ua.es\/siglodeoroespana\/wp-json\/wp\/v2\/pages"}],"about":[{"href":"https:\/\/blogs.ua.es\/siglodeoroespana\/wp-json\/wp\/v2\/types\/page"}],"author":[{"embeddable":true,"href":"https:\/\/blogs.ua.es\/siglodeoroespana\/wp-json\/wp\/v2\/users\/1927"}],"replies":[{"embeddable":true,"href":"https:\/\/blogs.ua.es\/siglodeoroespana\/wp-json\/wp\/v2\/comments?post=31"}],"version-history":[{"count":8,"href":"https:\/\/blogs.ua.es\/siglodeoroespana\/wp-json\/wp\/v2\/pages\/31\/revisions"}],"predecessor-version":[{"id":213,"href":"https:\/\/blogs.ua.es\/siglodeoroespana\/wp-json\/wp\/v2\/pages\/31\/revisions\/213"}],"wp:attachment":[{"href":"https:\/\/blogs.ua.es\/siglodeoroespana\/wp-json\/wp\/v2\/media?parent=31"}],"curies":[{"name":"wp","href":"https:\/\/api.w.org\/{rel}","templated":true}]}}