{"id":48,"date":"2010-11-14T20:51:03","date_gmt":"2010-11-14T20:51:03","guid":{"rendered":"https:\/\/blogs.ua.es\/siglodeoroespana\/"},"modified":"2011-01-17T13:13:33","modified_gmt":"2011-01-17T13:13:33","slug":"el-buscon","status":"publish","type":"page","link":"https:\/\/blogs.ua.es\/siglodeoroespana\/el-buscon\/","title":{"rendered":"Bibliograf\u00eda"},"content":{"rendered":"<p>\u00a0En este apartado, he decidido poner toda la bibliograf\u00eda encontrada y utilizada sobre los temas hablados.<\/p>\n<p style=\"text-align: center\"><span style=\"text-decoration: underline\"><span style=\"color: #888888\">Enlaces web<\/span><\/span><\/p>\n<p style=\"text-align: left\"><span style=\"text-decoration: underline\"><span style=\"color: #800080\">\u00a0<\/span><\/span><\/p>\n<ul>\n<li><a href=\"http:\/\/www.cancioneros.com\/aa\/1161\/0\/canciones-de-luis-de-gongora\">http:\/\/www.cancioneros.com\/aa\/1161\/0\/canciones-de-luis-de-gongora<\/a><\/li>\n<li><a href=\"http:\/\/cervantes.uah.es\/\">http:\/\/cervantes.uah.es\/<\/a><\/li>\n<li><a href=\"http:\/\/centros2.pntic.mec.es\/cp.luis.de.gongora1\/luisde.htm\">http:\/\/centros2.pntic.mec.es\/cp.luis.de.gongora1\/luisde.htm<\/a>\u00a0\u00a0\u00a0\u00a0<\/li>\n<li><a href=\"http:\/\/www.thehouseofblogs.com\/articulo\/las_tumbas_perdidas_de_nuestros_hombres_ilustres-15568.html\">http:\/\/www.thehouseofblogs.com\/articulo\/las_tumbas_perdidas_de_nuestros_hombres_ilustres-15568.html<\/a><\/li>\n<li><a href=\"http:\/\/www.epdlp.com\/escritor.php?id=1952\">http:\/\/www.epdlp.com\/escritor.php?id=1952<\/a><\/li>\n<li><a href=\"http:\/\/www.rinconcastellano.com\/barroco\/calderon.html\">http:\/\/www.rinconcastellano.com\/barroco\/calderon.html#<\/a><\/li>\n<li><a href=\"http:\/\/buscabiografias.com\/cgi-bin\/verbio.cgi?id=937\">http:\/\/buscabiografias.com\/cgi-bin\/verbio.cgi?id=937<\/a><\/li>\n<li><a href=\"http:\/\/www.biografiasyvidas.com\/biografia\/g\/greco.htm\">http:\/\/www.biografiasyvidas.com\/biografia\/g\/greco.htm<\/a><\/li>\n<li><a href=\"http:\/\/usuarios.multimania.es\/ffranco\/pintura.htm\">http:\/\/usuarios.multimania.es\/ffranco\/pintura.htm<\/a><\/li>\n<li><a href=\"http:\/\/es.wikipedia.org\/wiki\/Cuadros_de_Zurbar%C3%A1n\">http:\/\/es.wikipedia.org\/wiki\/Cuadros_de_Zurbar%C3%A1n<\/a><\/li>\n<li><a href=\"http:\/\/www.artehistoria.jcyl.es\/genios\/pintores\/2832.htm\">http:\/\/www.artehistoria.jcyl.es\/genios\/pintores\/2832.htm<\/a><\/li>\n<li><a href=\"http:\/\/platea.pntic.mec.es\/anilo\/murillo\/ninos.htm\">http:\/\/platea.pntic.mec.es\/anilo\/murillo\/ninos.htm<\/a><\/li>\n<li><a href=\"http:\/\/www.imageandart.com\/tutoriales\/biografias\/murillo\/index.html\">http:\/\/www.imageandart.com\/tutoriales\/biografias\/murillo\/index.html<\/a><\/li>\n<li><a href=\"http:\/\/www.artehistoria.jcyl.es\/genios\/cuadros\/3855.htm\">http:\/\/www.artehistoria.jcyl.es\/genios\/cuadros\/3855.htm<\/a><\/li>\n<li><a href=\"http:\/\/www.eroj.org\/cromos\/Murillo\/html\/cuadros.htm#33\">http:\/\/www.eroj.org\/cromos\/Murillo\/html\/cuadros.htm#33<\/a><\/li>\n<li><a href=\"http:\/\/www.museodelprado.es\/enciclopedia\/enciclopedia-on-line\/voz\/zurbaran-francisco-de\/\">http:\/\/www.museodelprado.es\/enciclopedia\/enciclopedia-on-line\/voz\/zurbaran-francisco-de\/<\/a><\/li>\n<li><a href=\"http:\/\/corrientespais.com\/arte\/detalle-de-el-martirio-de-san-mauricio-1580-82.html\">http:\/\/corrientespais.com\/arte\/detalle-de-el-martirio-de-san-mauricio-1580-82.html<\/a><\/li>\n<li><a href=\"http:\/\/noloseytu.blogspot.com\/2010\/11\/felipe-iv-y-maria-calderon.html\">http:\/\/noloseytu.blogspot.com\/2010\/11\/felipe-iv-y-maria-calderon.html<\/a><\/li>\n<li><a href=\"http:\/\/www.sigojoven.com\/grupos\/munidores_de_la_historia\/articulo\/juana_de_tratamara_o_la_beltraneja\">http:\/\/www.sigojoven.com\/grupos\/munidores_de_la_historia\/articulo\/juana_de_tratamara_o_la_beltraneja<\/a><\/li>\n<\/ul>\n<p>\u00a0<\/p>\n<p style=\"text-align: center\"><span style=\"text-decoration: underline\">Libros<\/span><\/p>\n<ul>\n<li>\n<div style=\"text-align: left\">\u00a0Isabel Guill\u00e9n Pardo. Obras Selectas, Francisco de Quevedo.EDIMAT Libros.<\/div>\n<\/li>\n<li>\n<div style=\"text-align: left\">Biblioteca de Consulta Larousse. Diccionario de Literatura. RBA<\/div>\n<\/li>\n<li>\n<div style=\"text-align: left\">Pablo Jauralde Pou. Francisco de Quevedo (1580-1645). Nueva biblioteca de erudici\u00f3n y cr\u00edtica. Ed. CASTALIA.<\/div>\n<\/li>\n<li>\n<div style=\"text-align: left\">Grandes maestros de la pintura. Vel\u00e1zquez. P\u00daBLICO.<\/div>\n<\/li>\n<li>\n<div style=\"text-align: left\">Biblioteca de Consulta Larousse. Diccionario de Arte II. RBA<\/div>\n<\/li>\n<li>\n<div style=\"text-align: left\">Historia. Eugenio Garc\u00eda Almi\u00f1ana, Pablo Gomis Llorca, Fernando Latorre Nu\u00e9valos, Jes\u00fas Gonz\u00e1lez Salcedo, Germ\u00e1n Ram\u00edrez Aled\u00f3n, Ram\u00f3n Sebasti\u00e1n Vicent. ECIR editorial.<\/div>\n<\/li>\n<\/ul>\n<p style=\"text-align: left\">\u00a0<\/p>\n<p style=\"text-align: center\"><span style=\"text-decoration: underline\">Filmograf\u00eda.<\/span><\/p>\n<ul>\n<li>\n<div style=\"text-align: left\">Memoria de Espa\u00f1a. La historia de Espa\u00f1a desde sus primeros pobladores hasta la actualidad. La decadencia pol\u00edtica del Siglo de Oro, 1598-1652. RTVE. DVD.<\/div>\n<\/li>\n<li>\n<div style=\"text-align: left\">Agust\u00edn D\u00edaz Yanes. Alatriste. Basada en la novela de Arturo P\u00e9rez-Reverte.<\/div>\n<\/li>\n<li>\n<div style=\"text-align: left\">Lope, la pel\u00edcula.<\/div>\n<\/li>\n<\/ul>\n","protected":false},"excerpt":{"rendered":"<p>\u00a0En este apartado, he decidido poner toda la bibliograf\u00eda encontrada y utilizada sobre los temas hablados. Enlaces web \u00a0 http:\/\/www.cancioneros.com\/aa\/1161\/0\/canciones-de-luis-de-gongora http:\/\/cervantes.uah.es\/ http:\/\/centros2.pntic.mec.es\/cp.luis.de.gongora1\/luisde.htm\u00a0\u00a0\u00a0\u00a0 http:\/\/www.thehouseofblogs.com\/articulo\/las_tumbas_perdidas_de_nuestros_hombres_ilustres-15568.html http:\/\/www.epdlp.com\/escritor.php?id=1952 http:\/\/www.rinconcastellano.com\/barroco\/calderon.html# http:\/\/buscabiografias.com\/cgi-bin\/verbio.cgi?id=937 http:\/\/www.biografiasyvidas.com\/biografia\/g\/greco.htm http:\/\/usuarios.multimania.es\/ffranco\/pintura.htm http:\/\/es.wikipedia.org\/wiki\/Cuadros_de_Zurbar%C3%A1n http:\/\/www.artehistoria.jcyl.es\/genios\/pintores\/2832.htm http:\/\/platea.pntic.mec.es\/anilo\/murillo\/ninos.htm http:\/\/www.imageandart.com\/tutoriales\/biografias\/murillo\/index.html http:\/\/www.artehistoria.jcyl.es\/genios\/cuadros\/3855.htm http:\/\/www.eroj.org\/cromos\/Murillo\/html\/cuadros.htm#33 http:\/\/www.museodelprado.es\/enciclopedia\/enciclopedia-on-line\/voz\/zurbaran-francisco-de\/ http:\/\/corrientespais.com\/arte\/detalle-de-el-martirio-de-san-mauricio-1580-82.html http:\/\/noloseytu.blogspot.com\/2010\/11\/felipe-iv-y-maria-calderon.html http:\/\/www.sigojoven.com\/grupos\/munidores_de_la_historia\/articulo\/juana_de_tratamara_o_la_beltraneja \u00a0 Libros &hellip; <a href=\"https:\/\/blogs.ua.es\/siglodeoroespana\/el-buscon\/\">Continue reading <span class=\"meta-nav\">&rarr;<\/span><\/a><\/p>\n","protected":false},"author":1927,"featured_media":0,"parent":0,"menu_order":0,"comment_status":"open","ping_status":"open","template":"","meta":{"footnotes":""},"class_list":["post-48","page","type-page","status-publish","hentry"],"_links":{"self":[{"href":"https:\/\/blogs.ua.es\/siglodeoroespana\/wp-json\/wp\/v2\/pages\/48","targetHints":{"allow":["GET"]}}],"collection":[{"href":"https:\/\/blogs.ua.es\/siglodeoroespana\/wp-json\/wp\/v2\/pages"}],"about":[{"href":"https:\/\/blogs.ua.es\/siglodeoroespana\/wp-json\/wp\/v2\/types\/page"}],"author":[{"embeddable":true,"href":"https:\/\/blogs.ua.es\/siglodeoroespana\/wp-json\/wp\/v2\/users\/1927"}],"replies":[{"embeddable":true,"href":"https:\/\/blogs.ua.es\/siglodeoroespana\/wp-json\/wp\/v2\/comments?post=48"}],"version-history":[{"count":10,"href":"https:\/\/blogs.ua.es\/siglodeoroespana\/wp-json\/wp\/v2\/pages\/48\/revisions"}],"predecessor-version":[{"id":92,"href":"https:\/\/blogs.ua.es\/siglodeoroespana\/wp-json\/wp\/v2\/pages\/48\/revisions\/92"}],"wp:attachment":[{"href":"https:\/\/blogs.ua.es\/siglodeoroespana\/wp-json\/wp\/v2\/media?parent=48"}],"curies":[{"name":"wp","href":"https:\/\/api.w.org\/{rel}","templated":true}]}}