{"id":63,"date":"2011-01-03T16:23:16","date_gmt":"2011-01-03T16:23:16","guid":{"rendered":"https:\/\/blogs.ua.es\/siglodeoroespana\/"},"modified":"2011-08-17T13:56:20","modified_gmt":"2011-08-17T13:56:20","slug":"personajes-ilustres","status":"publish","type":"page","link":"https:\/\/blogs.ua.es\/siglodeoroespana\/personajes-ilustres\/","title":{"rendered":"Personajes Ilustres"},"content":{"rendered":"<p>Este espacio est\u00e1 dedicado a ciertos personajes de la \u00e9poca que fueron influyentes en esta \u00e9poca.<\/p>\n<p><span style=\"text-decoration: underline\"><span style=\"color: #800080\">Mar\u00eda Calder\u00f3n. &#8220;La calderona&#8221;.<\/span><\/span><\/p>\n<p><span style=\"color: #000000\">Actriz y cortesana nacida en Madrid en 1611.\u00a0<\/span><\/p>\n<p><span style=\"color: #800080\"><a href=\"https:\/\/blogs.ua.es\/siglodeoroespana\/files\/2011\/01\/LaCalderona1.jpg\"><img loading=\"lazy\" decoding=\"async\" class=\"alignleft size-full wp-image-192\" src=\"https:\/\/blogs.ua.es\/siglodeoroespana\/files\/2011\/01\/LaCalderona1.jpg\" alt=\"\" width=\"210\" height=\"295\" \/><\/a><\/span><\/p>\n<p><span style=\"color: #000000\">Era hija de Juan Calder\u00f3n, vinculado al teatro, por ello, Mar\u00eda se dedicar\u00e1 a ello.<br \/>\nMar\u00eda era una actriz secundaria, que destacaba m\u00e1s por su gracia y talento teatral, que por su belleza.\u00a0 Este talento le hizo ganarse el sobrenombre de <strong><em>&#8220;La calderona&#8221; o &#8220;Mariz\u00e1palos&#8221;.<\/em><\/strong><\/span><\/p>\n<p><span style=\"color: #000000\">Esta actriz es destacable, no por su vida de actriz, si no por los escarceos amorosos que tuvo con el rey Felipe IV, estando ella con el Duque de Medina de las Torres y \u00e9l con la reina Isabel de Borb\u00f3n, pero aun as\u00ed, siguieron\u00a0 con su amor prohibido.<br \/>\nLos amor\u00edos de Felipe IV eran un secreto a voces, ya que la actriz se qued\u00f3 encinta del rey, dando a luz a un heredero bastardo; Juan Jos\u00e9 de Austria.<br \/>\nEste ni\u00f1o le fue separado inmediatamente de las manos de Mar\u00eda para que recibiera una educaci\u00f3n principesca.<br \/>\nCon este hecho sucedido, La calderona\u00a0 ingres\u00f3 en el monasterio benedictino de San Juan Bautista de Valfermoso.\u00a0 En este momento, Juan Jos\u00e9 de Austria fue reconocido como hijo leg\u00edtimo del rey.<br \/>\nMar\u00eda\u00a0 pas\u00f3 sus \u00faltimos a\u00f1os de vida en aquel convento, falleciendo en 1646. <\/span><\/p>\n<p><span style=\"color: #000000\"><span style=\"text-decoration: underline\"><span style=\"color: #800080\">Francisco Jim\u00e9nez de Cisneros. <\/span><\/span><\/span><\/p>\n<p>\u00a0<a href=\"https:\/\/blogs.ua.es\/siglodeoroespana\/files\/2011\/01\/img_cardenal_cisneros1.jpg\"><img loading=\"lazy\" decoding=\"async\" class=\"alignleft size-medium wp-image-193\" src=\"https:\/\/blogs.ua.es\/siglodeoroespana\/files\/2011\/01\/img_cardenal_cisneros1-214x300.jpg\" alt=\"\" width=\"214\" height=\"300\" srcset=\"https:\/\/blogs.ua.es\/siglodeoroespana\/files\/2011\/01\/img_cardenal_cisneros1-214x300.jpg 214w, https:\/\/blogs.ua.es\/siglodeoroespana\/files\/2011\/01\/img_cardenal_cisneros1.jpg 548w\" sizes=\"auto, (max-width: 214px) 100vw, 214px\" \/><\/a><span style=\"color: #000000\">Eclesi\u00e1stico y estadista madrile\u00f1o nacido en Torrelaguna, en 1436.<br \/>\n<\/span><span style=\"color: #000000\">Curs\u00f3 estudios de teolog\u00eda\u00a0en\u00a0 Alcal\u00e1, Salamanca y Roma. Al acabar los estudios en 1471, fue nombrado arcipreste de Uceda.<br \/>\nDespu\u00e9s de unos a\u00f1os oscuros, con algunos conflictos con el arzobispo de Toledo, en 1492 la plaza de confesor de la reina Isabel qued\u00f3 vac\u00eda.\u00a0 La\u00a0 misma reina lo elegir\u00eda para desempe\u00f1ar dicho cargo.<br \/>\nAl a\u00f1o siguiente ser\u00e1 nombrado arzobispo de Toledo. Este nombramiento lo aprovech\u00f3 y emprender\u00e1 una serie de reformas\u00a0 a la iglesia, que no siempre fueron bien recibidas por los eclesi\u00e1sticos.<br \/>\nEstas reformas eran: <\/span><\/p>\n<ul>\n<li><span style=\"color: #000000\">\u00a0Seguimiento se la estricta regla franciscana<\/span><\/li>\n<li><span style=\"color: #000000\">Reforma del clero secular y de las \u00f3rdenes religiosas, a trav\u00e9s de la convocatoria de s\u00ednodos provinciales. <\/span><\/li>\n<\/ul>\n<p><span style=\"color: #000000\">Pero no s\u00f3lo se dedico a la religi\u00f3n. Cisneros hizo una gran intervenci\u00f3n pol\u00edtica y cultural.<br \/>\nPor un lado, en 1504, con la muerte de\u00a0 el Cardenal ocup\u00f3 la regencia y se convirti\u00f3 en el defensor de Fernando el Cat\u00f3lico e impidi\u00f3 la ascensi\u00f3n al trono de Felipe el Hermoso.<br \/>\nCon la muerte de Fernando, el propio rey le asign\u00f3 la regencia en 1516. <\/span><\/p>\n<p><span style=\"color: #000000\">Su intervenci\u00f3n cultural, supuso un gran avance para las universidades, ya que impuls\u00f3 la creaci\u00f3n de la Universidad de Alcal\u00e1, destinada a la educaci\u00f3n religiosa solamente.\u00a0 Adem\u00e1s Cisneros reunir\u00e1 en 1502\u00a0 a muchos sabios de\u00a0 la teolog\u00eda para editar una Biblia pol\u00edglota complutense. <\/span><\/p>\n<p><span style=\"color: #000000\">Su vida era muy envidiable, ya que gozaba de una vida muy agradable.\u00a0 Un a\u00f1os despu\u00e9s de que el difunto Fernando le nombrase regente, muri\u00f3 de camino a Valladolid, donde iba a encontrarse con el futuro monarca de Espa\u00f1a, Carlos I. <\/span><\/p>\n<p><span style=\"color: #000000\">\u00a0<\/span><\/p>\n<p><span style=\"color: #000000\"><span style=\"text-decoration: underline\"><span style=\"color: #800080\">Juana de Trast\u00e1mara, La Beltraneja. <\/span><\/span><\/span><\/p>\n<p><span style=\"color: #000000\"><span style=\"text-decoration: underline\"><span style=\"color: #800080\"><a href=\"https:\/\/blogs.ua.es\/siglodeoroespana\/files\/2011\/01\/beltraneja1.jpg\"><img loading=\"lazy\" decoding=\"async\" class=\"alignleft size-full wp-image-194\" src=\"https:\/\/blogs.ua.es\/siglodeoroespana\/files\/2011\/01\/beltraneja1.jpg\" alt=\"\" width=\"217\" height=\"267\" \/><\/a><\/span><\/span><\/span><\/p>\n<p><span style=\"color: #000000\">Infanta castellana nacida el 28-2-1464. Hija del matrimonio de Enrique IV y Juana de Portugal.<br \/>\nComo es sabido, el rey gozaba de ser impotente, por ello , el nacimiento de Juana, dio a entender que la reina mantuvo relaciones extramatrimoniales, con el que parece ser su verdadero padre, <strong><em>Don Beltr\u00e1n de la Cueva<\/em><\/strong>.\u00a0 De ah\u00ed, el sobrenombre de la infanta. <\/span><\/p>\n<p><span style=\"color: #000000\">A la hora de gobernar el imperio espa\u00f1ol, se encontr\u00f3 con una gran traba, llamada Isabel de Castilla, su t\u00eda.<br \/>\nLa rivalidad de ambas, se envolvi\u00f3 en una guerra civil, donde Juana, apoyada por su marido portugu\u00e9s, Alfonso V, defendiera el trono de \u00e9sta.<br \/>\nPor el otro lado, la boda de Isabel con Fernando de Arag\u00f3n propici\u00f3 una uni\u00f3n muy beneficiosa para el reino espa\u00f1ol.<br \/>\nEsta guerra, acab\u00f3 con la <strong>Batalla de Toro en 1476<\/strong>, donde los partidarios de Isabel se alzaron con el poder.<br \/>\nCon esta batalla se dio fin a la pretensi\u00f3n del trono espa\u00f1ol de Juana y sus apoyos.<br \/>\nComo bien narra la historia, Isabel de Castilla y Fernando de Arag\u00f3n se convirtieron en los Reyes Cat\u00f3licos. Esta uni\u00f3n permiti\u00f3 crecer a Espa\u00f1a en todos los \u00e1mbitos.<br \/>\nPero, si hubiera ganado Juana, la historia de Espa\u00f1a hubiera cambiado por completo, pero la falta de\u00a0 habilidad para exigir sus derechos, hizo que perdiera la gran oportunidad de reinar Espa\u00f1a. <\/span><\/p>\n<p><span style=\"color: #000000\">Como se ha podido ver, cada personaje aporta rasgos sobre las ideolog\u00edas y costumbres de la sociedad de anta\u00f1o.<br \/>\nCada uno regido por su filosof\u00eda, nos muestran los rasgos de una Espa\u00f1a que est\u00e1 creciendo a un ritmo muy acelerado, ya que quiere hacerse un hueco como gran potencia de Europa. <\/span><\/p>\n<p><span style=\"color: #000000\"><span style=\"text-decoration: underline\"><span style=\"color: #800080\">\u00a0<\/span><\/span><\/span><\/p>\n","protected":false},"excerpt":{"rendered":"<p>Este espacio est\u00e1 dedicado a ciertos personajes de la \u00e9poca que fueron influyentes en esta \u00e9poca. Mar\u00eda Calder\u00f3n. &#8220;La calderona&#8221;. Actriz y cortesana nacida en Madrid en 1611.\u00a0 Era hija de Juan Calder\u00f3n, vinculado al teatro, por ello, Mar\u00eda se &hellip; <a href=\"https:\/\/blogs.ua.es\/siglodeoroespana\/personajes-ilustres\/\">Continue reading <span class=\"meta-nav\">&rarr;<\/span><\/a><\/p>\n","protected":false},"author":1927,"featured_media":0,"parent":0,"menu_order":0,"comment_status":"open","ping_status":"open","template":"","meta":{"footnotes":""},"class_list":["post-63","page","type-page","status-publish","hentry"],"_links":{"self":[{"href":"https:\/\/blogs.ua.es\/siglodeoroespana\/wp-json\/wp\/v2\/pages\/63","targetHints":{"allow":["GET"]}}],"collection":[{"href":"https:\/\/blogs.ua.es\/siglodeoroespana\/wp-json\/wp\/v2\/pages"}],"about":[{"href":"https:\/\/blogs.ua.es\/siglodeoroespana\/wp-json\/wp\/v2\/types\/page"}],"author":[{"embeddable":true,"href":"https:\/\/blogs.ua.es\/siglodeoroespana\/wp-json\/wp\/v2\/users\/1927"}],"replies":[{"embeddable":true,"href":"https:\/\/blogs.ua.es\/siglodeoroespana\/wp-json\/wp\/v2\/comments?post=63"}],"version-history":[{"count":4,"href":"https:\/\/blogs.ua.es\/siglodeoroespana\/wp-json\/wp\/v2\/pages\/63\/revisions"}],"predecessor-version":[{"id":191,"href":"https:\/\/blogs.ua.es\/siglodeoroespana\/wp-json\/wp\/v2\/pages\/63\/revisions\/191"}],"wp:attachment":[{"href":"https:\/\/blogs.ua.es\/siglodeoroespana\/wp-json\/wp\/v2\/media?parent=63"}],"curies":[{"name":"wp","href":"https:\/\/api.w.org\/{rel}","templated":true}]}}