{"id":119,"date":"2018-09-28T06:37:37","date_gmt":"2018-09-28T06:37:37","guid":{"rendered":"https:\/\/blogs.ua.es\/smartplanning\/?page_id=119"},"modified":"2020-10-08T19:43:32","modified_gmt":"2020-10-08T19:43:32","slug":"el-equipo","status":"publish","type":"page","link":"https:\/\/blogs.ua.es\/smartplanning\/el-equipo\/","title":{"rendered":"EL EQUIPO"},"content":{"rendered":"<h5>\u00a0<a href=\"https:\/\/blogs.ua.es\/destinosturisticosinteligentes\/files\/2015\/11\/cropped-logo-iuit-UA.jpg\"><img loading=\"lazy\" decoding=\"async\" class=\"wp-image-145 aligncenter\" src=\"https:\/\/blogs.ua.es\/destinosturisticosinteligentes\/files\/2015\/11\/cropped-logo-iuit-UA.jpg\" alt=\"cropped-logo-iuit-UA.jpg\" width=\"63\" height=\"63\" \/><\/a><\/h5>\n<ul>\n<li><a href=\"http:\/\/web.ua.es\/es\/grupoinvesturismo\/informacion\/curriculums\/josep-ivars-baidal.html\" target=\"_blank\" rel=\"noopener noreferrer\"><strong>Dr. Josep A. Ivars Baidal.<\/strong>\u00a0<\/a>Investigador responsable.<\/li>\n<li><strong><a href=\"http:\/\/web.ua.es\/es\/grupoinvesturismo\/informacion\/curriculums\/jose-fernando-vera-rebollo.html\" target=\"_blank\" rel=\"noopener noreferrer\">Dr. J. Fernando Vera Rebollo.<\/a><\/strong>\u00a0Investigador responsable.<\/li>\n<\/ul>\n<hr \/>\n<ul>\n<li><a href=\"https:\/\/cvnet.cpd.ua.es\/curriculum-breve\/es\/casado-diaz-ana-belen\/22811\"><strong>Dra. Ana B. Casado Diaz. <\/strong><\/a>Universidad de Alicante<\/li>\n<li><strong><a href=\"http:\/\/web.ua.es\/es\/grupoinvesturismo\/informacion\/curriculums\/rosario-navalon-garcia.html\" target=\"_blank\" rel=\"noopener noreferrer\">Dra. Rosario Naval\u00f3n Garc\u00eda.<\/a><\/strong>\u00a0Universidad de Alicante.<\/li>\n<li><a href=\"http:\/\/web.ua.es\/es\/grupoinvesturismo\/informacion\/curriculums\/maria-paz-such-climent.html\" target=\"_blank\" rel=\"noopener noreferrer\"><strong>Dra. Mar\u00eda Paz Such Climent<\/strong>.<\/a>\u00a0Universidad de Alicante.<\/li>\n<li><strong><a href=\"http:\/\/cvnet.cpd.ua.es\/Directorio\/Home\/FichaPersona\/49395?depende=B184&amp;idioma=es\">Dra. Almudena Nolasco Cirugeda.<\/a><\/strong> Universidad de Alicante.<\/li>\n<li><strong><a href=\"http:\/\/web.ua.es\/es\/grupoinvesturismo\/informacion\/curriculums\/elisa-rico-canovas.html\" target=\"_blank\" rel=\"noopener noreferrer\">Dra. Elisa Rico C\u00e1novas.<\/a><\/strong>\u00a0Universidad de Alicante.<\/li>\n<li><a href=\"https:\/\/cvnet.cpd.ua.es\/Directorio\/Home\/FichaPersona\/14738?depende=10170002\"><strong>Dr. Marco A. Celdr\u00e1n Bernabeu<\/strong>.<\/a>\u00a0T\u00e9cnico. Universidad de Alicante.<\/li>\n<li><strong><a href=\"https:\/\/cvnet.cpd.ua.es\/Directorio\/Home\/FichaPersona\/94357?depende=10.17&amp;idioma=es\">Dra. Sandra Navarro Ruiz.<\/a><\/strong> Becaria de investigaci\u00f3n. Universidad de Alicante.<\/li>\n<li><a href=\"https:\/\/cvnet.cpd.ua.es\/Directorio\/Home\/FichaPersona\/76055?depende=10.17&amp;idioma=es\"><strong>Dr. Francisco Femenia Serra.<\/strong><\/a>\u00a0Becario de investigaci\u00f3n. Universidad de Alicante.<\/li>\n<li><strong><a href=\"http:\/\/invattur.gva.es\/organigrama\/\" target=\"_blank\" rel=\"noopener noreferrer\">Dr. David Giner S\u00e1nchez.<\/a><\/strong>\u00a0Invat.tur. Colaborador Universidad de Alicante.<\/li>\n<li><a href=\"https:\/\/www.linkedin.com\/in\/francisco-juan-mart%C3%ADnez-23560a18?originalSubdomain=es\"><strong>Francisco Juan Mart\u00ednez.<\/strong> <\/a>Invat.tur. Colaborador Universidad de Alicante.<\/li>\n<li><a href=\"https:\/\/cvnet.cpd.ua.es\/Directorio\/Home\/FichaPersona\/2035?depende=B173&amp;idioma=es\"><strong>Dr. Alejandro Trivi\u00f1o P\u00e9rez.<\/strong><\/a> Instituto de Ecolog\u00eda Litoral. Colaborador Universidad de Alicante.<\/li>\n<li><a href=\"https:\/\/scholar.google.es\/citations?user=MC4GupQAAAAJ&amp;hl=es\" target=\"_blank\" rel=\"noopener noreferrer\"><strong>Dr. Jos\u00e9 Francisco Perles Ribes.<\/strong>\u00a0<\/a>Ayuntamiento de Calpe. Colaborador Universidad de Alicante<\/li>\n<\/ul>\n<hr \/>\n<p><a href=\"https:\/\/blogs.ua.es\/destinosturisticosinteligentes\/files\/2015\/11\/EscudoUMA.gif\"><img loading=\"lazy\" decoding=\"async\" class=\"aligncenter wp-image-178\" src=\"https:\/\/blogs.ua.es\/destinosturisticosinteligentes\/files\/2015\/11\/EscudoUMA.gif\" alt=\"EscudoUMA\" width=\"99\" height=\"92\" \/><\/a><\/p>\n<ul>\n<li><strong><a href=\"http:\/\/www.uma.es\/departamento-de-geografia\/info\/70609\/ana-maria-luque-gil\/\" target=\"_blank\" rel=\"noopener noreferrer\">Dra. Ana Mar\u00eda Luque Gil.<\/a><\/strong>\u00a0Universidad de M\u00e1laga.<\/li>\n<li><strong><a href=\"http:\/\/www.lcc.uma.es\/contenidos\/informacion_personal.action?id=120\" target=\"_blank\" rel=\"noopener noreferrer\">Dr. Antonio J. Guevara Plaza.<\/a><\/strong>\u00a0Universidad de M\u00e1laga.<\/li>\n<li><a href=\"http:\/\/www.sicuma.uma.es\/miembros?ver=rossi\" target=\"_blank\" rel=\"noopener noreferrer\"><strong>Dr. Carlos Rossi Jim\u00e9nez.<\/strong>\u00a0<\/a>Universidad de M\u00e1laga.<\/li>\n<li><strong><a href=\"https:\/\/duma.uma.es\/duma\/buscador\/persona\/6bc1451e-0d6b-4d3c-9276-0c19472e893a\/\" target=\"_blank\" rel=\"noopener noreferrer\">Dr. Alfonso Cerezo Medina.<\/a><\/strong>\u00a0Universidad de M\u00e1laga.<\/li>\n<li><strong><a href=\"https:\/\/www.linkedin.com\/in\/mar%C3%ADa-jes%C3%BAs-perea-medina-9150ab66\" target=\"_blank\" rel=\"noopener noreferrer\">Mar\u00eda Jos\u00e9 Perea Medina.<\/a>\u00a0<\/strong>Universidad de M\u00e1laga.<\/li>\n<\/ul>\n<hr \/>\n<p><a href=\"https:\/\/blogs.ua.es\/destinosturisticosinteligentes\/files\/2015\/11\/uni-oviedo.png\"><img loading=\"lazy\" decoding=\"async\" class=\"aligncenter wp-image-181\" src=\"https:\/\/blogs.ua.es\/destinosturisticosinteligentes\/files\/2015\/11\/uni-oviedo.png\" alt=\"uni oviedo\" width=\"321\" height=\"81\" \/><\/a><\/p>\n<ul>\n<li><a href=\"http:\/\/www.catedrafundacionarecesdcuniovi.es\/personal-d.-francisco-javier-de-la-ballina-ballina.html\" target=\"_blank\" rel=\"noopener noreferrer\"><strong>Dr. Francisco Javier de la Ballina Ballina<\/strong>.<\/a>\u00a0Universidad de Oviedo.<\/li>\n<li><strong><a href=\"http:\/\/ecoapli.uniovi.es\/areas\/estructuraeconomica\/-\/asset_publisher\/Csk5\/content\/valdes-pelaez-luis;jsessionid=32C606B56276AD535A712F2C7E99630C?redirect=%2Fareas%2Festructuraeconomica\" target=\"_blank\" rel=\"noopener noreferrer\">Dr. Luis Vald\u00e9s Pel\u00e1ez.<\/a><\/strong>\u00a0Universidad de Oviedo.<\/li>\n<li><a href=\"https:\/\/ecoapli.uniovi.es\/personal\/becarios\/-\/asset_publisher\/7XCj\/content\/valle-tuero-eduardo-del;jsessionid=5F0913CB6DCC73E8A51D36454D912AA2?redirect=%2Fpersonal%2Fbecarios\"><strong>Dr. Eduardo del Valle Tuero.<\/strong><\/a>\u00a0Universidad de Oviedo.<\/li>\n<\/ul>\n<hr \/>\n<p><a href=\"https:\/\/blogs.ua.es\/destinosturisticosinteligentes\/files\/2015\/11\/39-2014-06-09-logo_ucm.jpg\"><img loading=\"lazy\" decoding=\"async\" class=\"aligncenter wp-image-179\" src=\"https:\/\/blogs.ua.es\/destinosturisticosinteligentes\/files\/2015\/11\/39-2014-06-09-logo_ucm.jpg\" alt=\"Marca\" width=\"109\" height=\"100\" \/><\/a><\/p>\n<ul>\n<li><strong><a href=\"https:\/\/www.ucm.es\/geografia_humana\/garcia-hernandez,-maria\" target=\"_blank\" rel=\"noopener noreferrer\">Dra. Mar\u00eda Garc\u00eda Hern\u00e1ndez.<\/a><\/strong>\u00a0Universidad Complutense de Madrid.<\/li>\n<li><a href=\"https:\/\/www.ucm.es\/geografia_humana\/directorio?id=26176\" target=\"_blank\" rel=\"noopener noreferrer\"><strong>Dra. Nieves Libertad Troiti\u00f1o Torralba<\/strong>.\u00a0<\/a>Universidad Complutense de Madrid.<\/li>\n<\/ul>\n<hr \/>\n<p><a href=\"https:\/\/blogs.ua.es\/destinosturisticosinteligentes\/files\/2015\/11\/145826.gif\"><img loading=\"lazy\" decoding=\"async\" class=\"aligncenter wp-image-180\" src=\"https:\/\/blogs.ua.es\/destinosturisticosinteligentes\/files\/2015\/11\/145826.gif\" alt=\"145826\" width=\"116\" height=\"116\" \/><\/a><\/p>\n<ul>\n<li><strong><a href=\"http:\/\/www.researchgate.net\/profile\/Jose_Gandara\/publications\" target=\"_blank\" rel=\"noopener noreferrer\">Dr. Jose Manoel Gandara Gon<\/a><\/strong><b><a href=\"http:\/\/www.researchgate.net\/profile\/Jose_Gandara\/publications\" target=\"_blank\" rel=\"noopener noreferrer\">\u00e7alves Gandara<\/a>.<\/b>\u00a0Universidad Federal do Paran\u00e1. Brasil.<\/li>\n<\/ul>\n<div class=\"sociable\"><\/div>\n","protected":false},"excerpt":{"rendered":"<p>\u00a0 Dr. Josep A. Ivars Baidal.\u00a0Investigador responsable. Dr. J. Fernando Vera Rebollo.\u00a0Investigador responsable. Dra. Ana B. Casado Diaz. Universidad de Alicante Dra. Rosario Naval\u00f3n Garc\u00eda.\u00a0Universidad de Alicante. Dra. Mar\u00eda Paz Such Climent.\u00a0Universidad de Alicante. Dra. Almudena Nolasco Cirugeda. Universidad de &hellip; <a href=\"https:\/\/blogs.ua.es\/smartplanning\/el-equipo\/\">Continue reading <span class=\"meta-nav\">&rarr;<\/span><\/a><\/p>\n","protected":false},"author":1683,"featured_media":0,"parent":0,"menu_order":0,"comment_status":"closed","ping_status":"closed","template":"","meta":{"footnotes":""},"class_list":["post-119","page","type-page","status-publish","hentry"],"_links":{"self":[{"href":"https:\/\/blogs.ua.es\/smartplanning\/wp-json\/wp\/v2\/pages\/119","targetHints":{"allow":["GET"]}}],"collection":[{"href":"https:\/\/blogs.ua.es\/smartplanning\/wp-json\/wp\/v2\/pages"}],"about":[{"href":"https:\/\/blogs.ua.es\/smartplanning\/wp-json\/wp\/v2\/types\/page"}],"author":[{"embeddable":true,"href":"https:\/\/blogs.ua.es\/smartplanning\/wp-json\/wp\/v2\/users\/1683"}],"replies":[{"embeddable":true,"href":"https:\/\/blogs.ua.es\/smartplanning\/wp-json\/wp\/v2\/comments?post=119"}],"version-history":[{"count":8,"href":"https:\/\/blogs.ua.es\/smartplanning\/wp-json\/wp\/v2\/pages\/119\/revisions"}],"predecessor-version":[{"id":299,"href":"https:\/\/blogs.ua.es\/smartplanning\/wp-json\/wp\/v2\/pages\/119\/revisions\/299"}],"wp:attachment":[{"href":"https:\/\/blogs.ua.es\/smartplanning\/wp-json\/wp\/v2\/media?parent=119"}],"curies":[{"name":"wp","href":"https:\/\/api.w.org\/{rel}","templated":true}]}}