{"id":123,"date":"2018-09-28T06:42:41","date_gmt":"2018-09-28T06:42:41","guid":{"rendered":"https:\/\/blogs.ua.es\/smartplanning\/?page_id=123"},"modified":"2018-10-08T12:47:58","modified_gmt":"2018-10-08T12:47:58","slug":"epos","status":"publish","type":"page","link":"https:\/\/blogs.ua.es\/smartplanning\/epos\/","title":{"rendered":"EPOs"},"content":{"rendered":"<p><span style=\"color: #0000ff\"><strong>Entes Promotores Observadores (EPOs) del proyecto<\/strong><\/span><\/p>\n<h5><\/h5>\n<p>&nbsp;<\/p>\n<h5><strong>ANDALUC\u00cdA<\/strong><\/h5>\n<hr \/>\n<p>Ayuntamiento de M\u00e1laga<\/p>\n<p>Diputaci\u00f3n de M\u00e1laga<\/p>\n<p>&nbsp;<\/p>\n<h5><strong>COMUNIDAD VALENCIANA<\/strong><\/h5>\n<hr \/>\n<p>Ag\u00e8ncia Valenciana del Turisme<\/p>\n<p>Instituto Valenciano de Tecnolog\u00edas Tur\u00edsticas (Invat.tur)<\/p>\n<p>Fundaci\u00f3n Turismo de Benidorm<\/p>\n<p>Ayuntamiento de Benidorm<\/p>\n<p>&nbsp;<\/p>\n<h5><strong>MADRID<\/strong><\/h5>\n<hr \/>\n<h5>Ayuntamiento de Madrid (Concejal\u00eda de Distrito)<\/h5>\n<p>&nbsp;<\/p>\n<p>Madrid Destino<\/p>\n<h5><\/h5>\n<p>&nbsp;<\/p>\n<h5><strong>PRINCIPADO DE ASTURIAS<\/strong><\/h5>\n<hr \/>\n<p>Ayuntamiento de Gij\u00f3n<\/p>\n<p>Sistema de Informaci\u00f3n Tur\u00edstica de Asturias<\/p>\n<p>&nbsp;<\/p>\n","protected":false},"excerpt":{"rendered":"<p>Entes Promotores Observadores (EPOs) del proyecto &nbsp; ANDALUC\u00cdA Ayuntamiento de M\u00e1laga Diputaci\u00f3n de M\u00e1laga &nbsp; COMUNIDAD VALENCIANA Ag\u00e8ncia Valenciana del Turisme Instituto Valenciano de Tecnolog\u00edas Tur\u00edsticas (Invat.tur) Fundaci\u00f3n Turismo de Benidorm Ayuntamiento de Benidorm &nbsp; MADRID Ayuntamiento de Madrid (Concejal\u00eda &hellip; <a href=\"https:\/\/blogs.ua.es\/smartplanning\/epos\/\">Continue reading <span class=\"meta-nav\">&rarr;<\/span><\/a><\/p>\n","protected":false},"author":1683,"featured_media":0,"parent":0,"menu_order":0,"comment_status":"closed","ping_status":"closed","template":"","meta":{"footnotes":""},"class_list":["post-123","page","type-page","status-publish","hentry"],"_links":{"self":[{"href":"https:\/\/blogs.ua.es\/smartplanning\/wp-json\/wp\/v2\/pages\/123","targetHints":{"allow":["GET"]}}],"collection":[{"href":"https:\/\/blogs.ua.es\/smartplanning\/wp-json\/wp\/v2\/pages"}],"about":[{"href":"https:\/\/blogs.ua.es\/smartplanning\/wp-json\/wp\/v2\/types\/page"}],"author":[{"embeddable":true,"href":"https:\/\/blogs.ua.es\/smartplanning\/wp-json\/wp\/v2\/users\/1683"}],"replies":[{"embeddable":true,"href":"https:\/\/blogs.ua.es\/smartplanning\/wp-json\/wp\/v2\/comments?post=123"}],"version-history":[{"count":9,"href":"https:\/\/blogs.ua.es\/smartplanning\/wp-json\/wp\/v2\/pages\/123\/revisions"}],"predecessor-version":[{"id":188,"href":"https:\/\/blogs.ua.es\/smartplanning\/wp-json\/wp\/v2\/pages\/123\/revisions\/188"}],"wp:attachment":[{"href":"https:\/\/blogs.ua.es\/smartplanning\/wp-json\/wp\/v2\/media?parent=123"}],"curies":[{"name":"wp","href":"https:\/\/api.w.org\/{rel}","templated":true}]}}