{"id":24,"date":"2018-07-24T10:26:16","date_gmt":"2018-07-24T10:26:16","guid":{"rendered":"https:\/\/blogs.ua.es\/smartplanning\/?page_id=24"},"modified":"2021-02-22T22:21:15","modified_gmt":"2021-02-22T22:21:15","slug":"publicaciones","status":"publish","type":"page","link":"https:\/\/blogs.ua.es\/smartplanning\/publicaciones\/","title":{"rendered":"PUBLICACIONES"},"content":{"rendered":"<p><strong>ART\u00cdCULOS<\/strong><\/p>\n<div class=\"page\" title=\"Page 15\">\n<div class=\"layoutArea\">\n<div class=\"column\">\n<ul>\n<li><span class=\"authors\">Ivars-Baidal, J.A.; Vera-Rebollo, J.F. Perles-Ribes,J.F.; Femenia-Serra, F. &amp; Celdr\u00e1n-Bernabeu, M.A.<\/span>\u00a0<span class=\"date\">(2021)<\/span>\u00a0<span class=\"art_title\">Sustainable tourism indicators: what\u2019s new within the smart city\/destination approach?,<\/span>\u00a0<span class=\"serial_title\">Journal of Sustainable Tourism,<\/span>\u00a0<span class=\"doi_link\">DOI:\u00a0<a href=\"https:\/\/doi.org\/10.1080\/09669582.2021.1876075\">10.1080\/09669582.2021.1876075<\/a><\/span><\/li>\n<li>Ivars-Baidal, J.A.; Celdr\u00e1n-Bernabeu, M.A; Femenia-Serra,F.; Perles-Ribes,J.F.; Giner-S\u00e1nchez,D. (2021). Measuring the progress of smart destinations: The use of indicators as a management tool, Journal of Destination Marketing &amp; Management, Volume 19,<br \/>\n<a href=\"https:\/\/doi.org\/10.1016\/j.jdmm.2020.100531\">https:\/\/doi.org\/10.1016\/j.jdmm.2020.100531<\/a>.<\/li>\n<li>Casado-Diaz, A.B.; Navarro-Ruiz, S.; Nicolau, J.L.; Ivars-Baidal, J.A. (2021).Expanding our understanding of cruise visitors&#8217; expenditure at destinations: The role of spatial patterns, onshore visit choice and cruise category. Tourism Management, Vol. 83.<br \/>\n<span class=\"title-text\"><a href=\"https:\/\/doi.org\/10.1016\/j.tourman.2020.104199\">https:\/\/doi.org\/10.1016\/j.tourman.2020.104199.<\/a><\/span><\/li>\n<li>Nolasco-Cirugeda A; Marti\u0301 P; Ponce G. (2020). Keeping mass tourism destinations sustainable via urban design: The case of Benidorm. Sustainable Development. 2020;1\u201315. <a href=\"https:\/\/doi.org\/10.1002\/sd.2084\">https:\/\/doi.org\/10.1002\/sd.2084<\/a><\/li>\n<li>Navarro-Ruiz, S.; Ivars-Baidal, J.A.; Casado-D\u00edaz, S. (2020). An\u00e1lisis del comportamiento espacio-temporal intradestino mediante GPS: Una aproximaci\u00f3n de los visitantes independientes de crucero en la ciudad de Val\u00e8ncia. Cuadernos de Geograf\u00eda de la Universitat de Val\u00e8ncia, n\u00ba104.<br \/>\nDOI:\u00a0<a href=\"https:\/\/doi.org\/10.7203\/CGUV.104.16577\">https:\/\/doi.org\/10.7203\/CGUV.104.16577<\/a><\/li>\n<li>Ballina, F.J. de la; Vald\u00e9s, L. y Valle, E. del (2019).Tourism Destination: Urban versus Rural Technological Behaviours. Revista Internacional de Turismo, Empresa y Territorio, 3 (2), 16-37. https:\/\/doi.org\/10.21071\/riturem.v3i2.11210<\/li>\n<li>Garc\u00eda-Hern\u00e1ndez, M., Ivars-Baidal, J., &amp; Mendoza de Miguel, S. (2019). Overtourism in urban destinations: the myth of smart solutions. Bolet\u00edn de la Asociaci\u00f3n de Ge\u00f3grafos Espa\u00f1oles, 83, 2830, 1\u201338. <a href=\"http:\/\/dx.doi.org\/10.21138\/bage.2830\">http:\/\/dx.doi.org\/10.21138\/bage.2830<\/a><\/li>\n<li>Ivars-Baidal, J.A.; Garc\u00eda Hernandez, M.; Mendoza de Miguel, S. (2019): Integrating Overtourism in the Smart Tourism Cities Agenda. <em>e-Review of Tourism Research (eRTR),<\/em> Vol. 17, No. 2, 122-139.<\/li>\n<li>Maci\u00e0 Bl\u00e1zquez-Salom, Asunci\u00f3n Blanco-Romero, Fernando Vera-Rebollo &amp; Josep Ivars-Baidal (2019): Territorial tourism planning in Spain: from boosterism to tourism degrowth?, <em>Journal of Sustainable Tourism<\/em>, DOI: <a href=\"https:\/\/doi.org\/10.1080\/09669582.2019.1675073\">10.1080\/09669582.2019.1675073<\/a><\/li>\n<li>Ivars-Baidal, J. A., &amp; Vera Rebollo, J. F. (2019). Planificacio\u0301n turi\u0301stica en Espan\u0303a. De los paradigmas tradicionales a los nuevos enfoques: planificacio\u0301n turi\u0301stica inteligente. <em>Boleti\u0301n de la <\/em><span style=\"font-weight: 300\"><em>Asociacio\u0301n de Geo\u0301grafos Espan\u0303oles<\/em>, 82, 2765, 1\u201331. <a href=\"http:\/\/dx.doi.org\/10.21138\/bage.2765\">http:\/\/dx.doi.org\/10.21138\/bage.2765<\/a><\/span><\/li>\n<li>Navarro-Ruiz,S., Casado-Di\u0301az, A. y Ivars-Baidal, J.A. (2019) &#8220;Cruise tourism: the role of shore excursions in the overcrowding of cities&#8221;, International Journal of Tourism Cities, Vol. ahead-of-print No. ahead-of- print, https:\/\/doi.org\/10.1108\/IJTC-04-2018-0029<\/li>\n<li>Femenia-Serra F. &amp; Neuhofer, B (2018): Smart tourism experiences: conceptualisation, key dimensions and research agenda.\u00a0Investigaciones Regionales \u2013 Journal of Regional Research (42), pp. 151-170. Disponible <a href=\"https:\/\/investigacionesregionales.org\/wp-content\/uploads\/sites\/3\/2019\/01\/08-FEMENIA.pdf\">aqu\u00ed.<\/a><\/li>\n<li>Femenia-Serra F.&amp; Ivars-Baidal, J.A. (2018):\u00a0Do Smart Tourism Destinations Really Work? The Case of Benidorm. <i>Asia Pacific Journal of Tourism Research,<\/i> (Forthcoming). <a href=\"https:\/\/doi.org\/10.1080\/10941665.2018.1561478\">https:\/\/doi.org\/10.1080\/10941665.2018.1561478<\/a><\/li>\n<li>Femenia-Serra F., Neuhofer, B &amp; Ivars-Baidal, J.A. (2018): Towards a conceptualisation of smart tourists and their role within the smart destination scenario,\u00a0<em>The Service Industries Journal,39(2), 109-133.<\/em>\u00a0DOI:\u00a0<a href=\"https:\/\/doi.org\/10.1080\/02642069.2018.1508458\">10.1080\/02642069.2018.1508458<\/a><\/li>\n<li>Femenia-Serra, F., Perles-Ribes, J.F. &amp; Ivars-Baidal, J.A. (2018): &#8220;Smart destinations and tech-savvy millennial tourists: hype versus reality&#8221;, <em>Tourism Review<\/em>, 74(1), 63-81. DOI: <a href=\"https:\/\/doi.org\/10.1108\/TR-02-2018-0018\">https:\/\/doi.org\/10.1108\/TR-02-2018-0018<\/a><\/li>\n<li>Perles-Ribes, J.F. &amp; Ivars-Baidal, J.A. (2018):\u00a0Smart sustainability: a new perspective in the sustainable tourism debate. Investigaciones Regionales \u2013 Journal of Regional Research (42), pp. 151-170. Disponible <a href=\"https:\/\/investigacionesregionales.org\/wp-content\/uploads\/sites\/3\/2019\/01\/09-PERLES.pdf\">aqu\u00ed.<\/a><\/li>\n<li>Celdr\u00e1n-Bernabeu, M. A., Maz\u00f3n, J.-N., Ivars-Baidal, J. A., &amp; Vera-Rebollo, J. F. (2018): Smart tourism. Un estudio de mapeo sistem\u00e1tico,\u00a0<em>Cuadernos De Turismo<\/em>\u00a0(41), DOI: <a href=\"https:\/\/doi.org\/10.6018\/turismo.41.326971\">https:\/\/doi.org\/10.6018\/turismo.41.326971<\/a><\/li>\n<li>Celdr\u00e1n-Bernabeu, M.A., Maz\u00f3n, J.-N. y Giner S\u00e1nchez, D. (2018): Open Data y turismo. Implicaciones para la gesti\u00f3n tur\u00edstica en ciudades y destinos tur\u00edsticos inteligentes,\u00a0 Investigaciones Tur\u00edsticas (15), pp. 49-78. DOI: <a href=\"http:\/\/dx.doi.org\/10.14198\/INTURI2018.15.03\">http:\/\/dx.doi.org\/10.14198\/INTURI2018.15.03<\/a><\/li>\n<\/ul>\n<\/div>\n<\/div>\n<div class=\"layoutArea\">\n<div class=\"column\"><\/div>\n<\/div>\n<\/div>\n<div class=\"layoutArea\">\n<div class=\"column\"><strong>CAP\u00cdTULO DE LIBRO<\/strong><\/div>\n<\/div>\n<hr \/>\n<div class=\"page\" title=\"Page 6\">\n<div class=\"layoutArea\">\n<div class=\"column\">\n<ul>\n<li>Blanco-Romero, A., Navalo\u0301n-Garci\u0301a, R., Troitin\u0303o-Torralba, L., Bla\u0300zquez-Salom, M. y Pons, G.X. La sostenibilidad turi\u0301stica a debate. En Pons, G.X., Blanco-Romero, A., Navalo\u0301n-Garci\u0301a, R., Troitin\u0303o-Torralba, L. y Bla\u0301zquez-Salom, M. (eds.). Sostenibilidad turi\u0301stica:overtourism vs undertourism. Mon. Soc. Hist. Nat. Balears, 31: 12-20. ISBN 978-84-09-22881-2. Palma (Illes Balears). Disponible <a href=\"https:\/\/www.age-geografia-turismo.com\/publicaciones\/libros\/actas-mao\/\">aqu\u00ed.\u00a0<\/a><\/li>\n<li>Ivars-Baidal, J.A. y Femenia-Serra, F. (2020). La construcci\u00f3n del destino tur\u00edstico inteligente: avances en investigaci\u00f3n y gesti\u00f3n. En Simancas, M. y Pe\u00f1arrubia, M.P. (Eds.), <em>El valor de los datos tur\u00edsticos<\/em>. Valencia, Espa\u00f1a: Tirant lo Blanch.<\/li>\n<li>Celdr\u00e1n-Bernabeu, M.A., Maz\u00f3n, J.N. y Vera-Rebollo, J.F. (2020). El valor de los datos los datos en los procesos de planificaci\u00f3n y gesti\u00f3n de destinos tur\u00edsticos. En Simancas, M. y Pe\u00f1arrubia, M.P. (Eds.), <em>El valor de los datos tur\u00edsticos<\/em>. Valencia, Espa\u00f1a: Tirant lo Blanch.<\/li>\n<li>Femenia-Serra F. &amp; Gretzel, U. (2020): Influencer Marketing for Tourism Destinations: Lessons from a Mature Destination. In: Neidhardt, J. &amp; <span class=\"authors__name\">W\u00f6rndl, W.\u00a0<\/span>(eds) Information and Communication Technologies in Tourism 2020. Springer, Cham. Disponible <a href=\"https:\/\/link.springer.com\/book\/10.1007\/978-3-030-36737-4\">aqu\u00ed.<\/a><\/li>\n<li>Femenia-Serra F. (2018) Smart Tourism Destinations and Higher Tourism Education in Spain. Are We Ready for This New Management Approach?. In: Stangl B., Pesonen J. (eds) Information and Communication Technologies in Tourism 2018. Springer, Cham. Disponible <a href=\"https:\/\/link.springer.com\/chapter\/10.1007\/978-3-319-72923-7_33\">aqu\u00ed.<\/a><\/li>\n<li>Femenia-Serra, F., &amp; Ivars-Baidal, J. A. (2018). Smart tourism: Implicaciones para la gesti\u00f3n de ciudades y destinos tur\u00edsticos. En M. T. Cant\u00f3 L\u00f3pez, J. A. Ivars Baidal, &amp; R. Mart\u00ednez Guti\u00e9rrez (Eds.),\u00a0<i>Gesti\u00f3n inteligente y sostenible de las ciudades: Gobernanza, smart cities y turismo<\/i>\u00a0(pp. 129\u2013151). Valencia: Tirant Lo Blanch.<\/li>\n<\/ul>\n<\/div>\n<\/div>\n<\/div>\n<p><strong>CONGRESOS<\/strong><\/p>\n<hr \/>\n<ul>\n<li>Ivars-Baidal, J.A.; Celdr\u00e1n-Bernabeu, M.A.; Femenia-Serra, F.; Giner-S\u00e1nchez, D.: Measuring the progress of smart destinations: the use of indicators as a management tool. En TTRA 2020 European Chapter Conference &#8216;Smart destinations-Smarter tourists?&#8217;, Innsbruck (Austria), 28th-30th September.<\/li>\n<li>Femenia-Serra F. &amp; Gretzel, U. (2020): Influencer Marketing for Tourism Destinations: Lessons from a Mature Destination. In: Neidhardt, J. &amp; <span class=\"authors__name\">W\u00f6rndl, W.\u00a0<\/span>(eds) Information and Communication Technologies in Tourism 2020. Springer, Cham. Disponible <a href=\"https:\/\/link.springer.com\/book\/10.1007\/978-3-030-36737-4\">aqu\u00ed.<\/a><\/li>\n<li>Navarro-Ruiz, S., Ivars-Baidal, J.A. y Casado-Diaz, A.B. (2019): La dimensi\u00f3n temporal en el seguimiento espacial de turistas mediante gps: an\u00e1lisis del comportamiento de los cruceristas en la ciudad de Valencia. En XXVI Congreso de la AGE, Valencia. 22-25 de octubre.<\/li>\n<li>Femenia-Serra, F. &amp;amp; Ivars-Baidal, J.A. (2019). DMOs: Surviving the Smart Tourism<br \/>\nEcosystem, en Travel and Tourism Research Association Conference, European Chapter. Bournemouth (United Kingdom), 8 th -10 th April.<\/li>\n<li>Ivars-Baidal, J.A., Garc\u00eda Hern\u00e1ndez, M. y Mendoza de Miguel, S. (2019): Integrating Overtourism in the Smart Tourism Cities Agenda, en e-Review of Tourism Research (eRTR), Vol. 17, No. 2.<\/li>\n<li>Navarro-Ruiz, S., Casado-D\u00edaz, A.B. y Ivars-Baidal, J.A. (2019): \u201cSpatio-temporal Mobility patterns. A Comparative Analysis of Guided and Independent Cruise Visitors\u201d, en Conferencia Anual de ATLAS, <em>Association for Tourism and Leisure Education and Research.<\/em><\/li>\n<li>Femenia-Serra, F. &amp; Navarro-Ruiz, S. (2018) \u201cIdentificacio\u0301n de fuentes de datos para la construccio\u0301n de un nuevo enfoque de planificacio\u0301n de destinos inteligentes\u201d,\u00a0 en XX Congreso AECIT.<\/li>\n<li>Ivars-Baidal, J. A.,\u00a0Femenia-Serra, F., Giner S\u00e1nchez, D. y\u00a0Celdr\u00e1n-Bernabeu, M.A. (2018): Las OGDs ante el ecosistema tur\u00edstico inteligente: oportunidades y riesgos.\u00a0II Congreso Mundial de Destinos Tur\u00edsticos Inteligentes.Oviedo (Espa\u00f1a), 25-27 de junio de\u00a027 junio de 2018. Disponible <a href=\"http:\/\/www.smartdestinationsworldconference.org\/_files\/_event\/_19238\/_editorFiles\/file\/24088_IVARS_FEMENIA_GINER_CELDRAN_COMUNICACI_N.pdf\">aqu\u00ed.<\/a><\/li>\n<li>Femenia-Serra, F. &amp; Navarro-Ruiz, S. (2018). Identificaci\u00f3n de fuentes de datos para la construcci\u00f3n de un nuevo enfoque de planificaci\u00f3n de destinos inteligentes. XX Congreso de AECIT, 21-23 noviembre, Roquetas de Mar (Espa\u00f1a).<\/li>\n<li>Femenia-Serra, F., Garc\u00eda-Hern\u00e1ndez, M., del Valle Tuero, E.,<br \/>\nPerles-Ribes, J.F. (2018): Profiling tourists and their ICTs<br \/>\nperception and use across Spanish destinations. XII International<br \/>\nConference of Tourism and Information &amp; Communication Technologies<br \/>\n(Turitec) (pp.27-46). M\u00e1laga (Espa\u00f1a)<\/li>\n<li>Ivars-Baidal, J. A. Navarro Jurado, E., Celdr\u00e1n-Bernabeu, M.A., Perea Medina, M.J. y Perles-Ribes, J.F. (2018): El enfoque integral de los destinos tur\u00edsticos inteligentes (DTI) en \u00e1reas litorales: alcance, progresos y limitaciones. IV Congreso de Ciudades Inteligentes. Madrid (Espa\u00f1a), 30 y 31 de mayo de 2018. Disponible <a href=\"https:\/\/www.esmartcity.es\/biblioteca\/libro-comunicaciones-4-congreso-ciudades-inteligentes\">aqu\u00ed.<\/a><\/li>\n<\/ul>\n","protected":false},"excerpt":{"rendered":"<p>ART\u00cdCULOS Ivars-Baidal, J.A.; Vera-Rebollo, J.F. Perles-Ribes,J.F.; Femenia-Serra, F. &amp; Celdr\u00e1n-Bernabeu, M.A.\u00a0(2021)\u00a0Sustainable tourism indicators: what\u2019s new within the smart city\/destination approach?,\u00a0Journal of Sustainable Tourism,\u00a0DOI:\u00a010.1080\/09669582.2021.1876075 Ivars-Baidal, J.A.; Celdr\u00e1n-Bernabeu, M.A; Femenia-Serra,F.; Perles-Ribes,J.F.; Giner-S\u00e1nchez,D. (2021). Measuring the progress of smart destinations: The use of &hellip; <a href=\"https:\/\/blogs.ua.es\/smartplanning\/publicaciones\/\">Continue reading <span class=\"meta-nav\">&rarr;<\/span><\/a><\/p>\n","protected":false},"author":1683,"featured_media":0,"parent":0,"menu_order":0,"comment_status":"closed","ping_status":"closed","template":"","meta":{"footnotes":""},"class_list":["post-24","page","type-page","status-publish","hentry"],"_links":{"self":[{"href":"https:\/\/blogs.ua.es\/smartplanning\/wp-json\/wp\/v2\/pages\/24","targetHints":{"allow":["GET"]}}],"collection":[{"href":"https:\/\/blogs.ua.es\/smartplanning\/wp-json\/wp\/v2\/pages"}],"about":[{"href":"https:\/\/blogs.ua.es\/smartplanning\/wp-json\/wp\/v2\/types\/page"}],"author":[{"embeddable":true,"href":"https:\/\/blogs.ua.es\/smartplanning\/wp-json\/wp\/v2\/users\/1683"}],"replies":[{"embeddable":true,"href":"https:\/\/blogs.ua.es\/smartplanning\/wp-json\/wp\/v2\/comments?post=24"}],"version-history":[{"count":45,"href":"https:\/\/blogs.ua.es\/smartplanning\/wp-json\/wp\/v2\/pages\/24\/revisions"}],"predecessor-version":[{"id":320,"href":"https:\/\/blogs.ua.es\/smartplanning\/wp-json\/wp\/v2\/pages\/24\/revisions\/320"}],"wp:attachment":[{"href":"https:\/\/blogs.ua.es\/smartplanning\/wp-json\/wp\/v2\/media?parent=24"}],"curies":[{"name":"wp","href":"https:\/\/api.w.org\/{rel}","templated":true}]}}