{"id":38,"date":"2018-07-24T13:44:54","date_gmt":"2018-07-24T13:44:54","guid":{"rendered":"https:\/\/blogs.ua.es\/smartplanning\/?page_id=38"},"modified":"2018-10-08T13:33:06","modified_gmt":"2018-10-08T13:33:06","slug":"el-proyecto","status":"publish","type":"page","link":"https:\/\/blogs.ua.es\/smartplanning\/el-proyecto\/","title":{"rendered":"EL PROYECTO"},"content":{"rendered":"<p>Esta investigaci\u00f3n<span style=\"font-weight: 300\">\u00a0profundiza\u00a0y da continuidad a la l\u00ednea de trabajo iniciada con el proyecto\u00a0<\/span>\u00a0&#8220;Nuevos enfoques para la planificaci\u00f3n y gesti\u00f3n del territorio tur\u00edstico: conceptualizaci\u00f3n, an\u00e1lisis de experiencias y problemas. Definici\u00f3n de modelos operativos para destinos tur\u00edsticos inteligentes <a href=\"https:\/\/blogs.ua.es\/destinosturisticosinteligentes\/informacion-basica\/\">(CSO2014-59193-R)<\/a>&#8220;, <span style=\"font-weight: 300\">desarrollado en el marco del Instituto d<\/span>el Instituto Universitario de Investigaciones Tur\u00edsticas de la Universidad de Alicante\u00a0en el per\u00edodo 2015-2017.<\/p>\n<p><span style=\"color: #000000\">Ambos proyectos se enmarcan en un contexto de cambio estructural en el turismo, marcado por el impacto de las nuevas tecnolog\u00edas y el surgimiento de nuevos modelos de negocio, se asiste a una crisis de los modelos tradicionales de planificaci\u00f3n tur\u00edstica debido, fundamentalmente, a su incapacidad para hacer frente a la evoluci\u00f3n del mercado tur\u00edstico y para alcanzar los objetivos del desarrollo tur\u00edstico sostenible. La planificaci\u00f3n y la gesti\u00f3n de los destinos tur\u00edsticos necesita una reformulaci\u00f3n que puede canalizarse a trav\u00e9s del enfoque de los destinos tur\u00edsticos inteligentes (DTI), si bien la prioridad en el replanteamiento de la planificaci\u00f3n tur\u00edstica no debe radicar exclusivamente en la captaci\u00f3n de demanda y en la implantaci\u00f3n de nuevas tecnolog\u00edas, sino, m\u00e1s bien, en los principios de la sostenibilidad a trav\u00e9s de la gobernanza.\u00a0<\/span><\/p>\n<p><span style=\"color: #000000\">Desde la perspectiva de la planificaci\u00f3n y la gesti\u00f3n de las ciudades en el \u00e1mbito internacional, se valora, de manera emergente, la planificaci\u00f3n inteligente como un nuevo paradigma que aglutina una revalorizaci\u00f3n del pensamiento estrat\u00e9gico, la gesti\u00f3n basada en el conocimiento y la innovaci\u00f3n y el despliegue de nuevas tecnolog\u00edas que conforman la infraestructura inteligente de la ciudad. En Espa\u00f1a son destacables las iniciativas en torno a ciudades y DTI, las cuales identifican el turismo como una actividad estrat\u00e9gica. Sin embargo, los resultados todav\u00eda son limitados, tanto en estrategias generales de ciudad inteligente, donde la integraci\u00f3n del turismo es mejorable, como en estrategias espec\u00edficas de destino inteligente, en las que el alcance de las actuaciones dista de la capacidad de transformaci\u00f3n del enfoque smart.<\/span><\/p>\n<p><span style=\"color: #000000\">Por otra parte, este enfoque se identifica frecuentemente con un \u201csolucionismo tecnol\u00f3gico\u201d que ni diagnostica ni resuelve adecuadamente los problemas urbanos y tur\u00edsticos de nuestro pa\u00eds, a la vez que genera el riesgo de una excesiva orientaci\u00f3n\u00a0 tecnoc\u00e9ntrica de la planificaci\u00f3n. Por todo ello, a partir de un an\u00e1lisis exhaustivo y cr\u00edtico de los procesos de planificaci\u00f3n aplicados a ciudades y destinos inteligentes, este proyecto tiene como objetivo fundamental elaborar una propuesta metodol\u00f3gica de planificaci\u00f3n tur\u00edstica que permita consolidar el enfoque de los destinos inteligentes como un nuevo paradigma de planificaci\u00f3n tur\u00edstica: Smart Tourism Planning.<\/span><\/p>\n<p><span style=\"color: #000000\">En s\u00edntesis, los resultados esperados del proyecto se estructuran en dos \u00e1mbitos interrelacionados: el te\u00f3rico conceptual y el aplicado. En el \u00e1mbito te\u00f3rico-conceptual:<\/span><\/p>\n<ol>\n<li><span style=\"color: #000000\">Elaboraci\u00f3n de nuevos planteamientos te\u00f3ricos sobre el papel de los destinos tur\u00edsticos en la nueva cadena de valor tur\u00edstica generada por la digitalizaci\u00f3n.<\/span><\/li>\n<li><span style=\"color: #000000\">Revisi\u00f3n del desarrollo tur\u00edstico sostenible desde el punto de vista del enfoque smart.<\/span><\/li>\n<li><span style=\"color: #000000\">Desarrollo de un corpus te\u00f3rico que sustente una nueva propuesta de planificaci\u00f3n para DTIs<\/span><\/li>\n<\/ol>\n<p><span style=\"color: #000000\">En el \u00e1mbito aplicado:<\/span><\/p>\n<ol>\n<li><span style=\"color: #000000\">Realizaci\u00f3n de un balance cr\u00edtico de los procesos de planificaci\u00f3n aplicados a ciudades y destinos inteligentes en Espa\u00f1a.<\/span><\/li>\n<li><span style=\"color: #000000\">Identificaci\u00f3n de buenas pr\u00e1cticas y \u00e1reas de mejora para el desarrollo de estrategias DTI.<\/span><\/li>\n<li><span style=\"color: #000000\">Estimaci\u00f3n del grado en que una estrategia de DTI aumenta la sostenibilidad y la competitividad de un destino tur\u00edstico y sus causas.<\/span><\/li>\n<li><span style=\"color: #000000\">Definici\u00f3n de soluciones inteligentes a escala local cuya difusi\u00f3n incremente la capacidad de innovaci\u00f3n y desarrollo tecnol\u00f3gico del sector tur\u00edstico a escala regional y nacional.<\/span><\/li>\n<li><span style=\"color: #000000\">Realizaci\u00f3n de una propuesta metodol\u00f3gica para la planificaci\u00f3n de DTIs<\/span><\/li>\n<\/ol>\n","protected":false},"excerpt":{"rendered":"<p>Esta investigaci\u00f3n\u00a0profundiza\u00a0y da continuidad a la l\u00ednea de trabajo iniciada con el proyecto\u00a0\u00a0&#8220;Nuevos enfoques para la planificaci\u00f3n y gesti\u00f3n del territorio tur\u00edstico: conceptualizaci\u00f3n, an\u00e1lisis de experiencias y problemas. Definici\u00f3n de modelos operativos para destinos tur\u00edsticos inteligentes (CSO2014-59193-R)&#8220;, desarrollado en el &hellip; <a href=\"https:\/\/blogs.ua.es\/smartplanning\/el-proyecto\/\">Continue reading <span class=\"meta-nav\">&rarr;<\/span><\/a><\/p>\n","protected":false},"author":1683,"featured_media":0,"parent":0,"menu_order":0,"comment_status":"closed","ping_status":"closed","template":"","meta":{"footnotes":""},"class_list":["post-38","page","type-page","status-publish","hentry"],"_links":{"self":[{"href":"https:\/\/blogs.ua.es\/smartplanning\/wp-json\/wp\/v2\/pages\/38","targetHints":{"allow":["GET"]}}],"collection":[{"href":"https:\/\/blogs.ua.es\/smartplanning\/wp-json\/wp\/v2\/pages"}],"about":[{"href":"https:\/\/blogs.ua.es\/smartplanning\/wp-json\/wp\/v2\/types\/page"}],"author":[{"embeddable":true,"href":"https:\/\/blogs.ua.es\/smartplanning\/wp-json\/wp\/v2\/users\/1683"}],"replies":[{"embeddable":true,"href":"https:\/\/blogs.ua.es\/smartplanning\/wp-json\/wp\/v2\/comments?post=38"}],"version-history":[{"count":8,"href":"https:\/\/blogs.ua.es\/smartplanning\/wp-json\/wp\/v2\/pages\/38\/revisions"}],"predecessor-version":[{"id":190,"href":"https:\/\/blogs.ua.es\/smartplanning\/wp-json\/wp\/v2\/pages\/38\/revisions\/190"}],"wp:attachment":[{"href":"https:\/\/blogs.ua.es\/smartplanning\/wp-json\/wp\/v2\/media?parent=38"}],"curies":[{"name":"wp","href":"https:\/\/api.w.org\/{rel}","templated":true}]}}