{"id":40,"date":"2018-07-24T13:46:09","date_gmt":"2018-07-24T13:46:09","guid":{"rendered":"https:\/\/blogs.ua.es\/smartplanning\/?page_id=40"},"modified":"2018-10-18T08:38:18","modified_gmt":"2018-10-18T08:38:18","slug":"enlaces-de-interes","status":"publish","type":"page","link":"https:\/\/blogs.ua.es\/smartplanning\/enlaces-de-interes\/","title":{"rendered":"ENLACES DE INTER\u00c9S"},"content":{"rendered":"<ul>\n<li><strong><a href=\"https:\/\/iuit.ua.es\/\">Instituto Universitario de Investigaciones Tur\u00edsticas<\/a><\/strong><\/li>\n<li><strong><a href=\"http:\/\/invattur.gva.es\/\" target=\"_blank\" rel=\"noopener\">Instituto Valenciano de Tecnolog\u00edas Tur\u00edsticas (INVAT.TUR)\u00a0<\/a><\/strong><\/li>\n<li><strong><a href=\"http:\/\/www.segittur.es\/es\/inicio\/index.html\" target=\"_blank\" rel=\"noopener\">Sociedad Estatal para la Gesti\u00f3n de la Innovaci\u00f3n y las Tecnolog\u00edas Tur\u00edsticas, S.A. (SEGITTUR)<\/a><\/strong><\/li>\n<li><strong><a href=\"https:\/\/red.es\/redes\/es\/quienes-somos\/redes\">Red.es<\/a><\/strong><\/li>\n<li><strong><a href=\"http:\/\/www.redciudadesinteligentes.es\/\" target=\"_blank\" rel=\"noopener\">Red Espa\u00f1ola de Ciudades Inteligentes (RECI)<\/a><\/strong><\/li>\n<li><strong><a href=\"http:\/\/www.andalucialab.org\/\" target=\"_blank\" rel=\"noopener\">Andaluc\u00eda Lab. Centro de Innovaci\u00f3n Tur\u00edstica<\/a><\/strong><\/li>\n<li><strong><a href=\"http:\/\/www.pct-turisme.cat\/cat\/\" target=\"_blank\" rel=\"noopener\">Parc Cient\u00edfic i Tecnol\u00f2gic de Turisme i Oci (PCT)<\/a><\/strong><\/li>\n<li><strong><a href=\"http:\/\/smartcitiescouncil.com\/\" target=\"_blank\" rel=\"noopener\">Smart Cities Council<\/a><\/strong><\/li>\n<li><strong><a href=\"https:\/\/www.esmartcity.es\/ciudades-inteligentes\">eSMARTCITY.es<\/a><\/strong><\/li>\n<li><strong><a href=\"http:\/\/smarttourismcapital.eu\/\">European Capital of Smart Tourism\u00a0<\/a><\/strong><\/li>\n<li><strong><a href=\"https:\/\/www.ifitt.org\/\">International Federation fo IT and Travel &amp; Tourism<\/a><\/strong><\/li>\n<li><strong><a href=\"https:\/\/smartcitiescouncil.com\/\">Smart Cities Council<\/a><\/strong><\/li>\n<li><strong><a href=\"https:\/\/www.citylab.com\/\">CityLab<\/a><\/strong><\/li>\n<li><strong><a href=\"https:\/\/www.itu.int\/es\/Pages\/default.aspx\">Uni\u00f3n Internacional de Telecomunicaciones (UIT)<\/a><\/strong><\/li>\n<li><strong><a href=\"https:\/\/www.gartner.com\/en\">Gartner<\/a><\/strong><\/li>\n<li><strong><a href=\"https:\/\/destinationthink.com\/\">DestinationTHINK!<\/a><\/strong><\/li>\n<\/ul>\n","protected":false},"excerpt":{"rendered":"<p>Instituto Universitario de Investigaciones Tur\u00edsticas Instituto Valenciano de Tecnolog\u00edas Tur\u00edsticas (INVAT.TUR)\u00a0 Sociedad Estatal para la Gesti\u00f3n de la Innovaci\u00f3n y las Tecnolog\u00edas Tur\u00edsticas, S.A. (SEGITTUR) Red.es Red Espa\u00f1ola de Ciudades Inteligentes (RECI) Andaluc\u00eda Lab. Centro de Innovaci\u00f3n Tur\u00edstica Parc Cient\u00edfic &hellip; <a href=\"https:\/\/blogs.ua.es\/smartplanning\/enlaces-de-interes\/\">Continue reading <span class=\"meta-nav\">&rarr;<\/span><\/a><\/p>\n","protected":false},"author":1683,"featured_media":0,"parent":0,"menu_order":0,"comment_status":"closed","ping_status":"closed","template":"","meta":{"footnotes":""},"class_list":["post-40","page","type-page","status-publish","hentry"],"_links":{"self":[{"href":"https:\/\/blogs.ua.es\/smartplanning\/wp-json\/wp\/v2\/pages\/40","targetHints":{"allow":["GET"]}}],"collection":[{"href":"https:\/\/blogs.ua.es\/smartplanning\/wp-json\/wp\/v2\/pages"}],"about":[{"href":"https:\/\/blogs.ua.es\/smartplanning\/wp-json\/wp\/v2\/types\/page"}],"author":[{"embeddable":true,"href":"https:\/\/blogs.ua.es\/smartplanning\/wp-json\/wp\/v2\/users\/1683"}],"replies":[{"embeddable":true,"href":"https:\/\/blogs.ua.es\/smartplanning\/wp-json\/wp\/v2\/comments?post=40"}],"version-history":[{"count":8,"href":"https:\/\/blogs.ua.es\/smartplanning\/wp-json\/wp\/v2\/pages\/40\/revisions"}],"predecessor-version":[{"id":213,"href":"https:\/\/blogs.ua.es\/smartplanning\/wp-json\/wp\/v2\/pages\/40\/revisions\/213"}],"wp:attachment":[{"href":"https:\/\/blogs.ua.es\/smartplanning\/wp-json\/wp\/v2\/media?parent=40"}],"curies":[{"name":"wp","href":"https:\/\/api.w.org\/{rel}","templated":true}]}}