{"id":123,"date":"2010-05-06T13:37:23","date_gmt":"2010-05-06T13:37:23","guid":{"rendered":"https:\/\/blogs.ua.es\/smithriquezanaciones\/?page_id=123"},"modified":"2010-05-06T13:37:23","modified_gmt":"2010-05-06T13:37:23","slug":"thomas-malthus","status":"publish","type":"page","link":"https:\/\/blogs.ua.es\/smithriquezanaciones\/thomas-malthus\/","title":{"rendered":"Thomas Malthus"},"content":{"rendered":"<p><strong><a href=\"https:\/\/blogs.ua.es\/smithriquezanaciones\/files\/2010\/05\/Thomas_Malthus.jpg\"><img loading=\"lazy\" decoding=\"async\" class=\"alignright size-medium wp-image-124\" title=\"Thomas Malthus\" src=\"https:\/\/blogs.ua.es\/smithriquezanaciones\/files\/2010\/05\/Thomas_Malthus-227x300.jpg\" alt=\"\" width=\"227\" height=\"300\" srcset=\"https:\/\/blogs.ua.es\/smithriquezanaciones\/files\/2010\/05\/Thomas_Malthus-227x300.jpg 227w, https:\/\/blogs.ua.es\/smithriquezanaciones\/files\/2010\/05\/Thomas_Malthus.jpg 230w\" sizes=\"auto, (max-width: 227px) 100vw, 227px\" \/><\/a>Thomas Robert Malthus<\/strong> (<a title=\"13 de febrero\" href=\"http:\/\/es.wikipedia.org\/wiki\/13_de_febrero\">13 de febrero<\/a> de <a title=\"1766\" href=\"http:\/\/es.wikipedia.org\/wiki\/1766\">1766<\/a> &#8211; <a title=\"Bath\" href=\"http:\/\/es.wikipedia.org\/wiki\/Bath\">Bath<\/a>, <a title=\"23 de diciembre\" href=\"http:\/\/es.wikipedia.org\/wiki\/23_de_diciembre\">23 de diciembre<\/a> de <a title=\"1834\" href=\"http:\/\/es.wikipedia.org\/wiki\/1834\">1834<\/a>) fue un economista <a title=\"Inglaterra\" href=\"http:\/\/es.wikipedia.org\/wiki\/Inglaterra\">ingl\u00e9s<\/a>, perteneciente a la corriente cl\u00e1sica de pensamiento, considerado el padre de la <a title=\"Demograf\u00eda\" href=\"http:\/\/es.wikipedia.org\/wiki\/Demograf%C3%ADa\">demograf\u00eda<\/a>.<\/p>\n<p>Thomas Malthus sosten\u00eda que la pobreza de las masas era simplemente consecuencia del instinto de reproducci\u00f3n del hombre, y no depend\u00eda de los s\u00edntomas y condiciones sociales de la \u00e9poca.<\/p>\n<p>Malthus registr\u00f3 en su obra la lucha entre la capacidad humana de reproduci\u00f3n y los sistemas de produci\u00f3n de alimentos, la cual consider\u00f3 que ser\u00eda perpetua. Pese a que la progresi\u00f3n del crecimiento de la poblaci\u00f3n fuese mayor a la de los sistemas de producci\u00f3n alimenticia (medios de subsistencia), a largo plazo entrar\u00edan en juego poderosos frenos. El freno positivo (la poblaci\u00f3n podr\u00eda frenarse por la guerra, el hambre, las plagas o las enfermedades) y el freno preventivo (la restricci\u00f3n al crecimiento de la poblaci\u00f3n por &#8220;la prudencia y la prevenci\u00f3n&#8221;, esto es, por la abstinencia sexual o el retraso de la edad del matrimonio cuando la pareja consiguiera acumular cierta cantidad de dinero u otros recursos).<\/p>\n<p>Thomas Malthus afirm\u00f3 en su &#8220;<a title=\"Ensayo sobre el principio de la poblaci\u00f3n\" href=\"http:\/\/es.wikipedia.org\/wiki\/Ensayo_sobre_el_principio_de_la_poblaci%C3%B3n\">Ensayo sobre los principios de la poblaci\u00f3n<\/a>&#8221; que el crecimiento de \u00e9sta sobrepasar\u00eda la oferta de alimentos en 1798. Malthus no acert\u00f3 porque la industrializaci\u00f3n elev\u00f3 la producci\u00f3n de alimentos en los pa\u00edses ricos y, de paso, redujo en ellos la tasa de fertilidad. Cuando la poblaci\u00f3n se enriquece, las familias se reducen y cuando las familias se reducen la poblaci\u00f3n se enriquece. La educaci\u00f3n de las madres ayuda a explicar esta tendencia.<sup><a href=\"http:\/\/es.wikipedia.org\/wiki\/Thomas_Malthus#cite_note-0\">[1]<\/a><\/sup><\/p>\n<p>La teor\u00eda de la poblaci\u00f3n de Malthus ha contribuido a que la <a title=\"Econom\u00eda\" href=\"http:\/\/es.wikipedia.org\/wiki\/Econom%C3%ADa\">Econom\u00eda<\/a> sea conocida tambi\u00e9n como la <em>ciencia l\u00fagubre<\/em>.<sup>[<em><a title=\"Wikipedia:Verificabilidad\" href=\"http:\/\/es.wikipedia.org\/wiki\/Wikipedia:Verificabilidad\">cita\u00a0requerida<\/a><\/em>]<\/sup><\/p>\n<p>Malthus tambi\u00e9n realiz\u00f3 importantes aportes a la teor\u00eda del valor y su medida, as\u00ed como a la teor\u00eda de las crisis y el subconsumo.<\/p>\n<p>Malthus ha sido descrito por su bi\u00f3grafo principal como &#8220;el hombre mejor ultrajado de su tiempo&#8221;: efectivamente, y pese a la leyenda popular tanto de su \u00e9poca como posterior, fue un hombre de temperamento cari\u00f1oso, generoso y gentil. De sus muchas amistades, la m\u00e1s significativa para la historia de las ideas fue la que mantuvo con <a title=\"David Ricardo\" href=\"http:\/\/es.wikipedia.org\/wiki\/David_Ricardo\">David Ricardo<\/a>, su adversario intelectual en muchas ocasiones, pero su aliado en la b\u00fasqueda de la verdad.<sup>[<em><a title=\"Wikipedia:Verificabilidad\" href=\"http:\/\/es.wikipedia.org\/wiki\/Wikipedia:Verificabilidad\">cita\u00a0requerida<\/a><\/em>]<\/sup><\/p>\n<p>Una de las ideas que preocupaba a Malthus era lo que \u00e9l llamaba el \u201catascamiento general\u201d; guardando la distancia en el tiempo, tanto en el pasado, como hoy en d\u00eda, muchas empresas producen bienes que \u00e9l llamaba \u201cesenciales\u201d, como los alimentos, y los \u201cno esenciales\u201d, como son los art\u00edculos de lujo, deseados por las personas. Son muchas las empresas que han ido a la quiebra por producir grandes cantidades de bienes, que luego la gente no compra, ya sea porque no est\u00e1n interesados en ellos, porque no son motivadores, porque no los conocen o porque aparecen otros m\u00e1s innovadores y muchas veces m\u00e1s baratos.<\/p>\n","protected":false},"excerpt":{"rendered":"<p>Thomas Robert Malthus (13 de febrero de 1766 &#8211; Bath, 23 de diciembre de 1834) fue un economista ingl\u00e9s, perteneciente a la corriente cl\u00e1sica de pensamiento, considerado el padre de la demograf\u00eda. Thomas Malthus sosten\u00eda que la pobreza de las masas era simplemente consecuencia del instinto de reproducci\u00f3n del hombre, y no depend\u00eda de los [&hellip;]<\/p>\n","protected":false},"author":1671,"featured_media":0,"parent":0,"menu_order":0,"comment_status":"open","ping_status":"open","template":"","meta":{"footnotes":""},"class_list":["post-123","page","type-page","status-publish","hentry"],"_links":{"self":[{"href":"https:\/\/blogs.ua.es\/smithriquezanaciones\/wp-json\/wp\/v2\/pages\/123","targetHints":{"allow":["GET"]}}],"collection":[{"href":"https:\/\/blogs.ua.es\/smithriquezanaciones\/wp-json\/wp\/v2\/pages"}],"about":[{"href":"https:\/\/blogs.ua.es\/smithriquezanaciones\/wp-json\/wp\/v2\/types\/page"}],"author":[{"embeddable":true,"href":"https:\/\/blogs.ua.es\/smithriquezanaciones\/wp-json\/wp\/v2\/users\/1671"}],"replies":[{"embeddable":true,"href":"https:\/\/blogs.ua.es\/smithriquezanaciones\/wp-json\/wp\/v2\/comments?post=123"}],"version-history":[{"count":1,"href":"https:\/\/blogs.ua.es\/smithriquezanaciones\/wp-json\/wp\/v2\/pages\/123\/revisions"}],"predecessor-version":[{"id":125,"href":"https:\/\/blogs.ua.es\/smithriquezanaciones\/wp-json\/wp\/v2\/pages\/123\/revisions\/125"}],"wp:attachment":[{"href":"https:\/\/blogs.ua.es\/smithriquezanaciones\/wp-json\/wp\/v2\/media?parent=123"}],"curies":[{"name":"wp","href":"https:\/\/api.w.org\/{rel}","templated":true}]}}