{"id":138,"date":"2010-05-09T17:44:10","date_gmt":"2010-05-09T17:44:10","guid":{"rendered":"https:\/\/blogs.ua.es\/smithriquezanaciones\/?page_id=138"},"modified":"2010-05-09T17:45:17","modified_gmt":"2010-05-09T17:45:17","slug":"john-von-neumann","status":"publish","type":"page","link":"https:\/\/blogs.ua.es\/smithriquezanaciones\/john-von-neumann\/","title":{"rendered":"John von Neumann"},"content":{"rendered":"<p style=\"text-align: justify\"><a href=\"https:\/\/blogs.ua.es\/smithriquezanaciones\/files\/2010\/05\/VonNeuman1.jpg\"><img loading=\"lazy\" decoding=\"async\" class=\"alignleft size-medium wp-image-141\" title=\"John Von Neuman\" src=\"https:\/\/blogs.ua.es\/smithriquezanaciones\/files\/2010\/05\/VonNeuman1-300x225.jpg\" alt=\"\" width=\"300\" height=\"225\" srcset=\"https:\/\/blogs.ua.es\/smithriquezanaciones\/files\/2010\/05\/VonNeuman1-300x225.jpg 300w, https:\/\/blogs.ua.es\/smithriquezanaciones\/files\/2010\/05\/VonNeuman1.jpg 384w\" sizes=\"auto, (max-width: 300px) 100vw, 300px\" \/><\/a>John von Neumann (su nombre en h\u00fangaro es Margittai Neumann J\u00e1nos Lajos) es un matem\u00e1tico h\u00fangaro considerado por muchos como la mente m\u00e1s genial del siglo XX, comparable solo a la de Albert Einstein.<\/p>\n<p style=\"text-align: justify\">A pesar de ser completamente desconocido para el &#8220;hombre de la calle&#8221;, la trascendencia pr\u00e1ctica de su actividad cient\u00edfica puede vislumbrarse al considerar que particip\u00f3 activamente en el Proyecto <strong> <\/strong>Manhattan, el grupo de cient\u00edficos que cre\u00f3 la primera bomba at\u00f3mica, que particip\u00f3 y dirigi\u00f3 la producci\u00f3n y puesta a punto de los primeros ordenadores o que, como cient\u00edfico asesor del<strong> <\/strong>Consejo de Seguridad de los Estados Unidos en los a\u00f1os cincuenta, tuvo un papel muy destacado (aunque secreto y no muy bien conocido) en el dise\u00f1o de la estrategia de la guerra fr\u00eda. Nicholas Kaldor dijo de \u00e9l &#8220;Es sin duda alguna lo m\u00e1s parecido a un genio que me haya encontrado jam\u00e1s&#8221;.<\/p>\n<p style=\"text-align: justify\">Naci\u00f3 en Budapest, Hungr\u00eda, hijo de un rico banquero jud\u00edo. Tuvo una educaci\u00f3n esmerada. Se doctor\u00f3 en matem\u00e1ticas por la Universidad de Budapest y en qu\u00edmicas por la Universidad de Zurich. En 1927 empez\u00f3 a trabajar en la Universidad de Berl\u00edn. En 1932 se traslada a los Estados Unidos donde trabajar\u00e1 en el Instituto de Estudios Avanzados de Princeton.<\/p>\n<p style=\"text-align: justify\">Sus aportaciones a la ciencia econ\u00f3mica se centran en dos campos:<\/p>\n<p style=\"text-align: justify\">Es el creador del campo de la Teor\u00eda de Juegos. En 1928 publica el primer art\u00edculo sobre este tema. En 1944, en colaboraci\u00f3n con Oskar Morgenstern, publica la <em>Theory of Games and Economic Behavior<\/em>.\u00a0 La teor\u00eda de juegos es un campo en el que trabajan actualmente miles de economistas y se publican a diario cientos de p\u00e1ginas. Pero adem\u00e1s, las formulaciones matem\u00e1ticas descritas en este libro han influido en muchos otros campos de la econom\u00eda. Por ejemplo, Kenneth Arrow y Gerard Debreu se basaron en su axiomatizaci\u00f3n de la teor\u00eda de la utilidad para resolver problemas del Equilibrio General.<\/p>\n<p style=\"text-align: justify\">En 1937 publica <em>A Model of General Economic Equilibrium<\/em>&#8220;, del que E. Roy Weintraub dijo en 1983 ser &#8220;el m\u00e1s importante art\u00edculo sobre econom\u00eda matem\u00e1tica que haya sido escrito jam\u00e1s&#8221;. En \u00e9l relaciona el tipo de inter\u00e9s con el crecimiento econ\u00f3mico dando base a los desarrollos sobre el &#8220;crecimiento \u00f3ptimo&#8221; llevado a cabo por Maurice Allais, Tjalling C. Koopmans y otros.<\/p>\n","protected":false},"excerpt":{"rendered":"<p>John von Neumann (su nombre en h\u00fangaro es Margittai Neumann J\u00e1nos Lajos) es un matem\u00e1tico h\u00fangaro considerado por muchos como la mente m\u00e1s genial del siglo XX, comparable solo a la de Albert Einstein. A pesar de ser completamente desconocido para el &#8220;hombre de la calle&#8221;, la trascendencia pr\u00e1ctica de su actividad cient\u00edfica puede vislumbrarse [&hellip;]<\/p>\n","protected":false},"author":1671,"featured_media":0,"parent":0,"menu_order":0,"comment_status":"open","ping_status":"open","template":"","meta":{"footnotes":""},"class_list":["post-138","page","type-page","status-publish","hentry"],"_links":{"self":[{"href":"https:\/\/blogs.ua.es\/smithriquezanaciones\/wp-json\/wp\/v2\/pages\/138","targetHints":{"allow":["GET"]}}],"collection":[{"href":"https:\/\/blogs.ua.es\/smithriquezanaciones\/wp-json\/wp\/v2\/pages"}],"about":[{"href":"https:\/\/blogs.ua.es\/smithriquezanaciones\/wp-json\/wp\/v2\/types\/page"}],"author":[{"embeddable":true,"href":"https:\/\/blogs.ua.es\/smithriquezanaciones\/wp-json\/wp\/v2\/users\/1671"}],"replies":[{"embeddable":true,"href":"https:\/\/blogs.ua.es\/smithriquezanaciones\/wp-json\/wp\/v2\/comments?post=138"}],"version-history":[{"count":2,"href":"https:\/\/blogs.ua.es\/smithriquezanaciones\/wp-json\/wp\/v2\/pages\/138\/revisions"}],"predecessor-version":[{"id":142,"href":"https:\/\/blogs.ua.es\/smithriquezanaciones\/wp-json\/wp\/v2\/pages\/138\/revisions\/142"}],"wp:attachment":[{"href":"https:\/\/blogs.ua.es\/smithriquezanaciones\/wp-json\/wp\/v2\/media?parent=138"}],"curies":[{"name":"wp","href":"https:\/\/api.w.org\/{rel}","templated":true}]}}