{"id":167,"date":"2010-06-02T11:12:12","date_gmt":"2010-06-02T11:12:12","guid":{"rendered":"https:\/\/blogs.ua.es\/smithriquezanaciones\/?page_id=167"},"modified":"2010-06-02T11:17:06","modified_gmt":"2010-06-02T11:17:06","slug":"john-maynard-keynes","status":"publish","type":"page","link":"https:\/\/blogs.ua.es\/smithriquezanaciones\/john-maynard-keynes\/","title":{"rendered":"John Maynard Keynes"},"content":{"rendered":"<p><a href=\"https:\/\/blogs.ua.es\/smithriquezanaciones\/files\/2010\/06\/John-Maynard-Keynes.jpg\"><img loading=\"lazy\" decoding=\"async\" class=\"alignleft size-medium wp-image-168\" title=\"John Maynard Keynes\" src=\"https:\/\/blogs.ua.es\/smithriquezanaciones\/files\/2010\/06\/John-Maynard-Keynes-300x252.jpg\" alt=\"\" width=\"300\" height=\"252\" srcset=\"https:\/\/blogs.ua.es\/smithriquezanaciones\/files\/2010\/06\/John-Maynard-Keynes-300x252.jpg 300w, https:\/\/blogs.ua.es\/smithriquezanaciones\/files\/2010\/06\/John-Maynard-Keynes.jpg 340w\" sizes=\"auto, (max-width: 300px) 100vw, 300px\" \/><\/a>Economista ingl\u00e9s (Cambridge, 1883 &#8211; Firle, Sussex, 1946). Recibi\u00f3 una  educaci\u00f3n de elite en Eton y Cambridge, orient\u00e1ndose hacia la econom\u00eda  por consejo de su maestro, Alfred Marshall. Tras un breve periodo  trabajando en el servicio administrativo brit\u00e1nico para la India, en  1909 entr\u00f3 como profesor en el King\u2019s College de Cambridge, donde  ense\u00f1ar\u00eda econom\u00eda hasta su muerte. Fue un hombre de vasta cultura, un  humanista erudito y de prosa exquisita, gran orador, contertulio y  mecenas de intelectuales y artistas; pero tambi\u00e9n fue un hombre de mundo  interesado por los asuntos pol\u00edticos y por la econom\u00eda pr\u00e1ctica,  dedicando parte de su tiempo a negocios ajenos y propios con los que  llegar\u00eda a hacerse millonario.<\/p>\n<p>Todos sus escritos econ\u00f3micos fueron respuesta a  problemas acuciantes de la econom\u00eda de su tiempo. As\u00ed, como fruto de su  trabajo en la Administraci\u00f3n colonial, escribi\u00f3 <em>La moneda india y las  finanzas <\/em>(1913). <em>Las consecuencias econ\u00f3micas de la paz <\/em>(1919)  fue resultado de su participaci\u00f3n como representante del Tesoro en la  delegaci\u00f3n brit\u00e1nica enviada a negociar el Tratado de Versalles despu\u00e9s  de la derrota de Alemania en la Primera Guerra Mundial (1914-18); Keynes  dimiti\u00f3 de aquel cargo para mostrar su desacuerdo con las duras  condiciones impuestas a los vencidos y escribi\u00f3 este libro para  argumentar que tales condiciones, fruto de un esp\u00edritu de venganza,  ser\u00edan imposibles de cumplir y conducir\u00edan a la ruina econ\u00f3mica de  Alemania, con graves consecuencias para el resto del mundo.<\/p>\n<p>Desgraciadamente, el tiempo demostr\u00f3 que sus previsiones  eran acertadas, y Keynes volvi\u00f3 sobre el tema en <em>Una revisi\u00f3n del  tratado <\/em>(1922). Las cuestiones monetarias siguieron atrayendo su  atenci\u00f3n en el <em>Tratado sobre la reforma monetaria <\/em>(1923) y el <em>Tratado  sobre el dinero <\/em>(1930), en donde critic\u00f3 respectivamente la  adhesi\u00f3n al patr\u00f3n oro y la teor\u00eda cuantitativa de la moneda.<\/p>\n<p>Pero su obra decisiva fue la <em>Teor\u00eda general de la  ocupaci\u00f3n, el inter\u00e9s y el dinero <\/em>(1936), con la que dio una  respuesta definitiva a la grave depresi\u00f3n econ\u00f3mica desencadenada en  todo el mundo a partir del <em>crash <\/em>de la Bolsa de Nueva York de  1929. Retomando intuiciones olvidadas de los te\u00f3ricos del subconsumo  (como Malthus), Keynes indic\u00f3 que la causa de la crisis era la  insuficiencia de la demanda, debida a la creciente propensi\u00f3n marginal  al ahorro de las sociedades desarrolladas (esto es: que a medida que  aumenta la renta, es mayor la parte de \u00e9sta que se destina al ahorro y  menor la que se dedica al consumo, con lo que una parte de la producci\u00f3n  no encuentra comprador).<\/p>\n<p>En su opini\u00f3n, el  desempleo as\u00ed originado no pod\u00eda remediarse \u00fanicamente con medidas  monetarias. La debilidad del consumo privado s\u00f3lo pod\u00eda remediarse  incrementando el gasto p\u00fablico en periodos de recesi\u00f3n, haciendo que el  Estado incurriera en un d\u00e9ficit para crear demanda adicional. La  importancia de los puntos de vista contenidos en aquel libro fue tal que  fund\u00f3 toda una rama de la teor\u00eda econ\u00f3mica moderna, la <em>macroeconom\u00eda, <\/em>dedicada a explorar las relaciones entre los grandes agregados de  la renta nacional.<\/p>\n<p>Tras vencer las resistencias  conservadoras de la ortodoxia liberal, la \u00abrevoluci\u00f3n keynesiana\u00bb fue  penetrando en el mundo acad\u00e9mico y en las pol\u00edticas econ\u00f3micas de los  pa\u00edses: influy\u00f3 quiz\u00e1 sobre el <em>New Deal <\/em>de Franklin D. Roosevelt,  pero fue sobre todo despu\u00e9s de la Segunda Guerra Mundial (1939-45)  cuando se extendi\u00f3 como una nueva ortodoxia, determinando las pol\u00edticas  econ\u00f3micas de todo el mundo occidental durante m\u00e1s de tres d\u00e9cadas de  crecimiento sostenido. Los partidos conservadores y liberales se sumaron  a esta pol\u00edtica capaz de devolver la estabilidad al sistema capitalista  despu\u00e9s de los sobresaltos del periodo de Entreguerras; e incluso los  socialdem\u00f3cratas la aceptaron con entusiasmo, en la medida en que  justificaba la intervenci\u00f3n del Estado en la econom\u00eda y el crecimiento  del sector p\u00fablico.<\/p>\n<p>El prestigio alcanzado por  Keynes fue tal que el rey Jorge VI le nombr\u00f3 bar\u00f3n en 1942, ingresando  en la C\u00e1mara de los Lores. Al final de su vida ejerci\u00f3 una influencia  directa sobre la pol\u00edtica econ\u00f3mica de su pa\u00eds como director del Banco  de Inglaterra y asesor del ministro del Tesoro. En 1944 presidi\u00f3 la  delegaci\u00f3n brit\u00e1nica en la Conferencia de Bretton Woods, donde  contribuy\u00f3 a dar forma al Fondo Monetario Internacional.<\/p>\n<p>Fuente: www.biografiasyvidas.com<\/p>\n","protected":false},"excerpt":{"rendered":"<p>Economista ingl\u00e9s (Cambridge, 1883 &#8211; Firle, Sussex, 1946). Recibi\u00f3 una educaci\u00f3n de elite en Eton y Cambridge, orient\u00e1ndose hacia la econom\u00eda por consejo de su maestro, Alfred Marshall. Tras un breve periodo trabajando en el servicio administrativo brit\u00e1nico para la India, en 1909 entr\u00f3 como profesor en el King\u2019s College de Cambridge, donde ense\u00f1ar\u00eda econom\u00eda [&hellip;]<\/p>\n","protected":false},"author":1671,"featured_media":0,"parent":0,"menu_order":0,"comment_status":"open","ping_status":"open","template":"","meta":{"footnotes":""},"class_list":["post-167","page","type-page","status-publish","hentry"],"_links":{"self":[{"href":"https:\/\/blogs.ua.es\/smithriquezanaciones\/wp-json\/wp\/v2\/pages\/167","targetHints":{"allow":["GET"]}}],"collection":[{"href":"https:\/\/blogs.ua.es\/smithriquezanaciones\/wp-json\/wp\/v2\/pages"}],"about":[{"href":"https:\/\/blogs.ua.es\/smithriquezanaciones\/wp-json\/wp\/v2\/types\/page"}],"author":[{"embeddable":true,"href":"https:\/\/blogs.ua.es\/smithriquezanaciones\/wp-json\/wp\/v2\/users\/1671"}],"replies":[{"embeddable":true,"href":"https:\/\/blogs.ua.es\/smithriquezanaciones\/wp-json\/wp\/v2\/comments?post=167"}],"version-history":[{"count":4,"href":"https:\/\/blogs.ua.es\/smithriquezanaciones\/wp-json\/wp\/v2\/pages\/167\/revisions"}],"predecessor-version":[{"id":173,"href":"https:\/\/blogs.ua.es\/smithriquezanaciones\/wp-json\/wp\/v2\/pages\/167\/revisions\/173"}],"wp:attachment":[{"href":"https:\/\/blogs.ua.es\/smithriquezanaciones\/wp-json\/wp\/v2\/media?parent=167"}],"curies":[{"name":"wp","href":"https:\/\/api.w.org\/{rel}","templated":true}]}}